{"id":1101,"date":"2021-10-18T10:56:47","date_gmt":"2021-10-18T10:56:47","guid":{"rendered":"https:\/\/bearcatmfg.com\/espectaculos\/"},"modified":"2025-07-16T12:51:16","modified_gmt":"2025-07-16T12:51:16","slug":"espectaculos","status":"publish","type":"page","link":"https:\/\/bearcatmfg.com\/es\/espectaculos\/","title":{"rendered":"Espect\u00e1culos"},"content":{"rendered":"<h2>Mundo del asfalto 2021<\/h2>\n<p>BearCat es un expositor habitual en la principal feria comercial de asfalto: World of Asphalt. Pase por nuestro stand para ver nuestra maquinaria m\u00e1s popular en vivo y en persona. Tambi\u00e9n puede charlar con nuestros expertos sobre sus pr\u00f3ximos proyectos para encontrar el producto que mejor se adapte a su trabajo.<\/p>\n<p>El pr\u00f3ximo World of Asphalt ser\u00e1 en Atlanta, GA, del 9 al 11 de marzo de 2021.<\/p>\n<div class=\"a_btn\"><a href=\"https:\/\/www.worldofasphalt.com\/visit\/registration-and-pricing\" target=\"_blank\" rel=\"noopener\">Conseguir entradas<\/a><\/div>\n<div class=\"clr\"><center><iframe loading=\"lazy\" id=\"yui_3_17_2_1_1632310621105_76\" src=\"https:\/\/www.youtube.com\/embed\/MVk9qe-Hy64?wmode=opaque&amp;enablejsapi=1\" width=\"854\" height=\"480\" allowfullscreen=\"allowfullscreen\"><\/iframe><\/center><\/div>\n","protected":false},"excerpt":{"rendered":"<p>Mundo del asfalto 2021 BearCat es un expositor habitual en la principal feria comercial de asfalto: World of Asphalt. Pase por nuestro stand para ver nuestra maquinaria m\u00e1s popular en vivo y en persona. Tambi\u00e9n puede charlar con nuestros expertos sobre sus pr\u00f3ximos proyectos para encontrar el producto que mejor se adapte a su trabajo. &hellip; <a href=\"https:\/\/bearcatmfg.com\/es\/espectaculos\/\" class=\"more-link\">Continue reading <span class=\"screen-reader-text\">Espect\u00e1culos<\/span><\/a><\/p>\n","protected":false},"author":1,"featured_media":747,"parent":0,"menu_order":0,"comment_status":"closed","ping_status":"closed","template":"","meta":{"_acf_changed":false,"footnotes":""},"class_list":["post-1101","page","type-page","status-publish","has-post-thumbnail","hentry"],"acf":[],"_links":{"self":[{"href":"https:\/\/bearcatmfg.com\/es\/wp-json\/wp\/v2\/pages\/1101","targetHints":{"allow":["GET"]}}],"collection":[{"href":"https:\/\/bearcatmfg.com\/es\/wp-json\/wp\/v2\/pages"}],"about":[{"href":"https:\/\/bearcatmfg.com\/es\/wp-json\/wp\/v2\/types\/page"}],"author":[{"embeddable":true,"href":"https:\/\/bearcatmfg.com\/es\/wp-json\/wp\/v2\/users\/1"}],"replies":[{"embeddable":true,"href":"https:\/\/bearcatmfg.com\/es\/wp-json\/wp\/v2\/comments?post=1101"}],"version-history":[{"count":6,"href":"https:\/\/bearcatmfg.com\/es\/wp-json\/wp\/v2\/pages\/1101\/revisions"}],"predecessor-version":[{"id":1269,"href":"https:\/\/bearcatmfg.com\/es\/wp-json\/wp\/v2\/pages\/1101\/revisions\/1269"}],"wp:featuredmedia":[{"embeddable":true,"href":"https:\/\/bearcatmfg.com\/es\/wp-json\/wp\/v2\/media\/747"}],"wp:attachment":[{"href":"https:\/\/bearcatmfg.com\/es\/wp-json\/wp\/v2\/media?parent=1101"}],"curies":[{"name":"wp","href":"https:\/\/api.w.org\/{rel}","templated":true}]}}