{"id":1106,"date":"2021-10-18T10:56:48","date_gmt":"2021-10-18T10:56:48","guid":{"rendered":"https:\/\/bearcatmfg.com\/capacitacion\/"},"modified":"2025-11-11T16:26:45","modified_gmt":"2025-11-11T16:26:45","slug":"capacitacion","status":"publish","type":"page","link":"https:\/\/bearcatmfg.com\/es\/capacitacion\/","title":{"rendered":"Capacitaci\u00f3n"},"content":{"rendered":"<h2>Seminarios BEARCAT de funcionamiento y resoluci\u00f3n de problemas para clientes<\/h2>\n<p>\u00bfEst\u00e1s listo para llevar el mantenimiento del asfalto al siguiente nivel? \u00a1Nuestro equipo de expertos lo guiar\u00e1 a trav\u00e9s de la preparaci\u00f3n, aplicaci\u00f3n, mantenimiento, est\u00e1ndares de seguridad adecuados y m\u00e1s! Adem\u00e1s, aprender\u00e1 todo sobre la maquinaria necesaria para hacer bien el trabajo.<\/p>\n<p>El seminario abarcar\u00e1 el funcionamiento, la resoluci\u00f3n de problemas, el mantenimiento y la seguridad de nuestros modelos m\u00e1s recientes de Distribuidores, Esparcidores de Virutas, Selladores de Grietas, Roadsavers y, por supuesto, responderemos a preguntas espec\u00edficas sobre cualquier producto Etnyre.<\/p>\n<p>Mientras tanto, si desea recibir capacitaci\u00f3n para la operaci\u00f3n o el mantenimiento de su equipo BearCat, h\u00e1ganoslo saber. Podemos organizar una formaci\u00f3n individualizada para su equipo, ya sea en su sitio o en BearCat.<\/p>\n<h5>El horario ser\u00e1: Escuela de Clientes<\/h5>\n<h6>Sesi\u00f3n 1:<\/h6>\n<p>13 DE ENERO DE 2026 de 8:00 a 16:00 horas<br \/>\nDistribuidores Bearcat<\/p>\n<h6>Sesi\u00f3n 2:<\/h6>\n<p>14 DE ENERO DE 2026 de 8:00 a 16:00 horas<br \/>\nEsparcidor de virutas Bearcat<\/p>\n<p><strong>CENA\/SOCIAL:<\/strong> El mi\u00e9rcoles por la noche se ofrecer\u00e1 una cena en el Bar-7, en el centro de<br \/>\nWickenburg, de 17:00 a 20:00. Se incluir\u00e1 cena y bebidas limitadas sin coste adicional<br \/>\npara los asistentes a la clase. <\/p>\n<h6>Sesi\u00f3n 3:<\/h6>\n<p>15 DE ENERO DE 2026 de 8:00 a 16:00 horas<br \/>\nSelladores de grietas Etnyre<\/p>\n<p>Como siempre, queremos que esta escuela sea para ti, as\u00ed que si tienes alguna sugerencia sobre temas que te gustar\u00eda que se trataran, no dudes en comentarlo.<\/p>\n<div class=\"a_btn\"><a href=\"https:\/\/402775595.planningpod.com\/index.cfm?\/\" target=\"_blank\" rel=\"noopener\">Reg\u00edstrate aqu\u00ed<\/a><\/div>\n<p>&nbsp;<\/p>\n<h6>La Escuela Bearcat tendr\u00e1 lugar en nuestro centro de formaci\u00f3n:<\/h6>\n<p>3650 Sabin Brown Road<br \/>\nWickenburg, AZ 85390<\/p>\n<h6>Llegando en avi\u00f3n:<\/h6>\n<ul class=\"col-2\">\n<li>Aeropuerto Internacional Sky Harbor de Phoenix<\/li>\n<li>Necesitar\u00e1s un coche de alquiler, ya que las instalaciones est\u00e1n a 70 millas al NO por la autopista 60 W<\/li>\n<li>No tendremos servicio de transporte\/recogida<\/li>\n<\/ul>\n<h6>Las reservas de hotel pueden hacerse en las siguientes direcciones<\/h6>\n<ul class=\"col-2\">\n<li>Hotel Cobblestone &#8211; 928-415-6700, c\u00f3digo: BT<\/li>\n<li>Posada Los Viajeros &#8211; 928-684-7099, c\u00f3digo: Bearcat<\/li>\n<\/ul>\n<p>Por favor, inscr\u00edbete por correo electr\u00f3nico a Piper Green en pgreen@bearcatmfg.com, incluyendo el nombre de la empresa<br \/>\ny los nombres de los asistentes. Una vez que las sesiones est\u00e9n completas, se cerrar\u00e1n y dejar\u00e1n de estar disponibles<br \/>\n. Hay una cuota de inscripci\u00f3n de 125,00 $ por sesi\u00f3n y asistente para las sesiones de<br \/>\nde este a\u00f1o. Por favor, designa tambi\u00e9n a qu\u00e9 sesi\u00f3n(es) asistir\u00e1s. Una vez completada la inscripci\u00f3n<br \/>\nrecibir\u00e1s un correo electr\u00f3nico con instrucciones para el pago, que deber\u00e1 recibirse<br \/>\nantes del 12 de enero de 2026.<br \/>\nSi tienes preguntas o dudas, ponte en contacto con Piper en la direcci\u00f3n de correo electr\u00f3nico indicada anteriormente.    <\/p>\n<div>\n<p>&nbsp;<\/p>\n<h5>El horario ser\u00e1 Escuela de repartidores<\/h5>\n<h6>Sesi\u00f3n 1:<\/h6>\n<p>27 DE ENERO DE 2026 de 8:00 a 16:00 horas<br \/>\nDistribuidores Bearcat<\/p>\n<h6>Sesi\u00f3n 2:<\/h6>\n<p>28 DE ENERO DE 2026 de 8:00 a 16:00 horas<br \/>\nEsparcidor de virutas Bearcat<\/p>\n<p><strong>CENA\/SOCIAL:<\/strong> El mi\u00e9rcoles por la noche se ofrecer\u00e1 una cena en el Bar-7, en el centro de<br \/>\nWickenburg, de 17:00 a 20:00. Se incluir\u00e1 cena y bebidas limitadas sin coste adicional<br \/>\npara los asistentes a la clase. <\/p>\n<h6>Sesi\u00f3n 3:<\/h6>\n<p>29 DE ENERO DE 2026 de 8:00 a 16:00 horas<br \/>\nSelladores de grietas Etnyre<\/p>\n<p>Como siempre, queremos que esta escuela sea para ti, as\u00ed que si tienes alguna sugerencia sobre temas que te gustar\u00eda que se trataran, no dudes en comentarlo.<\/p>\n<div class=\"a_btn\"><a href=\"https:\/\/919601685.planningpod.com\/\" target=\"_blank\" rel=\"noopener\">Reg\u00edstrate aqu\u00ed<\/a><\/div>\n<p>&nbsp;<\/p>\n<h6>La Escuela Bearcat tendr\u00e1 lugar en nuestro centro de formaci\u00f3n:<\/h6>\n<p>3650 Sabin Brown Road<br \/>\nWickenburg, AZ 85390<\/p>\n<h6>Llegando en avi\u00f3n:<\/h6>\n<ul class=\"col-2\">\n<li>Aeropuerto Internacional Sky Harbor de Phoenix<\/li>\n<li>Ser\u00e1 necesario alquilar un coche, ya que las instalaciones est\u00e1n a 70 millas, y no hay servicio de transporte\/recogida.<\/li>\n<\/ul>\n<h6>Las reservas de hotel pueden hacerse en las siguientes direcciones<\/h6>\n<ul class=\"col-2\">\n<li>Hotel Cobblestone &#8211; 928-415-6700, c\u00f3digo: BT2<\/li>\n<li>Posada Los Viajeros &#8211; 928-684-7099, c\u00f3digo: Bearcat<\/li>\n<\/ul>\n<p>Por favor, inscr\u00edbete por correo electr\u00f3nico a Piper Green en pgreen@bearcatmfg.com, incluyendo el nombre de la empresa<br \/>\ny los nombres de los asistentes. Una vez que las sesiones est\u00e9n completas, se cerrar\u00e1n y dejar\u00e1n de estar disponibles<br \/>\n. No hay ning\u00fan cambio para que nuestros distribuidores asistan a la escuela. Por favor, designa<br \/>\na qu\u00e9 sesi\u00f3n(es) asistir\u00e1s. Ind\u00edcanos tambi\u00e9n cu\u00e1ntos<br \/>\nasistir\u00e1n a la cena del mi\u00e9rcoles por la noche.<br \/>\nSi tienes preguntas o dudas, ponte en contacto con Piper en la direcci\u00f3n de correo electr\u00f3nico indicada m\u00e1s arriba.    <\/p>\n<div class=\"a_btn\"><a href=\"https:\/\/bearcatmfg.com\/contact-us\/\">Cont\u00e1ctenos<\/a><\/div>\n<p>&nbsp;<\/p>\n<\/div>\n","protected":false},"excerpt":{"rendered":"<p>Seminarios BEARCAT de funcionamiento y resoluci\u00f3n de problemas para clientes \u00bfEst\u00e1s listo para llevar el mantenimiento del asfalto al siguiente nivel? \u00a1Nuestro equipo de expertos lo guiar\u00e1 a trav\u00e9s de la preparaci\u00f3n, aplicaci\u00f3n, mantenimiento, est\u00e1ndares de seguridad adecuados y m\u00e1s! Adem\u00e1s, aprender\u00e1 todo sobre la maquinaria necesaria para hacer bien el trabajo. El seminario abarcar\u00e1 &hellip; <a href=\"https:\/\/bearcatmfg.com\/es\/capacitacion\/\" class=\"more-link\">Continue reading <span class=\"screen-reader-text\">Capacitaci\u00f3n<\/span><\/a><\/p>\n","protected":false},"author":1,"featured_media":1271,"parent":0,"menu_order":0,"comment_status":"closed","ping_status":"closed","template":"","meta":{"_acf_changed":false,"footnotes":""},"class_list":["post-1106","page","type-page","status-publish","has-post-thumbnail","hentry"],"acf":[],"_links":{"self":[{"href":"https:\/\/bearcatmfg.com\/es\/wp-json\/wp\/v2\/pages\/1106","targetHints":{"allow":["GET"]}}],"collection":[{"href":"https:\/\/bearcatmfg.com\/es\/wp-json\/wp\/v2\/pages"}],"about":[{"href":"https:\/\/bearcatmfg.com\/es\/wp-json\/wp\/v2\/types\/page"}],"author":[{"embeddable":true,"href":"https:\/\/bearcatmfg.com\/es\/wp-json\/wp\/v2\/users\/1"}],"replies":[{"embeddable":true,"href":"https:\/\/bearcatmfg.com\/es\/wp-json\/wp\/v2\/comments?post=1106"}],"version-history":[{"count":19,"href":"https:\/\/bearcatmfg.com\/es\/wp-json\/wp\/v2\/pages\/1106\/revisions"}],"predecessor-version":[{"id":5004,"href":"https:\/\/bearcatmfg.com\/es\/wp-json\/wp\/v2\/pages\/1106\/revisions\/5004"}],"wp:featuredmedia":[{"embeddable":true,"href":"https:\/\/bearcatmfg.com\/es\/wp-json\/wp\/v2\/media\/1271"}],"wp:attachment":[{"href":"https:\/\/bearcatmfg.com\/es\/wp-json\/wp\/v2\/media?parent=1106"}],"curies":[{"name":"wp","href":"https:\/\/api.w.org\/{rel}","templated":true}]}}