{"id":1108,"date":"2021-10-18T10:56:48","date_gmt":"2021-10-18T10:56:48","guid":{"rendered":"https:\/\/bearcatmfg.com\/sobre-nosotros\/"},"modified":"2025-10-21T15:49:55","modified_gmt":"2025-10-21T15:49:55","slug":"sobre-nosotros","status":"publish","type":"page","link":"https:\/\/bearcatmfg.com\/es\/sobre-nosotros\/","title":{"rendered":"Sobre nosotros"},"content":{"rendered":"<h2>Acerca de BearCat Manufacturing<\/h2>\n<p><strong>Miembro orgulloso de Etnyre International<\/strong><br \/>\nFundada en 1969 por Ken Hill y Don Carson, BearCat Manufacturing se construy\u00f3 sobre una base de innovaci\u00f3n y rendimiento. Mientras trabajaba como operador distribuidor para Bearcat Trucking en Klamath Falls, Oreg\u00f3n, Hill redise\u00f1\u00f3 los camiones existentes para que todas las funciones operativas pudieran controlarse directamente desde la cabina, un avance que redefini\u00f3 la eficiencia y la precisi\u00f3n en la distribuci\u00f3n de asfalto. <\/p>\n<p>El af\u00e1n de mejora de Hill le llev\u00f3 a dise\u00f1ar su propia barra de pulverizaci\u00f3n con v\u00e1lvulas de pulverizaci\u00f3n de asiento y aletas de ruptura. Esta tecnolog\u00eda sigue influyendo en los dise\u00f1os actuales de BearCat. Reconociendo la fuerza de esta innovaci\u00f3n, Hill y Carson se asociaron para formar BearCat Manufacturing, construyendo distribuidores de asfalto para el p\u00fablico.  <\/p>\n<p>En 1977, Hill adquiri\u00f3 la plena propiedad y traslad\u00f3 la empresa a Wickenburg, Arizona, donde BearCat sigue dise\u00f1ando y fabricando equipos de mantenimiento de carreteras l\u00edderes en el sector.<\/p>\n<p>Desde la d\u00e9cada de 1970, las innovaciones de ingenier\u00eda de BearCat han elevado los est\u00e1ndares de rendimiento en todo el sector de la construcci\u00f3n de carreteras. Entre sus avances m\u00e1s notables: <\/p>\n<ul>\n<li>Control de velocidad informatizado para distribuidores de asfalto, que mejora la precisi\u00f3n de la velocidad y elimina los ajustes manuales.<\/li>\n<li>El esparcidor de virutas unipersonal controlado por ordenador, que sigue marcando pautas de precisi\u00f3n, eficacia y productividad.<\/li>\n<\/ul>\n<p>Los equipos BearCat operan en Am\u00e9rica del Norte y del Sur, Europa, \u00c1frica y m\u00e1s all\u00e1, lo que demuestra el compromiso de la marca con la calidad, la durabilidad y el rendimiento.<\/p>\n<p>En 2015, BearCat Manufacturing pas\u00f3 a formar parte de Etnyre International, la familia global de marcas de E.D. Etnyre &amp; Co. Como el mayor miembro de la cartera de Etnyre International, BearCat contin\u00faa haciendo crecer su legado a trav\u00e9s de la innovaci\u00f3n, la fabricaci\u00f3n avanzada y la atenci\u00f3n al cliente de primera clase, todo ello sin dejar de estar profundamente arraigada en Wickenburg, Arizona. <\/p>\n<p>En la actualidad, BearCat sigue adelante con la visi\u00f3n original de Ken Hill: construir equipos fiables, productivos y \u00fatiles que hagan avanzar las carreteras del mundo.<\/p>\n<div class=\"center_img\"><\/div>\n","protected":false},"excerpt":{"rendered":"<p>Acerca de BearCat Manufacturing Miembro orgulloso de Etnyre International Fundada en 1969 por Ken Hill y Don Carson, BearCat Manufacturing se construy\u00f3 sobre una base de innovaci\u00f3n y rendimiento. Mientras trabajaba como operador distribuidor para Bearcat Trucking en Klamath Falls, Oreg\u00f3n, Hill redise\u00f1\u00f3 los camiones existentes para que todas las funciones operativas pudieran controlarse directamente &hellip; <a href=\"https:\/\/bearcatmfg.com\/es\/sobre-nosotros\/\" class=\"more-link\">Continue reading <span class=\"screen-reader-text\">Sobre nosotros<\/span><\/a><\/p>\n","protected":false},"author":1,"featured_media":732,"parent":0,"menu_order":0,"comment_status":"closed","ping_status":"closed","template":"template\/about-us.php","meta":{"_acf_changed":false,"footnotes":""},"class_list":["post-1108","page","type-page","status-publish","has-post-thumbnail","hentry"],"acf":[],"_links":{"self":[{"href":"https:\/\/bearcatmfg.com\/es\/wp-json\/wp\/v2\/pages\/1108","targetHints":{"allow":["GET"]}}],"collection":[{"href":"https:\/\/bearcatmfg.com\/es\/wp-json\/wp\/v2\/pages"}],"about":[{"href":"https:\/\/bearcatmfg.com\/es\/wp-json\/wp\/v2\/types\/page"}],"author":[{"embeddable":true,"href":"https:\/\/bearcatmfg.com\/es\/wp-json\/wp\/v2\/users\/1"}],"replies":[{"embeddable":true,"href":"https:\/\/bearcatmfg.com\/es\/wp-json\/wp\/v2\/comments?post=1108"}],"version-history":[{"count":16,"href":"https:\/\/bearcatmfg.com\/es\/wp-json\/wp\/v2\/pages\/1108\/revisions"}],"predecessor-version":[{"id":4992,"href":"https:\/\/bearcatmfg.com\/es\/wp-json\/wp\/v2\/pages\/1108\/revisions\/4992"}],"wp:featuredmedia":[{"embeddable":true,"href":"https:\/\/bearcatmfg.com\/es\/wp-json\/wp\/v2\/media\/732"}],"wp:attachment":[{"href":"https:\/\/bearcatmfg.com\/es\/wp-json\/wp\/v2\/media?parent=1108"}],"curies":[{"name":"wp","href":"https:\/\/api.w.org\/{rel}","templated":true}]}}