{"id":1111,"date":"2021-10-18T10:56:48","date_gmt":"2021-10-18T10:56:48","guid":{"rendered":"https:\/\/bearcatmfg.com\/esquemas\/"},"modified":"2025-07-16T12:51:23","modified_gmt":"2025-07-16T12:51:23","slug":"esquemas","status":"publish","type":"page","link":"https:\/\/bearcatmfg.com\/es\/esquemas\/","title":{"rendered":"Esquemas"},"content":{"rendered":"<div class=\"mannual\">\n<p>Si est\u00e1 buscando especificaciones para un determinado producto o m\u00e1quina BearCat, \u00a1ha venido al lugar correcto! A continuaci\u00f3n, encontrar\u00e1 todos los documentos relacionados con cada l\u00ednea de productos BearCat, incluidos los manuales de servicio y las listas de piezas. Si no puede encontrar lo que est\u00e1 buscando, comun\u00edquese con nuestro equipo en<a href=\"mailto:service@bearcatmfg.com\"> service@bearcatmfg.com<\/a> .<\/p>\n<h5>Distribuidor de asfalto &#8211; BC502 y BC502 E-Tack<\/h5>\n<ul class=\"col-2\">\n<li><a href=\"https:\/\/bearcatmfg.com\/wp-content\/uploads\/2021\/09\/Alternator-Regulator-Relay-Wiring-Diagram-BC502-E-Tack.pdf\" target=\"_blank\" rel=\"noopener\">Diagrama de cableado del rel\u00e9 del regulador del alternador BC502 E-Tack<\/a><\/li>\n<li><a href=\"https:\/\/bearcatmfg.com\/wp-content\/uploads\/2021\/09\/Cab-Console-Plus1-Wiring-Diagram-BC502-BC502-E-Tack.pdf\" target=\"_blank\" rel=\"noopener\">Cab Console Plus + 1 Diagrama de cableado BC502 \/ BC502 E-Tack<\/a><\/li>\n<li><a href=\"https:\/\/bearcatmfg.com\/wp-content\/uploads\/2021\/09\/Hydraulics-Rear-Diagram-BC502-BC502-E-Tack.pdf\" target=\"_blank\" rel=\"noopener\">Diagrama de la parte trasera del sistema hidr\u00e1ulico BC502 \/ BC502 E-Tack<\/a><\/li>\n<li><a href=\"https:\/\/bearcatmfg.com\/wp-content\/uploads\/2021\/09\/Limit-Switch-Sensor-BC502-BC502-E-Tack.pdf\" target=\"_blank\" rel=\"noopener\">Sensor de final de carrera BC502 \/ BC502 E-Tack<\/a><\/li>\n<li><a href=\"https:\/\/bearcatmfg.com\/wp-content\/uploads\/2021\/09\/Rear-Control-Box-Wiring-Diagram-BC502-BC502-E-Tack-2013.pdf\" target=\"_blank\" rel=\"noopener\">Diagrama de cableado de la caja de control trasera BC502 \/ BC502 E-Tack (2013+)<\/a><\/li>\n<li><a href=\"https:\/\/bearcatmfg.com\/wp-content\/uploads\/2021\/09\/Rear-Control-Box-Wiring-Diagram-BC502-E-Tack.pdf\" target=\"_blank\" rel=\"noopener\">Diagrama de cableado de la caja de control trasera BC502 E-Tack<\/a><\/li>\n<li><a href=\"https:\/\/bearcatmfg.com\/wp-content\/uploads\/2021\/09\/RearControlBox-DieselBurner209037.pdf\" target=\"_blank\" rel=\"noopener\">Caja de control trasera con diagrama de cableado de quemadores di\u00e9sel (2014-2015)<\/a><\/li>\n<li><a href=\"https:\/\/bearcatmfg.com\/wp-content\/uploads\/2021\/09\/Rear-Control-Box-with-Propane-Burners-Wiring-Diagram-2014-2015.pdf\" target=\"_blank\" rel=\"noopener\">Caja de control trasera con diagrama de cableado de quemadores de propano (2014-2015)<\/a><\/li>\n<li><a href=\"https:\/\/bearcatmfg.com\/wp-content\/uploads\/2021\/09\/Side-Control-Box-Wiring-Diagram-BC502-BC502-E-Tack.pdf\" target=\"_blank\" rel=\"noopener\">Diagrama de cableado de la caja de control lateral BC502 \/ BC502 E-Tack<\/a><\/li>\n<li><a href=\"https:\/\/bearcatmfg.com\/wp-content\/uploads\/2021\/09\/Valve-Box-Wiring-Diagram-2013.pdf\" target=\"_blank\" rel=\"noopener\">Diagrama de cableado de la caja de v\u00e1lvulas (2013)<\/a><\/li>\n<li><a href=\"https:\/\/bearcatmfg.com\/wp-content\/uploads\/2021\/09\/Valve-Box-Wiring-Diagram-BC502-E-Tack-2013.pdf\" target=\"_blank\" rel=\"noopener\">Diagrama de cableado de la caja de v\u00e1lvulas BC502 E-Tack (2013+)<\/a><\/li>\n<li><a href=\"https:\/\/bearcatmfg.com\/wp-content\/uploads\/2021\/09\/Valve-Box-Wiring-Diagram-BC502-E-Tack-2010-2012.pdf\" target=\"_blank\" rel=\"noopener\">Diagrama de cableado de la caja de v\u00e1lvulas BC502 E-Tack (2010-2012)<\/a><\/li>\n<li><a href=\"https:\/\/bearcatmfg.com\/wp-content\/uploads\/2021\/09\/Valve-Box-Wiring-Diagram-2014.pdf\" target=\"_blank\" rel=\"noopener\">Diagrama de cableado de la caja de v\u00e1lvulas (2014+)<\/a><\/li>\n<\/ul>\n<hr>\n<h5>Distribuidor de asfalto &#8211; BC501 y BC501 Caucho<\/h5>\n<ul class=\"col-2\">\n<li><a href=\"https:\/\/bearcatmfg.com\/wp-content\/uploads\/2021\/09\/Cab-Master-Wiring-Diagram-1980s-Model.pdf\" target=\"_blank\" rel=\"noopener\">Esquema el\u00e9ctrico del Cab Master (modelo de los 80)<\/a><\/li>\n<li><a href=\"https:\/\/bearcatmfg.com\/wp-content\/uploads\/2021\/09\/Cab-Panel-Component-Locations-Diagram-1980s-Model.pdf\" target=\"_blank\" rel=\"noopener\">Diagrama de ubicaci\u00f3n de los componentes del panel de la cabina (modelo de los 80)<\/a><\/li>\n<li><a href=\"https:\/\/bearcatmfg.com\/wp-content\/uploads\/2021\/09\/CRC-Wiring-Diagram-1990-1996.pdf\" target=\"_blank\" rel=\"noopener\">Diagrama de cableado de CRC (1990-1996)<\/a><\/li>\n<li><a href=\"https:\/\/bearcatmfg.com\/wp-content\/uploads\/2021\/09\/Hydraulics-Single-Auger-Wiring-Diagram-BC501-Rubber.pdf\" target=\"_blank\" rel=\"noopener\">Sistema hidr\u00e1ulico, diagrama de cableado de un solo sinf\u00edn BC501 Caucho<\/a><\/li>\n<li><a href=\"https:\/\/bearcatmfg.com\/wp-content\/uploads\/2021\/09\/Hydraulics-Sweep-Auger-Wiring-Diagram-BC501-Rubber.pdf\" target=\"_blank\" rel=\"noopener\">Sistema hidr\u00e1ulico, diagrama de cableado del sinf\u00edn de barrido Caucho BC501<\/a><\/li>\n<li><a href=\"https:\/\/bearcatmfg.com\/wp-content\/uploads\/2021\/09\/Hydraulics-Rear-Diagram.pdf\" target=\"_blank\" rel=\"noopener\">Diagrama de la parte trasera del sistema hidr\u00e1ulico<\/a><\/li>\n<li><a href=\"https:\/\/bearcatmfg.com\/wp-content\/uploads\/2021\/09\/Limit-Switch-Sensor-BC501-BC501-Rubber.pdf\" target=\"_blank\" rel=\"noopener\">Sensor de final de carrera BC501 \/ BC501 Caucho<\/a><\/li>\n<li><a href=\"https:\/\/bearcatmfg.com\/wp-content\/uploads\/2021\/09\/Pump-Control-CRC-Manual-Switch-Wiring-Diagram-2001-2006.pdf\" target=\"_blank\" rel=\"noopener\">Control de bomba CRC \/ Diagrama de cableado del interruptor manual (2001-2006)<\/a><\/li>\n<li><a href=\"https:\/\/bearcatmfg.com\/wp-content\/uploads\/2021\/09\/Pump-Control-CRC-Manual-Wiring-Diagram-BC501-BC501-Rubber-2007-2011.pdf\" target=\"_blank\" rel=\"noopener\">Control de bomba CRC \/ Diagrama de cableado manual BC501 \/ BC501 Caucho (2007-2011)<\/a><\/li>\n<li><a href=\"https:\/\/bearcatmfg.com\/wp-content\/uploads\/2021\/09\/Rear-Control-Box-Wiring-Diagram-1990-1991.pdf\" target=\"_blank\" rel=\"noopener\">Diagrama de cableado de la caja de control trasera (1990-1991)<\/a><\/li>\n<li><a href=\"https:\/\/bearcatmfg.com\/wp-content\/uploads\/2021\/09\/Rear-Control-Box-Wiring-Diagram-1997-2001.pdf\" target=\"_blank\" rel=\"noopener\">Diagrama de cableado de la caja de control trasera (1997-2001)<\/a><\/li>\n<li><a href=\"https:\/\/bearcatmfg.com\/wp-content\/uploads\/2021\/09\/Rear-Control-Box-Wiring-Diagram-2002.pdf\" target=\"_blank\" rel=\"noopener\">Diagrama de cableado de la caja de control trasera (2002)<\/a><\/li>\n<li><a href=\"https:\/\/bearcatmfg.com\/wp-content\/uploads\/2021\/09\/Rear-Control-Box-Wiring-Diagram-2003-2009.pdf\" target=\"_blank\" rel=\"noopener\">Diagrama de cableado de la caja de control trasera (2003-2009)<\/a><\/li>\n<li><a href=\"https:\/\/bearcatmfg.com\/wp-content\/uploads\/2021\/09\/Rear-Control-Box-Wiring-Diagram-2010-2013.pdf\" target=\"_blank\" rel=\"noopener\">Diagrama de cableado de la caja de control trasera (2010-2013)<\/a><\/li>\n<li><a href=\"https:\/\/bearcatmfg.com\/wp-content\/uploads\/2021\/09\/Rear-Control-Box-with-Cab-Side-Remote-Control-Wiring-Diagram-2007-2008.pdf\" target=\"_blank\" rel=\"noopener\">Diagrama de cableado de la caja de control trasera con control remoto lateral de la cabina (2007-2008)<\/a><\/li>\n<li><a href=\"https:\/\/bearcatmfg.com\/wp-content\/uploads\/2021\/09\/Rear-Control-Box-with-Propane-Burner-Wiring-Diagram-2007-2008.pdf\" target=\"_blank\" rel=\"noopener\">Caja de control trasera con diagrama de cableado del quemador de propano (2007-2008)<\/a><\/li>\n<li><a href=\"https:\/\/bearcatmfg.com\/wp-content\/uploads\/2021\/09\/Rear-Control-Box-with-Propane-Burner-Wiring-Diagram-2009-2011.pdf\" target=\"_blank\" rel=\"noopener\">Caja de control trasera con diagrama de cableado del quemador de propano (2009-2011)<\/a><\/li>\n<li><a href=\"https:\/\/bearcatmfg.com\/wp-content\/uploads\/2021\/09\/Rheostat-Rear-Control-for-Pulsing-Pump-Wiring-Diagram.pdf\" target=\"_blank\" rel=\"noopener\">Diagrama de cableado del control trasero del re\u00f3stato para bomba pulsante<\/a><\/li>\n<li><a href=\"https:\/\/bearcatmfg.com\/wp-content\/uploads\/2021\/09\/ValveBox89-96.pdf\" target=\"_blank\" rel=\"noopener\">Diagrama de cableado de la caja de v\u00e1lvulas (1989-1996)<\/a><\/li>\n<li><a href=\"https:\/\/bearcatmfg.com\/wp-content\/uploads\/2021\/09\/Valve-Box-Wiring-Diagram-1997-2002.pdf\" target=\"_blank\" rel=\"noopener\">Diagrama de cableado de la caja de v\u00e1lvulas (1997-2002)<\/a><\/li>\n<li><a href=\"https:\/\/bearcatmfg.com\/wp-content\/uploads\/2021\/09\/Valve-Box-Wiring-Diagram-2003-2009.pdf\" target=\"_blank\" rel=\"noopener\">Diagrama de cableado de la caja de v\u00e1lvulas (2003-2009)<\/a><\/li>\n<li><a href=\"https:\/\/bearcatmfg.com\/wp-content\/uploads\/2021\/09\/Valve-Box-Wiring-Diagram-2010.pdf\" target=\"_blank\" rel=\"noopener\">Diagrama de cableado de la caja de v\u00e1lvulas (2010+)<\/a><\/li>\n<\/ul>\n<hr>\n<h5>Lista de piezas del esparcidor de virutas<\/h5>\n<ul class=\"col-2\">\n<li><a href=\"https:\/\/bearcatmfg.com\/wp-content\/uploads\/2021\/09\/5.9L-Foot-Pedal-Plus1-Wiring-Diagram-2005.pdf\" target=\"_blank\" rel=\"noopener\">Diagrama de cableado del pedal Plus + 1 de 5.9L (2005)<\/a><\/li>\n<li><a href=\"https:\/\/bearcatmfg.com\/wp-content\/uploads\/2021\/09\/8.3L-Foot-Pedal-Plus1-Wiring-Diagram.pdf\" target=\"_blank\" rel=\"noopener\">Diagrama de cableado del pedal Plus + 1 de 8.3L<\/a><\/li>\n<li><a href=\"https:\/\/bearcatmfg.com\/wp-content\/uploads\/2021\/09\/Dash-Operator-Console-Wiring-Diagram-Tandem-2002-2004.pdf\" target=\"_blank\" rel=\"noopener\">Diagrama de cableado de la consola del operador del tablero en t\u00e1ndem (2002-2004)<\/a><\/li>\n<li><a href=\"https:\/\/bearcatmfg.com\/wp-content\/uploads\/2021\/09\/Dash-Operator-Console-Wiring-Diagram-Tandem-2005.pdf\" target=\"_blank\" rel=\"noopener\">Diagrama de cableado de la consola del operador del tablero en t\u00e1ndem (2005)<\/a><\/li>\n<li><a href=\"https:\/\/bearcatmfg.com\/wp-content\/uploads\/2021\/09\/Dash-Operator-Console-Plus1-Wiring-Diagram-2006-2007.pdf\" target=\"_blank\" rel=\"noopener\">Dash Operator Console Plus + 1 Diagrama de cableado (2006-2007)<\/a><\/li>\n<li><a href=\"https:\/\/bearcatmfg.com\/wp-content\/uploads\/2021\/09\/Dash-Operator-Console-Plus1-Wiring-Diagram-2008.pdf\" target=\"_blank\" rel=\"noopener\">Dash Operator Console Plus + 1 Diagrama de cableado (2008+)<\/a><\/li>\n<li><a href=\"https:\/\/bearcatmfg.com\/wp-content\/uploads\/2021\/09\/Digital-Foot-Control-Wiring-Diagram.pdf\" target=\"_blank\" rel=\"noopener\">Diagrama de cableado del control de pie digital<\/a><\/li>\n<li><a href=\"https:\/\/bearcatmfg.com\/wp-content\/uploads\/2021\/09\/Hydraulics-Wiring-Diagram-4-Wheel-STD-Tandem-2000-2007.pdf\" target=\"_blank\" rel=\"noopener\">Diagrama de cableado del sistema hidr\u00e1ulico de 4 ruedas STD \/ t\u00e1ndem (2000-2007)<\/a><\/li>\n<li><a href=\"https:\/\/bearcatmfg.com\/wp-content\/uploads\/2021\/09\/Hydraulics-Information-2-Wheel-Tandem-2008-2009.pdf\" target=\"_blank\" rel=\"noopener\">Informaci\u00f3n del sistema hidr\u00e1ulico T\u00e1ndem de 2 ruedas (2008-2009)<\/a><\/li>\n<li><a href=\"https:\/\/bearcatmfg.com\/wp-content\/uploads\/2021\/09\/Hydraulics-Wiring-Diagram-Part-1-2-Wheel-Tandem-2008-2009.pdf\" target=\"_blank\" rel=\"noopener\">Diagrama de cableado del sistema hidr\u00e1ulico, parte 1, t\u00e1ndem de 2 ruedas (2008-2009)<\/a><\/li>\n<li><a href=\"https:\/\/bearcatmfg.com\/wp-content\/uploads\/2021\/09\/Hydraulics-Wiring-Diagram-Part-2-2-Wheel-Tandem-2008-2009.pdf\" target=\"_blank\" rel=\"noopener\">Diagrama de cableado del sistema hidr\u00e1ulico, parte 2, t\u00e1ndem de 2 ruedas (2008-2009)<\/a><\/li>\n<li><a href=\"https:\/\/bearcatmfg.com\/wp-content\/uploads\/2021\/09\/Hydraulics-Wiring-Diagram-Part-1-2-Wheel-Tandem-2010-2011.pdf\" target=\"_blank\" rel=\"noopener\">Diagrama de cableado del sistema hidr\u00e1ulico, parte 1, t\u00e1ndem de 2 ruedas (2010-2011)<\/a><\/li>\n<li><a href=\"https:\/\/bearcatmfg.com\/wp-content\/uploads\/2021\/09\/Hydraulics-Wiring-Diagram-Part-2-2-Wheel-Tandem-2010-2011.pdf\" target=\"_blank\" rel=\"noopener\">Diagrama de cableado del sistema hidr\u00e1ulico, parte 2, t\u00e1ndem de 2 ruedas (2010-2011)<\/a><\/li>\n<li><a href=\"https:\/\/bearcatmfg.com\/wp-content\/uploads\/2021\/09\/Hydraulics-Wiring-Diagram-Part-1-2-Wheel-Tandem-2012-2014.pdf\" target=\"_blank\" rel=\"noopener\">Diagrama de cableado del sistema hidr\u00e1ulico, parte 1, t\u00e1ndem de 2 ruedas (2012-2014)<\/a><\/li>\n<li><a href=\"https:\/\/bearcatmfg.com\/wp-content\/uploads\/2021\/09\/Hydraulics-Wiring-Diagram-Part-2-2-Wheel-Tandem-2012-2014.pdf\" target=\"_blank\" rel=\"noopener\">Diagrama de cableado del sistema hidr\u00e1ulico, parte 2, t\u00e1ndem de 2 ruedas (2012-2014)<\/a><\/li>\n<li><a href=\"https:\/\/bearcatmfg.com\/wp-content\/uploads\/2021\/09\/Hydraulics-Wiring-Diagram-Part-1-2-Wheel-Tandem-2015.pdf\" target=\"_blank\" rel=\"noopener\">Diagrama de cableado del sistema hidr\u00e1ulico, parte 1, t\u00e1ndem de 2 ruedas (2015+)<\/a><\/li>\n<li><a href=\"https:\/\/bearcatmfg.com\/wp-content\/uploads\/2021\/09\/Hydraulics-Wiring-Diagram-Part-2-2-Wheel-Tandem-2015.pdf\" target=\"_blank\" rel=\"noopener\">Diagrama de cableado del sistema hidr\u00e1ulico, parte 2, t\u00e1ndem de 2 ruedas (2015+)<\/a><\/li>\n<li><a href=\"https:\/\/bearcatmfg.com\/wp-content\/uploads\/2021\/09\/Junction-Box-Wiring-Diagram-Tandem.pdf\" target=\"_blank\" rel=\"noopener\">Diagrama de cableado de la caja de conexiones en t\u00e1ndem<\/a><\/li>\n<li><a href=\"https:\/\/bearcatmfg.com\/wp-content\/uploads\/2021\/09\/Junction-Box-Plus1-Wiring-Diagram-STD-Tandem-2006-2007.pdf\" target=\"_blank\" rel=\"noopener\">Caja de conexiones Plus + 1 Diagrama de cableado STD \/ Tandem (2006-2007)<\/a><\/li>\n<li><a href=\"https:\/\/bearcatmfg.com\/wp-content\/uploads\/2021\/09\/Junction-Box-Plus1-Wiring-Diagram-Tandem-2008-2014.pdf\" target=\"_blank\" rel=\"noopener\">Caja de conexiones Plus + 1 diagrama de cableado en t\u00e1ndem (2008-2014)<\/a><\/li>\n<li><a href=\"https:\/\/bearcatmfg.com\/wp-content\/uploads\/2021\/09\/LH-Valve-Box-Wiring-Diagram-Tandem.pdf\" target=\"_blank\" rel=\"noopener\">Diagrama de cableado de la caja de v\u00e1lvulas izquierda en t\u00e1ndem<\/a><\/li>\n<li><a href=\"https:\/\/bearcatmfg.com\/wp-content\/uploads\/2021\/09\/LH-Valve-Box-Plus1-Wiring-Diagram-Tandem-2012.pdf\" target=\"_blank\" rel=\"noopener\">Caja de v\u00e1lvulas LH Plus + 1 Diagrama de cableado en t\u00e1ndem (2012)<\/a><\/li>\n<li><a href=\"https:\/\/bearcatmfg.com\/wp-content\/uploads\/2021\/09\/LH-Valve-Box-Plus1-Wiring-Diagram-Tandem-2013-2014.pdf\" target=\"_blank\" rel=\"noopener\">Caja de v\u00e1lvulas LH Plus + 1 Diagrama de cableado en t\u00e1ndem (2013-2014)<\/a><\/li>\n<li><a href=\"https:\/\/bearcatmfg.com\/wp-content\/uploads\/2021\/09\/LH-Valve-Box-Plus1-Wiring-Diagram-Tandem-2015.pdf\" target=\"_blank\" rel=\"noopener\">Caja de v\u00e1lvulas LH Plus + 1 Diagrama de cableado en t\u00e1ndem (2015+)<\/a><\/li>\n<li><a href=\"https:\/\/bearcatmfg.com\/wp-content\/uploads\/2021\/09\/Operator-Panel-Plus1-Wiring-Diagram-Tandem-2008-2015.pdf\" target=\"_blank\" rel=\"noopener\">Panel del operador Plus + 1 Diagrama de cableado en t\u00e1ndem (2008-2015)<\/a><\/li>\n<li><a href=\"https:\/\/bearcatmfg.com\/wp-content\/uploads\/2021\/09\/Operator-Panel-Retrofit-Plus1-Wiring-Diagram-STD-Tandem.pdf\" target=\"_blank\" rel=\"noopener\">Panel del operador Retrofit Plus + 1 Diagrama de cableado STD \/ Tandem<\/a><\/li>\n<li><a href=\"https:\/\/bearcatmfg.com\/wp-content\/uploads\/2021\/09\/Pneumatic-Wiring-Diagram-2-Wheel-Drive-STD-Tandem-2000-2006.pdf\" target=\"_blank\" rel=\"noopener\">Diagrama de cableado neum\u00e1tico STD \/ t\u00e1ndem de tracci\u00f3n en 2 ruedas (2000-2006)<\/a><\/li>\n<li><a href=\"https:\/\/bearcatmfg.com\/wp-content\/uploads\/2021\/09\/Pneumatic-Wiring-Diagram-4-Wheel-Drive-STD-Tandem.pdf\" target=\"_blank\" rel=\"noopener\">Diagrama de cableado neum\u00e1tico con tracci\u00f3n en las 4 ruedas STD \/ t\u00e1ndem<\/a><\/li>\n<li><a href=\"https:\/\/bearcatmfg.com\/wp-content\/uploads\/2021\/09\/Pneumatic-Wiring-Diagram-2-Wheel-Drive-STD-Tandem-2008-2015.pdf\" target=\"_blank\" rel=\"noopener\">Diagrama de cableado neum\u00e1tico STD \/ t\u00e1ndem de tracci\u00f3n en 2 ruedas (2008-2015)<\/a><\/li>\n<li><a href=\"https:\/\/bearcatmfg.com\/wp-content\/uploads\/2021\/09\/RH-Valve-Box-Plus1-Wiring-Diagram-Tandem-2006-2011.pdf\" target=\"_blank\" rel=\"noopener\">Caja de v\u00e1lvulas derecha Plus + 1 Diagrama de cableado en t\u00e1ndem (2006-2011)<\/a><\/li>\n<li><a href=\"https:\/\/bearcatmfg.com\/wp-content\/uploads\/2021\/09\/RH-Valve-Box-Plus1-Wiring-Diagram-Tandem-2012.pdf\" target=\"_blank\" rel=\"noopener\">Caja de v\u00e1lvulas derecha Plus + 1 Diagrama de cableado en t\u00e1ndem (2012)<\/a><\/li>\n<li><a href=\"https:\/\/bearcatmfg.com\/wp-content\/uploads\/2021\/09\/RH-Valve-Box-Plus1-Wiring-Diagram-Tandem-2013-2014.pdf\" target=\"_blank\" rel=\"noopener\">Caja de v\u00e1lvulas derecha Plus + 1 Diagrama de cableado en t\u00e1ndem (2013-2014)<\/a><\/li>\n<li><a href=\"https:\/\/bearcatmfg.com\/wp-content\/uploads\/2021\/09\/RH-Valve-Box-Plus1-Wiring-Diagram-2015.pdf\" target=\"_blank\" rel=\"noopener\">Diagrama de cableado de la caja de v\u00e1lvulas derecha Plus + 1 (2015)<\/a><\/li>\n<li><a href=\"https:\/\/bearcatmfg.com\/wp-content\/uploads\/2021\/09\/Slave-Box-Wiring-Diagram.pdf\" target=\"_blank\" rel=\"noopener\">Diagrama de cableado de la caja esclava<\/a><\/li>\n<li><a href=\"https:\/\/bearcatmfg.com\/wp-content\/uploads\/2021\/09\/Slave-Box-Plus1-Wiring-Diagram-Tandem-2007.pdf\" target=\"_blank\" rel=\"noopener\">Slave Box Plus + 1 Diagrama de cableado en t\u00e1ndem (2007)<\/a><\/li>\n<li><a href=\"https:\/\/bearcatmfg.com\/wp-content\/uploads\/2021\/09\/Slave-Box-Plus1-Wiring-Diagram-Tandem-2012.pdf\" target=\"_blank\" rel=\"noopener\">Slave Box Plus + 1 Diagrama de cableado en t\u00e1ndem (2012)<\/a><\/li>\n<li><a href=\"https:\/\/bearcatmfg.com\/wp-content\/uploads\/2021\/09\/Slave-Box-Plus1-Wiring-Diagram-Tandem-2013-2014.pdf\" target=\"_blank\" rel=\"noopener\">Slave Box Plus + 1 Diagrama de cableado en t\u00e1ndem (2013-2014)<\/a><\/li>\n<li><a href=\"https:\/\/bearcatmfg.com\/wp-content\/uploads\/2021\/09\/Slave-Box-Plus1-Wiring-Diagram-2015.pdf\" target=\"_blank\" rel=\"noopener\">Slave Box Plus + 1 Diagrama de cableado (2015)<\/a><\/li>\n<li><a href=\"https:\/\/bearcatmfg.com\/wp-content\/uploads\/2021\/09\/Slave-Box-Retrofit-Plus1-Wiring-Diagram.pdf\" target=\"_blank\" rel=\"noopener\">Diagrama de cableado de la caja esclava Retrofit Plus + 1<\/a><\/li>\n<li><a href=\"https:\/\/bearcatmfg.com\/wp-content\/uploads\/2021\/09\/Standard-Valve-Box-Plus1-Wiring-Diagram.pdf\" target=\"_blank\" rel=\"noopener\">Caja de v\u00e1lvulas est\u00e1ndar Plus + 1 diagrama de cableado<\/a><\/li>\n<\/ul>\n<hr>\n<h5>Lista de piezas del sellador Krack<\/h5>\n<ul class=\"col-2\">\n<li><a href=\"https:\/\/bearcatmfg.com\/wp-content\/uploads\/2021\/09\/Burner-Control-Wiring-Diagram.pdf\" target=\"_blank\" rel=\"noopener\">Diagrama de cableado de control del quemador<\/a><\/li>\n<li><a href=\"https:\/\/bearcatmfg.com\/wp-content\/uploads\/2021\/09\/Hydraulic-Wiring-Diagram.pdf\" target=\"_blank\" rel=\"noopener\">Diagrama de cableado hidr\u00e1ulico<\/a><\/li>\n<li><a href=\"https:\/\/bearcatmfg.com\/wp-content\/uploads\/2021\/09\/Control-Box-Wiring-Diagram-1998-2015.pdf\" target=\"_blank\" rel=\"noopener\">Diagrama de cableado de la caja de control (1998-2015)<\/a><\/li>\n<\/ul>\n<hr>\n<h5>RT 500<\/h5>\n<ul class=\"col-2\">\n<li><a href=\"https:\/\/bearcatmfg.com\/wp-content\/uploads\/2021\/09\/Valve-Box-Wire-Diagram-Part-1-RT500P.pdf\" target=\"_blank\" rel=\"noopener\">Diagrama de cableado de la caja de v\u00e1lvulas Parte 1 RT500P<\/a><\/li>\n<li><a href=\"https:\/\/bearcatmfg.com\/wp-content\/uploads\/2021\/09\/Valve-Box-Wire-Diagram-Part-2-RT500P.pdf\" target=\"_blank\" rel=\"noopener\">Diagrama de cableado de la caja de v\u00e1lvulas, parte 2 RT500P<\/a><\/li>\n<li><a href=\"https:\/\/bearcatmfg.com\/wp-content\/uploads\/2021\/09\/Valve-Box-Wire-Diagram-Part-3-RT500P.pdf\" target=\"_blank\" rel=\"noopener\">Diagrama de cableado de la caja de v\u00e1lvulas, parte 3 RT500P<\/a><\/li>\n<li><a href=\"https:\/\/bearcatmfg.com\/wp-content\/uploads\/2021\/09\/Valve-Box-Wire-Diagram-Part-4-RT500P.pdf\" target=\"_blank\" rel=\"noopener\">Diagrama de cableado de la caja de v\u00e1lvulas Parte 4 RT500P<\/a><\/li>\n<li><a href=\"https:\/\/bearcatmfg.com\/wp-content\/uploads\/2021\/09\/Valve-Box-Wire-Diagram-Part-1-RT500W.pdf\" target=\"_blank\" rel=\"noopener\">Diagrama de cableado de la caja de v\u00e1lvulas Parte 1 RT500W<\/a><\/li>\n<li><a href=\"https:\/\/bearcatmfg.com\/wp-content\/uploads\/2021\/09\/Valve-Box-Wire-Diagram-Part-2-RT500W.pdf\" target=\"_blank\" rel=\"noopener\">Diagrama de cableado de la caja de v\u00e1lvulas, parte 2 RT500W<\/a><\/li>\n<li><a href=\"https:\/\/bearcatmfg.com\/wp-content\/uploads\/2021\/09\/Valve-Box-Wire-Diagram-Part-3-RT500W.pdf\" target=\"_blank\" rel=\"noopener\">Diagrama de cableado de la caja de v\u00e1lvulas Parte 3 RT500W<\/a><\/li>\n<li><a href=\"https:\/\/bearcatmfg.com\/wp-content\/uploads\/2021\/09\/Valve-Box-Wire-Diagram-Part-4-RT500W.pdf\" target=\"_blank\" rel=\"noopener\">Diagrama de cableado de la caja de v\u00e1lvulas Parte 4 RT500W<\/a><\/li>\n<li><a href=\"https:\/\/bearcatmfg.com\/wp-content\/uploads\/2021\/09\/Valve-Box-Wire-Diagram-Part-5-RT500W.pdf\" target=\"_blank\" rel=\"noopener\">Diagrama de cableado de la caja de v\u00e1lvulas Parte 5 RT500W<\/a><\/li>\n<li><a href=\"https:\/\/bearcatmfg.com\/wp-content\/uploads\/2021\/09\/Valve-Box-Wire-Diagram-Part-6-RT500W.pdf\" target=\"_blank\" rel=\"noopener\">Diagrama de cableado de la caja de v\u00e1lvulas Parte 6 RT500W<\/a><\/li>\n<\/ul>\n<hr>\n<h5>Molino RX<\/h5>\n<ul class=\"col-2\">\n<li><a href=\"https:\/\/bearcatmfg.com\/wp-content\/uploads\/2021\/09\/Universal-Skid-Components-Wire-Diagram-Part-1-RX-Mill.pdf\" target=\"_blank\" rel=\"noopener\">Diagrama de cableado de componentes de patines universales Parte 1 RX-Mill<\/a><\/li>\n<li><a href=\"https:\/\/bearcatmfg.com\/wp-content\/uploads\/2021\/09\/Universal-Skid-Components-Wire-Diagram-Part-2-RX-Mill.pdf\" target=\"_blank\" rel=\"noopener\">Diagrama de cableado de componentes de patines universales Parte 2 RX-Mill<\/a><\/li>\n<li><a href=\"https:\/\/bearcatmfg.com\/wp-content\/uploads\/2021\/09\/Universal-Skid-Components-Wire-Diagram-Part-3-RX-Mill.pdf\" target=\"_blank\" rel=\"noopener\">Diagrama de cableado de componentes de patines universales Parte 3 RX-Mill<\/a><\/li>\n<li><a href=\"https:\/\/bearcatmfg.com\/wp-content\/uploads\/2021\/09\/Universal-Skid-Components-Wire-Diagram-Part-4-RX-Mill.pdf\" target=\"_blank\" rel=\"noopener\">Diagrama de cableado de componentes de patines universales Parte 4 RX-Mill<\/a><\/li>\n<li><a href=\"https:\/\/bearcatmfg.com\/wp-content\/uploads\/2021\/09\/Universal-Skid-Components-Wire-Diagram-RX-Mill-With-Foam-Hot-Oil.pdf\" target=\"_blank\" rel=\"noopener\">Diagrama de cableado de componentes de pat\u00edn universal RX-Mill con espuma de aceite caliente<\/a><\/li>\n<\/ul>\n<hr>\n<h5>SP200<\/h5>\n<ul class=\"col-2\">\n<li><a href=\"https:\/\/bearcatmfg.com\/wp-content\/uploads\/2021\/09\/Burner-Hot-Oil-Wire-Diagram-Tier-3-Tier-4.pdf\" target=\"_blank\" rel=\"noopener\">Diagrama de cableado de aceite caliente del quemador Tier 3 \/ Tier 4<\/a><\/li>\n<li><a href=\"https:\/\/bearcatmfg.com\/wp-content\/uploads\/2021\/09\/Hot-Oil-Hosing-Wire-Diagram-Tier-4.pdf\" target=\"_blank\" rel=\"noopener\">Diagrama de alambre de manguera de aceite caliente Tier 4<\/a><\/li>\n<li><a href=\"https:\/\/bearcatmfg.com\/wp-content\/uploads\/2021\/09\/Hydraulic-System-Wire-Diagram-Tier-3-Tier-4.pdf\" target=\"_blank\" rel=\"noopener\">Diagrama de cableado del sistema hidr\u00e1ulico Tier 3 \/ Tier 4<\/a><\/li>\n<li><a href=\"https:\/\/bearcatmfg.com\/wp-content\/uploads\/2021\/09\/LH-Display-Wire-Diagram-Tier-3-Tier-4.pdf\" target=\"_blank\" rel=\"noopener\">Diagrama de cableado de la pantalla izquierda Tier 3 \/ Tier 4<\/a><\/li>\n<li><a href=\"https:\/\/bearcatmfg.com\/wp-content\/uploads\/2021\/09\/LH-Valve-Box-Wire-Diagram-Tier-3.pdf\" target=\"_blank\" rel=\"noopener\">Diagrama de cableado de la caja de v\u00e1lvulas LH Tier 3<\/a><\/li>\n<li><a href=\"https:\/\/bearcatmfg.com\/wp-content\/uploads\/2021\/09\/LH-Valve-Box-Wire-Diagram-Tier-4.pdf\" target=\"_blank\" rel=\"noopener\">Diagrama de cableado de la caja de v\u00e1lvulas LH Tier 4<\/a><\/li>\n<li><a href=\"https:\/\/bearcatmfg.com\/wp-content\/uploads\/2021\/09\/RH-Display-Wire-Diagram-Tier-3-Tier-4.pdf\" target=\"_blank\" rel=\"noopener\">Diagrama de cableado de la pantalla RH Tier 3 \/ Tier 4<\/a><\/li>\n<li><a href=\"https:\/\/bearcatmfg.com\/wp-content\/uploads\/2021\/09\/RH-Valve-Box-Wire-Diagram-Tier-3.pdf\" target=\"_blank\" rel=\"noopener\">Diagrama de cableado de la caja de la v\u00e1lvula RH Tier 3<\/a><\/li>\n<li><a href=\"https:\/\/bearcatmfg.com\/wp-content\/uploads\/2021\/09\/RH-Valve-Box-Wire-Diagram-Tier-4.pdf\" target=\"_blank\" rel=\"noopener\">Diagrama de cableado de la caja de la v\u00e1lvula derecha Tier 4<\/a><\/li>\n<\/ul>\n<\/div>\n","protected":false},"excerpt":{"rendered":"<p>Si est\u00e1 buscando especificaciones para un determinado producto o m\u00e1quina BearCat, \u00a1ha venido al lugar correcto! A continuaci\u00f3n, encontrar\u00e1 todos los documentos relacionados con cada l\u00ednea de productos BearCat, incluidos los manuales de servicio y las listas de piezas. Si no puede encontrar lo que est\u00e1 buscando, comun\u00edquese con nuestro equipo en service@bearcatmfg.com . Distribuidor &hellip; <a href=\"https:\/\/bearcatmfg.com\/es\/esquemas\/\" class=\"more-link\">Continue reading <span class=\"screen-reader-text\">Esquemas<\/span><\/a><\/p>\n","protected":false},"author":1,"featured_media":0,"parent":0,"menu_order":0,"comment_status":"closed","ping_status":"closed","template":"","meta":{"_acf_changed":false,"footnotes":""},"class_list":["post-1111","page","type-page","status-publish","hentry"],"acf":[],"_links":{"self":[{"href":"https:\/\/bearcatmfg.com\/es\/wp-json\/wp\/v2\/pages\/1111","targetHints":{"allow":["GET"]}}],"collection":[{"href":"https:\/\/bearcatmfg.com\/es\/wp-json\/wp\/v2\/pages"}],"about":[{"href":"https:\/\/bearcatmfg.com\/es\/wp-json\/wp\/v2\/types\/page"}],"author":[{"embeddable":true,"href":"https:\/\/bearcatmfg.com\/es\/wp-json\/wp\/v2\/users\/1"}],"replies":[{"embeddable":true,"href":"https:\/\/bearcatmfg.com\/es\/wp-json\/wp\/v2\/comments?post=1111"}],"version-history":[{"count":3,"href":"https:\/\/bearcatmfg.com\/es\/wp-json\/wp\/v2\/pages\/1111\/revisions"}],"predecessor-version":[{"id":4348,"href":"https:\/\/bearcatmfg.com\/es\/wp-json\/wp\/v2\/pages\/1111\/revisions\/4348"}],"wp:attachment":[{"href":"https:\/\/bearcatmfg.com\/es\/wp-json\/wp\/v2\/media?parent=1111"}],"curies":[{"name":"wp","href":"https:\/\/api.w.org\/{rel}","templated":true}]}}