{"id":1115,"date":"2021-10-18T10:56:49","date_gmt":"2021-10-18T10:56:49","guid":{"rendered":"https:\/\/bearcatmfg.com\/manuales-piezas\/"},"modified":"2026-02-12T15:14:29","modified_gmt":"2026-02-12T15:14:29","slug":"manuales-piezas","status":"publish","type":"page","link":"https:\/\/bearcatmfg.com\/es\/manuales-piezas\/","title":{"rendered":"Manuales y listas de piezas"},"content":{"rendered":"<div class=\"mannual\">\n<p>Si est\u00e1 buscando especificaciones para un determinado producto o m\u00e1quina BearCat, \u00a1ha venido al lugar correcto! A continuaci\u00f3n, encontrar\u00e1 todos los documentos relacionados con cada l\u00ednea de productos BearCat, incluidos los manuales de servicio y las listas de piezas. Si no encuentras lo que buscas, ponte en contacto con nuestro equipo en <a href=\"mailto:customerservice@bearcatmfg.com\">customerservice@bearcatmfg.com.<\/a><\/p>\n<\/div>\n","protected":false},"excerpt":{"rendered":"<p>Si est\u00e1 buscando especificaciones para un determinado producto o m\u00e1quina BearCat, \u00a1ha venido al lugar correcto! A continuaci\u00f3n, encontrar\u00e1 todos los documentos relacionados con cada l\u00ednea de productos BearCat, incluidos los manuales de servicio y las listas de piezas. Si no encuentras lo que buscas, ponte en contacto con nuestro equipo en customerservice@bearcatmfg.com.<\/p>\n","protected":false},"author":1,"featured_media":0,"parent":0,"menu_order":0,"comment_status":"closed","ping_status":"closed","template":"template\/manuals.php","meta":{"_acf_changed":false,"footnotes":""},"class_list":["post-1115","page","type-page","status-publish","hentry"],"acf":[],"_links":{"self":[{"href":"https:\/\/bearcatmfg.com\/es\/wp-json\/wp\/v2\/pages\/1115","targetHints":{"allow":["GET"]}}],"collection":[{"href":"https:\/\/bearcatmfg.com\/es\/wp-json\/wp\/v2\/pages"}],"about":[{"href":"https:\/\/bearcatmfg.com\/es\/wp-json\/wp\/v2\/types\/page"}],"author":[{"embeddable":true,"href":"https:\/\/bearcatmfg.com\/es\/wp-json\/wp\/v2\/users\/1"}],"replies":[{"embeddable":true,"href":"https:\/\/bearcatmfg.com\/es\/wp-json\/wp\/v2\/comments?post=1115"}],"version-history":[{"count":8,"href":"https:\/\/bearcatmfg.com\/es\/wp-json\/wp\/v2\/pages\/1115\/revisions"}],"predecessor-version":[{"id":4236,"href":"https:\/\/bearcatmfg.com\/es\/wp-json\/wp\/v2\/pages\/1115\/revisions\/4236"}],"wp:attachment":[{"href":"https:\/\/bearcatmfg.com\/es\/wp-json\/wp\/v2\/media?parent=1115"}],"curies":[{"name":"wp","href":"https:\/\/api.w.org\/{rel}","templated":true}]}}