{"id":1529,"date":"2022-08-18T04:42:56","date_gmt":"2022-08-18T04:42:56","guid":{"rendered":"https:\/\/bearcatmfg.com\/asfaltado-y-sellado\/"},"modified":"2025-05-27T17:50:18","modified_gmt":"2025-05-27T17:50:18","slug":"asfaltado-y-sellado","status":"publish","type":"page","link":"https:\/\/bearcatmfg.com\/es\/asfaltado-y-sellado\/","title":{"rendered":"Asfaltado y sellado"},"content":{"rendered":"<h4>Asegure el equipo esencial de asfaltado y sellado para su empresa de mantenimiento de carreteras<\/h4>\n<p>Los servicios de asfaltado y sellado son una alternativa popular a la mayor\u00eda de los pavimentos de asfalto est\u00e1ndar. Por lo tanto, como empresa de asfalto o municipio, tener la capacidad de ofrecer astillado y sellado es esencial para satisfacer las demandas de los clientes. Tener el mejor equipo disponible para el sellado de virutas asegura las demandas de mantenimiento de las carreteras de su \u00e1rea, ya sea en Illinois, Arizona, Florida, o en cualquier lugar de los EE.UU. Afortunadamente, BearCat Manufacturing produce los <a href=\"https:\/\/bearcatmfg.com\/es\/los-mejores-esparcidores-de-virutas\/\">mejores esparcidores de virutas<\/a> disponibles en la industria del asfalto.<\/p>\n<h4>\u00bfPor qu\u00e9 deber\u00eda ofrecer servicios de asfaltado y sellado?<\/h4>\n<p>El asfaltado no es la \u00fanica forma de pavimentar las carreteras. De hecho, los servicios de asfaltado y sellado suelen reservarse para las carreteras menos transitadas o las calles laterales. Sin embargo, debido a la sencillez y asequibilidad del proceso de sellado de virutas, el servicio siempre tiene una gran demanda por parte de contratistas, empresas privadas y municipios. He aqu\u00ed por qu\u00e9 tanta gente conf\u00eda en el sellado de virutas:<\/p>\n<ul>\n<li><strong>Condiciones de conducci\u00f3n m\u00e1s seguras<\/strong>\n<ul>\n<li>Las carreteras de asfalto son conocidas por las ventajas de seguridad que ofrecen. Como cualquier conductor puede decir, la lluvia y el hielo hacen que las condiciones de conducci\u00f3n sean peligrosas. Como tal, las carreteras de asfalto y sellado son resistentes al deslizamiento, reduciendo as\u00ed los accidentes que tienen lugar durante las condiciones meteorol\u00f3gicas severas. Adem\u00e1s, en los d\u00edas soleados, en los que el deslumbramiento de la carretera es mayor, las carreteras de asfalto son antideslumbrantes para limitar la fatiga ocular de los conductores.<\/li>\n<\/ul>\n<\/li>\n<li><strong>Carreteras duraderas<\/strong>\n<ul>\n<li>A diferencia de las carreteras de asfalto est\u00e1ndar, en las que es necesario un mantenimiento continuo para reducir las posibilidades de que se produzcan grietas y desmoronamientos, una carretera de asfalto no tiene estos problemas. Los esparcidores de virutas distribuyen uniformemente el agregado asf\u00e1ltico en las carreteras, incrust\u00e1ndose directamente en la superficie original del pavimento. Mediante el sellado de virutas, se prolonga la vida \u00fatil de las carreteras existentes hasta en 12 a\u00f1os.<\/li>\n<\/ul>\n<\/li>\n<li><strong>Proceso r\u00e1pido y asequible<\/strong>\n<ul>\n<li>En lugar de gastar el tiempo y el dinero en reemplazar completamente el asfalto viejo, el sellado de virutas es m\u00e1s r\u00e1pido y m\u00e1s asequible. El agregado de asfalto est\u00e1 hecho de asfalto reciclado, lo que significa un coste reducido de los materiales necesarios para el sellado de virutas. Adem\u00e1s, el tiempo y la mano de obra necesarios para completar un proyecto de asfaltado y sellado son significativamente menores que otros proyectos de pavimentaci\u00f3n, lo que reduce los costes para sus clientes.<\/li>\n<\/ul>\n<\/li>\n<\/ul>\n<h4>El equipo adecuado para el trabajo<\/h4>\n<p>Para los equipos de mantenimiento de carreteras interesados en a\u00f1adir el asfaltado y el sellado a su oferta de servicios, se necesita el equipo adecuado para el trabajo. Afortunadamente, BearCat Manufacturing lo tiene cubierto con nuestros esparcidores de virutas de primera l\u00ednea. Ofrecemos dos opciones de modelos para nuestros <a href=\"https:\/\/bearcatmfg.com\/es\/product-category\/distribuidores\/\">esparcidores de virutas<\/a>: la astilladora t\u00e1ndem de 20&#8242; y la astilladora t\u00e1ndem Stealth de 16&#8242;. Cada modelo de esparcidor de virutas cuenta con las mismas caracter\u00edsticas impresionantes, como:<\/p>\n<ul>\n<li>Motor diesel Tier 3 o 4 de 6 ciclos<\/li>\n<li>Sistema de refrigeraci\u00f3n hidr\u00e1ulica para garantizar las temperaturas normales de funcionamiento<\/li>\n<li>Control de velocidad por ordenador (CRC) de \u00faltima generaci\u00f3n<\/li>\n<li>Cilindros de detecci\u00f3n de posici\u00f3n de accionamiento hidr\u00e1ulico<\/li>\n<li>Tolvas en t\u00e1ndem de construcci\u00f3n de acero HSLA para arrancar en l\u00ednea recta y minimizar el desperdicio de \u00e1ridos<\/li>\n<li>Sensores de banda ultras\u00f3nicos de bajo mantenimiento y sin contacto para la medici\u00f3n de la altura de la pila de virutas<\/li>\n<\/ul>\n<h4>M\u00e1s informaci\u00f3n<\/h4>\n<p>Tome los servicios de astillado y sellado en sus propias manos con los mejores esparcidores de virutas del mercado. Para preguntar por los precios, el alquiler de equipos o nuestros equipos adicionales de pavimentaci\u00f3n de asfalto y mantenimiento de carreteras, p\u00f3ngase en contacto con Bearcat Manufacturing hoy mismo en <a href=\"tel:9286847851\">el 928-684-7851<\/a>. Adem\u00e1s, estamos ubicados en 3650 N Sabin Brown Rd, Wickenburg, AZ 85390. BearCat Manufacturing tiene su sede en Arizona y atiende a clientes de todo Estados Unidos.<\/p>\n","protected":false},"excerpt":{"rendered":"<p>Asegure el equipo esencial de asfaltado y sellado para su empresa de mantenimiento de carreteras Los servicios de asfaltado y sellado son una alternativa popular a la mayor\u00eda de los pavimentos de asfalto est\u00e1ndar. Por lo tanto, como empresa de asfalto o municipio, tener la capacidad de ofrecer astillado y sellado es esencial para satisfacer &hellip; <a href=\"https:\/\/bearcatmfg.com\/es\/asfaltado-y-sellado\/\" class=\"more-link\">Continue reading <span class=\"screen-reader-text\">Asfaltado y sellado<\/span><\/a><\/p>\n","protected":false},"author":1,"featured_media":2408,"parent":0,"menu_order":0,"comment_status":"closed","ping_status":"closed","template":"","meta":{"_acf_changed":false,"footnotes":""},"class_list":["post-1529","page","type-page","status-publish","has-post-thumbnail","hentry"],"acf":[],"_links":{"self":[{"href":"https:\/\/bearcatmfg.com\/es\/wp-json\/wp\/v2\/pages\/1529","targetHints":{"allow":["GET"]}}],"collection":[{"href":"https:\/\/bearcatmfg.com\/es\/wp-json\/wp\/v2\/pages"}],"about":[{"href":"https:\/\/bearcatmfg.com\/es\/wp-json\/wp\/v2\/types\/page"}],"author":[{"embeddable":true,"href":"https:\/\/bearcatmfg.com\/es\/wp-json\/wp\/v2\/users\/1"}],"replies":[{"embeddable":true,"href":"https:\/\/bearcatmfg.com\/es\/wp-json\/wp\/v2\/comments?post=1529"}],"version-history":[{"count":5,"href":"https:\/\/bearcatmfg.com\/es\/wp-json\/wp\/v2\/pages\/1529\/revisions"}],"predecessor-version":[{"id":4419,"href":"https:\/\/bearcatmfg.com\/es\/wp-json\/wp\/v2\/pages\/1529\/revisions\/4419"}],"wp:featuredmedia":[{"embeddable":true,"href":"https:\/\/bearcatmfg.com\/es\/wp-json\/wp\/v2\/media\/2408"}],"wp:attachment":[{"href":"https:\/\/bearcatmfg.com\/es\/wp-json\/wp\/v2\/media?parent=1529"}],"curies":[{"name":"wp","href":"https:\/\/api.w.org\/{rel}","templated":true}]}}