{"id":1534,"date":"2022-08-18T04:45:43","date_gmt":"2022-08-18T04:45:43","guid":{"rendered":"https:\/\/bearcatmfg.com\/distribuidores-de-asfalto\/"},"modified":"2025-12-05T06:44:43","modified_gmt":"2025-12-05T06:44:43","slug":"distribuidores-de-asfalto","status":"publish","type":"page","link":"https:\/\/bearcatmfg.com\/es\/distribuidores-de-asfalto\/","title":{"rendered":"Distribuidores de asfalto"},"content":{"rendered":"<h4>Consigue una pavimentaci\u00f3n asf\u00e1ltica r\u00e1pida y eficaz con los distribuidores de asfalto BearCat<\/h4>\n<p>Pocas piezas de maquinaria son m\u00e1s cr\u00edticas para un contratista de pavimentaci\u00f3n de asfalto que el distribuidor de asfalto. La pavimentaci\u00f3n de asfalto es el servicio principal de cualquier contratista de pavimentaci\u00f3n, y asegurarse de tener el equipo adecuado para el trabajo es esencial para el \u00e9xito de tu negocio. Por eso, BearCat Manufacturing suministra los mejores distribuidores de asfalto del sector, adem\u00e1s de otra <g id=\"gid_0\">maquinaria para asfalto<\/g>. \u00a1Descubre las ventajas de un distribuidor de asfalto BearCat!   <\/p>\n<h4>El papel de tu distribuidor de asfalto<\/h4>\n<p>Los distribuidores de asfalto son un componente crucial de la <a href=\"https:\/\/bearcatmfg.com\/chip-and-seal\/\">construcci\u00f3n de revestimientos de sellado y sellado de virutas<\/a>. Principalmente, el revestimiento de sellado o el sellado de virutas se realiza para proteger, reparar y mantener las carreteras existentes. La l\u00ednea de distribuidores BearCat ayuda a agilizar el proceso de mantenimiento de las carreteras.  <\/p>\n<ul>\n<li><strong>Transporte de asfalto l\u00edquido<\/strong>\n<ul>\n<li>Trasladar el asfalto de un lugar a otro no es un trabajo sencillo. Adem\u00e1s, teniendo en cuenta la temperatura que debes mantener para que el asfalto sea utilizable, pocos equipos est\u00e1n a la altura de la tarea. Por eso, los distribuidores de asfalto est\u00e1n equipados con potentes sistemas de calefacci\u00f3n que mantienen tu asfalto l\u00edquido a la temperatura perfecta, garantizando que est\u00e9 listo para usarse en cualquier obra.  <\/li>\n<\/ul>\n<\/li>\n<li><strong>Aplicaci\u00f3n r\u00e1pida y uniforme<\/strong>\n<ul>\n<li>Sin los distribuidores de asfalto, aplicar asfalto l\u00edquido a las carreteras ser\u00eda un proceso largo y dif\u00edcil. Por no hablar de que garantizar que las capas de asfalto se aplican uniformemente a las carreteras ser\u00eda casi imposible. Afortunadamente, el sistema de pulverizaci\u00f3n de un distribuidor aplica asfalto l\u00edquido r\u00e1pida y uniformemente a cualquier superficie de carretera o pavimento. Y tanto si forma parte de un cami\u00f3n como si est\u00e1 acoplado a \u00e9l, la aplicaci\u00f3n de asfalto es un proceso relativamente r\u00e1pido.   <\/li>\n<\/ul>\n<\/li>\n<li><strong>Asfaltado o Sellado<\/strong>\n<ul>\n<li>A menudo encontrar\u00e1s contratistas que utilizan distribuidores de asfalto para colocar la primera o segunda capa de asfalto en preparaci\u00f3n para un esparcidor de gravilla. Despu\u00e9s de que los distribuidores apliquen asfalto l\u00edquido a una carretera, el asfalto act\u00faa como pegamento para el \u00e1rido que le sigue poco despu\u00e9s. Tanto si se trata de sellar una calle para protegerla y prolongar su vida \u00fatil, como de asfaltar para reparar calzadas viejas y descuidadas, tu distribuidor de asfalto es un componente crucial.  <\/li>\n<\/ul>\n<\/li>\n<\/ul>\n<h4>Distribuidores de asfalto BearCat&#8217;s<\/h4>\n<p>En BearCat, nos esforzamos por crear equipos que satisfagan las necesidades de los operarios, permitiendo realizar los trabajos de forma sencilla y r\u00e1pida. Ya sea un equipo de mantenimiento de carreteras, un contratista o un municipio, <a href=\"https:\/\/bearcatmfg.com\/product-category\/distributors\/\">los Distribuidores de Asfalto<\/a> BearCat son los preferidos por los clientes de Arizona, Iowa, California, Nueva York y de todo EE.UU. Algunas de las mejores caracter\u00edsticas de nuestros distribuidores son: <\/p>\n<ul>\n<li>Sistema de accionamiento de la bomba hidrost\u00e1tica de circuito cerrado<\/li>\n<li>Sistema de calefacci\u00f3n con bomba de asfalto caliente<\/li>\n<li>Control de velocidad por ordenador (CRC) de \u00faltima generaci\u00f3n<\/li>\n<li>Colectores de tres v\u00e1lvulas<\/li>\n<li>Sistemas de descarga y rotura<\/li>\n<li>Dep\u00f3sitos de acero con tama\u00f1os de 1.000 a 5.000 galones<\/li>\n<li>Barra de pulverizaci\u00f3n y v\u00e1lvulas de pulverizaci\u00f3n<\/li>\n<\/ul>\n<h4>Contacta con nosotros<\/h4>\n<p>\u00a1Aseg\u00farate de que el componente m\u00e1s crucial de tu operaci\u00f3n de revestimiento y sellado de asfalto es el mejor disponible en la industria del asfalto! Para obtener m\u00e1s informaci\u00f3n sobre los distribuidores de asfalto de BearCat Manufacturing o sobre nuestros otros equipos de mantenimiento de carreteras, ponte en contacto con nosotros hoy mismo en el <a href=\"tel:9286847851\">928-684-7851<\/a>. Tambi\u00e9n estamos en 3650 N Sabin Brown Rd, Wickenburg, AZ 85390. BearCat Manufacturing tiene su sede en Arizona y atiende a clientes de todo Estados Unidos.   <\/p>\n","protected":false},"excerpt":{"rendered":"<p>Consigue una pavimentaci\u00f3n asf\u00e1ltica r\u00e1pida y eficaz con los distribuidores de asfalto BearCat Pocas piezas de maquinaria son m\u00e1s cr\u00edticas para un contratista de pavimentaci\u00f3n de asfalto que el distribuidor de asfalto. La pavimentaci\u00f3n de asfalto es el servicio principal de cualquier contratista de pavimentaci\u00f3n, y asegurarse de tener el equipo adecuado para el trabajo &hellip; <a href=\"https:\/\/bearcatmfg.com\/es\/distribuidores-de-asfalto\/\" class=\"more-link\">Continue reading <span class=\"screen-reader-text\">Distribuidores de asfalto<\/span><\/a><\/p>\n","protected":false},"author":1,"featured_media":1559,"parent":0,"menu_order":0,"comment_status":"closed","ping_status":"closed","template":"","meta":{"_acf_changed":false,"footnotes":""},"class_list":["post-1534","page","type-page","status-publish","has-post-thumbnail","hentry"],"acf":[],"_links":{"self":[{"href":"https:\/\/bearcatmfg.com\/es\/wp-json\/wp\/v2\/pages\/1534","targetHints":{"allow":["GET"]}}],"collection":[{"href":"https:\/\/bearcatmfg.com\/es\/wp-json\/wp\/v2\/pages"}],"about":[{"href":"https:\/\/bearcatmfg.com\/es\/wp-json\/wp\/v2\/types\/page"}],"author":[{"embeddable":true,"href":"https:\/\/bearcatmfg.com\/es\/wp-json\/wp\/v2\/users\/1"}],"replies":[{"embeddable":true,"href":"https:\/\/bearcatmfg.com\/es\/wp-json\/wp\/v2\/comments?post=1534"}],"version-history":[{"count":3,"href":"https:\/\/bearcatmfg.com\/es\/wp-json\/wp\/v2\/pages\/1534\/revisions"}],"predecessor-version":[{"id":5056,"href":"https:\/\/bearcatmfg.com\/es\/wp-json\/wp\/v2\/pages\/1534\/revisions\/5056"}],"wp:featuredmedia":[{"embeddable":true,"href":"https:\/\/bearcatmfg.com\/es\/wp-json\/wp\/v2\/media\/1559"}],"wp:attachment":[{"href":"https:\/\/bearcatmfg.com\/es\/wp-json\/wp\/v2\/media?parent=1534"}],"curies":[{"name":"wp","href":"https:\/\/api.w.org\/{rel}","templated":true}]}}