{"id":1537,"date":"2022-08-18T04:47:22","date_gmt":"2022-08-18T04:47:22","guid":{"rendered":"https:\/\/bearcatmfg.com\/maquinas-de-asfalto\/"},"modified":"2025-05-01T21:10:57","modified_gmt":"2025-05-01T21:10:57","slug":"maquinas-de-asfalto","status":"publish","type":"page","link":"https:\/\/bearcatmfg.com\/es\/maquinas-de-asfalto\/","title":{"rendered":"M\u00e1quinas de asfalto"},"content":{"rendered":"<h3>\u00bfCu\u00e1les son las mejores m\u00e1quinas asfaltadoras?<\/h3>\n<p>BearCat Manufacturing ofrece experiencia en fabricaci\u00f3n de primera clase y excelencia en el rendimiento de algunas de las mejores m\u00e1quinas de asfalto del mundo. Llevamos m\u00e1s de 50 a\u00f1os apoyando a los contratistas de asfalto con <a href=\"https:\/\/bearcatmfg.com\/es\/distribuidores-de-asfalto-mejor-valorados-de-arizona\/\">distribuidores de asfalto<\/a>, <a href=\"https:\/\/bearcatmfg.com\/es\/los-mejores-esparcidores-de-virutas-de-tennessee\/\">esparcidores de gravilla<\/a>, <a href=\"https:\/\/bearcatmfg.com\/es\/selladores-de-grietas-mejor-valorados-de-tennessee\/\">selladores de grietas de asfalto<\/a> y equipos personalizados de pavimentaci\u00f3n y mantenimiento del asfalto. Nuestras m\u00e1quinas y sistemas de asfalto proporcionan tiempos de finalizaci\u00f3n m\u00e1s r\u00e1pidos y costes operativos reducidos en proyectos como recubrimiento de asfalto, astillado y sellado, y pavimentaci\u00f3n de asfalto. <a href=\"https:\/\/bearcatmfg.com\/es\/contactenos\/\">Ponte ahora en contacto con BearCat Manufacturing<\/a> para solicitar m\u00e1s informaci\u00f3n o un presupuesto gratuito sobre nuestras m\u00e1quinas de asfalto <a href=\"https:\/\/bearcatmfg.com\/es\/equipos-para-la-reparacion-de-asfalto-arizona\/\">en Arizona<\/a>, <a href=\"https:\/\/bearcatmfg.com\/es\/equipos-para-la-reparacion-del-asfalto-illinois\/\">Illinois<\/a>, <a href=\"https:\/\/bearcatmfg.com\/es\/equipos-para-la-reparacion-del-asfalto-tennessee\/\">Tennessee<\/a>, <a href=\"https:\/\/bearcatmfg.com\/es\/equipos-para-la-reparacion-de-asfalto-texas\/\">Texas<\/a> y en todo Estados Unidos.<\/p>\n<h3>\u00bfBuscas distribuidores de asfalto mejor valorados?<\/h3>\n<p>BearCat Manufacturing fabrica equipos con potentes sistemas de calefacci\u00f3n que mantienen la temperatura perfecta para el asfalto l\u00edquido con nuestros distribuidores de asfalto. Garantizan una aplicaci\u00f3n r\u00e1pida y uniforme del asfalto l\u00edquido en carreteras, autopistas, aparcamientos, calzadas y otras superficies de pavimento asf\u00e1ltico. Nuestros distribuidores de asfalto hacen que tus operaciones sean m\u00e1s eficaces y menos costosas en proyectos como pavimentaci\u00f3n asf\u00e1ltica, revestimiento de asfalto y astillado y sellado. Por eso, cada vez m\u00e1s empresas de mantenimiento de carreteras de <a href=\"https:\/\/bearcatmfg.com\/es\/distribuidores-de-asfalto-illinois\/\">Illinois<\/a>, <a href=\"https:\/\/bearcatmfg.com\/es\/distribuidores-de-asfalto-de-texas\/\">Texas<\/a>, <a href=\"https:\/\/bearcatmfg.com\/es\/distribuidores-de-asfalto-arizona\/\">Arizona<\/a>, <a href=\"https:\/\/bearcatmfg.com\/es\/distribuidores-de-asfalto-de-tennessee\/\">Tennessee<\/a> y de todo el pa\u00eds prefieren nuestras m\u00e1quinas asfaltadoras. Entre las principales caracter\u00edsticas de nuestros distribuidores de asfalto se incluyen:<\/p>\n<ul class=\"col-2\">\n<li>Colectores de tres v\u00e1lvulas<\/li>\n<li>Un sistema de accionamiento de bomba hidrost\u00e1tica de circuito cerrado<\/li>\n<li>Sistema inform\u00e1tico de control de velocidad de \u00faltima generaci\u00f3n<\/li>\n<li>Sistema de calefacci\u00f3n con bomba de asfalto calentado<\/li>\n<li>Dep\u00f3sitos de acero con tama\u00f1os que van de 1.000 a 5.000 galones<\/li>\n<li>V\u00e1lvulas y barras de pulverizaci\u00f3n eficaces<\/li>\n<\/ul>\n<h3>\u00bfBuscas los mejores esparcidores de virutas?<\/h3>\n<p>Invertir en esparcidores de gravilla de BearCat Manufacturing puede ayudar a tu empresa de mantenimiento de carreteras a ser m\u00e1s productiva y ofrecer resultados de mayor calidad. Nuestras m\u00e1quinas asfaltadoras desempe\u00f1an un papel crucial en la aplicaci\u00f3n uniforme y homog\u00e9nea de \u00e1ridos en carreteras o calzadas durante el proceso de asfaltado. Ofrecemos dos opciones que proporcionan el tipo de rendimiento y durabilidad que han hecho de nuestra empresa un l\u00edder en equipos de asfalto durante 50 a\u00f1os. Puede elegir entre los siguientes:<\/p>\n<ul>\n<li><strong>Astilladora en t\u00e1ndem de 20&#8242;<\/strong>: Este modelo ofrece una fuerza y una velocidad incre\u00edbles. Ofrece una extensi\u00f3n de 10&#8242; a 20&#8242; sobre la marcha, por lo que puede utilizarse en varios tipos de proyectos de mantenimiento de carreteras. Entre las caracter\u00edsticas m\u00e1s destacadas est\u00e1n los controles de velocidad por ordenador de f\u00e1cil manejo y las correas de gran capacidad.<\/li>\n<li><strong>Astilladora Stealth 16&#8242; T\u00e1ndem<\/strong>: Este modelo, m\u00e1s peque\u00f1o pero eficaz, permite transportar f\u00e1cilmente los materiales por la obra. Algunas de las mejores caracter\u00edsticas son la tolva trasera plegable, el control de velocidad por ordenador f\u00e1cil de usar y las cintas de gran capacidad.<\/li>\n<\/ul>\n<h3>\u00bfBuscas los mejores selladores de grietas de asfalto?<\/h3>\n<p>Cuenta con BearCat Manufacturing para obtener un rendimiento superior y un equipo fiable cuando tu empresa de mantenimiento de carreteras necesite selladores de grietas de asfalto. Nuestras m\u00e1quinas asfaltadoras proporcionan a tu empresa tiempos de ejecuci\u00f3n m\u00e1s r\u00e1pidos y resultados de calidad. Ofrecemos dos modelos de selladores de grietas. Nuestro BK-250 viene con un dep\u00f3sito de 250 galones de capacidad. Adem\u00e1s, nuestra opci\u00f3n m\u00e1s grande, la BK-400, viene con un dep\u00f3sito de 400 galones de capacidad. Nuestros selladores de grietas son los preferidos por m\u00e1s contratistas de asfalto debido a las siguientes caracter\u00edsticas:<\/p>\n<ul class=\"col-2\">\n<li>Dos puertas de carga de sellador<\/li>\n<li>Sistema sin aclarado<\/li>\n<li>Paneles de control de temperatura f\u00e1ciles de manejar<\/li>\n<li>Un brazo de manguera para minimizar el desgaste del suelo<\/li>\n<li>Cierres de seguridad para puertas que reducen el riesgo de lesiones<\/li>\n<li>Controles operativos ubicados en el centro<\/li>\n<\/ul>\n<div class=\"left-img\"><img decoding=\"async\" src=\"https:\/\/bearcatmfg.com\/wp-content\/uploads\/2024\/03\/2024-BC-816-1020-Iso-5-500x350.jpg\" alt=\"M\u00e1quinas de asfalto\" title=\"\"><\/div>\n<h3>Contacta con nosotros para obtener m\u00e1quinas asf\u00e1lticas de calidad<\/h3>\n<p>Desde 1969, BearCat Manufacturing es uno de los fabricantes m\u00e1s fiables de m\u00e1quinas asfaltadoras de la mejor calidad para empresas de mantenimiento de carreteras. Adem\u00e1s, ensamblamos con orgullo todos nuestros equipos aqu\u00ed mismo, en Estados Unidos. Ponte en contacto con nosotros hoy mismo a trav\u00e9s de nuestro formulario de contacto en l\u00ednea o llamando al <a href=\"tel:9286847851\">928-684-7851<\/a> para recibir un presupuesto gratuito o m\u00e1s informaci\u00f3n.<\/p>\n","protected":false},"excerpt":{"rendered":"<p>\u00bfCu\u00e1les son las mejores m\u00e1quinas asfaltadoras? BearCat Manufacturing ofrece experiencia en fabricaci\u00f3n de primera clase y excelencia en el rendimiento de algunas de las mejores m\u00e1quinas de asfalto del mundo. Llevamos m\u00e1s de 50 a\u00f1os apoyando a los contratistas de asfalto con distribuidores de asfalto, esparcidores de gravilla, selladores de grietas de asfalto y equipos &hellip; <a href=\"https:\/\/bearcatmfg.com\/es\/maquinas-de-asfalto\/\" class=\"more-link\">Continue reading <span class=\"screen-reader-text\">M\u00e1quinas de asfalto<\/span><\/a><\/p>\n","protected":false},"author":1,"featured_media":1276,"parent":0,"menu_order":0,"comment_status":"closed","ping_status":"closed","template":"","meta":{"_acf_changed":false,"footnotes":""},"class_list":["post-1537","page","type-page","status-publish","has-post-thumbnail","hentry"],"acf":[],"_links":{"self":[{"href":"https:\/\/bearcatmfg.com\/es\/wp-json\/wp\/v2\/pages\/1537","targetHints":{"allow":["GET"]}}],"collection":[{"href":"https:\/\/bearcatmfg.com\/es\/wp-json\/wp\/v2\/pages"}],"about":[{"href":"https:\/\/bearcatmfg.com\/es\/wp-json\/wp\/v2\/types\/page"}],"author":[{"embeddable":true,"href":"https:\/\/bearcatmfg.com\/es\/wp-json\/wp\/v2\/users\/1"}],"replies":[{"embeddable":true,"href":"https:\/\/bearcatmfg.com\/es\/wp-json\/wp\/v2\/comments?post=1537"}],"version-history":[{"count":7,"href":"https:\/\/bearcatmfg.com\/es\/wp-json\/wp\/v2\/pages\/1537\/revisions"}],"predecessor-version":[{"id":4351,"href":"https:\/\/bearcatmfg.com\/es\/wp-json\/wp\/v2\/pages\/1537\/revisions\/4351"}],"wp:featuredmedia":[{"embeddable":true,"href":"https:\/\/bearcatmfg.com\/es\/wp-json\/wp\/v2\/media\/1276"}],"wp:attachment":[{"href":"https:\/\/bearcatmfg.com\/es\/wp-json\/wp\/v2\/media?parent=1537"}],"curies":[{"name":"wp","href":"https:\/\/api.w.org\/{rel}","templated":true}]}}