{"id":1540,"date":"2022-08-18T04:50:06","date_gmt":"2022-08-18T04:50:06","guid":{"rendered":"https:\/\/bearcatmfg.com\/reparacion-de-grietas-en-el-asfalto\/"},"modified":"2022-08-29T18:41:36","modified_gmt":"2022-08-29T18:41:36","slug":"reparacion-de-grietas-en-el-asfalto","status":"publish","type":"page","link":"https:\/\/bearcatmfg.com\/es\/reparacion-de-grietas-en-el-asfalto\/","title":{"rendered":"Reparaci\u00f3n de grietas en el asfalto"},"content":{"rendered":"<h4>Encuentre el mejor equipo para reparar r\u00e1pida y f\u00e1cilmente las grietas del asfalto<\/h4>\n<p>Adem\u00e1s de instalar nuevo asfalto y pavimentar nuevas carreteras, los contratistas de asfalto deben ser capaces de ofrecer mantenimiento y reparaci\u00f3n. Por lo dem\u00e1s, hay pocos incentivos para que los clientes anteriores vuelvan a llamar para solicitar un servicio adicional. La reparaci\u00f3n de grietas en el asfalto es uno de los m\u00e9todos de reparaci\u00f3n y mantenimiento m\u00e1s populares y f\u00e1ciles de aplicar. Sin embargo, no se puede aplicar eficazmente este servicio sin la maquinaria adecuada. Afortunadamente, BearCat Manufacturing tiene la soluci\u00f3n con nuestros selladores de grietas de alta calidad.<\/p>\n<h4>Por qu\u00e9 se prefieren los selladores de grietas para el mantenimiento y la reparaci\u00f3n de carreteras<\/h4>\n<p>Mientras que los servicios de <a href=\"https:\/\/bearcatmfg.com\/es\/asfaltado-y-sellado\/\">sellado de virutas<\/a> o de recubrimiento ayudan a mantener y actualizar las carreteras, la reparaci\u00f3n de grietas intenta preservar el pavimento de asfalto antes de necesitar otros servicios. Adem\u00e1s, las ventajas y la asequibilidad de la reparaci\u00f3n de grietas, en comparaci\u00f3n con otros servicios, son algo que sus clientes adoran. He aqu\u00ed algunas razones por las que las empresas y los municipios de todo Estados Unidos conf\u00edan en la reparaci\u00f3n de grietas en el asfalto:<\/p>\n<ul>\n<li><strong>Aumentar la longevidad del asfalto<\/strong>\n<ul>\n<li>El asfalto es ya una opci\u00f3n de material excepcionalmente duradero para la mayor\u00eda de las carreteras. Sin embargo, con el uso constante y las duras condiciones clim\u00e1ticas, incluso el asfalto puede degradarse m\u00e1s r\u00e1pido de lo normal. Por lo tanto, cuando aparecen grietas en el pavimento, el sellado de estas grietas puede evitar da\u00f1os mayores y seguir prolongando la vida \u00fatil de sus lotes y calzadas.<\/li>\n<\/ul>\n<\/li>\n<li><strong>Gastar menos en reparaciones y sustituciones<\/strong>\n<ul>\n<li>Si deja que las grietas sigan apareciendo y expandi\u00e9ndose, es probable que se encuentre con m\u00e1s problemas m\u00e1s pronto que tarde. Por ejemplo, las grietas permiten que el agua y los productos qu\u00edmicos se filtren m\u00e1s profundamente en su pavimento, rompi\u00e9ndolo desde el interior y causando desmoronamientos o baches. Y, como le dir\u00e1 cualquier equipo de mantenimiento de carreteras, arreglar estos problemas cuesta bastante m\u00e1s que el sellado de grietas del asfalto en primer lugar.<\/li>\n<\/ul>\n<\/li>\n<li><strong>R\u00e1pido y f\u00e1cil de aplicar<\/strong>\n<ul>\n<li>Cuando hay que reparar las carreteras, las ciudades o las empresas dan prioridad al tiempo que tardan en realizar la reparaci\u00f3n. Cuanto menos tiempo se tarde en arreglar los problemas en el pavimento, menos tiempo se necesitar\u00e1 para cerrar los accesos a las autopistas, calles principales, aparcamientos, etc. Afortunadamente, los selladores de grietas de BearCat realizan la reparaci\u00f3n de grietas de asfalto de forma r\u00e1pida y eficiente. En el mismo d\u00eda en que se realiza el trabajo, ya tendr\u00e1 a los conductores de vuelta a la carretera.<\/li>\n<\/ul>\n<\/li>\n<\/ul>\n<h4>Las caracter\u00edsticas de los selladores de grietas de BearCat<\/h4>\n<p>Para ofrecer con \u00e9xito servicios integrales de reparaci\u00f3n de grietas en el asfalto, los contratistas necesitan el mejor equipo disponible. Afortunadamente, BearCat Manufacturing le tiene cubierto. Nuestras <a href=\"https:\/\/bearcatmfg.com\/es\/product-category\/selladores-de-grietas\/\">selladoras<\/a> de grietas son unas de las mejores del sector, proporcionando una alta producci\u00f3n y un menor coste por turno en cada trabajo de sellado de grietas. Algunas de las mejores caracter\u00edsticas de nuestras m\u00e1quinas de sellado de grietas de goma BK-250 y BK-400 incluyen:<\/p>\n<ul>\n<li>Sistema de calefacci\u00f3n indirecta cerrado con control de caudal absoluto<\/li>\n<li>Quemador cerrado de gas\u00f3leo de alta presi\u00f3n con encendido autom\u00e1tico<\/li>\n<li>Sistema compatible con el medio ambiente, sin necesidad de enjuague con disolventes<\/li>\n<li>Caja de mangueras calentada para garantizar la aplicaci\u00f3n inmediata del sellador<\/li>\n<li>Sistema de control por ordenador de f\u00e1cil manejo<\/li>\n<li>Dos puertas de carga de sellado de f\u00e1cil acceso<\/li>\n<li>Capacidad del dep\u00f3sito de sellante de 250 a 400 galones (seg\u00fan el modelo)<\/li>\n<\/ul>\n<h4>Hable con los expertos en m\u00e1quinas de asfalto<\/h4>\n<p>La reparaci\u00f3n de grietas en el asfalto no es el \u00fanico servicio que ofrece su empresa. Por lo tanto, es probable que necesite las herramientas y el equipo para apoyar la instalaci\u00f3n, la reparaci\u00f3n y el mantenimiento del asfalto adicional. Afortunadamente, BearCat Manufacturing tiene las mejores <a href=\"https:\/\/bearcatmfg.com\/es\/maquinas-de-asfalto\/\">m\u00e1quinas de asfalto<\/a> para satisfacer sus necesidades. Para obtener m\u00e1s informaci\u00f3n, p\u00f3ngase en contacto con nosotros hoy mismo en <a href=\"tel:9286847851\">el 928-684-7851<\/a>. Adem\u00e1s, estamos ubicados en 3650 N Sabin Brown Rd, Wickenburg, AZ 85390. BearCat Manufacturing tiene su sede en Arizona y atiende a clientes de todo Estados Unidos.<\/p>\n","protected":false},"excerpt":{"rendered":"<p>Encuentre el mejor equipo para reparar r\u00e1pida y f\u00e1cilmente las grietas del asfalto Adem\u00e1s de instalar nuevo asfalto y pavimentar nuevas carreteras, los contratistas de asfalto deben ser capaces de ofrecer mantenimiento y reparaci\u00f3n. Por lo dem\u00e1s, hay pocos incentivos para que los clientes anteriores vuelvan a llamar para solicitar un servicio adicional. La reparaci\u00f3n &hellip; <a href=\"https:\/\/bearcatmfg.com\/es\/reparacion-de-grietas-en-el-asfalto\/\" class=\"more-link\">Continue reading <span class=\"screen-reader-text\">Reparaci\u00f3n de grietas en el asfalto<\/span><\/a><\/p>\n","protected":false},"author":1,"featured_media":1601,"parent":0,"menu_order":0,"comment_status":"closed","ping_status":"closed","template":"","meta":{"_acf_changed":false,"footnotes":""},"class_list":["post-1540","page","type-page","status-publish","has-post-thumbnail","hentry"],"acf":[],"_links":{"self":[{"href":"https:\/\/bearcatmfg.com\/es\/wp-json\/wp\/v2\/pages\/1540","targetHints":{"allow":["GET"]}}],"collection":[{"href":"https:\/\/bearcatmfg.com\/es\/wp-json\/wp\/v2\/pages"}],"about":[{"href":"https:\/\/bearcatmfg.com\/es\/wp-json\/wp\/v2\/types\/page"}],"author":[{"embeddable":true,"href":"https:\/\/bearcatmfg.com\/es\/wp-json\/wp\/v2\/users\/1"}],"replies":[{"embeddable":true,"href":"https:\/\/bearcatmfg.com\/es\/wp-json\/wp\/v2\/comments?post=1540"}],"version-history":[{"count":1,"href":"https:\/\/bearcatmfg.com\/es\/wp-json\/wp\/v2\/pages\/1540\/revisions"}],"predecessor-version":[{"id":1603,"href":"https:\/\/bearcatmfg.com\/es\/wp-json\/wp\/v2\/pages\/1540\/revisions\/1603"}],"wp:featuredmedia":[{"embeddable":true,"href":"https:\/\/bearcatmfg.com\/es\/wp-json\/wp\/v2\/media\/1601"}],"wp:attachment":[{"href":"https:\/\/bearcatmfg.com\/es\/wp-json\/wp\/v2\/media?parent=1540"}],"curies":[{"name":"wp","href":"https:\/\/api.w.org\/{rel}","templated":true}]}}