{"id":1543,"date":"2022-08-18T04:54:33","date_gmt":"2022-08-18T04:54:33","guid":{"rendered":"https:\/\/bearcatmfg.com\/los-mejores-esparcidores-de-virutas\/"},"modified":"2022-08-29T18:52:24","modified_gmt":"2022-08-29T18:52:24","slug":"los-mejores-esparcidores-de-virutas","status":"publish","type":"page","link":"https:\/\/bearcatmfg.com\/es\/los-mejores-esparcidores-de-virutas\/","title":{"rendered":"Los mejores esparcidores de virutas"},"content":{"rendered":"<h4>Consiga un sellado de virutas de alta calidad con los mejores esparcidores de virutas disponibles<\/h4>\n<p>El proceso de astillado y sellado es la opci\u00f3n preferida por muchas empresas y municipios que desean un mantenimiento y conservaci\u00f3n de carreteras asequible. Sin embargo, los contratistas no pueden ofrecer servicios <a href=\"https:\/\/bearcatmfg.com\/es\/asfaltado-y-sellado\/\">de sellado de virutas<\/a> r\u00e1pidos y eficaces sin el equipo adecuado. BearCat Manufacturing se esfuerza por ofrecer los mejores esparcidores de virutas, distribuidores de asfalto y <a href=\"https:\/\/bearcatmfg.com\/es\/maquinas-de-asfalto\/\">m\u00e1quinas de asfalto<\/a> adicionales en la industria. Hable con nuestro equipo hoy mismo sobre la selecci\u00f3n del equipo adecuado para los trabajos de pavimentaci\u00f3n de asfalto.<\/p>\n<h4>\u00bfQu\u00e9 hay de bueno en el sellado de virutas?<\/h4>\n<p>Cuando sus clientes deciden cu\u00e1les son las mejores opciones de mantenimiento y reparaci\u00f3n de carreteras, las ventajas del sellado de virutas suelen ser las m\u00e1s atractivas. Por ello, los contratistas de asfalto deber\u00edan ofrecer siempre el asfaltado y sellado como uno de sus principales servicios:<\/p>\n<ul>\n<li><strong>Mejorar la longevidad de las carreteras<\/strong>\n<ul>\n<li>Los factores de estr\u00e9s continuos, como los derrames de productos qu\u00edmicos, el tr\u00e1fico pesado, el clima severo y las temperaturas extremas, pasan factura al pavimento de asfalto. As\u00ed, incluso la considerable vida \u00fatil del asfalto puede resentirse sin un mantenimiento constante. Afortunadamente, la aplicaci\u00f3n de capas de asfalto l\u00edquido y \u00e1ridos a la superficie del pavimento puede rectificar los posibles problemas y prolongar la vida \u00fatil de su carretera hasta 12 a\u00f1os.<\/li>\n<\/ul>\n<\/li>\n<li><strong>Garantizar la seguridad de los conductores<\/strong>\n<ul>\n<li>Las carreteras de asfalto tambi\u00e9n poseen ciertas ventajas de seguridad que otros materiales de carretera no pueden replicar f\u00e1cilmente. Por ejemplo, el agregado de asfalto ayuda a que las carreteras sean resistentes al deslizamiento. Para los conductores, esto significa que los veh\u00edculos son menos propensos a deslizarse o resbalar en condiciones meteorol\u00f3gicas peligrosas como el hielo, la lluvia o la nieve. Adem\u00e1s, las carreteras de asfalto son antideslumbrantes. Reducir la tensi\u00f3n ocular de los conductores en los d\u00edas soleados es crucial para crear condiciones de conducci\u00f3n seguras.<\/li>\n<\/ul>\n<\/li>\n<li><strong>R\u00e1pido y asequible<\/strong>\n<ul>\n<li>En lugar de arrancar y sustituir el pavimento de asfalto, lo que puede llevar semanas, el sellado de virutas puede terminarse en pocos d\u00edas. Debido a que el proceso es menos intensivo en mano de obra y al uso de materiales reciclados, el sellado de virutas no tarda mucho en aplicarse y requiere poco tiempo de secado despu\u00e9s de la aplicaci\u00f3n. Adem\u00e1s, al requerir menos material y mano de obra, el sellado de virutas es significativamente m\u00e1s asequible en comparaci\u00f3n con la sustituci\u00f3n del asfalto.<\/li>\n<\/ul>\n<\/li>\n<\/ul>\n<h4>Los mejores esparcidores de virutas de BearCat<\/h4>\n<p>Como contratistas de asfalto, quieren asegurarse de que son los mejores en lo que hacen. Por ello, necesita el equipo adecuado para cada trabajo, como los <a href=\"https:\/\/bearcatmfg.com\/es\/product-category\/esparcidores-de-virutas\/\">mejores esparcidores de gravilla<\/a> del sector de la pavimentaci\u00f3n. BearCat Manufacturing vende y alquila esparcidores de virutas de primera calidad para equipos de carreteras, contratistas, municipios y otros clientes en todo Estados Unidos. Algunas de las mejores caracter\u00edsticas de nuestros esparcidores de virutas son:<\/p>\n<ul>\n<li>Motor diesel Tier 3 o 4 de 6 ciclos<\/li>\n<li>Sistema de refrigeraci\u00f3n hidr\u00e1ulica para garantizar las temperaturas normales de funcionamiento<\/li>\n<li>Control de velocidad por ordenador (CRC) de \u00faltima generaci\u00f3n<\/li>\n<li>Cilindros de detecci\u00f3n de posici\u00f3n de accionamiento hidr\u00e1ulico<\/li>\n<li>Tolvas en t\u00e1ndem de construcci\u00f3n de acero HSLA para arrancar en l\u00ednea recta y minimizar el desperdicio de \u00e1ridos<\/li>\n<li>Sensores de banda ultras\u00f3nicos de bajo mantenimiento y sin contacto para la medici\u00f3n de la altura de la pila de virutas<\/li>\n<\/ul>\n<h4>Llame hoy mismo<\/h4>\n<p>Seleccione entre los mejores esparcidores de virutas para la construcci\u00f3n de sellado de virutas a trav\u00e9s de BearCat Manufacturing. O, si est\u00e1 interesado en otras m\u00e1quinas de mantenimiento de carreteras y asfalto, p\u00f3ngase en contacto con nosotros en <a href=\"tel:9286847851\">el 928-684-7851<\/a>. Adem\u00e1s, estamos ubicados en 3650 N Sabin Brown Rd, Wickenburg, AZ 85390. BearCat Manufacturing tiene su sede en Arizona y atiende a clientes de todo Estados Unidos.<\/p>\n","protected":false},"excerpt":{"rendered":"<p>Consiga un sellado de virutas de alta calidad con los mejores esparcidores de virutas disponibles El proceso de astillado y sellado es la opci\u00f3n preferida por muchas empresas y municipios que desean un mantenimiento y conservaci\u00f3n de carreteras asequible. Sin embargo, los contratistas no pueden ofrecer servicios de sellado de virutas r\u00e1pidos y eficaces sin &hellip; <a href=\"https:\/\/bearcatmfg.com\/es\/los-mejores-esparcidores-de-virutas\/\" class=\"more-link\">Continue reading <span class=\"screen-reader-text\">Los mejores esparcidores de virutas<\/span><\/a><\/p>\n","protected":false},"author":1,"featured_media":1553,"parent":0,"menu_order":0,"comment_status":"closed","ping_status":"closed","template":"","meta":{"_acf_changed":false,"footnotes":""},"class_list":["post-1543","page","type-page","status-publish","has-post-thumbnail","hentry"],"acf":[],"_links":{"self":[{"href":"https:\/\/bearcatmfg.com\/es\/wp-json\/wp\/v2\/pages\/1543","targetHints":{"allow":["GET"]}}],"collection":[{"href":"https:\/\/bearcatmfg.com\/es\/wp-json\/wp\/v2\/pages"}],"about":[{"href":"https:\/\/bearcatmfg.com\/es\/wp-json\/wp\/v2\/types\/page"}],"author":[{"embeddable":true,"href":"https:\/\/bearcatmfg.com\/es\/wp-json\/wp\/v2\/users\/1"}],"replies":[{"embeddable":true,"href":"https:\/\/bearcatmfg.com\/es\/wp-json\/wp\/v2\/comments?post=1543"}],"version-history":[{"count":2,"href":"https:\/\/bearcatmfg.com\/es\/wp-json\/wp\/v2\/pages\/1543\/revisions"}],"predecessor-version":[{"id":1606,"href":"https:\/\/bearcatmfg.com\/es\/wp-json\/wp\/v2\/pages\/1543\/revisions\/1606"}],"wp:featuredmedia":[{"embeddable":true,"href":"https:\/\/bearcatmfg.com\/es\/wp-json\/wp\/v2\/media\/1553"}],"wp:attachment":[{"href":"https:\/\/bearcatmfg.com\/es\/wp-json\/wp\/v2\/media?parent=1543"}],"curies":[{"name":"wp","href":"https:\/\/api.w.org\/{rel}","templated":true}]}}