{"id":1632,"date":"2022-09-19T05:54:56","date_gmt":"2022-09-19T05:54:56","guid":{"rendered":"https:\/\/bearcatmfg.com\/servicio-de-asfaltado\/"},"modified":"2022-09-23T17:22:28","modified_gmt":"2022-09-23T17:22:28","slug":"servicio-de-asfaltado","status":"publish","type":"page","link":"https:\/\/bearcatmfg.com\/es\/servicio-de-asfaltado\/","title":{"rendered":"Servicio de asfaltado"},"content":{"rendered":"<h3>Equipe su empresa con la mejor maquinaria para el servicio de sellado de virutas<\/h3>\n<p>El mantenimiento de las carreteras es esencial para las empresas, los residentes y los municipios de todo Estados Unidos. Y con el reciente impulso a las infraestructuras por parte de los gobiernos federal y estatal, la necesidad de contratistas de pavimentaci\u00f3n de asfalto ha alcanzado nuevas cotas. Sin embargo, como empresa de asfalto, \u00bftiene el equipo necesario para satisfacer las necesidades y demandas de los clientes? Si no es as\u00ed, Bearcat Manufacturing suministra <a href=\"https:\/\/bearcatmfg.com\/es\/equipos-industriales-de-asfalto\/\">equipos de pavimentaci\u00f3n de asfalto<\/a> de primera calidad para el servicio de sellado de virutas y otros servicios de pavimentaci\u00f3n.<\/p>\n<h3>Por qu\u00e9 sus clientes prefieren Chip and Seal<\/h3>\n<p>Todo contratista de asfalto puede beneficiarse de ofrecer el servicio <a href=\"https:\/\/bearcatmfg.com\/es\/asfaltado-y-sellado\/\">de astillado y sellado<\/a>. El proceso no s\u00f3lo es una forma incre\u00edblemente eficaz de aumentar la durabilidad y la longevidad de las carreteras, sino que es m\u00e1s asequible tanto para los contratistas como para los clientes. He aqu\u00ed algunas razones por las que el sellado de virutas ha ganado popularidad y por qu\u00e9 deber\u00eda ofrecerlo para su negocio:<\/p>\n<ul>\n<li><strong>Crea un entorno de conducci\u00f3n m\u00e1s seguro<\/strong> &#8211; Al presionar las virutas de asfalto reciclado en una superficie de carretera existente, se crea una capa de resistencia al deslizamiento. Las carreteras asfaltadas son m\u00e1s seguras para conducir en la mayor\u00eda de las condiciones meteorol\u00f3gicas peligrosas, como el hielo o la lluvia intensa. Adem\u00e1s, las superficies de asfalto son antideslumbrantes, lo que significa que sus carreteras pueden reducir la fatiga visual de los conductores en los d\u00edas soleados.<\/li>\n<li><strong>R\u00e1pido y f\u00e1cil de implementar<\/strong> &#8211; La sustituci\u00f3n del asfalto viejo puede llevar mucho tiempo y esfuerzo. Y en el caso de las carreteras m\u00e1s transitadas, no puede permitirse cerrarlas durante demasiado tiempo. Afortunadamente, el proceso de sellado de virutas es relativamente r\u00e1pido de aplicar. Con el equipo adecuado y un equipo experimentado, puede tener kil\u00f3metros de carretera repavimentados y listos para circular en uno o dos d\u00edas.<\/li>\n<li><strong>Mano de obra m\u00ednima<\/strong> &#8211; Afortunadamente, los esparcidores de virutas y los distribuidores de asfalto de BearCat requieren una mano de obra m\u00ednima para el sellado de virutas. Lo que antes requer\u00eda cuadrillas enteras para completar un trabajo, el sellado de virutas s\u00f3lo necesita unos pocos t\u00e9cnicos cualificados para manejar el equipo.<\/li>\n<li><strong>Autorreparaci\u00f3n<\/strong> &#8211; Parte de la longevidad de las carreteras de asfalto se debe a la naturaleza del sellador asf\u00e1ltico aplicado a la superficie. Durante los d\u00edas calurosos, el asfalto puede reblandecerse y fluir en las grietas o huecos de su calzada. Esto tambi\u00e9n significa que sus calzadas con sello de viruta no requerir\u00e1n servicios como la reparaci\u00f3n de grietas en el futuro.<\/li>\n<li><strong>Asequible<\/strong> &#8211; Como se ha mencionado anteriormente, el sellado de virutas es un proceso asequible tanto para el contratista como para el cliente. El sellado de virutas utiliza asfalto reciclado para la mayor\u00eda de sus materiales, lo que significa que usted paga menos por el asfalto fresco y el agregado. Adem\u00e1s, los costes de mano de obra se mantienen bajos, ya que se necesitan menos trabajadores para realizar el servicio de sellado de virutas. Por \u00faltimo, la rapidez del sellado de virutas reduce las horas de trabajo necesarias, con lo que tambi\u00e9n se reduce el precio del servicio.<\/li>\n<\/ul>\n<h3>Qu\u00e9 equipos ofrecemos<\/h3>\n<p>BearCat Manufacturing desarrolla maquinaria de alta calidad para la pavimentaci\u00f3n de asfalto y el sellado de virutas en todo el pa\u00eds. Si desea implementar los mejores servicios de sellado de virutas para su \u00e1rea, debe utilizar la potencia y utilidad de los <a href=\"https:\/\/bearcatmfg.com\/es\/esparcidores-de-asfalto\/\">esparcidores de virutas<\/a> y <a href=\"https:\/\/bearcatmfg.com\/es\/distribuidores-de-asfalto\/\">distribuidores de asfalto<\/a> de BearCat.<\/p>\n<ul>\n<li><strong>Astilladoras<\/strong> &#8211; Nuestras astilladoras en t\u00e1ndem son m\u00e1s r\u00e1pidas y resistentes que otras <a href=\"https:\/\/bearcatmfg.com\/es\/los-mejores-esparcidores-de-virutas\/\">astilladoras<\/a> del mercado. Caracter\u00edsticas como los controles de velocidad computarizados, las correas de alta capacidad, y m\u00e1s, son est\u00e1ndar en todos los modelos de esparcidores de virutas de BearCat.<\/li>\n<li><strong>Distribuidores de asfalto<\/strong> &#8211; Los contratistas cuentan con los <a href=\"https:\/\/bearcatmfg.com\/es\/los-mejores-distribuidores-de-asfalto\/\">distribuidores de asfalto<\/a> eficientes y personalizables de BearCat para aplicar asfaltos l\u00edquidos a las carreteras. Ofrecemos distribuidores de asfalto est\u00e1ndar, distribuidores de asfalto de caucho granulado especializados y equipos adicionales de esparcimiento de asfalto.<\/li>\n<\/ul>\n<div class=\"left-img\"><img loading=\"lazy\" decoding=\"async\" class=\"alignnone\" src=\"https:\/\/bearcatmfg.com\/wp-content\/uploads\/2022\/09\/Chip-Seal-Service-2.jpg\" alt=\"Un distribuidor de asfalto BearCat limpiando su dep\u00f3sito tras el servicio de Chip Seal\" width=\"500\" height=\"350\" title=\"\"><\/div>\n<h3>Ll\u00e1menos<\/h3>\n<p>Tanto si le falta el equipo para ofrecer el servicio de sellado de virutas como si necesita una maquinaria m\u00e1s eficiente para satisfacer las demandas de sus clientes, puede contar con la l\u00ednea de productos de pavimentaci\u00f3n de asfalto de BearCat Manufacturing. Para saber m\u00e1s sobre nuestras <a href=\"https:\/\/bearcatmfg.com\/es\/maquinas-de-asfalto\/\">m\u00e1quinas de asfalto de primera categor\u00eda<\/a>, p\u00f3ngase en contacto con nosotros hoy mismo en el <a href=\"tel:9286847851\">928-684-7851<\/a>. Estamos ubicados en 3650 N Sabin Brown Rd, Wickenburg, AZ 85390. BearCat Manufacturing tiene su sede en Arizona y atiende a clientes de todo Estados Unidos.<\/p>\n","protected":false},"excerpt":{"rendered":"<p>Equipe su empresa con la mejor maquinaria para el servicio de sellado de virutas El mantenimiento de las carreteras es esencial para las empresas, los residentes y los municipios de todo Estados Unidos. Y con el reciente impulso a las infraestructuras por parte de los gobiernos federal y estatal, la necesidad de contratistas de pavimentaci\u00f3n &hellip; <a href=\"https:\/\/bearcatmfg.com\/es\/servicio-de-asfaltado\/\" class=\"more-link\">Continue reading <span class=\"screen-reader-text\">Servicio de asfaltado<\/span><\/a><\/p>\n","protected":false},"author":1,"featured_media":1628,"parent":0,"menu_order":0,"comment_status":"closed","ping_status":"closed","template":"","meta":{"_acf_changed":false,"footnotes":""},"class_list":["post-1632","page","type-page","status-publish","has-post-thumbnail","hentry"],"acf":[],"_links":{"self":[{"href":"https:\/\/bearcatmfg.com\/es\/wp-json\/wp\/v2\/pages\/1632","targetHints":{"allow":["GET"]}}],"collection":[{"href":"https:\/\/bearcatmfg.com\/es\/wp-json\/wp\/v2\/pages"}],"about":[{"href":"https:\/\/bearcatmfg.com\/es\/wp-json\/wp\/v2\/types\/page"}],"author":[{"embeddable":true,"href":"https:\/\/bearcatmfg.com\/es\/wp-json\/wp\/v2\/users\/1"}],"replies":[{"embeddable":true,"href":"https:\/\/bearcatmfg.com\/es\/wp-json\/wp\/v2\/comments?post=1632"}],"version-history":[{"count":3,"href":"https:\/\/bearcatmfg.com\/es\/wp-json\/wp\/v2\/pages\/1632\/revisions"}],"predecessor-version":[{"id":1673,"href":"https:\/\/bearcatmfg.com\/es\/wp-json\/wp\/v2\/pages\/1632\/revisions\/1673"}],"wp:featuredmedia":[{"embeddable":true,"href":"https:\/\/bearcatmfg.com\/es\/wp-json\/wp\/v2\/media\/1628"}],"wp:attachment":[{"href":"https:\/\/bearcatmfg.com\/es\/wp-json\/wp\/v2\/media?parent=1632"}],"curies":[{"name":"wp","href":"https:\/\/api.w.org\/{rel}","templated":true}]}}