{"id":1640,"date":"2022-09-19T05:59:04","date_gmt":"2022-09-19T05:59:04","guid":{"rendered":"https:\/\/bearcatmfg.com\/los-mejores-distribuidores-de-asfalto\/"},"modified":"2022-09-23T17:33:04","modified_gmt":"2022-09-23T17:33:04","slug":"los-mejores-distribuidores-de-asfalto","status":"publish","type":"page","link":"https:\/\/bearcatmfg.com\/es\/los-mejores-distribuidores-de-asfalto\/","title":{"rendered":"Los mejores distribuidores de asfalto"},"content":{"rendered":"<h3>Desarrolle sus servicios de sellado de virutas con los mejores distribuidores de asfalto del sector<\/h3>\n<p>Usted puede tener un equipo de contratistas de asfalto capacitado y altamente calificado, pero puede ser un desaf\u00edo mantenerse al d\u00eda con las demandas de los clientes sin el mejor equipo para su equipo. Afortunadamente, BearCat Manufacturing puede combinar sus excepcionales empleados con nuestros <a href=\"https:\/\/bearcatmfg.com\/es\/equipos-industriales-de-asfalto\/\">equipos de pavimentaci\u00f3n de asfalto<\/a> de primera l\u00ednea. Por ejemplo, suministramos a algunos de los mejores <a href=\"https:\/\/bearcatmfg.com\/es\/distribuidores-de-asfalto\/\">distribuidores de asfalto<\/a> del sector de la pavimentaci\u00f3n. Si est\u00e1 interesado en nuestros distribuidores u otros equipos de mantenimiento de carreteras, p\u00f3ngase en contacto con nosotros hoy mismo.<\/p>\n<h3>\u00bfNecesita distribuidores?<\/h3>\n<p>Para ser un contratista de pavimentaci\u00f3n de asfalto con \u00e9xito, necesita distribuidores y equipos de pavimentaci\u00f3n adicionales. Los distribuidores de asfalto mejoran significativamente la tasa de finalizaci\u00f3n del proyecto, proporcionando beneficios adicionales para el <a href=\"https:\/\/bearcatmfg.com\/es\/servicio-de-asfaltado\/\">sellado de virutas<\/a>, la pavimentaci\u00f3n de asfalto y otros servicios. Por ejemplo, de su distribuidor de asfalto, puede esperar:<\/p>\n<ul>\n<li><strong>Transporte m\u00e1s f\u00e1cil del asfalto<\/strong> &#8211; Almacenar, transportar y mantener el asfalto fresco es algo con lo que los contratistas de asfalto deben lidiar continuamente. Afortunadamente, los distribuidores responden a las necesidades cruciales de los contratistas locales. Los distribuidores de BearCat pueden transportar entre 1.000 y 5.000 galones de asfalto l\u00edquido a temperaturas \u00f3ptimas y a trav\u00e9s de largas distancias. Nuestros distribuidores le garantizan que siempre podr\u00e1 acceder f\u00e1cilmente al asfalto para cualquier trabajo.<\/li>\n<li><strong>Reduce el tiempo hasta la finalizaci\u00f3n del proyecto<\/strong> &#8211; Aunque los pulverizadores de asfalto m\u00e1s peque\u00f1os funcionan para aplicar el asfalto, y el asfalto l\u00edquido puede ser aplicado manualmente por un equipo de mantenimiento de carreteras, ninguno de estos m\u00e9todos es excelente para la eficiencia del tiempo. Por el contrario, un distribuidor de asfalto puede aplicar una capa consistente de asfalto a velocidades y ritmos ajustables. La automatizaci\u00f3n resultante permite completar m\u00e1s r\u00e1pidamente los proyectos de pavimentaci\u00f3n.<\/li>\n<li><strong>Reduce la mano de obra<\/strong> &#8211; Para esparcir manualmente el asfalto de forma eficaz, necesitar\u00e1 un equipo de varios trabajadores. Cuanto mayor sea el proyecto, m\u00e1s trabajadores necesitar\u00e1. Sin embargo, este no es el caso de los distribuidores. Los distribuidores de BearCat s\u00f3lo requieren un operador, lo que reduce significativamente la mano de obra necesaria para aplicar el asfalto l\u00edquido.<\/li>\n<li><strong>Recubrimientos uniformes<\/strong> &#8211; Aunque la aplicaci\u00f3n manual del asfalto permite realizar el trabajo, no se puede garantizar un recubrimiento preciso y uniforme. Afortunadamente, este no es el caso de los distribuidores BearCat. Nuestros distribuidores utilizan barras de pulverizaci\u00f3n que aplican una capa consistente y uniforme de asfalto a cualquier superficie. Todo lo que debe hacer el operador es conducir mientras las barras de pulverizaci\u00f3n se encargan del resto.<\/li>\n<\/ul>\n<h3>Caracter\u00edsticas de nuestros distribuidores<\/h3>\n<p>BearCat se esfuerza por producir los mejores distribuidores de asfalto para los contratistas de todo el pa\u00eds. Con cada nuevo modelo de distribuidor, introducimos continuamente nuevas caracter\u00edsticas que repercuten positivamente en la durabilidad, la comodidad y la eficiencia de nuestras m\u00e1quinas. Algunas de las mejores caracter\u00edsticas de nuestros distribuidores son:<\/p>\n<ul class=\"col-2\">\n<li>Sistema de accionamiento de la bomba hidrost\u00e1tica<\/li>\n<li>Sistema de control CRC l\u00edder en el sector<\/li>\n<li>Colectores de tres v\u00e1lvulas<\/li>\n<li>Sistema totalmente cerrado<\/li>\n<li>Opciones de dise\u00f1o personalizadas, como los sistemas de pulverizaci\u00f3n para el control del polvo<\/li>\n<li>Y m\u00e1s<\/li>\n<\/ul>\n<div class=\"left-img\"><img loading=\"lazy\" decoding=\"async\" class=\"alignnone\" src=\"https:\/\/bearcatmfg.com\/wp-content\/uploads\/2022\/09\/Best-Asphalt-Distributors-2.jpg\" alt=\"Uno de los mejores distribuidores de asfalto de BearCat limpiando su dep\u00f3sito despu\u00e9s de un trabajo de sellado de virutas\" width=\"500\" height=\"350\" title=\"\"><\/div>\n<h3>Hable con nuestro equipo<\/h3>\n<p>\u00a1Simplifique el proceso de pavimentaci\u00f3n utilizando los mejores distribuidores de asfalto dise\u00f1ados y fabricados por BearCat Manufacturing! Para saber m\u00e1s sobre nuestros equipos y <a href=\"https:\/\/bearcatmfg.com\/es\/maquinas-de-asfalto\/\">maquinaria<\/a> de mantenimiento de carreteras, p\u00f3ngase en contacto con nosotros hoy mismo en <a href=\"tel:9286847851\">el 928-684-7851<\/a>. Estamos ubicados en 3650 N Sabin Brown Rd, Wickenburg, AZ 85390. BearCat Manufacturing tiene su sede en Arizona y atiende a clientes de todo Estados Unidos.<\/p>\n","protected":false},"excerpt":{"rendered":"<p>Desarrolle sus servicios de sellado de virutas con los mejores distribuidores de asfalto del sector Usted puede tener un equipo de contratistas de asfalto capacitado y altamente calificado, pero puede ser un desaf\u00edo mantenerse al d\u00eda con las demandas de los clientes sin el mejor equipo para su equipo. Afortunadamente, BearCat Manufacturing puede combinar sus &hellip; <a href=\"https:\/\/bearcatmfg.com\/es\/los-mejores-distribuidores-de-asfalto\/\" class=\"more-link\">Continue reading <span class=\"screen-reader-text\">Los mejores distribuidores de asfalto<\/span><\/a><\/p>\n","protected":false},"author":1,"featured_media":1636,"parent":0,"menu_order":0,"comment_status":"closed","ping_status":"closed","template":"","meta":{"_acf_changed":false,"footnotes":""},"class_list":["post-1640","page","type-page","status-publish","has-post-thumbnail","hentry"],"acf":[],"_links":{"self":[{"href":"https:\/\/bearcatmfg.com\/es\/wp-json\/wp\/v2\/pages\/1640","targetHints":{"allow":["GET"]}}],"collection":[{"href":"https:\/\/bearcatmfg.com\/es\/wp-json\/wp\/v2\/pages"}],"about":[{"href":"https:\/\/bearcatmfg.com\/es\/wp-json\/wp\/v2\/types\/page"}],"author":[{"embeddable":true,"href":"https:\/\/bearcatmfg.com\/es\/wp-json\/wp\/v2\/users\/1"}],"replies":[{"embeddable":true,"href":"https:\/\/bearcatmfg.com\/es\/wp-json\/wp\/v2\/comments?post=1640"}],"version-history":[{"count":2,"href":"https:\/\/bearcatmfg.com\/es\/wp-json\/wp\/v2\/pages\/1640\/revisions"}],"predecessor-version":[{"id":1676,"href":"https:\/\/bearcatmfg.com\/es\/wp-json\/wp\/v2\/pages\/1640\/revisions\/1676"}],"wp:featuredmedia":[{"embeddable":true,"href":"https:\/\/bearcatmfg.com\/es\/wp-json\/wp\/v2\/media\/1636"}],"wp:attachment":[{"href":"https:\/\/bearcatmfg.com\/es\/wp-json\/wp\/v2\/media?parent=1640"}],"curies":[{"name":"wp","href":"https:\/\/api.w.org\/{rel}","templated":true}]}}