{"id":1649,"date":"2022-09-19T06:02:36","date_gmt":"2022-09-19T06:02:36","guid":{"rendered":"https:\/\/bearcatmfg.com\/esparcidores-de-asfalto\/"},"modified":"2024-12-18T09:23:14","modified_gmt":"2024-12-18T09:23:14","slug":"esparcidores-de-asfalto","status":"publish","type":"page","link":"https:\/\/bearcatmfg.com\/es\/esparcidores-de-asfalto\/","title":{"rendered":"Esparcidores de asfalto"},"content":{"rendered":"<h3>Sellado de virutas de alta calidad con los mejores esparcidores de virutas de asfalto<\/h3>\n<p>Los contratistas de asfalto de todo el pa\u00eds siempre est\u00e1n buscando equipos y maquinaria para satisfacer las necesidades de sus clientes. Desde pulverizadores de asfalto hasta selladores de grietas, no hay l\u00edmite para el equipo que necesita como contratista de asfalto. Y para los <a href=\"https:\/\/bearcatmfg.com\/chip-seal-service\/\">servicios de sellado de virutas<\/a>, se necesitan los mejores esparcidores de virutas disponibles en la industria del asfalto. Afortunadamente, \u00a1est\u00e1s de suerte! La l\u00ednea de esparcidores de asfalto de BearCat Manufacturing se ha convertido en la m\u00e1quina elegida por los equipos de mantenimiento de carreteras de todo el mundo.<\/p>\n<h3>Mejora de las carreteras<\/h3>\n<p>Antes de decidir si necesita un esparcidor de gravilla, tenga en cuenta lo siguiente: el sellado de gravilla es una de las t\u00e9cnicas de conservaci\u00f3n de pavimentos m\u00e1s utilizadas en EE.UU. Si su empresa no ofrece servicios de sellado de gravilla, est\u00e1 perdiendo una cantidad significativa de beneficios. Y por todas las ventajas del sellado de virutas, no es de extra\u00f1ar que tantas empresas y municipios lo prefieran.<\/p>\n<ul>\n<li><strong>Durabilidad<\/strong> &#8211; Siempre y cuando su calzada no se est\u00e9 desmoronando o cayendo a pedazos de antemano, la aplicaci\u00f3n del sello de virutas es una excelente manera de aumentar la durabilidad de su carretera. Al presionar el asfalto fresco y los \u00e1ridos en la superficie del pavimento, el sellado de virutas ayuda a rellenar las grietas existentes y a crear una fuerte barrera superior contra el agua, los productos qu\u00edmicos, el tr\u00e1fico de veh\u00edculos, etc.<\/li>\n<li><strong>Longevidad<\/strong> &#8211; La aplicaci\u00f3n de <a href=\"https:\/\/bearcatmfg.com\/chip-and-seal\/\">asfalto y sellado<\/a> a sus carreteras tambi\u00e9n aumenta su longevidad. En lugar de sustituir directamente las carreteras de asfalto, el sellado de virutas sirve para preservar la calzada existente, ampliando a veces su vida \u00fatil hasta en 12 a\u00f1os. Y si hay que elegir entre la sustituci\u00f3n del asfalto y el sellado de virutas, el sellado de virutas es una opci\u00f3n m\u00e1s asequible.<\/li>\n<li><strong>Coste<\/strong> &#8211; Hablando de asequibilidad, el sellado de virutas es considerablemente m\u00e1s asequible que muchos m\u00e9todos de conservaci\u00f3n de carreteras. Gracias al uso de asfalto reciclado, a las m\u00ednimas necesidades de mano de obra y a la rapidez con la que se completan los proyectos, el asfaltado ahorra dinero tanto a los contratistas como a los clientes.<\/li>\n<li><strong>Seguridad<\/strong> &#8211; Adem\u00e1s de reforzar las carreteras, el sellado de virutas tambi\u00e9n protege a los conductores. El agregado de asfalto aplicado a la superficie de una carretera ayuda a aumentar su resistencia al deslizamiento. As\u00ed, los accidentes por resbalones son menos probables cuando se dan condiciones clim\u00e1ticas adversas, como el hielo o la lluvia intensa. Adem\u00e1s, el sellado de virutas crea una superficie antideslumbrante que ayuda a reducir la fatiga visual de los conductores en los d\u00edas soleados.<\/li>\n<\/ul>\n<h3>\u00bfPor qu\u00e9 elegir los esparcidores de virutas BearCat?<\/h3>\n<p>Los <a href=\"https:\/\/bearcatmfg.com\/industrial-asphalt-equipment\/\">equipos de pavimentaci\u00f3n de asfalto<\/a> de BearCat son algunas de las m\u00e1quinas m\u00e1s conocidas en la industria de la pavimentaci\u00f3n, y nuestros <a href=\"https:\/\/bearcatmfg.com\/best-chip-spreaders\/\">esparcidores de<\/a> asfalto no son una excepci\u00f3n. Vendemos y alquilamos esparcidores de virutas de primera calidad para contratistas, equipos de mantenimiento de carreteras y municipios que deseen contratar servicios de sellado de virutas. Esto es lo que puede esperar de los esparcidores de virutas de BearCat:<\/p>\n<ul>\n<li>Control de velocidad por ordenador (CRC) de \u00faltima generaci\u00f3n<\/li>\n<li>Sistema de refrigeraci\u00f3n hidr\u00e1ulica para mantener una temperatura de funcionamiento \u00f3ptima<\/li>\n<li>Motor diesel Tier 3 o 4 de 6 ciclos<\/li>\n<li>Cilindros de detecci\u00f3n de posici\u00f3n de accionamiento hidr\u00e1ulico<\/li>\n<li>Tolvas t\u00e1ndem de construcci\u00f3n de acero HSLAA para arrancar en l\u00ednea recta y minimizar el desperdicio de \u00e1ridos<\/li>\n<li>Sensores de banda ultras\u00f3nicos de bajo mantenimiento y sin contacto para la medici\u00f3n de la altura de la pila de virutas<\/li>\n<\/ul>\n<div class=\"left-img\"><img loading=\"lazy\" decoding=\"async\" class=\"alignnone\" src=\"https:\/\/bearcatmfg.com\/wp-content\/uploads\/2022\/09\/Asphalt-Chip-Spreaders-2.jpg\" alt=\"Uno de los esparcidores de asfalto de BearCat en el almac\u00e9n\" width=\"500\" height=\"350\" title=\"\"><\/div>\n<h3>Seleccione entre los mejores<\/h3>\n<p>Cuando busque esparcidores de asfalto y equipos de mantenimiento de carreteras para apoyar a su empresa, sepa que puede contar con las mejores m\u00e1quinas disponibles de BearCat Manufacturing. Para saber m\u00e1s sobre nuestros productos, p\u00f3ngase en contacto con nosotros hoy mismo en <a href=\"tel:9286847851\">el 928-684-7851<\/a>. Estamos ubicados en 3650 N Sabin Brown Rd, Wickenburg, AZ 85390. BearCat Manufacturing tiene su sede en Arizona y atiende a clientes de todo Estados Unidos.<\/p>\n","protected":false},"excerpt":{"rendered":"<p>Sellado de virutas de alta calidad con los mejores esparcidores de virutas de asfalto Los contratistas de asfalto de todo el pa\u00eds siempre est\u00e1n buscando equipos y maquinaria para satisfacer las necesidades de sus clientes. Desde pulverizadores de asfalto hasta selladores de grietas, no hay l\u00edmite para el equipo que necesita como contratista de asfalto. &hellip; <a href=\"https:\/\/bearcatmfg.com\/es\/esparcidores-de-asfalto\/\" class=\"more-link\">Continue reading <span class=\"screen-reader-text\">Esparcidores de asfalto<\/span><\/a><\/p>\n","protected":false},"author":1,"featured_media":1645,"parent":0,"menu_order":0,"comment_status":"closed","ping_status":"closed","template":"","meta":{"_acf_changed":false,"footnotes":""},"class_list":["post-1649","page","type-page","status-publish","has-post-thumbnail","hentry"],"acf":[],"_links":{"self":[{"href":"https:\/\/bearcatmfg.com\/es\/wp-json\/wp\/v2\/pages\/1649","targetHints":{"allow":["GET"]}}],"collection":[{"href":"https:\/\/bearcatmfg.com\/es\/wp-json\/wp\/v2\/pages"}],"about":[{"href":"https:\/\/bearcatmfg.com\/es\/wp-json\/wp\/v2\/types\/page"}],"author":[{"embeddable":true,"href":"https:\/\/bearcatmfg.com\/es\/wp-json\/wp\/v2\/users\/1"}],"replies":[{"embeddable":true,"href":"https:\/\/bearcatmfg.com\/es\/wp-json\/wp\/v2\/comments?post=1649"}],"version-history":[{"count":3,"href":"https:\/\/bearcatmfg.com\/es\/wp-json\/wp\/v2\/pages\/1649\/revisions"}],"predecessor-version":[{"id":4099,"href":"https:\/\/bearcatmfg.com\/es\/wp-json\/wp\/v2\/pages\/1649\/revisions\/4099"}],"wp:featuredmedia":[{"embeddable":true,"href":"https:\/\/bearcatmfg.com\/es\/wp-json\/wp\/v2\/media\/1645"}],"wp:attachment":[{"href":"https:\/\/bearcatmfg.com\/es\/wp-json\/wp\/v2\/media?parent=1649"}],"curies":[{"name":"wp","href":"https:\/\/api.w.org\/{rel}","templated":true}]}}