{"id":1657,"date":"2022-09-19T06:05:44","date_gmt":"2022-09-19T06:05:44","guid":{"rendered":"https:\/\/bearcatmfg.com\/selladores-de-grietas-de-asfalto\/"},"modified":"2022-09-23T18:08:27","modified_gmt":"2022-09-23T18:08:27","slug":"selladores-de-grietas-de-asfalto","status":"publish","type":"page","link":"https:\/\/bearcatmfg.com\/es\/selladores-de-grietas-de-asfalto\/","title":{"rendered":"Selladores de grietas de asfalto"},"content":{"rendered":"<h3>Aplique reparaciones r\u00e1pidas en la carretera con selladores de grietas de asfalto<\/h3>\n<p>Como contratista de asfalto, \u00bfle contactan continuamente para trabajos de reparaci\u00f3n de pavimentos? No es de extra\u00f1ar, teniendo en cuenta que el mantenimiento de las carreteras es una de las principales preocupaciones de muchas empresas y municipios. La mejor pregunta es: \u00bfc\u00f3mo se mantiene la demanda de servicios como la <a href=\"https:\/\/bearcatmfg.com\/es\/reparacion-de-grietas-en-el-asfalto\/\">reparaci\u00f3n de grietas en el asfalto<\/a>? Afortunadamente, con equipos como los selladores de grietas de asfalto de BearCat, la reparaci\u00f3n y el mantenimiento de las carreteras son f\u00e1ciles.<\/p>\n<h3>Por qu\u00e9 deber\u00eda invertir en selladores de grietas<\/h3>\n<p>Aunque la reparaci\u00f3n de grietas no es el servicio principal de la mayor\u00eda de los contratistas de pavimentaci\u00f3n, es un servicio necesario que hace que los clientes vuelvan a por m\u00e1s. Los selladores de grietas permiten un mantenimiento r\u00e1pido y sencillo de las calzadas que se encuentran en las primeras fases de deterioro. Adem\u00e1s, con los selladores de grietas de asfalto, puede ofrecer a sus clientes ventajas como:<\/p>\n<ul>\n<li><strong>Evita los baches y la erosi\u00f3n<\/strong> &#8211; Cuando se forman grietas en su calle o terreno, el agua puede entrar f\u00e1cilmente. El tiempo suficiente puede hacer que una grieta se expanda y se transforme en algo peor (erosi\u00f3n del pavimento, baches, etc.). Se evitan reparaciones m\u00e1s importantes sellando las grietas antes de que puedan hacerse m\u00e1s grandes.<\/li>\n<li><strong>Prolonga la vida \u00fatil del pavimento<\/strong> &#8211; Al evitar que las grietas se conviertan en algo mucho peor, se prolonga la vida \u00fatil del pavimento existente. Sin embargo, es importante mantener las reparaciones, ya que las grietas seguir\u00e1n apareciendo en el asfalto debido a la edad, el tr\u00e1fico y el clima.<\/li>\n<li><strong>Una soluci\u00f3n de reparaci\u00f3n r\u00e1pida y asequible<\/strong> &#8211; Si usted descuida las grietas y su calzada cae en el desorden, gastar\u00e1 mucho tiempo y dinero reparando\/sustituyendo el asfalto. Por el contrario, la reparaci\u00f3n de grietas es r\u00e1pida, asequible y ayuda a evitar la costosa conservaci\u00f3n o sustituci\u00f3n del pavimento.<\/li>\n<li><strong>Garantiza la seguridad<\/strong> &#8211; Como ya se ha mencionado, las grietas en el asfalto pueden dar lugar a m\u00e1s problemas en su pavimento. Estos problemas no s\u00f3lo afectan a la integridad de sus parcelas y calzadas, sino tambi\u00e9n a la seguridad de los conductores y peatones. Mantener las grietas rellenas y selladas hace que su pavimento sea seguro de usar.<\/li>\n<li><strong>Un servicio popular<\/strong> &#8211; Adem\u00e1s del revestimiento de sellado y el astillado y sellado, la reparaci\u00f3n de grietas de asfalto es un servicio com\u00fanmente solicitado a los contratistas de asfalto. Si no tiene los selladores de grietas de asfalto para apoyar la reparaci\u00f3n de grietas, puede afectar negativamente a la retenci\u00f3n de clientes y perder nuevos clientes potenciales.<\/li>\n<\/ul>\n<h3>Qu\u00e9 pueden hacer nuestros selladores de grietas<\/h3>\n<p>Las m\u00e1quinas de sellado de grietas de goma BK-250 y BK-400 de BearCat son las mejores de su clase. Con nuestras <a href=\"https:\/\/bearcatmfg.com\/es\/product-category\/selladores-de-grietas\/\">selladoras<\/a> de grietas, puede conseguir una mayor producci\u00f3n y un menor coste por turno en cada trabajo de sellado de grietas. Estas son algunas de las mejores caracter\u00edsticas de las selladoras de grietas de BearCat:<\/p>\n<ul class=\"col-2\">\n<li>Capacidad del tanque de sellado de 250 a 400 galones<\/li>\n<li>Dos puertas de carga de sellado de f\u00e1cil acceso<\/li>\n<li>Sistema de control por ordenador de f\u00e1cil manejo<\/li>\n<li>Caja de mangueras calentada para la aplicaci\u00f3n inmediata del sellador<\/li>\n<li>Sistema sin descarga compatible con el medio ambiente<\/li>\n<li>Quemador cerrado de gas\u00f3leo de alta presi\u00f3n con encendido autom\u00e1tico<\/li>\n<li>Sistema de calefacci\u00f3n indirecta cerrado con control de caudal absoluto<\/li>\n<\/ul>\n<div class=\"left-img\"><img loading=\"lazy\" decoding=\"async\" class=\"alignnone\" src=\"https:\/\/bearcatmfg.com\/wp-content\/uploads\/2022\/09\/Asphalt-Crack-Sealers-2.jpg\" alt=\"Uno de los mejores distribuidores de asfalto del sector, fabricado por BearCat\" width=\"500\" height=\"350\" title=\"\"><\/div>\n<h3>Hable con nuestro equipo<\/h3>\n<p>No se conforme con nada menos que los mejores selladores de grietas de asfalto para su empresa de pavimentos en crecimiento. Para ver el <a href=\"https:\/\/bearcatmfg.com\/es\/equipos-industriales-de-asfalto\/\">equipo de asfalto industrial<\/a> adicional que BearCat Manufacturing produce, p\u00f3ngase en contacto con nosotros hoy en <a href=\"tel:9286847851\">el 928-684-7851<\/a>. Estamos ubicados en 3650 N Sabin Brown Rd, Wickenburg, AZ 85390. BearCat Manufacturing tiene su sede en Arizona y atiende a clientes de todo Estados Unidos.<\/p>\n","protected":false},"excerpt":{"rendered":"<p>Aplique reparaciones r\u00e1pidas en la carretera con selladores de grietas de asfalto Como contratista de asfalto, \u00bfle contactan continuamente para trabajos de reparaci\u00f3n de pavimentos? No es de extra\u00f1ar, teniendo en cuenta que el mantenimiento de las carreteras es una de las principales preocupaciones de muchas empresas y municipios. La mejor pregunta es: \u00bfc\u00f3mo se &hellip; <a href=\"https:\/\/bearcatmfg.com\/es\/selladores-de-grietas-de-asfalto\/\" class=\"more-link\">Continue reading <span class=\"screen-reader-text\">Selladores de grietas de asfalto<\/span><\/a><\/p>\n","protected":false},"author":1,"featured_media":1653,"parent":0,"menu_order":0,"comment_status":"closed","ping_status":"closed","template":"","meta":{"_acf_changed":false,"footnotes":""},"class_list":["post-1657","page","type-page","status-publish","has-post-thumbnail","hentry"],"acf":[],"_links":{"self":[{"href":"https:\/\/bearcatmfg.com\/es\/wp-json\/wp\/v2\/pages\/1657","targetHints":{"allow":["GET"]}}],"collection":[{"href":"https:\/\/bearcatmfg.com\/es\/wp-json\/wp\/v2\/pages"}],"about":[{"href":"https:\/\/bearcatmfg.com\/es\/wp-json\/wp\/v2\/types\/page"}],"author":[{"embeddable":true,"href":"https:\/\/bearcatmfg.com\/es\/wp-json\/wp\/v2\/users\/1"}],"replies":[{"embeddable":true,"href":"https:\/\/bearcatmfg.com\/es\/wp-json\/wp\/v2\/comments?post=1657"}],"version-history":[{"count":2,"href":"https:\/\/bearcatmfg.com\/es\/wp-json\/wp\/v2\/pages\/1657\/revisions"}],"predecessor-version":[{"id":1682,"href":"https:\/\/bearcatmfg.com\/es\/wp-json\/wp\/v2\/pages\/1657\/revisions\/1682"}],"wp:featuredmedia":[{"embeddable":true,"href":"https:\/\/bearcatmfg.com\/es\/wp-json\/wp\/v2\/media\/1653"}],"wp:attachment":[{"href":"https:\/\/bearcatmfg.com\/es\/wp-json\/wp\/v2\/media?parent=1657"}],"curies":[{"name":"wp","href":"https:\/\/api.w.org\/{rel}","templated":true}]}}