{"id":1665,"date":"2022-09-19T06:09:24","date_gmt":"2022-09-19T06:09:24","guid":{"rendered":"https:\/\/bearcatmfg.com\/equipos-industriales-de-asfalto\/"},"modified":"2022-09-23T18:12:47","modified_gmt":"2022-09-23T18:12:47","slug":"equipos-industriales-de-asfalto","status":"publish","type":"page","link":"https:\/\/bearcatmfg.com\/es\/equipos-industriales-de-asfalto\/","title":{"rendered":"Equipos industriales de asfalto"},"content":{"rendered":"<h3>El mantenimiento de carreteras es m\u00e1s f\u00e1cil con los mejores equipos industriales de asfalto<\/h3>\n<p>El mantenimiento de las carreteras de nuestro pa\u00eds no es una tarea sencilla. Las empresas de asfalto de todo Estados Unidos trabajan continuamente para satisfacer las demandas de pavimentaci\u00f3n y mantenimiento de carreteras de sus comunidades. Sin embargo, para asegurarse de que pueden satisfacer las necesidades de las empresas y los municipios, las empresas de asfalto necesitan los mejores equipos de asfalto industrial disponibles. Afortunadamente, con BearCat Manufacturing, puede encontrar <a href=\"https:\/\/bearcatmfg.com\/es\/maquinas-de-asfalto\/\">maquinaria<\/a> que cumple y supera las expectativas de los contratistas.<\/p>\n<h3>Qu\u00e9 ofrecemos<\/h3>\n<p>BearCat suministra maquinaria de alta calidad y de primera categor\u00eda para la conservaci\u00f3n, reparaci\u00f3n e instalaci\u00f3n de asfalto. Desde la <a href=\"https:\/\/bearcatmfg.com\/es\/reparacion-de-grietas-en-el-asfalto\/\">reparaci\u00f3n de grietas<\/a> hasta los <a href=\"https:\/\/bearcatmfg.com\/es\/servicio-de-asfaltado\/\">servicios de sellado de virutas<\/a>, nuestro equipo ayuda a los contratistas a proporcionar los servicios que m\u00e1s solicitan sus clientes. Por ejemplo, algunos de nuestros principales productos son:<\/p>\n<p><strong><em>Distribuidores de asfalto<\/em><\/strong><\/p>\n<p>Un <a href=\"https:\/\/bearcatmfg.com\/es\/los-mejores-distribuidores-de-asfalto\/\">distribuidor de asfalto<\/a> es crucial para casi todos los proyectos de pavimentaci\u00f3n de asfalto. Los camiones equipados con grandes dep\u00f3sitos calefactados y pulverizadores pueden transportar y distribuir asfalto l\u00edquido sobre cualquier superficie de pavimento. Con un distribuidor de asfalto, su empresa puede ofrecer servicios como el sellado, el sellado de virutas, la pulverizaci\u00f3n de emulsiones, etc. En definitiva, el distribuidor de asfalto es un complemento necesario para su flota de equipos de pavimentaci\u00f3n.<\/p>\n<p><strong><em>Esparcidores de virutas<\/em><\/strong><\/p>\n<p>Mientras que un <a href=\"https:\/\/bearcatmfg.com\/es\/los-mejores-esparcidores-de-virutas\/\">esparcidor<\/a> de virutas se utiliza principalmente para los servicios de sellado de virutas, el sellado de virutas es uno de los m\u00e9todos de conservaci\u00f3n del asfalto m\u00e1s solicitados. Por lo tanto, contar con el equipo para aplicar el sellado de virutas correctamente es vital para todos los contratistas de asfalto. Con las astilladoras en t\u00e1ndem de BearCat, el \u00e1rido asf\u00e1ltico se distribuye uniformemente por la calzada, lo que facilita el proceso de rodadura y adherencia posterior.<\/p>\n<p><strong><em>Selladores de grietas<\/em><\/strong><\/p>\n<p>Todo contratista de asfalto debe tener la capacidad de reparar r\u00e1pidamente las calzadas agrietadas. Por ello, los <a href=\"https:\/\/bearcatmfg.com\/es\/selladores-de-grietas-de-asfalto\/\">selladores de grietas<\/a> de BearCat pueden satisfacer las necesidades de reparaci\u00f3n de carreteras de sus clientes. Nuestros selladores de grietas son eficaces y f\u00e1ciles de manejar, lo que hace que la reparaci\u00f3n de grietas sea lo m\u00e1s sencilla posible. Adem\u00e1s, al ofrecer el sellado de grietas, los clientes llegar\u00e1n a confiar en usted para el mantenimiento continuo de la carretera y la asistencia durante la vida \u00fatil de su asfalto.<\/p>\n<p><strong><em>Equipo personalizado<\/em><\/strong><\/p>\n<p>Adem\u00e1s de nuestros productos est\u00e1ndar, BearCat tambi\u00e9n fabrica equipos de asfalto industrial a medida. Algunos ejemplos de nuestros equipos personalizados son las pavimentadoras por pulverizaci\u00f3n, los sistemas de espumado de virutas de precapa, el reciclaje en fr\u00edo en el lugar, etc.<\/p>\n<ul>\n<li><strong>Adoquines por aspersi\u00f3n<\/strong> &#8211; Combinan el proceso de colocaci\u00f3n de asfalto y agregados en un solo paso.<\/li>\n<li><strong>Sistema de espuma de precapas<\/strong> &#8211; Precapas de virutas de asfalto para una adhesi\u00f3n m\u00e1s eficiente durante el sellado de las mismas.<\/li>\n<li><strong>Reciclaje en fr\u00edo<\/strong> &#8211; Equipo que convierte el asfalto viejo en asfalto reciclado utilizable in situ.<\/li>\n<\/ul>\n<div class=\"left-img\"><img loading=\"lazy\" decoding=\"async\" class=\"alignnone\" src=\"https:\/\/bearcatmfg.com\/wp-content\/uploads\/2022\/09\/Industrial-Asphalt-Equipment-2.jpg\" alt=\"Una nueva selladora de grietas, parte del equipo de asfalto industrial de BearCat\" width=\"500\" height=\"350\" title=\"\"><\/div>\n<h3>M\u00e1s informaci\u00f3n sobre nuestros productos<\/h3>\n<p>Los contratistas de asfalto de todo Estados Unidos conf\u00edan en la impresionante l\u00ednea de equipos industriales de asfalto de BearCat Manufacturing. Para asegurarse de que su empresa de contrataci\u00f3n de asfalto tiene la maquinaria que necesita para convertirse en un \u00e9xito, cuente con el apoyo de los expertos en asfalto de BearCat. Para saber m\u00e1s sobre nuestros productos, p\u00f3ngase en contacto con nosotros hoy mismo en <a href=\"tel:9286847851\">el 928-684-7851<\/a>. Estamos ubicados en 3650 N Sabin Brown Rd, Wickenburg, AZ 85390. BearCat Manufacturing tiene su sede en Arizona y atiende a clientes de todo Estados Unidos.<\/p>\n","protected":false},"excerpt":{"rendered":"<p>El mantenimiento de carreteras es m\u00e1s f\u00e1cil con los mejores equipos industriales de asfalto El mantenimiento de las carreteras de nuestro pa\u00eds no es una tarea sencilla. Las empresas de asfalto de todo Estados Unidos trabajan continuamente para satisfacer las demandas de pavimentaci\u00f3n y mantenimiento de carreteras de sus comunidades. Sin embargo, para asegurarse de &hellip; <a href=\"https:\/\/bearcatmfg.com\/es\/equipos-industriales-de-asfalto\/\" class=\"more-link\">Continue reading <span class=\"screen-reader-text\">Equipos industriales de asfalto<\/span><\/a><\/p>\n","protected":false},"author":1,"featured_media":1661,"parent":0,"menu_order":0,"comment_status":"closed","ping_status":"closed","template":"","meta":{"_acf_changed":false,"footnotes":""},"class_list":["post-1665","page","type-page","status-publish","has-post-thumbnail","hentry"],"acf":[],"_links":{"self":[{"href":"https:\/\/bearcatmfg.com\/es\/wp-json\/wp\/v2\/pages\/1665","targetHints":{"allow":["GET"]}}],"collection":[{"href":"https:\/\/bearcatmfg.com\/es\/wp-json\/wp\/v2\/pages"}],"about":[{"href":"https:\/\/bearcatmfg.com\/es\/wp-json\/wp\/v2\/types\/page"}],"author":[{"embeddable":true,"href":"https:\/\/bearcatmfg.com\/es\/wp-json\/wp\/v2\/users\/1"}],"replies":[{"embeddable":true,"href":"https:\/\/bearcatmfg.com\/es\/wp-json\/wp\/v2\/comments?post=1665"}],"version-history":[{"count":3,"href":"https:\/\/bearcatmfg.com\/es\/wp-json\/wp\/v2\/pages\/1665\/revisions"}],"predecessor-version":[{"id":1685,"href":"https:\/\/bearcatmfg.com\/es\/wp-json\/wp\/v2\/pages\/1665\/revisions\/1685"}],"wp:featuredmedia":[{"embeddable":true,"href":"https:\/\/bearcatmfg.com\/es\/wp-json\/wp\/v2\/media\/1661"}],"wp:attachment":[{"href":"https:\/\/bearcatmfg.com\/es\/wp-json\/wp\/v2\/media?parent=1665"}],"curies":[{"name":"wp","href":"https:\/\/api.w.org\/{rel}","templated":true}]}}