{"id":1694,"date":"2022-10-19T07:03:22","date_gmt":"2022-10-19T07:03:22","guid":{"rendered":"https:\/\/bearcatmfg.com\/equipo-de-construccion-de-carreteras\/"},"modified":"2022-10-28T19:57:08","modified_gmt":"2022-10-28T19:57:08","slug":"equipo-de-construccion-de-carreteras","status":"publish","type":"page","link":"https:\/\/bearcatmfg.com\/es\/equipo-de-construccion-de-carreteras\/","title":{"rendered":"Equipo de construcci\u00f3n de carreteras"},"content":{"rendered":"<h3>D\u00f3nde puede encontrar los mejores equipos de construcci\u00f3n de carreteras<\/h3>\n<p>Los contratistas de asfalto siempre buscan formas de mejorar la oferta de servicios de su negocio. Ya sea que busque una m\u00e1quina que funcione con mayor eficiencia o que proporcione un servicio que no est\u00e9 disponible en su empresa, usted necesita equipos de construcci\u00f3n de carreteras que superen a sus competidores. Por suerte, existe BearCat Manufacturing. En BearCat, desarrollamos maquinaria de alta calidad y de primera categor\u00eda para los contratistas de asfalto de todo Estados Unidos.<\/p>\n<h3>Satisfacer las necesidades de pavimentaci\u00f3n de asfalto de sus clientes<\/h3>\n<p>Desde la reparaci\u00f3n de calzadas hasta la protecci\u00f3n del pavimento, \u00a1las necesidades de pavimentaci\u00f3n de asfalto de sus clientes nunca se detienen! As\u00ed que, para asegurarse de que puede proporcionarles el mejor servicio posible, utilice la mejor maquinaria de pavimentaci\u00f3n por cortes\u00eda de BearCat.<\/p>\n<ul>\n<li><strong>Conservaci\u00f3n del asfalto<\/strong>\n<ul>\n<li>El tiempo, el clima y el tr\u00e1fico influyen en la durabilidad de una carretera. Si no se toman medidas para mitigar algunas de las tensiones a las que se ve sometido el pavimento, es posible que haya que realizar costosas reparaciones o sustituciones. Afortunadamente, BearCat suministra el equipo adecuado para preservar el asfalto. Por ejemplo, nuestros <a href=\"https:\/\/bearcatmfg.com\/es\/los-mejores-distribuidores-de-asfalto\/\">distribuidores de asfalto<\/a> y <a href=\"https:\/\/bearcatmfg.com\/es\/esparcidores-de-asfalto\/\">esparcidores de virutas<\/a> permiten a los contratistas ofrecer un servicio de sellado de virutas, uno de los m\u00e9todos m\u00e1s populares para restaurar y proteger el pavimento.<\/li>\n<\/ul>\n<\/li>\n<li><strong>Reparaci\u00f3n del asfalto<\/strong>\n<ul>\n<li>Las grietas y <a href=\"https:\/\/bearcatmfg.com\/es\/reparacion-del-asfalto\/\">reparaciones<\/a> menores <a href=\"https:\/\/bearcatmfg.com\/es\/reparacion-del-asfalto\/\">del asfalto<\/a> no son una causa inmediata de preocupaci\u00f3n. Sin embargo, si no se controla, las grietas pueden crecer y dejar pasar el agua bajo la superficie del asfalto, lo que provoca un deterioro m\u00e1s r\u00e1pido. Para garantizar que las grietas no empeoren, los clientes necesitan servicios de <a href=\"https:\/\/bearcatmfg.com\/es\/reparacion-de-grietas-en-el-asfalto\/\">reparaci\u00f3n de grietas en el asfalto<\/a>. Con la l\u00ednea de selladores de grietas de BearCat, la reparaci\u00f3n de grietas de asfalto nunca ha sido tan f\u00e1cil. La reparaci\u00f3n de grietas puede ayudar a mantener la seguridad de las carreteras de sus clientes y reducir significativamente los posibles costes de mantenimiento.<\/li>\n<\/ul>\n<\/li>\n<li><strong>Trabajos de asfaltado especializado<\/strong>\n<ul>\n<li>Adem\u00e1s de los equipos est\u00e1ndar de construcci\u00f3n de carreteras que ofrece BearCat, tambi\u00e9n fabricamos y vendemos varias piezas personalizadas de <a href=\"https:\/\/bearcatmfg.com\/es\/equipos-industriales-de-asfalto\/\">maquinaria de asfalto<\/a>. Por ejemplo, nuestro sistema de reciclaje en fr\u00edo ayuda a reciclar el asfalto viejo y lo convierte en asfalto reciclado utilizable en el acto. Otros ejemplos de equipos personalizados que ofrecemos incluyen nuestra pavimentadora por aspersi\u00f3n SP-200 Roadtec, los sistemas de espuma de precapas, y m\u00e1s.<\/li>\n<\/ul>\n<\/li>\n<\/ul>\n<h3>\u00bfPor qu\u00e9 BearCat?<\/h3>\n<p>Pocos fabricantes de equipos industriales tienen la misma experiencia y \u00e9xito que BearCat. La empresa se fund\u00f3 en 1969 y empez\u00f3 con s\u00f3lo un cami\u00f3n de distribuci\u00f3n de asfalto modificado. Sin embargo, el dise\u00f1o y el ingenio de BearCat crecieron a partir de esta simple modificaci\u00f3n, convirtiendo a BearCat en uno de los fabricantes de equipos de pavimentaci\u00f3n m\u00e1s importantes hasta el d\u00eda de hoy. Desde la creaci\u00f3n de BearCat, nuestras innovaciones t\u00e9cnicas han impulsado niveles de rendimiento m\u00e1s altos en toda la industria.<\/p>\n<div class=\"left-img\"><img loading=\"lazy\" decoding=\"async\" class=\"alignnone\" src=\"https:\/\/bearcatmfg.com\/wp-content\/uploads\/2022\/10\/Road-Construction-Equipment-2.jpg\" alt=\"Un sellador de grietas, parte del equipo de construcci\u00f3n de carreteras de BearCat\" width=\"500\" height=\"350\" title=\"\"><\/div>\n<h3>Ll\u00e1menos<\/h3>\n<p>Cuando su negocio requiera equipos de construcci\u00f3n de carreteras duraderos, eficaces y de larga duraci\u00f3n, aseg\u00farese de obtener lo mejor de BearCat Manufacturing. Para saber m\u00e1s sobre nuestros productos, p\u00f3ngase en contacto con nosotros hoy mismo en <a href=\"tel:9286847851\">el 928-684-7851<\/a>. Estamos ubicados en 3650 N Sabin Brown Rd, Wickenburg, AZ 85390. BearCat Manufacturing tiene su sede en Arizona y atiende a clientes de todo Estados Unidos.<\/p>\n","protected":false},"excerpt":{"rendered":"<p>D\u00f3nde puede encontrar los mejores equipos de construcci\u00f3n de carreteras Los contratistas de asfalto siempre buscan formas de mejorar la oferta de servicios de su negocio. Ya sea que busque una m\u00e1quina que funcione con mayor eficiencia o que proporcione un servicio que no est\u00e9 disponible en su empresa, usted necesita equipos de construcci\u00f3n de &hellip; <a href=\"https:\/\/bearcatmfg.com\/es\/equipo-de-construccion-de-carreteras\/\" class=\"more-link\">Continue reading <span class=\"screen-reader-text\">Equipo de construcci\u00f3n de carreteras<\/span><\/a><\/p>\n","protected":false},"author":1,"featured_media":1690,"parent":0,"menu_order":0,"comment_status":"closed","ping_status":"closed","template":"","meta":{"_acf_changed":false,"footnotes":""},"class_list":["post-1694","page","type-page","status-publish","has-post-thumbnail","hentry"],"acf":[],"_links":{"self":[{"href":"https:\/\/bearcatmfg.com\/es\/wp-json\/wp\/v2\/pages\/1694","targetHints":{"allow":["GET"]}}],"collection":[{"href":"https:\/\/bearcatmfg.com\/es\/wp-json\/wp\/v2\/pages"}],"about":[{"href":"https:\/\/bearcatmfg.com\/es\/wp-json\/wp\/v2\/types\/page"}],"author":[{"embeddable":true,"href":"https:\/\/bearcatmfg.com\/es\/wp-json\/wp\/v2\/users\/1"}],"replies":[{"embeddable":true,"href":"https:\/\/bearcatmfg.com\/es\/wp-json\/wp\/v2\/comments?post=1694"}],"version-history":[{"count":1,"href":"https:\/\/bearcatmfg.com\/es\/wp-json\/wp\/v2\/pages\/1694\/revisions"}],"predecessor-version":[{"id":1730,"href":"https:\/\/bearcatmfg.com\/es\/wp-json\/wp\/v2\/pages\/1694\/revisions\/1730"}],"wp:featuredmedia":[{"embeddable":true,"href":"https:\/\/bearcatmfg.com\/es\/wp-json\/wp\/v2\/media\/1690"}],"wp:attachment":[{"href":"https:\/\/bearcatmfg.com\/es\/wp-json\/wp\/v2\/media?parent=1694"}],"curies":[{"name":"wp","href":"https:\/\/api.w.org\/{rel}","templated":true}]}}