{"id":1701,"date":"2022-10-19T07:10:56","date_gmt":"2022-10-19T07:10:56","guid":{"rendered":"https:\/\/bearcatmfg.com\/reparacion-de-carreteras\/"},"modified":"2022-10-28T20:01:20","modified_gmt":"2022-10-28T20:01:20","slug":"reparacion-de-carreteras","status":"publish","type":"page","link":"https:\/\/bearcatmfg.com\/es\/reparacion-de-carreteras\/","title":{"rendered":"Reparaci\u00f3n de carreteras"},"content":{"rendered":"<h3>Ofrecer un servicio de reparaci\u00f3n de carreteras fiable con el mejor equipo<\/h3>\n<p>BearCat Manufacturing se esfuerza continuamente por crear maquinaria de alta calidad que satisfaga las necesidades de los contratistas de asfalto en todo Estados Unidos. Al fin y al cabo, las m\u00e1quinas que utilizan los contratistas deben rendir con rapidez y eficacia, manteni\u00e9ndose a la altura de las exigencias de reparaci\u00f3n y mantenimiento de carreteras de cualquier pueblo o ciudad. Si est\u00e1 interesado en equipar a su equipo con el mejor <a href=\"https:\/\/bearcatmfg.com\/es\/equipos-industriales-de-asfalto\/\">equipo de pavimentaci\u00f3n de asfalto<\/a>, \u00a1consulte lo que ofrece BearCat!<\/p>\n<h3>Equipos para el mantenimiento de las carreteras<\/h3>\n<p>Ya sea para reparar algunas grietas en el asfalto o para a\u00f1adir una capa protectora a la superficie de una carretera, BearCat le tiene cubierto. Nuestros <a href=\"https:\/\/bearcatmfg.com\/es\/los-mejores-distribuidores-de-asfalto\/\">distribuidores de asfalto<\/a>, <a href=\"https:\/\/bearcatmfg.com\/es\/los-mejores-esparcidores-de-virutas\/\">esparcidores de virutas<\/a> y <a href=\"https:\/\/bearcatmfg.com\/es\/selladores-de-grietas-de-asfalto\/\">selladores de grietas<\/a> hacen el trabajo para todas las reparaciones y el mantenimiento de las carreteras.<\/p>\n<ul>\n<li><strong>Selladores de grietas<\/strong>\n<ul>\n<li>Las selladoras de grietas de BearCat son robustas y fiables, y ofrecen una r\u00e1pida puesta en marcha y una mayor capacidad de calentamiento que las m\u00e1quinas de otros fabricantes. Nuestras m\u00e1quinas selladoras de grietas de goma BK-250 y BK-400 trabajan sin esfuerzo para rellenar grietas en el pavimento causadas por la tensi\u00f3n, los productos qu\u00edmicos y la humedad. Se arriesga a que el asfalto sufra da\u00f1os m\u00e1s graves si no se <a href=\"https:\/\/bearcatmfg.com\/es\/reparacion-de-grietas-en-el-asfalto\/\">reparan<\/a> eficazmente las <a href=\"https:\/\/bearcatmfg.com\/es\/reparacion-de-grietas-en-el-asfalto\/\">grietas<\/a> con <a href=\"https:\/\/bearcatmfg.com\/es\/selladores-de-grietas-de-asfalto\/\">los selladores de grietas de BearCat<\/a>.<\/li>\n<\/ul>\n<\/li>\n<li><strong>Distribuidores de asfalto<\/strong>\n<ul>\n<li>Encontrar distribuidores de asfalto que apliquen con rapidez y precisi\u00f3n el asfalto l\u00edquido a cualquier tama\u00f1o de carretera es crucial para el \u00e9xito de todo contratista de asfalto. Afortunadamente, no tiene que buscar mucho para encontrar los distribuidores de asfalto que se ajusten a sus preferencias. BearCat vende m\u00faltiples modelos de <a href=\"https:\/\/bearcatmfg.com\/es\/distribuidores-de-asfalto\/\">distribuidores de asfalto<\/a>, dando a su negocio la flexibilidad que necesita al realizar numerosos servicios de pavimentaci\u00f3n. Podemos ayudarle a seleccionar entre los distribuidores que mejor se adapten a usted, a su trabajo y a su presupuesto.<\/li>\n<\/ul>\n<\/li>\n<li><strong>Esparcidores de virutas<\/strong>\n<ul>\n<li>El sellado de virutas se ha convertido en uno de los mejores m\u00e9todos para proteger el asfalto y prolongar la longevidad de las carreteras. Sin embargo, su empresa debe contar con la maquinaria adecuada para ofrecer <a href=\"https:\/\/bearcatmfg.com\/es\/servicio-de-asfaltado\/\">servicios de sellado de virutas<\/a>. Gracias a BearCat, puede implementar f\u00e1cilmente el sellado de virutas con algunos de los mejores esparcidores de virutas de la industria. Nuestra astilladora en t\u00e1ndem de 20&#8242; produce astillas a una velocidad sorprendente. Cada m\u00e1quina cuenta con controles de velocidad computarizados, controles de puerta de un pie y una variedad de funciones impresionantes.<\/li>\n<\/ul>\n<\/li>\n<\/ul>\n<h3>Acerca de BearCat<\/h3>\n<p>BearCat comenz\u00f3 de forma reducida, con un solo distribuidor modificado que proporcionaba trabajo a los clientes en 1969. Sin embargo, ese cami\u00f3n modificado dio lugar a gran parte de la genialidad y el ingenio que hay detr\u00e1s de las m\u00e1quinas que BearCat produce hoy en d\u00eda. Desde nuestra fundaci\u00f3n, BearCat Manufacturing se ha esforzado continuamente por ofrecer m\u00e1quinas de alta calidad que establecen un list\u00f3n m\u00e1s alto para otros fabricantes de la industria. Al fabricar productos m\u00e1s nuevos y eficaces, miramos continuamente hacia el futuro con nuevas piezas, materiales y t\u00e9cnicas de pavimentaci\u00f3n en constante evoluci\u00f3n.<\/p>\n<div class=\"left-img\"><img loading=\"lazy\" decoding=\"async\" class=\"alignnone\" src=\"https:\/\/bearcatmfg.com\/wp-content\/uploads\/2022\/10\/Road-Repair-2.jpg\" alt=\"Un distribuidor de asfalto, \u00fatil en la reparaci\u00f3n de carreteras\" width=\"500\" height=\"350\" title=\"\"><\/div>\n<h3>Ll\u00e1menos<\/h3>\n<p>La reparaci\u00f3n de carreteras es un servicio que todo contratista de asfalto deber\u00eda poder ofrecer con confianza. Para asegurarse de que puede suministrar a sus clientes los servicios de reparaci\u00f3n y mantenimiento del asfalto que necesitan, encuentre el equipo adecuado de BearCat Manufacturing. Obtenga m\u00e1s informaci\u00f3n sobre nuestros productos llamando <a href=\"tel:9286847851\">al 928-684-7851<\/a>. Estamos ubicados en 3650 N Sabin Brown Rd, Wickenburg, AZ 85390. BearCat Manufacturing tiene su sede en Arizona y atiende a clientes de todo Estados Unidos.<\/p>\n","protected":false},"excerpt":{"rendered":"<p>Ofrecer un servicio de reparaci\u00f3n de carreteras fiable con el mejor equipo BearCat Manufacturing se esfuerza continuamente por crear maquinaria de alta calidad que satisfaga las necesidades de los contratistas de asfalto en todo Estados Unidos. Al fin y al cabo, las m\u00e1quinas que utilizan los contratistas deben rendir con rapidez y eficacia, manteni\u00e9ndose a &hellip; <a href=\"https:\/\/bearcatmfg.com\/es\/reparacion-de-carreteras\/\" class=\"more-link\">Continue reading <span class=\"screen-reader-text\">Reparaci\u00f3n de carreteras<\/span><\/a><\/p>\n","protected":false},"author":1,"featured_media":1697,"parent":0,"menu_order":0,"comment_status":"closed","ping_status":"closed","template":"","meta":{"_acf_changed":false,"footnotes":""},"class_list":["post-1701","page","type-page","status-publish","has-post-thumbnail","hentry"],"acf":[],"_links":{"self":[{"href":"https:\/\/bearcatmfg.com\/es\/wp-json\/wp\/v2\/pages\/1701","targetHints":{"allow":["GET"]}}],"collection":[{"href":"https:\/\/bearcatmfg.com\/es\/wp-json\/wp\/v2\/pages"}],"about":[{"href":"https:\/\/bearcatmfg.com\/es\/wp-json\/wp\/v2\/types\/page"}],"author":[{"embeddable":true,"href":"https:\/\/bearcatmfg.com\/es\/wp-json\/wp\/v2\/users\/1"}],"replies":[{"embeddable":true,"href":"https:\/\/bearcatmfg.com\/es\/wp-json\/wp\/v2\/comments?post=1701"}],"version-history":[{"count":1,"href":"https:\/\/bearcatmfg.com\/es\/wp-json\/wp\/v2\/pages\/1701\/revisions"}],"predecessor-version":[{"id":1733,"href":"https:\/\/bearcatmfg.com\/es\/wp-json\/wp\/v2\/pages\/1701\/revisions\/1733"}],"wp:featuredmedia":[{"embeddable":true,"href":"https:\/\/bearcatmfg.com\/es\/wp-json\/wp\/v2\/media\/1697"}],"wp:attachment":[{"href":"https:\/\/bearcatmfg.com\/es\/wp-json\/wp\/v2\/media?parent=1701"}],"curies":[{"name":"wp","href":"https:\/\/api.w.org\/{rel}","templated":true}]}}