{"id":1708,"date":"2022-10-19T07:23:18","date_gmt":"2022-10-19T07:23:18","guid":{"rendered":"https:\/\/bearcatmfg.com\/reparacion-de-calles\/"},"modified":"2022-10-28T20:06:13","modified_gmt":"2022-10-28T20:06:13","slug":"reparacion-de-calles","status":"publish","type":"page","link":"https:\/\/bearcatmfg.com\/es\/reparacion-de-calles\/","title":{"rendered":"Reparaci\u00f3n de calles"},"content":{"rendered":"<h3>El mejor equipo para una reparaci\u00f3n r\u00e1pida y eficaz de las calles<\/h3>\n<p>El mantenimiento de las carreteras de nuestro pa\u00eds es una preocupaci\u00f3n acuciante para los contratistas de asfalto de todo Estados Unidos. Para garantizar que las calles, lotes y carreteras se mantengan en las mejores condiciones posibles, se necesita el apoyo de equipos de pavimentaci\u00f3n de asfalto duraderos y eficaces. Afortunadamente, BearCat Manufacturing tiene el equipo que los contratistas necesitan para la reparaci\u00f3n y el mantenimiento de las calles. Hable con BearCat para descubrir la <a href=\"https:\/\/bearcatmfg.com\/es\/equipos-industriales-de-asfalto\/\">maquinaria de asfalto<\/a> que mejor se adapta a sus necesidades y a las de sus clientes.<\/p>\n<h3>El equipo que necesita<\/h3>\n<p>BearCat suministra los equipos que los contratistas consideran necesarios para el mantenimiento de las carreteras y la prestaci\u00f3n de servicios de reparaci\u00f3n adecuados. Dependiendo de los servicios de pavimentaci\u00f3n de asfalto que desee ofrecer, BearCat puede proporcionarle la maquinaria para cumplir y superar sus objetivos.<\/p>\n<ul>\n<li><strong>Para esparcir el asfalto<\/strong>\n<ul>\n<li>Aplicar el asfalto a las superficies de las carreteras sol\u00eda ser una tarea dif\u00edcil. La mano de obra y las herramientas necesarias para completar los trabajos de pavimentaci\u00f3n hac\u00edan que el proceso fuera muy largo. Gracias a los <a href=\"https:\/\/bearcatmfg.com\/es\/los-mejores-distribuidores-de-asfalto\/\">distribuidores de asfalto<\/a> de BearCat, el esparcimiento de asfalto fresco nunca ha sido tan f\u00e1cil. Nuestros distribuidores de asfalto est\u00e1n equipados con barras de pulverizaci\u00f3n ajustables, lo que permite una aplicaci\u00f3n r\u00e1pida y consistente de asfalto a cualquier tama\u00f1o de calzada.<\/li>\n<\/ul>\n<\/li>\n<li><strong>Para reparar el asfalto<\/strong>\n<ul>\n<li>La <a href=\"https:\/\/bearcatmfg.com\/es\/reparacion-del-asfalto\/\">reparaci\u00f3n<\/a> extensiva <a href=\"https:\/\/bearcatmfg.com\/es\/reparacion-del-asfalto\/\">de las calles<\/a> o la sustituci\u00f3n del asfalto pueden evitarse si los contratistas pueden llevar a cabo peque\u00f1as reparaciones y el mantenimiento general de las carreteras asfaltadas. Sin embargo, los contratistas necesitan equipos como los selladores de grietas de BearCat para <a href=\"https:\/\/bearcatmfg.com\/es\/reparacion-de-carreteras\/\">reparar las carreteras<\/a> con \u00e9xito. Ya sea con nuestro buggy sellador de grietas o con el remolque, los operarios pueden sellar completamente las grietas, evitando que los productos qu\u00edmicos y la humedad se introduzcan bajo la superficie y causen un grave deterioro.<\/li>\n<\/ul>\n<\/li>\n<li><strong>Para conservar el asfalto<\/strong>\n<ul>\n<li>Adem\u00e1s de los servicios generales de reparaci\u00f3n del pavimento, los responsables del mantenimiento de una carretera siempre buscan formas de preservar la durabilidad y longevidad del asfalto. La protecci\u00f3n del asfalto, como el sellado de virutas, refuerza el asfalto y crea una superficie m\u00e1s segura para los conductores. Para ofrecer el servicio de sellado de virutas a sus clientes, necesita equipos como los esparcidores de virutas de BearCat. Nuestras <a href=\"https:\/\/bearcatmfg.com\/es\/los-mejores-esparcidores-de-virutas\/\">esparcidoras de gravilla en t\u00e1ndem<\/a> aplican gravilla a las carreteras de forma segura y eficiente, completando un paso esencial en el proceso de sellado de gravilla.<\/li>\n<\/ul>\n<\/li>\n<\/ul>\n<h3>\u00bfPor qu\u00e9 elegir BearCat?<\/h3>\n<p>A lo largo de los a\u00f1os, BearCat ha tomado decisiones en nuestro proceso de fabricaci\u00f3n que han cambiado la forma de dise\u00f1ar los equipos industriales modernos. Desde 1969, nuestras innovaciones t\u00e9cnicas han impulsado niveles de rendimiento m\u00e1s altos en toda la industria de la pavimentaci\u00f3n de asfalto. Ayudamos a introducir y perfeccionar conceptos como los controles informatizados de la tasa para los distribuidores y esparcidores de virutas. A medida que seguimos avanzando en los equipos de pavimentaci\u00f3n de asfalto, miramos hacia un futuro con m\u00e1quinas ecol\u00f3gicas y t\u00e9cnicas de pavimentaci\u00f3n en constante evoluci\u00f3n.<\/p>\n<div class=\"left-img\"><img loading=\"lazy\" decoding=\"async\" class=\"alignnone\" src=\"https:\/\/bearcatmfg.com\/wp-content\/uploads\/2022\/10\/Street-Repair-2.jpg\" alt=\"Un distribuidor de asfalto BearCat, \u00fatil para la reparaci\u00f3n de calles\" width=\"500\" height=\"350\" title=\"\"><\/div>\n<h3>Hable con nuestro equipo<\/h3>\n<p>Aseg\u00farese de poder apoyar a su comunidad con servicios de reparaci\u00f3n y mantenimiento de calles r\u00e1pidos y eficientes, gracias a los equipos de alta calidad proporcionados por BearCat Manufacturing. Para saber m\u00e1s sobre nuestros productos, p\u00f3ngase en contacto con nosotros hoy mismo en <a href=\"tel:9286847851\">el 928-684-7851<\/a>. Estamos ubicados en 3650 N Sabin Brown Rd, Wickenburg, AZ 85390. BearCat Manufacturing tiene su sede en Arizona y atiende a clientes de todo Estados Unidos.<\/p>\n","protected":false},"excerpt":{"rendered":"<p>El mejor equipo para una reparaci\u00f3n r\u00e1pida y eficaz de las calles El mantenimiento de las carreteras de nuestro pa\u00eds es una preocupaci\u00f3n acuciante para los contratistas de asfalto de todo Estados Unidos. Para garantizar que las calles, lotes y carreteras se mantengan en las mejores condiciones posibles, se necesita el apoyo de equipos de &hellip; <a href=\"https:\/\/bearcatmfg.com\/es\/reparacion-de-calles\/\" class=\"more-link\">Continue reading <span class=\"screen-reader-text\">Reparaci\u00f3n de calles<\/span><\/a><\/p>\n","protected":false},"author":1,"featured_media":1704,"parent":0,"menu_order":0,"comment_status":"closed","ping_status":"closed","template":"","meta":{"_acf_changed":false,"footnotes":""},"class_list":["post-1708","page","type-page","status-publish","has-post-thumbnail","hentry"],"acf":[],"_links":{"self":[{"href":"https:\/\/bearcatmfg.com\/es\/wp-json\/wp\/v2\/pages\/1708","targetHints":{"allow":["GET"]}}],"collection":[{"href":"https:\/\/bearcatmfg.com\/es\/wp-json\/wp\/v2\/pages"}],"about":[{"href":"https:\/\/bearcatmfg.com\/es\/wp-json\/wp\/v2\/types\/page"}],"author":[{"embeddable":true,"href":"https:\/\/bearcatmfg.com\/es\/wp-json\/wp\/v2\/users\/1"}],"replies":[{"embeddable":true,"href":"https:\/\/bearcatmfg.com\/es\/wp-json\/wp\/v2\/comments?post=1708"}],"version-history":[{"count":2,"href":"https:\/\/bearcatmfg.com\/es\/wp-json\/wp\/v2\/pages\/1708\/revisions"}],"predecessor-version":[{"id":1736,"href":"https:\/\/bearcatmfg.com\/es\/wp-json\/wp\/v2\/pages\/1708\/revisions\/1736"}],"wp:featuredmedia":[{"embeddable":true,"href":"https:\/\/bearcatmfg.com\/es\/wp-json\/wp\/v2\/media\/1704"}],"wp:attachment":[{"href":"https:\/\/bearcatmfg.com\/es\/wp-json\/wp\/v2\/media?parent=1708"}],"curies":[{"name":"wp","href":"https:\/\/api.w.org\/{rel}","templated":true}]}}