{"id":1715,"date":"2022-10-19T07:30:38","date_gmt":"2022-10-19T07:30:38","guid":{"rendered":"https:\/\/bearcatmfg.com\/reparacion-del-asfalto\/"},"modified":"2024-05-15T05:53:28","modified_gmt":"2024-05-15T05:53:28","slug":"reparacion-del-asfalto","status":"publish","type":"page","link":"https:\/\/bearcatmfg.com\/es\/reparacion-del-asfalto\/","title":{"rendered":"Reparaci\u00f3n del asfalto"},"content":{"rendered":"<h3>\u00bfBuscas la mejor maquinaria para reparar asfalto?<\/h3>\n<p>BearCat Manufacturing ofrece algunos de los equipos m\u00e1s fiables y fiables para la pavimentaci\u00f3n, el mantenimiento y la reparaci\u00f3n del asfalto. Durante m\u00e1s de 50 a\u00f1os, hemos apoyado a las empresas de pavimentaci\u00f3n dise\u00f1ando equipos de reparaci\u00f3n de asfalto con una experiencia y una excelencia de fabricaci\u00f3n superiores. Cuenta con nosotros para los <a href=\"https:\/\/bearcatmfg.com\/top-rated-asphalt-distrbutors-arizona\/\">mejores distribuidores de asfalto en Arizona<\/a>,<a href=\"https:\/\/bearcatmfg.com\/top-rated-asphalt-distributors-illinois\/\"> Illinois<\/a>, <a href=\"https:\/\/bearcatmfg.com\/top-rated-asphalt-distributors-tennessee\/\">Tennessee<\/a>, <a href=\"https:\/\/bearcatmfg.com\/top-rated-asphalt-distributors-texas\/\">Texas<\/a> y en todo Estados Unidos. Adem\u00e1s, tambi\u00e9n proporcionamos algunos de los <a href=\"https:\/\/bearcatmfg.com\/best-crack-sealers\/\">mejores selladores de grietas de asfalto<\/a> disponibles en el mundo. Adem\u00e1s, nos esforzamos por crear soluciones adaptadas a las necesidades de nuestros clientes. As\u00ed, tu empresa puede elegir si quiere beneficiarse de nuestros <a href=\"https:\/\/bearcatmfg.com\/asphalt-equipment-for-rent\/\">equipos en alquiler<\/a> o en <a href=\"https:\/\/bearcatmfg.com\/asphalt-equipment-for-sale\/\">venta<\/a>. Adem\u00e1s, \u00a1incluso puedes encargar <a href=\"https:\/\/bearcatmfg.com\/product-category\/custom-equipment\/\">equipos personalizados<\/a>! <a href=\"https:\/\/bearcatmfg.com\/contact-us\/\">Env\u00eda un correo electr\u00f3nico a BearCat Manufacturing<\/a> hoy mismo para informarte sobre nuestros equipos de reparaci\u00f3n de asfalto de primera clase o para solicitar un presupuesto gratuito.<\/p>\n<h3>\u00bfPor qu\u00e9 necesitas distribuidores de asfalto para reparar el asfalto?<\/h3>\n<p><a href=\"https:\/\/bearcatmfg.com\/asphalt-distributors-for-rent\/\">Los distribuidores de asfalto<\/a> desempe\u00f1an un papel fundamental en el mantenimiento de los firmes y la reparaci\u00f3n del asfalto. Al fin y al cabo, aplican la capa de adherencia que sirve de pegamento para todas las capas de asfalto. De hecho, mejoran la uni\u00f3n de las capas individuales del pavimento, permitiendo que se combinen como una pieza unificada de pavimento. Como resultado, el pavimento presenta mayor resistencia y durabilidad. Algunas de las otras grandes ventajas que ofrecen los distribuidores de asfalto para la reparaci\u00f3n del asfalto son:<\/p>\n<ul>\n<li>Reducci\u00f3n del deslizamiento en superficie.<\/li>\n<li>Menos agrietamiento de arriba abajo.<\/li>\n<li>Deterioro m\u00ednimo del pavimento.<\/li>\n<li>Mejor adherencia general de las capas de pavimento existentes y nuevas.<\/li>\n<\/ul>\n<h3>\u00bfC\u00f3mo benefician los selladores de grietas a la reparaci\u00f3n del asfalto?<\/h3>\n<p>Los selladores de grietas tambi\u00e9n son esenciales para los contratistas que prestan servicios de reparaci\u00f3n del asfalto. El sellado oportuno de grietas mantiene las calzadas seguras y funcionales y evita da\u00f1os mayores. He aqu\u00ed algunas de las razones m\u00e1s convincentes por las que deber\u00edas invertir en selladores de grietas para tu negocio de reparaci\u00f3n de asfalto.<\/p>\n<ul>\n<li><strong>Mayor relaci\u00f3n con el cliente<\/strong>\n<ul>\n<li>Los selladores de grietas pueden ayudarte a aportar a tus clientes un ahorro de costes y una mayor longevidad para la vida de sus superficies pavimentadas.<\/li>\n<li>Tus clientes agradecer\u00e1n que se retrase el coste de la repavimentaci\u00f3n completa del pavimento con la reparaci\u00f3n de asfalto de calidad que nuestros selladores de grietas te ayudar\u00e1n a ofrecer.<\/li>\n<\/ul>\n<\/li>\n<li><strong>Mejores soluciones de impermeabilizaci\u00f3n<\/strong>\n<ul>\n<li>Los selladores de grietas crean una barrera impermeable, impidiendo que la humedad se filtre en las capas base del asfalto.<\/li>\n<li>La integridad estructural del asfalto tambi\u00e9n aguantar\u00e1 m\u00e1s tiempo con la ayuda de nuestro equipo de sellado de grietas.<\/li>\n<\/ul>\n<\/li>\n<\/ul>\n<h3>\u00bfBuscas un equipo de asfaltado?<\/h3>\n<p>BearCat Manufacturing te cubre si necesitas equipos para la reparaci\u00f3n del asfalto o servicios de <a href=\"https:\/\/bearcatmfg.com\/best-chip-seal-equipment\/\">sellado de gravilla<\/a>. Ofrecemos <a href=\"https:\/\/bearcatmfg.com\/top-rated-chip-spreaders-texas\/\">los mejores esparcidores de gravilla en Texas<\/a>, <a href=\"https:\/\/bearcatmfg.com\/top-rated-chip-spreaders-tennessee\/\">Tennessee<\/a>, <a href=\"https:\/\/bearcatmfg.com\/top-rated-chip-spreaders-arizona\/\">Arizona<\/a>, <a href=\"https:\/\/bearcatmfg.com\/top-rated-chip-spreaders-illinois\/\">Illinois<\/a> y en toda Am\u00e9rica. Las ventajas de utilizar esparcidores de gravilla asf\u00e1ltica para el mantenimiento y la reparaci\u00f3n del asfalto son las siguientes.<\/p>\n<ul>\n<li><strong>Rentabilidad &#8211; <\/strong>Los esparcidores de gravilla de asfalto te permiten terminar los proyectos m\u00e1s r\u00e1pidamente y con menos mano de obra.<\/li>\n<li><strong>Mayor longevidad del pavimento &#8211; <\/strong>Los servicios de sellado de gravilla que utilizan esparcidores de gravilla pueden a\u00f1adir hasta 12 a\u00f1os a la vida \u00fatil del pavimento existente.<\/li>\n<li><strong>Seguridad &#8211; <\/strong>El pavimento de sello de virutas es m\u00e1s resistente a los derrapes que las carreteras de asfalto convencionales y ofrece unas condiciones generales de conducci\u00f3n m\u00e1s seguras.<\/li>\n<li><strong>Reducci\u00f3n del deslumbramiento &#8211; <\/strong>Las superficies de sellado asf\u00e1ltico reflejan menos luz que el pavimento de asfalto, reduciendo la fatiga ocular por deslumbramiento de los conductores.<\/li>\n<\/ul>\n<div class=\"left-img\">\n<img decoding=\"async\" src=\"https:\/\/bearcatmfg.com\/wp-content\/uploads\/2021\/10\/main-4.jpg\" alt=\"Reparaci\u00f3n del asfalto\" title=\"\">\n<\/div>\n<h3>Consigue el mejor equipo para reparar el asfalto<\/h3>\n<p>Las m\u00e1quinas de BearCat Manufacturing ofrecen uno de los mayores rendimientos y durabilidad en lo que se refiere a equipos para la reparaci\u00f3n del asfalto. <a href=\"https:\/\/bearcatmfg.com\/contact-us\/\">Ponte en contacto con nosotros<\/a> hoy mismo para solicitar m\u00e1s informaci\u00f3n o presupuestos gratuitos de nuestros equipos de reparaci\u00f3n de asfalto. Adem\u00e1s, puedes ponerte en contacto con nosotros llamando al <a href=\"tel:9286847851\">928-684-7851<\/a>.<\/p>\n","protected":false},"excerpt":{"rendered":"<p>\u00bfBuscas la mejor maquinaria para reparar asfalto? BearCat Manufacturing ofrece algunos de los equipos m\u00e1s fiables y fiables para la pavimentaci\u00f3n, el mantenimiento y la reparaci\u00f3n del asfalto. Durante m\u00e1s de 50 a\u00f1os, hemos apoyado a las empresas de pavimentaci\u00f3n dise\u00f1ando equipos de reparaci\u00f3n de asfalto con una experiencia y una excelencia de fabricaci\u00f3n superiores. &hellip; <a href=\"https:\/\/bearcatmfg.com\/es\/reparacion-del-asfalto\/\" class=\"more-link\">Continue reading <span class=\"screen-reader-text\">Reparaci\u00f3n del asfalto<\/span><\/a><\/p>\n","protected":false},"author":1,"featured_media":784,"parent":0,"menu_order":0,"comment_status":"closed","ping_status":"closed","template":"","meta":{"_acf_changed":false,"footnotes":""},"class_list":["post-1715","page","type-page","status-publish","has-post-thumbnail","hentry"],"acf":[],"_links":{"self":[{"href":"https:\/\/bearcatmfg.com\/es\/wp-json\/wp\/v2\/pages\/1715","targetHints":{"allow":["GET"]}}],"collection":[{"href":"https:\/\/bearcatmfg.com\/es\/wp-json\/wp\/v2\/pages"}],"about":[{"href":"https:\/\/bearcatmfg.com\/es\/wp-json\/wp\/v2\/types\/page"}],"author":[{"embeddable":true,"href":"https:\/\/bearcatmfg.com\/es\/wp-json\/wp\/v2\/users\/1"}],"replies":[{"embeddable":true,"href":"https:\/\/bearcatmfg.com\/es\/wp-json\/wp\/v2\/comments?post=1715"}],"version-history":[{"count":3,"href":"https:\/\/bearcatmfg.com\/es\/wp-json\/wp\/v2\/pages\/1715\/revisions"}],"predecessor-version":[{"id":2934,"href":"https:\/\/bearcatmfg.com\/es\/wp-json\/wp\/v2\/pages\/1715\/revisions\/2934"}],"wp:featuredmedia":[{"embeddable":true,"href":"https:\/\/bearcatmfg.com\/es\/wp-json\/wp\/v2\/media\/784"}],"wp:attachment":[{"href":"https:\/\/bearcatmfg.com\/es\/wp-json\/wp\/v2\/media?parent=1715"}],"curies":[{"name":"wp","href":"https:\/\/api.w.org\/{rel}","templated":true}]}}