{"id":1722,"date":"2022-10-19T07:34:22","date_gmt":"2022-10-19T07:34:22","guid":{"rendered":"https:\/\/bearcatmfg.com\/equipo-de-reparacion-de-asfalto\/"},"modified":"2024-03-26T01:23:26","modified_gmt":"2024-03-26T01:23:26","slug":"equipo-de-reparacion-de-asfalto","status":"publish","type":"page","link":"https:\/\/bearcatmfg.com\/es\/equipo-de-reparacion-de-asfalto\/","title":{"rendered":"Equipo de reparaci\u00f3n de asfalto"},"content":{"rendered":"<h3>Refuerce su empresa de pavimentaci\u00f3n con los mejores equipos de reparaci\u00f3n de asfalto<\/h3>\n<p>Para ofrecer la mejor y m\u00e1s eficaz pavimentaci\u00f3n, mantenimiento y <a href=\"https:\/\/bearcatmfg.com\/asphalt-repair\/\">reparaci\u00f3n<\/a> del asfalto, se necesita un equipo que est\u00e9 a la altura del alto nivel que se desea alcanzar. Por ello, BearCat Manufacturing produce equipos de reparaci\u00f3n de asfalto r\u00e1pidos, eficaces y duraderos para contratistas de todo Estados Unidos. Desarrollamos m\u00e1quinas que ofrecen sencillez y comodidad a los operarios al tiempo que proporcionan un servicio de alta calidad a los clientes.<\/p>\n<h3>Nuestros productos de pavimentaci\u00f3n<\/h3>\n<p>\u00bfDesea su empresa ofrecer mejores <a href=\"https:\/\/bearcatmfg.com\/chip-seal-service\/\">servicios de sellado de virutas<\/a>? \u00bfBusca una maquinaria m\u00e1s manejable para ayudar en la <a href=\"https:\/\/bearcatmfg.com\/asphalt-crack-repair\/\">reparaci\u00f3n de grietas<\/a>? BearCat tiene el equipo que necesita para que su empresa de pavimentaci\u00f3n de asfalto crezca y prospere. Nuestra principal oferta de productos incluye:<\/p>\n<ul>\n<li><strong>Distribuidores de asfalto<\/strong>\n<ul>\n<li>Un <a href=\"https:\/\/bearcatmfg.com\/asphalt-distributors\/\">distribuidor de asfalto<\/a> es la pieza m\u00e1s importante del equipo para los contratistas de asfalto. Con un distribuidor, los contratistas pueden lograr una aplicaci\u00f3n r\u00e1pida y precisa del asfalto en cualquier tama\u00f1o y superficie de la carretera. Los distribuidores de BearCat tienen una capacidad de entre 1.000 y 4.500 galones de asfalto l\u00edquido, con opciones para la distribuci\u00f3n de asfalto de caucho granulado, sistemas de pulverizaci\u00f3n para el control del polvo, remolques de arrastre y mucho m\u00e1s.<\/li>\n<\/ul>\n<\/li>\n<li><strong>Esparcidores de virutas<\/strong>\n<ul>\n<li>Debido a la popularidad de las carreteras con sello de virutas, <a href=\"https:\/\/bearcatmfg.com\/asphalt-chip-spreaders\/\">los esparcidores de virutas<\/a> est\u00e1n muy solicitados por la mayor\u00eda de las empresas de asfalto. Por lo tanto, BearCat se esfuerza por ofrecer esparcidores de virutas que sean f\u00e1ciles de operar y eficaces en la aplicaci\u00f3n de virutas de agregados a la superficie de una carretera. Nuestras astilladoras en t\u00e1ndem cuentan con controles de velocidad computarizados, controles de compuerta de un pie y altos \u00edndices de productividad.<\/li>\n<\/ul>\n<\/li>\n<li><strong>Selladores de grietas<\/strong>\n<ul>\n<li>Una <a href=\"https:\/\/bearcatmfg.com\/asphalt-crack-sealers\/\">selladora de grietas<\/a> es la pieza del equipo de reparaci\u00f3n de asfalto que m\u00e1s necesitar\u00e1 para los trabajos de reparaci\u00f3n sencillos. Las grietas en el asfalto pueden dar lugar a m\u00e1s problemas de desmoronamiento y deterioro de la carretera si no se controlan. Afortunadamente, los selladores de grietas de BearCat se adaptan a todos los operadores y trabajos, garantizando una reparaci\u00f3n eficaz de las grietas. Puede contar con las selladoras de grietas BearCat por su r\u00e1pida puesta en marcha, su mayor capacidad de calentamiento y su sencillez de funcionamiento.<\/li>\n<\/ul>\n<\/li>\n<\/ul>\n<h3>Expertos en la industria del asfalto<\/h3>\n<p>BearCat Manufacturing suministra a innumerables contratistas de todo Estados Unidos productos superiores de pavimentaci\u00f3n de asfalto. Comprendemos las necesidades de nuestros clientes y de sus clientes. As\u00ed, nuestra maquinaria utiliza controles avanzados y componentes de alta calidad que garantizan su durabilidad, seguridad, comodidad y eficacia en el funcionamiento. Desde 1969, las innovaciones t\u00e9cnicas de BearCat han impulsado mayores niveles de rendimiento en toda la industria <a href=\"https:\/\/bearcatmfg.com\/what-equipment-do-you-need-for-road-repair\/\">del asfalto<\/a> y la construcci\u00f3n de carreteras.<\/p>\n<div class=\"left-img\"><img loading=\"lazy\" decoding=\"async\" class=\"alignnone\" src=\"https:\/\/bearcatmfg.com\/wp-content\/uploads\/2022\/10\/Asphalt-Repair-Equipment-2.jpg\" alt=\"Un distribuidor de asfalto, parte del equipo de reparaci\u00f3n de asfalto de BearCat\" width=\"500\" height=\"350\" title=\"\"><\/div>\n<h3>Ll\u00e1menos<\/h3>\n<p>No se conforme con equipos de reparaci\u00f3n de asfalto inferiores y menos fiables de otros fabricantes. En su lugar, cuente con los expertos de la industria que establecen continuamente el est\u00e1ndar de los equipos industriales de alta calidad: BearCat Manufacturing. Para saber m\u00e1s sobre nuestros productos, p\u00f3ngase en contacto con nosotros hoy mismo en <a href=\"tel:9286847851\">el 928-684-7851<\/a>. Estamos ubicados en 3650 N Sabin Brown Rd, Wickenburg, AZ 85390. BearCat Manufacturing tiene su sede en Arizona y atiende a clientes de todo Estados Unidos.<\/p>\n","protected":false},"excerpt":{"rendered":"<p>Refuerce su empresa de pavimentaci\u00f3n con los mejores equipos de reparaci\u00f3n de asfalto Para ofrecer la mejor y m\u00e1s eficaz pavimentaci\u00f3n, mantenimiento y reparaci\u00f3n del asfalto, se necesita un equipo que est\u00e9 a la altura del alto nivel que se desea alcanzar. Por ello, BearCat Manufacturing produce equipos de reparaci\u00f3n de asfalto r\u00e1pidos, eficaces y &hellip; <a href=\"https:\/\/bearcatmfg.com\/es\/equipo-de-reparacion-de-asfalto\/\" class=\"more-link\">Continue reading <span class=\"screen-reader-text\">Equipo de reparaci\u00f3n de asfalto<\/span><\/a><\/p>\n","protected":false},"author":1,"featured_media":1720,"parent":0,"menu_order":0,"comment_status":"closed","ping_status":"closed","template":"","meta":{"_acf_changed":false,"footnotes":""},"class_list":["post-1722","page","type-page","status-publish","has-post-thumbnail","hentry"],"acf":[],"_links":{"self":[{"href":"https:\/\/bearcatmfg.com\/es\/wp-json\/wp\/v2\/pages\/1722","targetHints":{"allow":["GET"]}}],"collection":[{"href":"https:\/\/bearcatmfg.com\/es\/wp-json\/wp\/v2\/pages"}],"about":[{"href":"https:\/\/bearcatmfg.com\/es\/wp-json\/wp\/v2\/types\/page"}],"author":[{"embeddable":true,"href":"https:\/\/bearcatmfg.com\/es\/wp-json\/wp\/v2\/users\/1"}],"replies":[{"embeddable":true,"href":"https:\/\/bearcatmfg.com\/es\/wp-json\/wp\/v2\/comments?post=1722"}],"version-history":[{"count":2,"href":"https:\/\/bearcatmfg.com\/es\/wp-json\/wp\/v2\/pages\/1722\/revisions"}],"predecessor-version":[{"id":2668,"href":"https:\/\/bearcatmfg.com\/es\/wp-json\/wp\/v2\/pages\/1722\/revisions\/2668"}],"wp:featuredmedia":[{"embeddable":true,"href":"https:\/\/bearcatmfg.com\/es\/wp-json\/wp\/v2\/media\/1720"}],"wp:attachment":[{"href":"https:\/\/bearcatmfg.com\/es\/wp-json\/wp\/v2\/media?parent=1722"}],"curies":[{"name":"wp","href":"https:\/\/api.w.org\/{rel}","templated":true}]}}