{"id":1754,"date":"2022-12-08T10:26:04","date_gmt":"2022-12-08T10:26:04","guid":{"rendered":"https:\/\/bearcatmfg.com\/asfaltado\/"},"modified":"2024-05-07T18:04:48","modified_gmt":"2024-05-07T18:04:48","slug":"asfaltado","status":"publish","type":"page","link":"https:\/\/bearcatmfg.com\/es\/asfaltado\/","title":{"rendered":"Asfaltado"},"content":{"rendered":"<h3>Consigue el mejor equipo de pavimentaci\u00f3n de asfalto con BearCat MFG<\/h3>\n<p>Para las cuadrillas de <a href=\"https:\/\/bearcatmfg.com\/road-maintenance-equipment\/\">mantenimiento de carreteras<\/a> y los contratistas de asfalto, poder llevar a cabo una reparaci\u00f3n y un mantenimiento r\u00e1pidos y eficaces del pavimento es esencial para dirigir un gran negocio. El equipo adecuado garantiza trabajos de pavimentaci\u00f3n sin complicaciones y permite a tu equipo pasar al siguiente proyecto con eficacia. Para tus necesidades de <a href=\"https:\/\/bearcatmfg.com\/chip-seal-machines-tennessee-2\/\">pavimentaci\u00f3n con aglomerado<\/a>, no hay mejor equipo que <a href=\"https:\/\/bearcatmfg.com\/about-us\/\">BearCat MFG<\/a>. Nuestros productos son las m\u00e1quinas duraderas y altamente eficientes que los contratistas de asfalto necesitan para hacer bien el trabajo.<\/p>\n<h3>Ventajas del sellado de virutas<\/h3>\n<p>Aunque hay varios m\u00e9todos para hacer frente a las reparaciones del asfalto, el pavimento de sellado de virutas es muy eficaz y una opci\u00f3n m\u00e1s asequible. <a href=\"https:\/\/bearcatmfg.com\/what-equipment-do-i-need-for-chip-seal-paving\/\">El<\/a> sellado de virutas es r\u00e1pido y f\u00e1cil. Este proceso es estupendo para garantizar que tus carreteras sean m\u00e1s duraderas, protegiendo las grietas y los desmoronamientos para que no empeoren, rellenando los defectos y cubriendo los trabajos de reparaci\u00f3n. Garantiza calzadas m\u00e1s seguras, arreglando cualquier rotura en el asfalto con una capa antideslizante sobre la superficie.<\/p>\n<p>BearCat MFG ofrece todo el equipo que necesitas para afrontar el trabajo. Nuestras m\u00e1quinas incluyen:<\/p>\n<ul>\n<li><a href=\"https:\/\/bearcatmfg.com\/what-are-the-best-brands-for-asphalt-distributors\/\"><br \/>\n  <strong>Distribuidores de asfalto<\/strong><br \/>\n<\/a>: Nuestros distribuidores disponen de dep\u00f3sitos de acero, barras de pulverizaci\u00f3n, sistemas de calefacci\u00f3n, control informatizado de la tasa y mucho m\u00e1s. Estas herramientas permiten a tu equipo aplicar asfalto l\u00edquido a la superficie de la calzada, que es el primer paso para el sellado de virutas.<\/li>\n<li><strong>Esparcidores<\/strong> de virutas: Los <a href=\"https:\/\/bearcatmfg.com\/aspalt-chip-spreaders-illinois\/\">esparcidores<\/a> de gravilla BearCat aplican gravilla uniformemente sobre el pavimento para crear una uni\u00f3n con el asfalto l\u00edquido, que sellar\u00e1 el pavimento y lo mantendr\u00e1 protegido.<\/li>\n<li><strong>Equipo a medida<\/strong>: BearCat MFG tambi\u00e9n ofrece la extendedora de rociado Roadtec, que combina los pasos de asfalto l\u00edquido y virutas de \u00e1rido en uno.<\/li>\n<\/ul>\n<h3>Nuestra historia<\/h3>\n<p><a href=\"https:\/\/bearcatmfg.com\/about-us\/\">BearCat Manufacturing<\/a> es una empresa l\u00edder en el sector de los equipos de mantenimiento de carreteras desde 1969. Fabricamos equipos c\u00f3modos, duraderos y muy eficaces para los contratistas de asfalto de todo Estados Unidos. Estamos orgullosos de decir que nuestros equipos de mantenimiento de carreteras ofrecen innovaci\u00f3n t\u00e9cnica y rendimiento de alto nivel para la industria de la construcci\u00f3n de carreteras. Est\u00e9s donde est\u00e9s, puedes confiar en que nuestro <a href=\"https:\/\/bearcatmfg.com\/equipment-new-asphalt-contractors-need\/\">equipo<\/a> de primera clase tiene cubierto tu negocio.<\/p>\n<div class=\"left-img\"><img loading=\"lazy\" decoding=\"async\" class=\"alignnone\" src=\"https:\/\/bearcatmfg.com\/wp-content\/uploads\/2024\/04\/workers-putting-down-chip-seal-on-a-rural-highway.webp\" alt=\"Bearcat MFG ofrece los mejores equipos de pavimentaci\u00f3n de asfalto del mercado\" width=\"500\" height=\"350\" title=\"\"><\/div>\n<h3>Contacte con BearCat hoy mismo<\/h3>\n<p>Si buscas el mejor equipo para pavimentar con aglomerado, no busques m\u00e1s all\u00e1 de BearCat Manufacturing. <a href=\"https:\/\/bearcatmfg.com\/contact-us\/\">Ponte en contacto con nosotros hoy mismo<\/a> para saber m\u00e1s sobre nuestros productos y c\u00f3mo pueden beneficiar a tu negocio llam\u00e1ndonos al <a href=\"tel:9286847851\">928-684-7851<\/a> para obtener m\u00e1s detalles.<\/p>\n","protected":false},"excerpt":{"rendered":"<p>Consigue el mejor equipo de pavimentaci\u00f3n de asfalto con BearCat MFG Para las cuadrillas de mantenimiento de carreteras y los contratistas de asfalto, poder llevar a cabo una reparaci\u00f3n y un mantenimiento r\u00e1pidos y eficaces del pavimento es esencial para dirigir un gran negocio. El equipo adecuado garantiza trabajos de pavimentaci\u00f3n sin complicaciones y permite &hellip; <a href=\"https:\/\/bearcatmfg.com\/es\/asfaltado\/\" class=\"more-link\">Continue reading <span class=\"screen-reader-text\">Asfaltado<\/span><\/a><\/p>\n","protected":false},"author":1,"featured_media":2408,"parent":0,"menu_order":0,"comment_status":"closed","ping_status":"closed","template":"","meta":{"_acf_changed":false,"footnotes":""},"class_list":["post-1754","page","type-page","status-publish","has-post-thumbnail","hentry"],"acf":[],"_links":{"self":[{"href":"https:\/\/bearcatmfg.com\/es\/wp-json\/wp\/v2\/pages\/1754","targetHints":{"allow":["GET"]}}],"collection":[{"href":"https:\/\/bearcatmfg.com\/es\/wp-json\/wp\/v2\/pages"}],"about":[{"href":"https:\/\/bearcatmfg.com\/es\/wp-json\/wp\/v2\/types\/page"}],"author":[{"embeddable":true,"href":"https:\/\/bearcatmfg.com\/es\/wp-json\/wp\/v2\/users\/1"}],"replies":[{"embeddable":true,"href":"https:\/\/bearcatmfg.com\/es\/wp-json\/wp\/v2\/comments?post=1754"}],"version-history":[{"count":4,"href":"https:\/\/bearcatmfg.com\/es\/wp-json\/wp\/v2\/pages\/1754\/revisions"}],"predecessor-version":[{"id":2912,"href":"https:\/\/bearcatmfg.com\/es\/wp-json\/wp\/v2\/pages\/1754\/revisions\/2912"}],"wp:featuredmedia":[{"embeddable":true,"href":"https:\/\/bearcatmfg.com\/es\/wp-json\/wp\/v2\/media\/2408"}],"wp:attachment":[{"href":"https:\/\/bearcatmfg.com\/es\/wp-json\/wp\/v2\/media?parent=1754"}],"curies":[{"name":"wp","href":"https:\/\/api.w.org\/{rel}","templated":true}]}}