{"id":1780,"date":"2022-12-08T10:48:44","date_gmt":"2022-12-08T10:48:44","guid":{"rendered":"https:\/\/bearcatmfg.com\/maquinas-de-asfaltado\/"},"modified":"2023-02-08T04:56:27","modified_gmt":"2023-02-08T04:56:27","slug":"maquinas-de-asfaltado","status":"publish","type":"page","link":"https:\/\/bearcatmfg.com\/es\/maquinas-de-asfaltado\/","title":{"rendered":"M\u00e1quinas de asfaltado"},"content":{"rendered":"<h3>Simplifique el mantenimiento del asfalto con las mejores m\u00e1quinas de asfaltado<\/h3>\n<p>La pavimentaci\u00f3n de asfalto es uno de los servicios m\u00e1s solicitados en la industria del asfalto. Las empresas y los ayuntamientos conf\u00edan en el sellado de virutas por su comodidad, rapidez y asequibilidad a la hora de restaurar las calzadas. Si usted es un contratista de asfalto que desea ofrecer servicios de sellado de virutas, necesita la maquinaria adecuada para el trabajo. Afortunadamente, BearCat Manufacturing lleva d\u00e9cadas desarrollando m\u00e1quinas de sellado de virutas de alta calidad y alto rendimiento.<\/p>\n<h3>Qu\u00e9 ofrecemos<\/h3>\n<p>BearCat Manufacturing produce dos equipos esenciales para la pavimentaci\u00f3n con sello de virutas: distribuidores de asfalto y esparcidores de virutas. Ambas m\u00e1quinas forman parte integral del sellado de gravilla, permitiendo una reparaci\u00f3n y mantenimiento r\u00e1pidos y precisos de cualquier superficie asfaltada. Adem\u00e1s, ofrecemos equipos y sistemas personalizados que pueden simplificar a\u00fan m\u00e1s el proceso de sellado de virutas.<\/p>\n<ul>\n<li><strong>Distribuidores de asfalto<\/strong>\n<ul>\n<li>Los <a href=\"https:\/\/bearcatmfg.com\/best-asphalt-distributors\/\">distribuidores de asfalto<\/a> BearCat son duraderos y se fabrican a medida. Cada m\u00e1quina puede transportar grandes cantidades de asfalto l\u00edquido y producir un recubrimiento por pulverizaci\u00f3n uniforme sobre cualquier superficie de pavimento. Nuestro distribuidor de asfalto BC-502 es conocido como \u00abla leyenda\u00bb del sector, inigualable por su productividad. Tambi\u00e9n producimos distribuidores especializados para la pulverizaci\u00f3n de asfalto de caucho granulado.<\/li>\n<\/ul>\n<\/li>\n<li><strong>Esparcidores de virutas<\/strong>\n<ul>\n<li><a href=\"https:\/\/bearcatmfg.com\/best-chip-spreaders\/\">Los esparcidores de virutas<\/a> de BearCat llevan una d\u00e9cada batiendo r\u00e9cords en el sector. Nuestras m\u00e1quinas ofrecen una versatilidad, comodidad y precisi\u00f3n incre\u00edbles a la hora de aplicar gravilla a las carreteras. Con controles informatizados, cintas de alta capacidad, tolvas traseras plegables y caracter\u00edsticas adicionales, nuestras esparcidoras de gravilla son unas de las m\u00e1s avanzadas del mercado.<\/li>\n<\/ul>\n<\/li>\n<li><strong>Equipos y sistemas personalizados<\/strong>\n<ul>\n<li>Tambi\u00e9n fabricamos equipos y sistemas personalizados que mejoran los procesos de pavimentaci\u00f3n y <a href=\"https:\/\/bearcatmfg.com\/chip-seal-machines\/\">sellado de gravilla<\/a>. Por ejemplo, nuestras extendedoras Roadtec SP-200 combinan asfalto l\u00edquido y \u00e1rido en una sola m\u00e1quina, aplicando el sellado de virutas de una sola vez. O bien, nuestros sistemas de reciclado en fr\u00edo in situ toman el asfalto viejo y lo reciclan en asfalto utilizable para proyectos in situ.<\/li>\n<\/ul>\n<\/li>\n<\/ul>\n<h3>Marcar la diferencia en la industria del asfalto<\/h3>\n<p>Fundada en 1969 por Ken Hill y Don Carson, BearCat Manufacturing ha avanzado a pasos agigantados en la industria del asfalto desde sus inicios. Empez\u00f3 con un cami\u00f3n distribuidor ligeramente modificado que inspir\u00f3 a uno de los fabricantes de equipos de mantenimiento de carreteras m\u00e1s respetados e innovadores de EE.UU., \u00a1y nuestra maquinaria se utiliza en todo el mundo! Nos esforzamos continuamente por desarrollar m\u00e1quinas altamente productivas, con incentivos ecol\u00f3gicos y que utilicen controles digitales precisos.<\/p>\n<div class=\"left-img\"><img loading=\"lazy\" decoding=\"async\" class=\"alignnone\" src=\"https:\/\/bearcatmfg.com\/wp-content\/uploads\/2022\/12\/chip-seal-machines-2.jpg\" alt=\"Un cami\u00f3n distribuidor de asfalto, una de las m\u00e1quinas de asfaltado de BearCat\" width=\"500\" height=\"350\" title=\"\"><\/div>\n<h3>Ll\u00e1menos<\/h3>\n<p>Aseg\u00farese de que su empresa est\u00e1 equipada con las mejores m\u00e1quinas de asfaltado que ofrece la industria del asfalto. Llame hoy mismo a BearCat Manufacturing para obtener m\u00e1s informaci\u00f3n sobre nuestros distribuidores de asfalto, esparcidores de gravilla y mucho m\u00e1s. Puede ponerse en contacto con nosotros en el <a href=\"tel:9286847851\">928-684-7851<\/a>. Estamos ubicados en 3650 N Sabin Brown Rd, Wickenburg, AZ 85390. BearCat Manufacturing tiene su sede en Arizona y atiende a clientes de todo Estados Unidos.<\/p>\n","protected":false},"excerpt":{"rendered":"<p>Simplifique el mantenimiento del asfalto con las mejores m\u00e1quinas de asfaltado La pavimentaci\u00f3n de asfalto es uno de los servicios m\u00e1s solicitados en la industria del asfalto. Las empresas y los ayuntamientos conf\u00edan en el sellado de virutas por su comodidad, rapidez y asequibilidad a la hora de restaurar las calzadas. Si usted es un &hellip; <a href=\"https:\/\/bearcatmfg.com\/es\/maquinas-de-asfaltado\/\" class=\"more-link\">Continue reading <span class=\"screen-reader-text\">M\u00e1quinas de asfaltado<\/span><\/a><\/p>\n","protected":false},"author":1,"featured_media":1776,"parent":0,"menu_order":0,"comment_status":"closed","ping_status":"closed","template":"","meta":{"_acf_changed":false,"footnotes":""},"class_list":["post-1780","page","type-page","status-publish","has-post-thumbnail","hentry"],"acf":[],"_links":{"self":[{"href":"https:\/\/bearcatmfg.com\/es\/wp-json\/wp\/v2\/pages\/1780","targetHints":{"allow":["GET"]}}],"collection":[{"href":"https:\/\/bearcatmfg.com\/es\/wp-json\/wp\/v2\/pages"}],"about":[{"href":"https:\/\/bearcatmfg.com\/es\/wp-json\/wp\/v2\/types\/page"}],"author":[{"embeddable":true,"href":"https:\/\/bearcatmfg.com\/es\/wp-json\/wp\/v2\/users\/1"}],"replies":[{"embeddable":true,"href":"https:\/\/bearcatmfg.com\/es\/wp-json\/wp\/v2\/comments?post=1780"}],"version-history":[{"count":1,"href":"https:\/\/bearcatmfg.com\/es\/wp-json\/wp\/v2\/pages\/1780\/revisions"}],"predecessor-version":[{"id":1899,"href":"https:\/\/bearcatmfg.com\/es\/wp-json\/wp\/v2\/pages\/1780\/revisions\/1899"}],"wp:featuredmedia":[{"embeddable":true,"href":"https:\/\/bearcatmfg.com\/es\/wp-json\/wp\/v2\/media\/1776"}],"wp:attachment":[{"href":"https:\/\/bearcatmfg.com\/es\/wp-json\/wp\/v2\/media?parent=1780"}],"curies":[{"name":"wp","href":"https:\/\/api.w.org\/{rel}","templated":true}]}}