{"id":1893,"date":"2023-02-08T04:56:22","date_gmt":"2023-02-08T04:56:22","guid":{"rendered":"https:\/\/bearcatmfg.com\/camion-distribuidor-de-asfalto\/"},"modified":"2023-02-08T04:56:22","modified_gmt":"2023-02-08T04:56:22","slug":"camion-distribuidor-de-asfalto","status":"publish","type":"page","link":"https:\/\/bearcatmfg.com\/es\/camion-distribuidor-de-asfalto\/","title":{"rendered":"Cami\u00f3n distribuidor de asfalto"},"content":{"rendered":"<h3>Simplifique la pavimentaci\u00f3n de asfalto con el mejor cami\u00f3n distribuidor de asfalto del sector<\/h3>\n<p>Para ser un contratista de asfalto de \u00e9xito en su comunidad, debe disponer de la maquinaria y el equipo necesarios para prestar cualquier servicio de asfalto disponible. Tanto si se trata de colocar asfalto fresco como de reparar la superficie de una carretera, el <a href=\"https:\/\/bearcatmfg.com\/road-maintenance-equipment\/\">equipo de mantenimiento de<\/a> carreteras adecuado garantiza que los proyectos se realicen con precisi\u00f3n, eficacia y puntualidad. Por ejemplo, cualquier contratista de asfalto necesita un cami\u00f3n distribuidor de asfalto. Si busca distribuidores para su negocio, cuente con BearCat Manufacturing para los mejores camiones distribuidores disponibles.<\/p>\n<h3>Nuestros camiones distribuidores<\/h3>\n<p>BearCat busca proporcionar maquinaria de <a href=\"https:\/\/bearcatmfg.com\/asphalt-repair\/\">reparaci\u00f3n<\/a> y <a href=\"https:\/\/bearcatmfg.com\/asphalt-maintenance\/\">mantenimiento<\/a> de <a href=\"https:\/\/bearcatmfg.com\/asphalt-repair\/\">asfalto<\/a> que funcione con precisi\u00f3n y eficacia en cada proyecto. Por ello, hemos desarrollado dise\u00f1os de equipos racionalizados, duraderos y fabricados a medida. Permita que BearCat le ayude a seleccionar el cami\u00f3n distribuidor que mejor se adapte a las necesidades de su negocio y de sus clientes.<\/p>\n<ul>\n<li><strong>BC-502 Distribuidores de asfalto<\/strong>\n<ul>\n<li>Nuestro BC-502 es com\u00fanmente conocido como \u00abla leyenda\u00bb entre los contratistas de asfalto debido a su inigualable durabilidad y productividad. Estos camiones distribuidores de asfalto permiten una aplicaci\u00f3n r\u00e1pida y sencilla de asfalto l\u00edquido a cualquier superficie de terreno o carretera. Utilizados junto con <a href=\"https:\/\/bearcatmfg.com\/asphalt-chip-spreaders\/\">los esparcidores de gravilla<\/a>, estos camiones de distribuci\u00f3n son un componente esencial del <a href=\"https:\/\/bearcatmfg.com\/chip-seal-paving\/\">sellado de gravilla<\/a> y de los servicios adicionales de pavimentaci\u00f3n con asfalto.<\/li>\n<\/ul>\n<\/li>\n<li><strong>Cami\u00f3n distribuidor de asfalto granulado de caucho<\/strong>\n<ul>\n<li>Para servicios especializados de asfalto, BearCat produce nuestro distribuidor de asfalto de caucho granulado. Este cami\u00f3n es similar a nuestro BC-502 en rendimiento y funcionamiento, siendo su principal diferencia la capacidad de distribuir asfalto de caucho granulado, un material t\u00edpicamente viscoso. Con tubos de entrada extragrandes, quemadores di\u00e9sel de alto rendimiento y un sinf\u00edn interno, nuestro cami\u00f3n distribuidor de asfalto de caucho granulado puede transportar y aplicar f\u00e1cilmente la mayor\u00eda de los materiales viscosos.<\/li>\n<\/ul>\n<\/li>\n<li><strong>Pavimentadora por pulverizaci\u00f3n SP-200 Roadtec<\/strong>\n<ul>\n<li>Aunque no se considera un cami\u00f3n distribuidor est\u00e1ndar, nuestro SP-200 Roadtec Spray Paver hace el trabajo de los distribuidores, \u00a1y algo m\u00e1s! Este equipo personalizado ayuda a condensar el proceso de colocaci\u00f3n de asfalto y \u00e1ridos para la mayor\u00eda de las aplicaciones de sellado de virutas. En lugar de que un cami\u00f3n distribuidor aplique asfalto y esparcidores de gravilla coloquen \u00e1rido asf\u00e1ltico, el Roadtec Spray Paver aplica ambos a las superficies de pavimento en un solo paso. Este proceso se traduce en una mayor adherencia a las superficies de las carreteras, una mayor eficacia de la aplicaci\u00f3n y un menor riesgo de contaminaci\u00f3n o fallo prematuro del pavimento.<\/li>\n<\/ul>\n<\/li>\n<\/ul>\n<h3>Equipamiento BearCat adicional<\/h3>\n<p>Los camiones <a href=\"https:\/\/bearcatmfg.com\/asphalt-distributors\/\">distribuidores de asfalto<\/a> no son el \u00fanico equipo que BearCat suministra a nuestros clientes. Adem\u00e1s de los <a href=\"https:\/\/bearcatmfg.com\/asphalt-distributor-trailer\/\">remolques distribuidores<\/a>, fabricamos y vendemos grandes <a href=\"https:\/\/bearcatmfg.com\/industrial-asphalt-equipment\/\">equipos<\/a> industriales para el sellado de grietas y la aplicaci\u00f3n de gravilla. Las selladoras de grietas de BearCat son las m\u00e1s productivas del sector, y nuestros esparcidores de gravilla garantizan una aplicaci\u00f3n f\u00e1cil y precisa de \u00e1ridos en cualquier superficie. Adem\u00e1s, puede invertir en <a href=\"https:\/\/bearcatmfg.com\/product-category\/custom-equipment\/\">equipos personalizados<\/a> a trav\u00e9s de BearCat, como sistemas de pulverizaci\u00f3n de control de polvo, sistemas de espumado de virutas de precapa y reciclaje en fr\u00edo in situ.<\/p>\n<div class=\"left-img\"><img loading=\"lazy\" decoding=\"async\" class=\"alignnone\" src=\"https:\/\/bearcatmfg.com\/wp-content\/uploads\/2022\/12\/asphalt-distributor-truck-2.jpg\" alt=\"La parte trasera de un cami\u00f3n distribuidor de asfalto BearCat\" width=\"500\" height=\"350\" title=\"\"><\/div>\n<h3>M\u00e1s informaci\u00f3n<\/h3>\n<p>Ya sea que est\u00e9 buscando reemplazar un viejo cami\u00f3n distribuidor de asfalto o agregar m\u00e1s a su flota, cuente con BearCat Manufacturing para los <a href=\"https:\/\/bearcatmfg.com\/best-asphalt-distributors\/\">mejores distribuidores de<\/a> la industria del asfalto. Para obtener m\u00e1s informaci\u00f3n sobre nuestros distribuidores u otros equipos de mantenimiento de carreteras, p\u00f3ngase en contacto con nosotros hoy mismo en el <a href=\"tel:9286847851\">928-684-7851<\/a>. Estamos ubicados en 3650 N Sabin Brown Rd, Wickenburg, AZ 85390. BearCat Manufacturing tiene su sede en Arizona y atiende a clientes de todo Estados Unidos.<\/p>\n","protected":false},"excerpt":{"rendered":"<p>Simplifique la pavimentaci\u00f3n de asfalto con el mejor cami\u00f3n distribuidor de asfalto del sector Para ser un contratista de asfalto de \u00e9xito en su comunidad, debe disponer de la maquinaria y el equipo necesarios para prestar cualquier servicio de asfalto disponible. Tanto si se trata de colocar asfalto fresco como de reparar la superficie de &hellip; <a href=\"https:\/\/bearcatmfg.com\/es\/camion-distribuidor-de-asfalto\/\" class=\"more-link\">Continue reading <span class=\"screen-reader-text\">Cami\u00f3n distribuidor de asfalto<\/span><\/a><\/p>\n","protected":false},"author":1,"featured_media":1766,"parent":0,"menu_order":0,"comment_status":"closed","ping_status":"closed","template":"","meta":{"_acf_changed":false,"footnotes":""},"class_list":["post-1893","page","type-page","status-publish","has-post-thumbnail","hentry"],"acf":[],"_links":{"self":[{"href":"https:\/\/bearcatmfg.com\/es\/wp-json\/wp\/v2\/pages\/1893","targetHints":{"allow":["GET"]}}],"collection":[{"href":"https:\/\/bearcatmfg.com\/es\/wp-json\/wp\/v2\/pages"}],"about":[{"href":"https:\/\/bearcatmfg.com\/es\/wp-json\/wp\/v2\/types\/page"}],"author":[{"embeddable":true,"href":"https:\/\/bearcatmfg.com\/es\/wp-json\/wp\/v2\/users\/1"}],"replies":[{"embeddable":true,"href":"https:\/\/bearcatmfg.com\/es\/wp-json\/wp\/v2\/comments?post=1893"}],"version-history":[{"count":0,"href":"https:\/\/bearcatmfg.com\/es\/wp-json\/wp\/v2\/pages\/1893\/revisions"}],"wp:featuredmedia":[{"embeddable":true,"href":"https:\/\/bearcatmfg.com\/es\/wp-json\/wp\/v2\/media\/1766"}],"wp:attachment":[{"href":"https:\/\/bearcatmfg.com\/es\/wp-json\/wp\/v2\/media?parent=1893"}],"curies":[{"name":"wp","href":"https:\/\/api.w.org\/{rel}","templated":true}]}}