{"id":1894,"date":"2023-02-08T04:56:22","date_gmt":"2023-02-08T04:56:22","guid":{"rendered":"https:\/\/bearcatmfg.com\/remolque-distribuidor-de-asfalto\/"},"modified":"2023-02-08T04:56:22","modified_gmt":"2023-02-08T04:56:22","slug":"remolque-distribuidor-de-asfalto","status":"publish","type":"page","link":"https:\/\/bearcatmfg.com\/es\/remolque-distribuidor-de-asfalto\/","title":{"rendered":"Remolque distribuidor de asfalto"},"content":{"rendered":"<h3>Gestione cualquier trabajo de asfaltado con un remolque distribuidor de asfalto<\/h3>\n<p>Asegurarse de que su empresa est\u00e1 equipada con la maquinaria adecuada es crucial para el \u00e9xito de un negocio de contrataci\u00f3n de asfalto. Por ello, los <a href=\"https:\/\/bearcatmfg.com\/asphalt-distributor-truck\/\">camiones distribuidores<\/a>, las <a href=\"https:\/\/bearcatmfg.com\/asphalt-crack-sealers\/\">selladoras de grietas<\/a> y otros equipos de mantenimiento de carreteras son necesarios para su negocio. Sin embargo, en lugar de conformarse con camiones distribuidores de asfalto, BearCat Manufacturing puede ofrecer una alternativa que podr\u00eda funcionar mejor para su negocio: un remolque distribuidor de asfalto. Descubra por qu\u00e9 su negocio podr\u00eda beneficiarse de un remolque en lugar de un cami\u00f3n cuando hable de sus necesidades de pavimentaci\u00f3n con BearCat.<\/p>\n<h3>Remolques frente a camiones<\/h3>\n<p>Aunque las diferencias entre un cami\u00f3n distribuidor de asfalto o un remolque puedan parecer m\u00ednimas, marcan la diferencia para los contratistas y sus clientes. Dependiendo de las necesidades de su empresa, BearCat puede ayudarle a seleccionar el equipo que garantice la mayor \u00abrentabilidad\u00bb.<\/p>\n<ul>\n<li><strong>Gestionar proyectos m\u00e1s peque\u00f1os<\/strong>\n<ul>\n<li>Aunque eficaces en su funci\u00f3n, los camiones distribuidores no son los veh\u00edculos m\u00e1s maniobrables. Cuando se trata de completar grandes calzadas o lotes, los camiones distribuidores son necesarios para terminar un trabajo con precisi\u00f3n y a tiempo. Sin embargo, tiene menos sentido utilizar un distribuidor de asfalto grande para parcelas o entradas de veh\u00edculos m\u00e1s peque\u00f1as. En cambio, un remolque puede utilizar un dep\u00f3sito m\u00e1s peque\u00f1o y engancharse a veh\u00edculos m\u00e1s compactos, lo que facilita las maniobras para proyectos precisos.<\/li>\n<\/ul>\n<\/li>\n<li><strong>Ahorro de dinero<\/strong>\n<ul>\n<li>Aunque un <a href=\"https:\/\/bearcatmfg.com\/asphalt-distributors\/\">cami\u00f3n distribuidor de asfalto<\/a> puede ser perfecto para su negocio, puede que el precio no lo sea. Teniendo en cuenta que no s\u00f3lo paga por el distribuidor de asfalto, sino tambi\u00e9n por la cabina del cami\u00f3n adosado, los camiones distribuidores pueden salirse de su presupuesto. Por el contrario, los remolques de los distribuidores son bastante m\u00e1s asequibles. Especialmente si dispone de un cami\u00f3n para su negocio de pavimentaci\u00f3n, necesita un remolque para garantizar una pulverizaci\u00f3n eficaz del asfalto a un precio razonable.<\/li>\n<\/ul>\n<\/li>\n<li><strong>F\u00e1cilmente personalizable<\/strong>\n<ul>\n<li>BearCat facilita la actualizaci\u00f3n y personalizaci\u00f3n de nuestros remolques distribuidores de asfalto. Empezando con un remolque de asfalto de base, podemos equipar sistemas de control informatizados, barras de pulverizaci\u00f3n, medidores de temperatura, sistemas de control de polvo y mucho m\u00e1s. Su remolque distribuidor de asfalto es vers\u00e1til, ya que ofrece la misma funci\u00f3n que los camiones distribuidores de asfalto pero en un bastidor m\u00e1s peque\u00f1o y personalizable.<\/li>\n<\/ul>\n<\/li>\n<\/ul>\n<h3>Equipo de asfalto adicional<\/h3>\n<p>Por supuesto, los remolques distribuidores de asfalto no son las \u00fanicas m\u00e1quinas producidas y vendidas por BearCat Manufacturing. Desde 1969, nuestros dise\u00f1os innovadores y t\u00e9cnicos han impulsado la producci\u00f3n en la industria de la pavimentaci\u00f3n asf\u00e1ltica. Por ejemplo, nuestras m\u00e1quinas de <a href=\"https:\/\/bearcatmfg.com\/asphalt-crack-sealing\/\">sellado<\/a> de grietas tienen la tasa de producci\u00f3n m\u00e1s alta de otras selladoras de grietas en nuestra industria. Adem\u00e1s, nuestros <a href=\"https:\/\/bearcatmfg.com\/asphalt-chip-spreaders\/\">esparcidores de gravilla<\/a> y camiones distribuidores garantizan un proceso de sellado de gravilla altamente eficaz para cualquier trabajo. Y la selecci\u00f3n de <a href=\"https:\/\/bearcatmfg.com\/product-category\/custom-equipment\/\">equipos<\/a> y sistemas <a href=\"https:\/\/bearcatmfg.com\/product-category\/custom-equipment\/\">personalizados<\/a> de BearCat puede mejorar a\u00fan m\u00e1s las capacidades de pavimentaci\u00f3n de asfalto de su empresa.<\/p>\n<div class=\"left-img\"><img loading=\"lazy\" decoding=\"async\" class=\"alignnone\" src=\"https:\/\/bearcatmfg.com\/wp-content\/uploads\/2022\/12\/asphalt-distributor-trailer-2.jpg\" alt=\"Un cami\u00f3n distribuidor de asfalto dise\u00f1ado por BearCat Manufacturing\" width=\"829\" height=\"664\" title=\"\"><\/div>\n<h3>Hable con nuestro equipo<\/h3>\n<p>Ya sea que est\u00e9 buscando un remolque distribuidor de asfalto u otro <a href=\"https:\/\/bearcatmfg.com\/road-maintenance-equipment\/\">equipo de mantenimiento de carreteras<\/a> para apoyar el crecimiento de su negocio de contrataci\u00f3n de asfalto, BearCat Manufacturing lo tiene cubierto. Obtenga m\u00e1s informaci\u00f3n sobre nuestra empresa y nuestra oferta de equipos industriales llamando al <a href=\"tel:9286847851\">928-684-7851<\/a>. Estamos ubicados en 3650 N Sabin Brown Rd, Wickenburg, AZ 85390. BearCat Manufacturing tiene su sede en Arizona y atiende a clientes de todo Estados Unidos.<\/p>\n","protected":false},"excerpt":{"rendered":"<p>Gestione cualquier trabajo de asfaltado con un remolque distribuidor de asfalto Asegurarse de que su empresa est\u00e1 equipada con la maquinaria adecuada es crucial para el \u00e9xito de un negocio de contrataci\u00f3n de asfalto. Por ello, los camiones distribuidores, las selladoras de grietas y otros equipos de mantenimiento de carreteras son necesarios para su negocio. &hellip; <a href=\"https:\/\/bearcatmfg.com\/es\/remolque-distribuidor-de-asfalto\/\" class=\"more-link\">Continue reading <span class=\"screen-reader-text\">Remolque distribuidor de asfalto<\/span><\/a><\/p>\n","protected":false},"author":1,"featured_media":1770,"parent":0,"menu_order":0,"comment_status":"closed","ping_status":"closed","template":"","meta":{"_acf_changed":false,"footnotes":""},"class_list":["post-1894","page","type-page","status-publish","has-post-thumbnail","hentry"],"acf":[],"_links":{"self":[{"href":"https:\/\/bearcatmfg.com\/es\/wp-json\/wp\/v2\/pages\/1894","targetHints":{"allow":["GET"]}}],"collection":[{"href":"https:\/\/bearcatmfg.com\/es\/wp-json\/wp\/v2\/pages"}],"about":[{"href":"https:\/\/bearcatmfg.com\/es\/wp-json\/wp\/v2\/types\/page"}],"author":[{"embeddable":true,"href":"https:\/\/bearcatmfg.com\/es\/wp-json\/wp\/v2\/users\/1"}],"replies":[{"embeddable":true,"href":"https:\/\/bearcatmfg.com\/es\/wp-json\/wp\/v2\/comments?post=1894"}],"version-history":[{"count":0,"href":"https:\/\/bearcatmfg.com\/es\/wp-json\/wp\/v2\/pages\/1894\/revisions"}],"wp:featuredmedia":[{"embeddable":true,"href":"https:\/\/bearcatmfg.com\/es\/wp-json\/wp\/v2\/media\/1770"}],"wp:attachment":[{"href":"https:\/\/bearcatmfg.com\/es\/wp-json\/wp\/v2\/media?parent=1894"}],"curies":[{"name":"wp","href":"https:\/\/api.w.org\/{rel}","templated":true}]}}