{"id":1896,"date":"2023-02-08T04:56:24","date_gmt":"2023-02-08T04:56:24","guid":{"rendered":"https:\/\/bearcatmfg.com\/reparacion-de-grietas\/"},"modified":"2025-02-25T09:05:26","modified_gmt":"2025-02-25T09:05:26","slug":"reparacion-de-grietas","status":"publish","type":"page","link":"https:\/\/bearcatmfg.com\/es\/reparacion-de-grietas\/","title":{"rendered":"Reparaci\u00f3n de grietas"},"content":{"rendered":"<h4>Reparaci\u00f3n de Grietas: Un servicio esencial para los contratistas de asfalto<\/h4>\n<p>Como contratista de asfalto, uno de tus objetivos es mantener la seguridad de las carreteras, adem\u00e1s de pensar en tu propio negocio. Aunque tus servicios principales, como <a href=\"https:\/\/bearcatmfg.com\/chip-seal-machines\/\">el sellado de asfalto<\/a>, la instalaci\u00f3n de asfalto y el revestimiento de sellado, son importantes para tu negocio, los servicios de reparaci\u00f3n m\u00e1s peque\u00f1os tambi\u00e9n pueden ser beneficiosos. Un servicio como la reparaci\u00f3n de grietas es un gran complemento para tu negocio. Y <a href=\"https:\/\/bearcatmfg.com\/about-us\/\">BearCat Manufacturing<\/a> se compromete a ayudarte a tener el mejor equipo para el trabajo.   <\/p>\n<h4>Por qu\u00e9 no hay que descuidar la reparaci\u00f3n de grietas<\/h4>\n<p>Aunque la reparaci\u00f3n de grietas no es el servicio m\u00e1s amplio que ofrecen los contratistas de asfalto, es eficaz para mantener y conservar el asfalto a corto plazo. Eso se debe a que tus clientes necesitan reparaciones y mantenimiento regulares del asfalto. Ya sea para una calzada residencial o un solar comercial, la <a href=\"https:\/\/bearcatmfg.com\/asphalt-crack-repair\/\">reparaci\u00f3n de<\/a> grietas ofrece varias ventajas:  <\/p>\n<ul>\n<li><strong>Conservaci\u00f3n del pavimento.<\/strong>  Las grietas en el pavimento son se\u00f1ales tempranas de posibles problemas, pero no son alarmantes de inmediato. Reparar las grietas existentes evita que el asfalto se deteriore m\u00e1s, impidiendo que la humedad y los productos qu\u00edmicos se filtren bajo la superficie. Tanto si se hace solo como junto con otros servicios de pavimentaci\u00f3n, el sellado de grietas puede prolongar significativamente la longevidad de tu pavimento.  <\/li>\n<li><strong>Atractivo.<\/strong>  Un pavimento agrietado desmerece la impresi\u00f3n general de una propiedad. Para las propiedades comerciales, el aspecto es crucial para atraer clientes y mantener una imagen profesional. El sellado de grietas repara el pavimento antes de que se desmorone a\u00fan m\u00e1s, preservando el atractivo de una propiedad.  <\/li>\n<li><strong>Servicio de Pavimentaci\u00f3n de Entradas.<\/strong>  Los clientes suelen reconocer la necesidad de reparaci\u00f3n cuando aparecen grietas. La reparaci\u00f3n de grietas es una primera opci\u00f3n popular para abordar los problemas del pavimento antes de considerar otras opciones de conservaci\u00f3n. Es asequible tanto para los contratistas como para los clientes, lo que garantiza trabajos de reparaci\u00f3n constantes para tu negocio.  <\/li>\n<\/ul>\n<p>La <a href=\"https:\/\/bearcatmfg.com\/top-rated-crack-sealers\/\">m\u00e1quina de reparaci\u00f3n de grietas<\/a> BearCat est\u00e1 dise\u00f1ada para satisfacer las necesidades de cada operador y trabajo. Nuestras selladoras de grietas se encuentran entre las m\u00e1s productivas del sector, y ofrecen una r\u00e1pida puesta en marcha, una excelente capacidad de calentamiento y el pleno cumplimiento de la normativa DOT. Las caracter\u00edsticas de nuestras selladoras de grietas de goma BK-250 y BK-400 incluyen dos puertas de carga de sellador, pestillos de seguridad en las puertas, controles de funcionamiento situados en el centro, un brazo de manguera para minimizar el desgaste del suelo, y mucho m\u00e1s.  <\/p>\n<h4>Acerca de BearCat MFG<\/h4>\n<p>Fundada en 1969 por Ken Hill y Don Carson, BearCat MFG naci\u00f3 de la visi\u00f3n de crear el mejor equipo para la industria del extendido de asfalto. Nuestra historia est\u00e1 marcada por un esp\u00edritu de innovaci\u00f3n, que empez\u00f3 con modificaciones de camiones existentes para el control de funciones en cabina, y evolucion\u00f3 hasta el dise\u00f1o de barras de pulverizaci\u00f3n personalizadas con v\u00e1lvulas de pulverizaci\u00f3n pop y aletas de ruptura. Ken y Don establecieron una tradici\u00f3n de excelencia que el equipo de BearCat MFG sigue manteniendo. Nos comprometemos a ofrecerte siempre el equipo adecuado a tus necesidades.   <\/p>\n<div class=\"left-img\"><img decoding=\"async\" src=\"https:\/\/bearcatmfg.com\/wp-content\/uploads\/2024\/07\/cracked-road.jpg\" alt=\"Reparaci\u00f3n de grietas\" title=\"\"><\/div>\n<h4>Contacte con BearCat hoy mismo<\/h4>\n<p>Ofrece a tus clientes servicios r\u00e1pidos y eficaces de sellado de grietas con las m\u00e1quinas de reparaci\u00f3n de grietas de BearCat Manufacturing. Si deseas m\u00e1s equipos de mantenimiento de carreteras para tu empresa de pavimentaci\u00f3n de asfalto, <a href=\"https:\/\/bearcatmfg.com\/contact-us\/\">ponte en contacto con BearCat<\/a> en el <a href=\"tel:9286847851\">928-684-7851<\/a>. <\/p>\n","protected":false},"excerpt":{"rendered":"<p>Reparaci\u00f3n de Grietas: Un servicio esencial para los contratistas de asfalto Como contratista de asfalto, uno de tus objetivos es mantener la seguridad de las carreteras, adem\u00e1s de pensar en tu propio negocio. Aunque tus servicios principales, como el sellado de asfalto, la instalaci\u00f3n de asfalto y el revestimiento de sellado, son importantes para tu &hellip; <a href=\"https:\/\/bearcatmfg.com\/es\/reparacion-de-grietas\/\" class=\"more-link\">Continue reading <span class=\"screen-reader-text\">Reparaci\u00f3n de grietas<\/span><\/a><\/p>\n","protected":false},"author":1,"featured_media":2771,"parent":0,"menu_order":0,"comment_status":"closed","ping_status":"closed","template":"","meta":{"_acf_changed":false,"footnotes":""},"class_list":["post-1896","page","type-page","status-publish","has-post-thumbnail","hentry"],"acf":[],"_links":{"self":[{"href":"https:\/\/bearcatmfg.com\/es\/wp-json\/wp\/v2\/pages\/1896","targetHints":{"allow":["GET"]}}],"collection":[{"href":"https:\/\/bearcatmfg.com\/es\/wp-json\/wp\/v2\/pages"}],"about":[{"href":"https:\/\/bearcatmfg.com\/es\/wp-json\/wp\/v2\/types\/page"}],"author":[{"embeddable":true,"href":"https:\/\/bearcatmfg.com\/es\/wp-json\/wp\/v2\/users\/1"}],"replies":[{"embeddable":true,"href":"https:\/\/bearcatmfg.com\/es\/wp-json\/wp\/v2\/comments?post=1896"}],"version-history":[{"count":2,"href":"https:\/\/bearcatmfg.com\/es\/wp-json\/wp\/v2\/pages\/1896\/revisions"}],"predecessor-version":[{"id":4234,"href":"https:\/\/bearcatmfg.com\/es\/wp-json\/wp\/v2\/pages\/1896\/revisions\/4234"}],"wp:featuredmedia":[{"embeddable":true,"href":"https:\/\/bearcatmfg.com\/es\/wp-json\/wp\/v2\/media\/2771"}],"wp:attachment":[{"href":"https:\/\/bearcatmfg.com\/es\/wp-json\/wp\/v2\/media?parent=1896"}],"curies":[{"name":"wp","href":"https:\/\/api.w.org\/{rel}","templated":true}]}}