{"id":1897,"date":"2023-02-08T04:56:23","date_gmt":"2023-02-08T04:56:23","guid":{"rendered":"https:\/\/bearcatmfg.com\/equipos-de-mantenimiento-de-carreteras\/"},"modified":"2023-02-08T04:56:27","modified_gmt":"2023-02-08T04:56:27","slug":"equipos-de-mantenimiento-de-carreteras","status":"publish","type":"page","link":"https:\/\/bearcatmfg.com\/es\/equipos-de-mantenimiento-de-carreteras\/","title":{"rendered":"Equipos de mantenimiento de carreteras"},"content":{"rendered":"<h3>Adel\u00e1ntese al deterioro del asfalto con equipos de mantenimiento de carreteras de alta calidad<\/h3>\n<p>Mantener las carreteras del pa\u00eds en condiciones \u00f3ptimas de conducci\u00f3n es un reto para cualquier contratista de asfalto, ayuntamiento o equipo de mantenimiento de carreteras. Las carreteras asfaltadas de Estados Unidos se encuentran en diferentes estados y condiciones, lo que significa que siempre hay necesidad de servicios de pavimentaci\u00f3n de asfalto. Por ello, disponer del equipo de mantenimiento de carreteras necesario para satisfacer las necesidades de pavimentaci\u00f3n de los clientes es esencial para cualquier contratista de asfalto. Afortunadamente, puede encontrar el equipo que necesita con la ayuda de BearCat Manufacturing.<\/p>\n<h3>Reparaci\u00f3n, mantenimiento, conservaci\u00f3n y mucho m\u00e1s<\/h3>\n<p>Desde peque\u00f1os <a href=\"https:\/\/bearcatmfg.com\/asphalt-repair\/\">trabajos de reparaci\u00f3n<\/a> hasta la renovaci\u00f3n completa del asfalto, su empresa necesita la <a href=\"https:\/\/bearcatmfg.com\/chip-seal-machines\/\">maquinaria<\/a> adecuada para los servicios que desea ofrecer. Afortunadamente, BearCat Manufacturing produce maquinaria duradera y de alta calidad para implementar servicios de pavimentaci\u00f3n incre\u00edblemente eficaces para la reparaci\u00f3n, el <a href=\"https:\/\/bearcatmfg.com\/asphalt-maintenance\/\">mantenimiento<\/a> o la conservaci\u00f3n del asfalto.<\/p>\n<ul>\n<li><strong>C\u00f3mo conservar el pavimento<\/strong>\n<ul>\n<li>Aunque el sellado es un servicio est\u00e1ndar destinado a proteger la superficie del pavimento, no ayuda a renovar el asfalto. Por el contrario, <a href=\"https:\/\/bearcatmfg.com\/chip-seal-service\/\">el sellado de desconchones<\/a> no s\u00f3lo restaura una superficie deteriorada, sino que ayuda a conservarla durante a\u00f1os. Con equipos como <a href=\"https:\/\/bearcatmfg.com\/asphalt-distributors\/\">distribuidores de asfalto<\/a> y <a href=\"https:\/\/bearcatmfg.com\/best-chip-spreaders\/\">esparcidores de gravilla<\/a>, su empresa puede suministrar la pavimentaci\u00f3n de aglomerado adecuada para cualquier cliente.<\/li>\n<\/ul>\n<\/li>\n<li><strong>C\u00f3mo reparar el asfalto<\/strong>\n<ul>\n<li>Su empresa puede invertir en equipos para reparaciones m\u00ednimas del asfalto, como grietas en el pavimento. <a href=\"https:\/\/bearcatmfg.com\/asphalt-crack-sealers\/\">Las<\/a> selladoras de grietas son carritos o remolques que permiten rellenar grietas de forma r\u00e1pida y sencilla en cualquier superficie de solar o carretera. <a href=\"https:\/\/bearcatmfg.com\/asphalt-crack-sealing\/\">El sellado<\/a> de grietas es uno de los servicios m\u00e1s asequibles en comparaci\u00f3n con otros servicios de asfaltado. Aunque el sellado de grietas no dura tanto como el sellado de virutas o el revestimiento de sellado, es una buena forma de prolongar la vida \u00fatil del pavimento entre una repavimentaci\u00f3n o reparaci\u00f3n adicional.<\/li>\n<\/ul>\n<\/li>\n<li><strong>Equipo de mantenimiento adicional<\/strong>\n<ul>\n<li>Adem\u00e1s de la oferta de equipos est\u00e1ndar de BearCat, proporcionamos maquinaria personalizada y exclusiva que puede simplificar o mejorar diversos servicios de pavimentaci\u00f3n de asfalto. Por ejemplo, nuestras extendedoras Roadtec combinan el trabajo de nuestros distribuidores de asfalto y esparcidores de gravilla en una sola m\u00e1quina. O, nuestro Sistema de Espumado de Virutas Precoat ayuda a aumentar la eficacia de la colocaci\u00f3n de virutas en el proceso de sellado de virutas.<\/li>\n<\/ul>\n<\/li>\n<\/ul>\n<h3>\u00bfPor qu\u00e9 elegir BearCat?<\/h3>\n<p>Pocos fabricantes de equipos de mantenimiento de carreteras pueden ofrecer m\u00e1s calidad, comodidad y precisi\u00f3n con sus equipos que BearCat. Desde 1969, Ken Hill y Don Carson, cofundadores de BearCat, han formado parte de la industria de la pavimentaci\u00f3n de asfalto. Todo empez\u00f3 con unas pocas modificaciones en un cami\u00f3n existente que permit\u00edan controlar las funciones de pulverizaci\u00f3n de asfalto desde la cabina. En la actualidad, las innovaciones t\u00e9cnicas de BearCat siguen aumentando los niveles de rendimiento en toda la industria del asfalto.<\/p>\n<div class=\"left-img\"><img loading=\"lazy\" decoding=\"async\" class=\"alignnone\" src=\"https:\/\/bearcatmfg.com\/wp-content\/uploads\/2022\/12\/road-maintenance-equipment-2.jpg\" alt=\"Un distribuidor BearCat, una pieza esencial del equipo de mantenimiento de carreteras\" width=\"500\" height=\"350\" title=\"\"><\/div>\n<h3>Hable con nuestro equipo<\/h3>\n<p>No se conforme con menos que el mejor equipo de mantenimiento de carreteras para su empresa. Aseg\u00farese de que puede satisfacer las necesidades de pavimentaci\u00f3n de asfalto de sus clientes con la maquinaria industrial producida por BearCat Manufacturing. Para obtener m\u00e1s informaci\u00f3n, p\u00f3ngase en contacto con nosotros hoy mismo en <a href=\"tel:9286847851\">el 928-684-7851<\/a>. Estamos ubicados en 3650 N Sabin Brown Rd, Wickenburg, AZ 85390. BearCat Manufacturing tiene su sede en Arizona y atiende a clientes de todo Estados Unidos.<\/p>\n","protected":false},"excerpt":{"rendered":"<p>Adel\u00e1ntese al deterioro del asfalto con equipos de mantenimiento de carreteras de alta calidad Mantener las carreteras del pa\u00eds en condiciones \u00f3ptimas de conducci\u00f3n es un reto para cualquier contratista de asfalto, ayuntamiento o equipo de mantenimiento de carreteras. Las carreteras asfaltadas de Estados Unidos se encuentran en diferentes estados y condiciones, lo que significa &hellip; <a href=\"https:\/\/bearcatmfg.com\/es\/equipos-de-mantenimiento-de-carreteras\/\" class=\"more-link\">Continue reading <span class=\"screen-reader-text\">Equipos de mantenimiento de carreteras<\/span><\/a><\/p>\n","protected":false},"author":1,"featured_media":1758,"parent":0,"menu_order":0,"comment_status":"closed","ping_status":"closed","template":"","meta":{"_acf_changed":false,"footnotes":""},"class_list":["post-1897","page","type-page","status-publish","has-post-thumbnail","hentry"],"acf":[],"_links":{"self":[{"href":"https:\/\/bearcatmfg.com\/es\/wp-json\/wp\/v2\/pages\/1897","targetHints":{"allow":["GET"]}}],"collection":[{"href":"https:\/\/bearcatmfg.com\/es\/wp-json\/wp\/v2\/pages"}],"about":[{"href":"https:\/\/bearcatmfg.com\/es\/wp-json\/wp\/v2\/types\/page"}],"author":[{"embeddable":true,"href":"https:\/\/bearcatmfg.com\/es\/wp-json\/wp\/v2\/users\/1"}],"replies":[{"embeddable":true,"href":"https:\/\/bearcatmfg.com\/es\/wp-json\/wp\/v2\/comments?post=1897"}],"version-history":[{"count":1,"href":"https:\/\/bearcatmfg.com\/es\/wp-json\/wp\/v2\/pages\/1897\/revisions"}],"predecessor-version":[{"id":1909,"href":"https:\/\/bearcatmfg.com\/es\/wp-json\/wp\/v2\/pages\/1897\/revisions\/1909"}],"wp:featuredmedia":[{"embeddable":true,"href":"https:\/\/bearcatmfg.com\/es\/wp-json\/wp\/v2\/media\/1758"}],"wp:attachment":[{"href":"https:\/\/bearcatmfg.com\/es\/wp-json\/wp\/v2\/media?parent=1897"}],"curies":[{"name":"wp","href":"https:\/\/api.w.org\/{rel}","templated":true}]}}