{"id":1898,"date":"2023-02-08T04:56:24","date_gmt":"2023-02-08T04:56:24","guid":{"rendered":"https:\/\/bearcatmfg.com\/repavimentacion-asfaltica\/"},"modified":"2023-02-08T04:56:29","modified_gmt":"2023-02-08T04:56:29","slug":"repavimentacion-asfaltica","status":"publish","type":"page","link":"https:\/\/bearcatmfg.com\/es\/repavimentacion-asfaltica\/","title":{"rendered":"Repavimentaci\u00f3n asf\u00e1ltica"},"content":{"rendered":"<h3>Ofrezca los mejores servicios de reasfaltado con la ayuda de BearCat<\/h3>\n<p>En lugar de sustituir por completo una calzada de asfalto, la repavimentaci\u00f3n es una alternativa potencial. La repavimentaci\u00f3n de asfalto suele ser una soluci\u00f3n m\u00e1s rentable y tambi\u00e9n puede beneficiar a la superficie de su pavimento. Uno de estos tratamientos, el sellado de virutas, se ha convertido en una opci\u00f3n cada vez m\u00e1s popular para el mantenimiento del asfalto. Y con BearCat Manufacturing, puede asegurarse el mejor equipo de pavimentaci\u00f3n para <a href=\"https:\/\/bearcatmfg.com\/chip-seal-paving\/\">el sellado de virutas<\/a> y otras opciones de tratamiento del asfalto.<\/p>\n<h3>Ventajas de la repavimentaci\u00f3n (y el sellado de grietas)<\/h3>\n<p>El reasfaltado es un servicio que su empresa debe estar preparada para ofrecer a cualquier cliente. Aunque la reparaci\u00f3n y la instalaci\u00f3n del asfalto son importantes, muchas empresas o ayuntamientos optan por el mantenimiento, el tratamiento y la repavimentaci\u00f3n del asfalto antes que por su sustituci\u00f3n total. Por ello, algunas de las ventajas que puede ofrecer a sus clientes mediante la renovaci\u00f3n del asfalto son:<\/p>\n<ul>\n<li><strong>Mayor vida \u00fatil en carretera<\/strong>\n<ul>\n<li>La primera y m\u00e1s obvia ventaja de la renovaci\u00f3n del asfalto es la prolongaci\u00f3n de la vida \u00fatil del pavimento. Tras una reparaci\u00f3n m\u00ednima de las grietas, se puede repavimentar una calzada de asfalto para proteger el asfalto subyacente y crear una capa nueva y fresca. El sellado de asfalto, en particular, es especialmente eficaz para aumentar la longevidad de sus carreteras, ya que crea una superficie que repele f\u00e1cilmente la humedad y los rayos UV.<\/li>\n<\/ul>\n<\/li>\n<li><strong>Aspecto mejorado<\/strong>\n<ul>\n<li>A medida que el asfalto envejece y se expone a la intemperie y a los rayos del sol, su color empieza a perder intensidad y su superficie se seca. Desgraciadamente, un pavimento descolorido y agrietado no causa una buena primera impresi\u00f3n a las empresas que desean atraer negocio. Afortunadamente, la repavimentaci\u00f3n ayuda a restaurar el color del pavimento y a sellar las grietas, creando una superficie nueva y de aspecto profesional.<\/li>\n<\/ul>\n<\/li>\n<li><strong>Mayor seguridad<\/strong>\n<ul>\n<li>El tr\u00e1fico, la exposici\u00f3n a los rayos UV, las temperaturas bajo cero y la humedad desgastan la superficie asf\u00e1ltica. Con el tiempo, las superficies de sus calzadas pueden desmoronarse y volverse irregulares, causando problemas y mayores riesgos para conductores y peatones. El reasfaltado corrige las irregularidades del pavimento y puede mejorar a\u00fan m\u00e1s la seguridad del asfalto. Por ejemplo, el sellado de virutas puede crear una superficie de asfalto antideslumbrante y antideslizante.<\/li>\n<\/ul>\n<\/li>\n<\/ul>\n<h3>El equipo que necesita<\/h3>\n<p>La renovaci\u00f3n del asfalto requiere unos cuantos pasos y una inversi\u00f3n en el <a href=\"https:\/\/bearcatmfg.com\/road-maintenance-equipment\/\">equipo de mantenimiento de<\/a> carreteras adecuado. BearCat Manufacturing produce algunas de las mejores m\u00e1quinas de pavimentaci\u00f3n de la industria del asfalto, con equipos incre\u00edblemente duraderos, altamente productivos y f\u00e1ciles de controlar. Nuestros productos incluyen:<\/p>\n<ul>\n<li><a href=\"https:\/\/bearcatmfg.com\/asphalt-crack-sealers\/\"><br \/>\n  <strong>Selladores de grietas<\/strong><br \/>\n<\/a> &#8211; Antes de la mayor\u00eda de los revestimientos, puede ser necesario el sellado de grietas. Las m\u00e1quinas selladoras de grietas de BearCat est\u00e1n dise\u00f1adas para ofrecer una r\u00e1pida puesta en marcha, mayor capacidad de calentamiento y cumplir totalmente con la normativa DOT.<\/li>\n<li><a href=\"https:\/\/bearcatmfg.com\/asphalt-distributors\/\"><br \/>\n  <strong>Distribuidores de asfalto<\/strong><br \/>\n<\/a> &#8211; Nuestros distribuidores de asfalto pueden proporcionar a su asfalto capas adicionales de protecci\u00f3n o ayudarle en el primer paso del proceso de sellado con virutas. Los distribuidores son f\u00e1ciles de manejar, con control de caudal informatizado, barras de pulverizaci\u00f3n extendidas y dep\u00f3sitos de acero de gran capacidad.<\/li>\n<li><a href=\"https:\/\/bearcatmfg.com\/asphalt-chip-spreaders\/\"><br \/>\n  <strong>Asfaltadoras<\/strong><br \/>\n<\/a> &#8211; El extendido de gravilla es una de las opciones de tratamiento del asfalto m\u00e1s eficaces y asequibles. Como tales, los esparcidores de gravilla ayudan en uno de los \u00faltimos pasos del proceso de sellado de gravilla. Los esparcidores de virutas de BearCat ofrecen altas tasas de producci\u00f3n con controles de tasa computarizados, controles de compuerta de inundaci\u00f3n y caracter\u00edsticas adicionales.<\/li>\n<\/ul>\n<div class=\"left-img\"><img loading=\"lazy\" decoding=\"async\" class=\"alignnone\" src=\"https:\/\/bearcatmfg.com\/wp-content\/uploads\/2022\/12\/asphalt-resurfacing-2.jpg\" alt=\"Un esparcidor de gravilla BearCat utilizado para la repavimentaci\u00f3n de asfalto\" width=\"500\" height=\"350\" title=\"\"><\/div>\n<h3>Hable con el equipo BearCat<\/h3>\n<p>Cuando sus clientes busquen repavimentaci\u00f3n asf\u00e1ltica, aseg\u00farese de que su empresa contratista de asfalto pueda satisfacer las demandas de su comunidad con el mejor equipo de pavimentaci\u00f3n. Llame hoy mismo a BearCat Manufacturing para obtener m\u00e1s informaci\u00f3n sobre nuestra maquinaria de mantenimiento de carreteras. Puede ponerse en contacto con nosotros en el <a href=\"tel:9286847851\">928-684-7851<\/a>. Estamos ubicados en 3650 N Sabin Brown Rd, Wickenburg, AZ 85390. BearCat Manufacturing tiene su sede en Arizona y atiende a clientes de todo Estados Unidos.<\/p>\n","protected":false},"excerpt":{"rendered":"<p>Ofrezca los mejores servicios de reasfaltado con la ayuda de BearCat En lugar de sustituir por completo una calzada de asfalto, la repavimentaci\u00f3n es una alternativa potencial. La repavimentaci\u00f3n de asfalto suele ser una soluci\u00f3n m\u00e1s rentable y tambi\u00e9n puede beneficiar a la superficie de su pavimento. Uno de estos tratamientos, el sellado de virutas, &hellip; <a href=\"https:\/\/bearcatmfg.com\/es\/repavimentacion-asfaltica\/\" class=\"more-link\">Continue reading <span class=\"screen-reader-text\">Repavimentaci\u00f3n asf\u00e1ltica<\/span><\/a><\/p>\n","protected":false},"author":1,"featured_media":1799,"parent":0,"menu_order":0,"comment_status":"closed","ping_status":"closed","template":"","meta":{"_acf_changed":false,"footnotes":""},"class_list":["post-1898","page","type-page","status-publish","has-post-thumbnail","hentry"],"acf":[],"_links":{"self":[{"href":"https:\/\/bearcatmfg.com\/es\/wp-json\/wp\/v2\/pages\/1898","targetHints":{"allow":["GET"]}}],"collection":[{"href":"https:\/\/bearcatmfg.com\/es\/wp-json\/wp\/v2\/pages"}],"about":[{"href":"https:\/\/bearcatmfg.com\/es\/wp-json\/wp\/v2\/types\/page"}],"author":[{"embeddable":true,"href":"https:\/\/bearcatmfg.com\/es\/wp-json\/wp\/v2\/users\/1"}],"replies":[{"embeddable":true,"href":"https:\/\/bearcatmfg.com\/es\/wp-json\/wp\/v2\/comments?post=1898"}],"version-history":[{"count":1,"href":"https:\/\/bearcatmfg.com\/es\/wp-json\/wp\/v2\/pages\/1898\/revisions"}],"predecessor-version":[{"id":1917,"href":"https:\/\/bearcatmfg.com\/es\/wp-json\/wp\/v2\/pages\/1898\/revisions\/1917"}],"wp:featuredmedia":[{"embeddable":true,"href":"https:\/\/bearcatmfg.com\/es\/wp-json\/wp\/v2\/media\/1799"}],"wp:attachment":[{"href":"https:\/\/bearcatmfg.com\/es\/wp-json\/wp\/v2\/media?parent=1898"}],"curies":[{"name":"wp","href":"https:\/\/api.w.org\/{rel}","templated":true}]}}