{"id":1900,"date":"2023-02-08T04:56:25","date_gmt":"2023-02-08T04:56:25","guid":{"rendered":"https:\/\/bearcatmfg.com\/mantenimiento-del-asfalto\/"},"modified":"2026-01-12T06:06:03","modified_gmt":"2026-01-12T06:06:03","slug":"mantenimiento-del-asfalto","status":"publish","type":"page","link":"https:\/\/bearcatmfg.com\/es\/mantenimiento-del-asfalto\/","title":{"rendered":"Mantenimiento del asfalto"},"content":{"rendered":"<h3>\u00bfCu\u00e1l es la mejor maquinaria para el mantenimiento del asfalto?<\/h3>\n<p>Tanto si diriges un negocio de pavimentaci\u00f3n de asfalto nuevo como si ya lo tienes, hay piezas esenciales del equipo que hacen que tus operaciones sean m\u00e1s eficientes con los proyectos de mantenimiento del asfalto. Desde 1969, BearCat Manufacturing ha utilizado su experiencia y sus innovadores procesos de dise\u00f1o para crear <a href=\"https:\/\/bearcatmfg.com\/asphalt-repair-equipment\/\">equipos de reparaci\u00f3n de asfalto<\/a> que ofrecen un rendimiento y una durabilidad superiores. Ofrecemos una completa selecci\u00f3n de m\u00e1quinas asfaltadoras dise\u00f1adas para reducir los costes de explotaci\u00f3n, la demanda de mano de obra y los residuos producidos. Por eso, conf\u00eda en BearCat Manufacturing a la hora de comprar o alquilar las siguientes <a href=\"https:\/\/bearcatmfg.com\/asphalt-machines\/\">m\u00e1quinas de asfalto<\/a>.<\/p>\n<ul class=\"col-3\">\n<li><a href=\"https:\/\/bearcatmfg.com\/crack-sealers-for-sale\/\">Selladores de grietas<\/a><\/li>\n<li><a href=\"https:\/\/bearcatmfg.com\/asphalt-distributors-for-sale\/\">Distribuidores de asfalto<\/a><\/li>\n<li><a href=\"https:\/\/bearcatmfg.com\/asphalt-chip-spreaders\/\">Esparcidores de virutas<\/a><\/li>\n<li><a href=\"https:\/\/bearcatmfg.com\/our-products\/cold-in-place-recycling\/\">Reciclaje en fr\u00edo en el lugar<\/a><\/li>\n<li><a href=\"https:\/\/bearcatmfg.com\/our-products\/pre-coat-chip-foaming-system\/\">Sistema de espumado de precapas<\/a><\/li>\n<li><a href=\"https:\/\/bearcatmfg.com\/our-products\/roadtec-spray-paver\/\">Extendedora por Aspersi\u00f3n SP-200 Roadtec<\/a><\/li>\n<\/ul>\n<p>Adem\u00e1s, BearCat Manufacturing es conocida por suministrar <a href=\"https:\/\/bearcatmfg.com\/top-rated-chip-seal-equipment-arizona\/\">los mejores equipos de asfaltado en Arizona<\/a>, <a href=\"https:\/\/bearcatmfg.com\/top-rated-chip-seal-equipment-illinois\/\">Illinois<\/a>, <a href=\"https:\/\/bearcatmfg.com\/top-rated-chip-seal-equipment-tennessee\/\">Tennessee<\/a>, <a href=\"https:\/\/bearcatmfg.com\/top-rated-chip-seal-equipment-texas\/\">Texas<\/a> y en todo Estados Unidos. M\u00e1ndanos un mensaje hoy mismo a trav\u00e9s de nuestro <a href=\"https:\/\/bearcatmfg.com\/contact-us\/\">formulario de contacto en<\/a> l\u00ednea para obtener m\u00e1s informaci\u00f3n o un presupuesto gratuito sobre nuestros equipos de mantenimiento del asfalto.<\/p>\n<h3>\u00bfD\u00f3nde puedo encontrar los mejores selladores de grietas del asfalto?<\/h3>\n<p>BearCat Manufacturing facilita la b\u00fasqueda de opciones adaptadas a tu negocio cuando necesitas selladores de grietas para el mantenimiento del asfalto. Ofrecemos dos opciones: nuestra m\u00e1quina de sellado de grietas con caucho <a href=\"https:\/\/etnyre.com\/ecs-250-rubberized-crack-seal-machine\/\" target=\"_blank\" rel=\"noopener\">ECS-250<\/a>, de 250 galones de capacidad, y nuestra m\u00e1quina de sellado de grietas con caucho ECS-400, de 400 galones de capacidad. Adem\u00e1s, te permitimos escalar las soluciones a las necesidades de tu negocio ofreci\u00e9ndote <a href=\"https:\/\/bearcatmfg.com\/crack-sealers-for-rent\/\">selladoras de grietas en alquiler<\/a> o en venta. Y lo que es m\u00e1s importante, te suministramos m\u00e1quinas que ofrecen caracter\u00edsticas innovadoras y ventajas atractivas como las siguientes:<\/p>\n<ul>\n<li><strong>Aplicaci\u00f3n m\u00e1s r\u00e1pida y precisa<\/strong>\n<ul>\n<li>Nuestras selladoras de grietas calientan m\u00e1s r\u00e1pidamente el sellador y las grietas existentes en el pavimento, lo que permite a tu cuadrilla trabajar en zonas m\u00e1s grandes con mayor rapidez.<\/li>\n<li>Adem\u00e1s, nuestras m\u00e1quinas proporcionan un uso \u00f3ptimo del sellante con una aplicaci\u00f3n precisa que reduce los residuos.<\/li>\n<\/ul>\n<\/li>\n<li><strong>Menos Exigencias de Mano de Obra<\/strong>\n<ul>\n<li>Otra ventaja importante de nuestras selladoras de grietas es que te permiten asignar tu mano de obra de forma m\u00e1s eficiente.<\/li>\n<li>Nuestras m\u00e1quinas eliminan gran parte del trabajo duro y f\u00edsico del proyecto, reduciendo el n\u00famero de trabajadores necesarios por trabajo.<\/li>\n<\/ul>\n<\/li>\n<li><strong>Mejora de la coherencia <\/strong>\n<ul>\n<li>Otra ventaja importante de nuestros selladores de grietas es la eliminaci\u00f3n de residuos. Nuestras m\u00e1quinas proporcionan reparaciones m\u00e1s r\u00e1pidas y fiables porque el sellante se aplica de forma uniforme y consistente en las superficies de pavimento en las que se trabaja.<\/li>\n<\/ul>\n<\/li>\n<\/ul>\n<h3>\u00bfBuscas los mejores distribuidores de asfalto?<\/h3>\n<p>Los distribuidores de asfalto desempe\u00f1an un papel vital en los servicios de mantenimiento y reparaci\u00f3n del asfalto. BearCat Manufacturing te suministra distribuidores de asfalto que mejoran la adherencia de las distintas capas del pavimento. Como resultado, las capas de pavimento existentes y nuevas se combinan en una secci\u00f3n unificada de pavimento con mayor resistencia y durabilidad. Adem\u00e1s, nuestros distribuidores de asfalto tambi\u00e9n ofrecen estas otras grandes ventajas:<\/p>\n<ul class=\"col-2\">\n<li>Menos agrietamiento de arriba abajo.<\/li>\n<li>Reducci\u00f3n del deslizamiento en superficie.<\/li>\n<li>Mejor adherencia general de las capas de pavimento existentes y nuevas.<\/li>\n<li>M\u00ednimo deterioro del pavimento.<\/li>\n<\/ul>\n<p>Nuestras opciones disponibles incluyen el <a href=\"https:\/\/bearcatmfg.com\/our-products\/bc-502-asphalt-distributor\/\">distribuidor de asfalto BC-502<\/a>, los <a href=\"https:\/\/bearcatmfg.com\/our-products\/dust-control-spray-systems\/\">sistemas de pulverizaci\u00f3n para el control del polvo<\/a>, el <a href=\"https:\/\/bearcatmfg.com\/our-products\/crumb-rubber-asphalt-distributor\/\">distribuidor de asfalto de caucho granulado<\/a> y el <a href=\"https:\/\/bearcatmfg.com\/our-products\/steel-or-aluminum-asphalt-pull-trailer\/\">remolque de arrastre de asfalto<\/a>.<\/p>\n<h3><a href=\"https:\/\/bearcatmfg.com\/top-rated-chip-spreaders\/\">\u00bfBuscas los mejores esparcidores de gravilla asf\u00e1ltica?<\/a><\/h3>\n<p>La selecci\u00f3n de esparcidores de gravilla asf\u00e1ltica de BearCat Manufacturing ofrece los mejores resultados cuando se trata de servicios de mantenimiento de asfalto asf\u00e1ltico. Nuestras m\u00e1quinas disponibles incluyen la Astilladora <a href=\"https:\/\/bearcatmfg.com\/our-products\/tandem-stealth-chipper-16\/\">Stealth Tandem de 16&#8242;<\/a> y la <a href=\"https:\/\/bearcatmfg.com\/our-products\/tandem-chipper-20\/\">Super Astilladora Tandem de 20&#8242;<\/a>. Ambas opciones vienen con un potente motor di\u00e9sel Cummins de 275 CV, controles de velocidad informatizados que permiten trabajar con el equipo incluso a operadores sin experiencia, y algunas de las mejores caracter\u00edsticas de seguridad del sector. Adem\u00e1s, nuestras m\u00e1quinas ofrecen estas otras incre\u00edbles ventajas:<\/p>\n<ul>\n<li>Tolvas esparcidoras que permiten arranques en l\u00ednea recta y un desperdicio m\u00ednimo de \u00e1ridos.<\/li>\n<li>Control preciso y fiable de la posici\u00f3n de la puerta CAM.<\/li>\n<li>Grandes sistemas de refrigeraci\u00f3n hidr\u00e1ulica y del motor para garantizar temperaturas de funcionamiento normales incluso en proyectos dif\u00edciles.<\/li>\n<li>Control de velocidad informatizado de \u00faltima generaci\u00f3n que elimina las conjeturas sobre la distribuci\u00f3n precisa y uniforme de las virutas.<\/li>\n<\/ul>\n<div class=\"left-img\"><img decoding=\"async\" src=\"https:\/\/bearcatmfg.com\/wp-content\/uploads\/2024\/05\/crack-on-the-asphalt.jpg\" alt=\"Mantenimiento del asfalto\" title=\"\"><\/div>\n<h3>Contacta con nosotros para Equipos de mantenimiento del asfalto<\/h3>\n<p>BearCat Manufacturing puede suministrar a tu empresa de pavimentaci\u00f3n algunas de las mejores m\u00e1quinas disponibles para el mantenimiento del asfalto. Ll\u00e1manos al 928-684-7851 o <a href=\"https:\/\/bearcatmfg.com\/contact-us\/\">ponte en contacto con nosotros online<\/a> para obtener m\u00e1s informaci\u00f3n o solicitar un presupuesto gratuito. Proporcionamos los mejores equipos de mantenimiento del asfalto <a href=\"https:\/\/bearcatmfg.com\/asphalt-repair-equipment-illinois\/\">en Illinois<\/a>, <a href=\"https:\/\/bearcatmfg.com\/asphalt-repair-equipment-tennessee\/\">Tennessee<\/a>, <a href=\"https:\/\/bearcatmfg.com\/asphalt-repair-equipment-texas\/\">Texas<\/a>, <a href=\"https:\/\/bearcatmfg.com\/asphalt-repair-equipment-arizona\/\">Arizona<\/a> y en todo Estados Unidos.<\/p>\n","protected":false},"excerpt":{"rendered":"<p>\u00bfCu\u00e1l es la mejor maquinaria para el mantenimiento del asfalto? Tanto si diriges un negocio de pavimentaci\u00f3n de asfalto nuevo como si ya lo tienes, hay piezas esenciales del equipo que hacen que tus operaciones sean m\u00e1s eficientes con los proyectos de mantenimiento del asfalto. Desde 1969, BearCat Manufacturing ha utilizado su experiencia y sus &hellip; <a href=\"https:\/\/bearcatmfg.com\/es\/mantenimiento-del-asfalto\/\" class=\"more-link\">Continue reading <span class=\"screen-reader-text\">Mantenimiento del asfalto<\/span><\/a><\/p>\n","protected":false},"author":1,"featured_media":824,"parent":0,"menu_order":0,"comment_status":"closed","ping_status":"closed","template":"","meta":{"_acf_changed":false,"footnotes":""},"class_list":["post-1900","page","type-page","status-publish","has-post-thumbnail","hentry"],"acf":[],"_links":{"self":[{"href":"https:\/\/bearcatmfg.com\/es\/wp-json\/wp\/v2\/pages\/1900","targetHints":{"allow":["GET"]}}],"collection":[{"href":"https:\/\/bearcatmfg.com\/es\/wp-json\/wp\/v2\/pages"}],"about":[{"href":"https:\/\/bearcatmfg.com\/es\/wp-json\/wp\/v2\/types\/page"}],"author":[{"embeddable":true,"href":"https:\/\/bearcatmfg.com\/es\/wp-json\/wp\/v2\/users\/1"}],"replies":[{"embeddable":true,"href":"https:\/\/bearcatmfg.com\/es\/wp-json\/wp\/v2\/comments?post=1900"}],"version-history":[{"count":5,"href":"https:\/\/bearcatmfg.com\/es\/wp-json\/wp\/v2\/pages\/1900\/revisions"}],"predecessor-version":[{"id":5072,"href":"https:\/\/bearcatmfg.com\/es\/wp-json\/wp\/v2\/pages\/1900\/revisions\/5072"}],"wp:featuredmedia":[{"embeddable":true,"href":"https:\/\/bearcatmfg.com\/es\/wp-json\/wp\/v2\/media\/824"}],"wp:attachment":[{"href":"https:\/\/bearcatmfg.com\/es\/wp-json\/wp\/v2\/media?parent=1900"}],"curies":[{"name":"wp","href":"https:\/\/api.w.org\/{rel}","templated":true}]}}