{"id":1901,"date":"2023-02-08T04:56:25","date_gmt":"2023-02-08T04:56:25","guid":{"rendered":"https:\/\/bearcatmfg.com\/venta-de-equipos-de-asfaltado\/"},"modified":"2023-02-08T04:56:28","modified_gmt":"2023-02-08T04:56:28","slug":"venta-de-equipos-de-asfaltado","status":"publish","type":"page","link":"https:\/\/bearcatmfg.com\/es\/venta-de-equipos-de-asfaltado\/","title":{"rendered":"Venta de equipos de asfaltado"},"content":{"rendered":"<h3>\u00bfDesea ofrecer el servicio Chip Seal? Encuentre el mejor equipo de asfaltado a la venta<\/h3>\n<p>El servicio de asfaltado es muy popular entre empresas, propietarios privados y ayuntamientos. En lugar de sustituir directamente el asfalto o sellar las grietas del pavimento, <a href=\"https:\/\/bearcatmfg.com\/chip-seal-paving\/\">el sellado de virutas<\/a> proporciona una nueva superficie antideslumbrante y antideslizante al asfalto. Ni que decir tiene que todos los contratistas de asfalto deber\u00edan disponer del equipo y la capacidad necesarios para ofrecer este servicio. Si lo que necesita es un equipo de asfaltado en venta, BearCat Manufacturing puede ayudarle. Ofrecemos maquinaria de alta calidad, vers\u00e1til y de gran producci\u00f3n para los contratistas de asfalto que lo necesiten.<\/p>\n<h3>\u00bfQu\u00e9 se necesita para el sellado de virutas?<\/h3>\n<p>BearCat Manufacturing dise\u00f1a y fabrica dos de las m\u00e1quinas m\u00e1s esenciales para el <a href=\"https:\/\/bearcatmfg.com\/chip-and-seal\/\">servicio de gravilla y sellado<\/a>: nuestros distribuidores de asfalto y esparcidores de gravilla. Tambi\u00e9n producimos equipos y sistemas personalizados que a\u00f1aden m\u00e1s versatilidad a las operaciones de sellado de virutas y pavimentaci\u00f3n de asfalto.<\/p>\n<ul>\n<li><strong>Distribuidores de asfalto<\/strong>\n<ul>\n<li>Para fijar las virutas de \u00e1rido asf\u00e1ltico a la calzada, primero debe aplicarse una capa de asfalto l\u00edquido a la superficie. Esto se hace a trav\u00e9s de <a href=\"https:\/\/bearcatmfg.com\/asphalt-distributor-truck\/\">camiones<\/a> y <a href=\"https:\/\/bearcatmfg.com\/asphalt-distributor-trailer\/\">remolques<\/a> <a href=\"https:\/\/bearcatmfg.com\/asphalt-distributor-truck\/\">distribuidores de asfalto<\/a>. El Distribuidor de Asfalto BC-502 de BearCat es conocido como \u00abla leyenda\u00bb en la industria, lo que se debe a su incre\u00edble calidad y durabilidad. Nuestros distribuidores cubren eficazmente el asfalto l\u00edquido sobre el pavimento, completando el primer paso del proceso de sellado de virutas.<\/li>\n<\/ul>\n<\/li>\n<li><strong>Esparcidores de virutas<\/strong>\n<ul>\n<li>Despu\u00e9s de aplicar asfalto fresco a una calzada, se esparcen virutas de asfalto \u00e1rido sobre la superficie asfaltada y, a continuaci\u00f3n, se pasa un rodillo de vapor para presionar la viruta e introducirla a\u00fan m\u00e1s en el pavimento. Para este paso, se necesita un <a href=\"https:\/\/bearcatmfg.com\/asphalt-chip-spreaders\/\">esparcidor de gravilla asf\u00e1ltica<\/a>. Con BearCat, suministramos a los contratistas esparcidores de virutas de alta producci\u00f3n. Nuestras astilladoras en t\u00e1ndem utilizan controles de velocidad informatizados y cintas de alta capacidad para aplicar r\u00e1pida y uniformemente virutas de \u00e1ridos al asfalto.<\/li>\n<\/ul>\n<\/li>\n<li><strong>Equipos y sistemas adicionales<\/strong>\n<ul>\n<li>Adem\u00e1s de nuestros distribuidores y esparcidores de gravilla, BearCat produce <a href=\"https:\/\/bearcatmfg.com\/product-category\/custom-equipment\/\">equipos personalizados<\/a> para mejorar a\u00fan m\u00e1s el sellado de gravilla y la pavimentaci\u00f3n de asfalto. Uno de estos equipos, el SP-200 Roadtec Spray Paver, combina las funciones de nuestros distribuidores y esparcidores de gravilla en una extensa m\u00e1quina. Otros sistemas, como nuestro reciclaje en fr\u00edo in situ, pueden reciclar el asfalto viejo y convertirlo en asfalto l\u00edquido utilizable sin abandonar la obra.<\/li>\n<\/ul>\n<\/li>\n<\/ul>\n<h3>La norma del sector<\/h3>\n<p>Desde 1969, BearCat Manufacturing ha desarrollado nuevos equipos para transformar la calidad y la productividad de la pavimentaci\u00f3n de asfalto. Todo empez\u00f3 con un distribuidor de asfalto modificado, que facilitaba el control desde la cabina de un cami\u00f3n. Desde entonces, BearCat ha creado dise\u00f1os innovadores de <a href=\"https:\/\/bearcatmfg.com\/asphalt-machines\/\">m\u00e1quinas<\/a> de asfalto que establecen continuamente el est\u00e1ndar para la industria del asfalto. En la actualidad, BearCat es conocida en todo el mundo por su maquinaria altamente productiva y ecol\u00f3gica.<\/p>\n<div class=\"left-img\"><img loading=\"lazy\" decoding=\"async\" class=\"alignnone\" src=\"https:\/\/bearcatmfg.com\/wp-content\/uploads\/2023\/01\/Chip-Seal-Equipment-for-Sale-2.jpg\" alt=\"Un distribuidor de asfalto en la puesta de sol, parte de BearCat&#039;s Chip Seal Equipos para la venta\" width=\"500\" height=\"350\" title=\"\"><\/div>\n<h3>Llame hoy mismo<\/h3>\n<p>Para maximizar las capacidades de producci\u00f3n y sellado de virutas de su negocio, seleccione entre los mejores equipos de sellado de virutas a la venta de BearCat Manufacturing. P\u00f3ngase en contacto con el equipo BearCat hoy mismo llamando al <a href=\"tel:9286847851\">928-684-7851<\/a> para solicitar un presupuesto. Estamos ubicados en 3650 N Sabin Brown Rd, Wickenburg, AZ 85390. BearCat Manufacturing tiene su sede en Arizona y atiende a clientes de todo Estados Unidos.<\/p>\n","protected":false},"excerpt":{"rendered":"<p>\u00bfDesea ofrecer el servicio Chip Seal? Encuentre el mejor equipo de asfaltado a la venta El servicio de asfaltado es muy popular entre empresas, propietarios privados y ayuntamientos. En lugar de sustituir directamente el asfalto o sellar las grietas del pavimento, el sellado de virutas proporciona una nueva superficie antideslumbrante y antideslizante al asfalto. Ni &hellip; <a href=\"https:\/\/bearcatmfg.com\/es\/venta-de-equipos-de-asfaltado\/\" class=\"more-link\">Continue reading <span class=\"screen-reader-text\">Venta de equipos de asfaltado<\/span><\/a><\/p>\n","protected":false},"author":1,"featured_media":1856,"parent":0,"menu_order":0,"comment_status":"closed","ping_status":"closed","template":"","meta":{"_acf_changed":false,"footnotes":""},"class_list":["post-1901","page","type-page","status-publish","has-post-thumbnail","hentry"],"acf":[],"_links":{"self":[{"href":"https:\/\/bearcatmfg.com\/es\/wp-json\/wp\/v2\/pages\/1901","targetHints":{"allow":["GET"]}}],"collection":[{"href":"https:\/\/bearcatmfg.com\/es\/wp-json\/wp\/v2\/pages"}],"about":[{"href":"https:\/\/bearcatmfg.com\/es\/wp-json\/wp\/v2\/types\/page"}],"author":[{"embeddable":true,"href":"https:\/\/bearcatmfg.com\/es\/wp-json\/wp\/v2\/users\/1"}],"replies":[{"embeddable":true,"href":"https:\/\/bearcatmfg.com\/es\/wp-json\/wp\/v2\/comments?post=1901"}],"version-history":[{"count":1,"href":"https:\/\/bearcatmfg.com\/es\/wp-json\/wp\/v2\/pages\/1901\/revisions"}],"predecessor-version":[{"id":1916,"href":"https:\/\/bearcatmfg.com\/es\/wp-json\/wp\/v2\/pages\/1901\/revisions\/1916"}],"wp:featuredmedia":[{"embeddable":true,"href":"https:\/\/bearcatmfg.com\/es\/wp-json\/wp\/v2\/media\/1856"}],"wp:attachment":[{"href":"https:\/\/bearcatmfg.com\/es\/wp-json\/wp\/v2\/media?parent=1901"}],"curies":[{"name":"wp","href":"https:\/\/api.w.org\/{rel}","templated":true}]}}