{"id":1902,"date":"2023-02-08T04:56:25","date_gmt":"2023-02-08T04:56:25","guid":{"rendered":"https:\/\/bearcatmfg.com\/sellado-de-grietas-en-el-asfalto\/"},"modified":"2024-05-07T18:08:39","modified_gmt":"2024-05-07T18:08:39","slug":"sellado-de-grietas-en-el-asfalto","status":"publish","type":"page","link":"https:\/\/bearcatmfg.com\/es\/sellado-de-grietas-en-el-asfalto\/","title":{"rendered":"Sellado de grietas en el asfalto"},"content":{"rendered":"<h3>Afronta la reparaci\u00f3n del pavimento con el sellado de grietas del asfalto<\/h3>\n<p>Es imperativo que las carreteras sigan siendo seguras y f\u00e1cilmente transitables, sean cuales sean las circunstancias. Por eso, <a href=\"https:\/\/bearcatmfg.com\/about-us\/\">BearCat Manufacturing<\/a> est\u00e1 tan comprometida con el suministro de equipos de alta gama que garanticen el buen mantenimiento de carreteras, solares y calzadas. <a href=\"https:\/\/bearcatmfg.com\/asphalt-crack-repair\/\">El sellado de grietas en el asfalto<\/a> es una forma r\u00e1pida, segura y eficaz de reparar el asfalto en cualquier lugar. Con <a href=\"https:\/\/bearcatmfg.com\/what-equipment-do-you-need-for-road-repair\/\">los equipos<\/a> de BearCat MFG, tu equipo puede realizar reparaciones con precisi\u00f3n y facilidad, siempre.<\/p>\n<h3>Por qu\u00e9 ofrecer el sellado de grietas<\/h3>\n<p>El sellado de grietas en el asfalto es una oferta esencial porque tus clientes necesitan <a href=\"https:\/\/bearcatmfg.com\/equipment-for-asphalt-repair\/\">reparaciones<\/a> y mantenimiento regulares <a href=\"https:\/\/bearcatmfg.com\/equipment-for-asphalt-repair\/\">del asfalto<\/a>. El sellado de grietas puede hacerse en cuesti\u00f3n de horas, lo que significa que los conductores pueden utilizarlo r\u00e1pida y f\u00e1cilmente, causando muy pocas molestias. Tambi\u00e9n requiere un m\u00ednimo de mano de obra y materiales, por lo que es rentable tanto para ti como para tus clientes.<\/p>\n<p>Las selladoras de grietas de BearCat MFG son muy eficaces. Son m\u00e1quinas totalmente di\u00e9sel, de arranque r\u00e1pido y con una excelente capacidad calor\u00edfica. Tambi\u00e9n cumplen plenamente la normativa DOT. Adem\u00e1s, <a href=\"https:\/\/bearcatmfg.com\/top-rated-crack-sealers-texas\/\">las m\u00e1quinas selladoras de grietas<\/a> BearCat incluyen dos puertas de carga de sellador, controles de funcionamiento situados en el centro, un panel de control de temperatura f\u00e1cil de manejar, pestillos de seguridad en las puertas, un brazo de manguera para minimizar el desgaste del suelo y un sistema sin aclarado. Es el equipo que necesitas para hacer reparaciones f\u00e1ciles.<\/p>\n<h3>Acerca de BearCat MFG<\/h3>\n<p><a href=\"https:\/\/bearcatmfg.com\/about-us\/\">BearCat MFG<\/a> fue fundada en 1969 por Ken Hill y Don Carson con el deseo de construir los mejores equipos para el negocio de la pavimentaci\u00f3n de asfalto. Nuestra historia es una historia de innovaci\u00f3n. Desde la modificaci\u00f3n de camiones existentes para que las funciones pudieran controlarse desde la cabina hasta la construcci\u00f3n de su propia barra de pulverizaci\u00f3n con v\u00e1lvulas de pulverizaci\u00f3n pop y aletas de ruptura, Ken y Don iniciaron una tradici\u00f3n en la que el equipo de BearCat MFG sigue creyendo. Nuestro equipo se asegurar\u00e1 de que siempre obtengas el equipo adecuado a tus necesidades.<\/p>\n<div class=\"left-img\"><img loading=\"lazy\" decoding=\"async\" class=\"alignnone\" src=\"https:\/\/bearcatmfg.com\/wp-content\/uploads\/2024\/04\/road-surface-restoration-work-in-the-worker-performs-on-road-patcher-work-on-the-repair-of.webp\" alt=\"BearCat MFG ofrece los mejores equipos del mercado para el Sellado de Grietas en el Asfalto\" width=\"500\" height=\"350\" title=\"\"><\/div>\n<h3>Contacte con BearCat hoy mismo<\/h3>\n<p>BearCat MFG tiene su sede en Arizona, pero servimos a todo Estados Unidos. <a href=\"https:\/\/bearcatmfg.com\/contact-us\/\">Ponte en contacto con nosotros<\/a> hoy mismo en el <a href=\"tel:9286847851\">928-684-7851<\/a> para obtener m\u00e1s informaci\u00f3n sobre los equipos de sellado de grietas de asfalto, as\u00ed como sobre toda la l\u00ednea completa de equipos que ofrecemos. Estamos aqu\u00ed para ayudarte a hacer crecer tu negocio de asfalto.<\/p>\n","protected":false},"excerpt":{"rendered":"<p>Afronta la reparaci\u00f3n del pavimento con el sellado de grietas del asfalto Es imperativo que las carreteras sigan siendo seguras y f\u00e1cilmente transitables, sean cuales sean las circunstancias. Por eso, BearCat Manufacturing est\u00e1 tan comprometida con el suministro de equipos de alta gama que garanticen el buen mantenimiento de carreteras, solares y calzadas. El sellado &hellip; <a href=\"https:\/\/bearcatmfg.com\/es\/sellado-de-grietas-en-el-asfalto\/\" class=\"more-link\">Continue reading <span class=\"screen-reader-text\">Sellado de grietas en el asfalto<\/span><\/a><\/p>\n","protected":false},"author":1,"featured_media":2771,"parent":0,"menu_order":0,"comment_status":"closed","ping_status":"closed","template":"","meta":{"_acf_changed":false,"footnotes":""},"class_list":["post-1902","page","type-page","status-publish","has-post-thumbnail","hentry"],"acf":[],"_links":{"self":[{"href":"https:\/\/bearcatmfg.com\/es\/wp-json\/wp\/v2\/pages\/1902","targetHints":{"allow":["GET"]}}],"collection":[{"href":"https:\/\/bearcatmfg.com\/es\/wp-json\/wp\/v2\/pages"}],"about":[{"href":"https:\/\/bearcatmfg.com\/es\/wp-json\/wp\/v2\/types\/page"}],"author":[{"embeddable":true,"href":"https:\/\/bearcatmfg.com\/es\/wp-json\/wp\/v2\/users\/1"}],"replies":[{"embeddable":true,"href":"https:\/\/bearcatmfg.com\/es\/wp-json\/wp\/v2\/comments?post=1902"}],"version-history":[{"count":3,"href":"https:\/\/bearcatmfg.com\/es\/wp-json\/wp\/v2\/pages\/1902\/revisions"}],"predecessor-version":[{"id":2914,"href":"https:\/\/bearcatmfg.com\/es\/wp-json\/wp\/v2\/pages\/1902\/revisions\/2914"}],"wp:featuredmedia":[{"embeddable":true,"href":"https:\/\/bearcatmfg.com\/es\/wp-json\/wp\/v2\/media\/2771"}],"wp:attachment":[{"href":"https:\/\/bearcatmfg.com\/es\/wp-json\/wp\/v2\/media?parent=1902"}],"curies":[{"name":"wp","href":"https:\/\/api.w.org\/{rel}","templated":true}]}}