{"id":1903,"date":"2023-02-08T04:56:25","date_gmt":"2023-02-08T04:56:25","guid":{"rendered":"https:\/\/bearcatmfg.com\/venta-de-selladoras-de-grietas\/"},"modified":"2023-02-08T04:56:29","modified_gmt":"2023-02-08T04:56:29","slug":"venta-de-selladoras-de-grietas","status":"publish","type":"page","link":"https:\/\/bearcatmfg.com\/es\/venta-de-selladoras-de-grietas\/","title":{"rendered":"Venta de selladoras de grietas"},"content":{"rendered":"<h3>Mant\u00e9ngase al d\u00eda con la reparaci\u00f3n del asfalto; encuentre selladores de grietas en venta<\/h3>\n<p>La reparaci\u00f3n del asfalto es uno de los servicios b\u00e1sicos de todo contratista de asfalto. Sin embargo, no puede esperar ofrecer servicios de reparaci\u00f3n eficaces y de calidad sin el equipo adecuado. Afortunadamente, BearCat Manufacturing puede ayudarle. Nuestros <a href=\"https:\/\/bearcatmfg.com\/asphalt-crack-sealers\/\">selladores de grietas<\/a> son algunos de los mejores del sector, lo que permite a los contratistas ofrecer servicios de reparaci\u00f3n de grietas r\u00e1pidos y duraderos para cualquier superficie de asfalto. Llame a BearCat hoy para saber c\u00f3mo su negocio puede beneficiarse de nuestros selladores de grietas en venta.<\/p>\n<h3>\u00bfCu\u00e1les son las ventajas del sellado de grietas?<\/h3>\n<p><a href=\"https:\/\/bearcatmfg.com\/asphalt-crack-sealing\/\">El sellado de grietas<\/a> es s\u00f3lo un m\u00e9todo para reparar y mantener el asfalto. Sin embargo, suele ser el primer servicio de reparaci\u00f3n y el m\u00e1s solicitado por los contratistas de asfalto. Por ello, disponer de la maquinaria adecuada para satisfacer las necesidades de pavimentaci\u00f3n de sus clientes es crucial. La <a href=\"https:\/\/bearcatmfg.com\/crack-repair\/\">reparaci\u00f3n de grietas<\/a> es un servicio muy solicitado debido a:<\/p>\n<ul>\n<li><strong>Ejecuci\u00f3n r\u00e1pida<\/strong> &#8211; La reparaci\u00f3n y sellado de grietas no es un proceso incre\u00edblemente largo. El funcionamiento del equipo es sencillo, lo que significa que nuestros contratistas pueden encontrar y reparar r\u00e1pidamente los puntos problem\u00e1ticos del pavimento.<\/li>\n<li><strong>Asequibilidad<\/strong> &#8211; La mano de obra y los materiales m\u00ednimos mantienen bajos los costes del sellado de grietas. Y cuando un servicio es asequible para los contratistas, parte de ese ahorro puede repercutirse en los clientes.<\/li>\n<li><strong>Cualidades conservantes<\/strong> &#8211; Aunque el sellado de grietas no es la primera opci\u00f3n para proteger el pavimento, ayuda a prolongar su longevidad. La reparaci\u00f3n sistem\u00e1tica de grietas ayuda a evitar baches y erosi\u00f3n en el asfalto, preservando as\u00ed la estabilidad estructural de su pavimento.<\/li>\n<li><strong>Mayor seguridad<\/strong> &#8211; Aunque conducir sobre pavimento agrietado no es peligroso en s\u00ed mismo, puede provocar un mayor deterioro de la calzada. Las grietas sometidas a una presi\u00f3n constante pueden crecer, convirti\u00e9ndose en pavimento desmoronado y baches, lo que puede afectar a la seguridad de conductores y peatones. La reparaci\u00f3n de grietas act\u00faa para contrarrestar el deterioro del asfalto, lo que tambi\u00e9n garantiza que el pavimento siga siendo seguro para transitar.<\/li>\n<\/ul>\n<h3>El sellador de grietas BearCat<\/h3>\n<p>BearCat desarrolla dos l\u00edneas de m\u00e1quinas selladoras de grietas: la BK-250 y la BK-400. Ambas m\u00e1quinas tienen funciones similares, pero capacidades de dep\u00f3sito diferentes. El dise\u00f1o de nuestro sellador de grietas tiene como objetivo ayudar a los contratistas a conseguir mayores \u00edndices de producci\u00f3n manteniendo bajos los costes de cada trabajo de reparaci\u00f3n de grietas. Algunas de las mejores caracter\u00edsticas de nuestras selladoras de grietas son:<\/p>\n<ul class=\"col-2\">\n<li>Capacidad del dep\u00f3sito de sellante de 250 \u00f3 400 galones<\/li>\n<li>Dos puertas de carga de sellado de f\u00e1cil acceso<\/li>\n<li>Sistema inform\u00e1tico de control<\/li>\n<li>Caja de mangueras calentada para la aplicaci\u00f3n inmediata del sellador<\/li>\n<li>Sistema ecol\u00f3gico sin descarga de agua<\/li>\n<li>Quemador cerrado de gas\u00f3leo de alta presi\u00f3n con encendido autom\u00e1tico<\/li>\n<li>Sistema de calefacci\u00f3n indirecta cerrado con control de caudal absoluto<\/li>\n<\/ul>\n<div class=\"left-img\"><img loading=\"lazy\" decoding=\"async\" class=\"alignnone\" src=\"https:\/\/bearcatmfg.com\/wp-content\/uploads\/2023\/01\/Crack-Sealers-for-Sale-2.jpg\" alt=\"Venta de nuevas selladoras de grietas BearCat\" width=\"500\" height=\"350\" title=\"\"><\/div>\n<h3>Cont\u00e1ctenos<\/h3>\n<p>\u00a1Pocas m\u00e1quinas se comparan con las selladoras de grietas en venta de BearCat Manufacturing! Si est\u00e1 buscando m\u00e1quinas de sellado de grietas de calentamiento r\u00e1pido y alta producci\u00f3n, llame a BearCat hoy mismo. Puede ponerse en contacto con nosotros en <a href=\"tel:9286847851\">el 928-684-7851<\/a> para solicitar un presupuesto. Estamos ubicados en 3650 N Sabin Brown Rd, Wickenburg, AZ 85390. BearCat Manufacturing tiene su sede en Arizona y atiende a clientes de todo Estados Unidos.<\/p>\n","protected":false},"excerpt":{"rendered":"<p>Mant\u00e9ngase al d\u00eda con la reparaci\u00f3n del asfalto; encuentre selladores de grietas en venta La reparaci\u00f3n del asfalto es uno de los servicios b\u00e1sicos de todo contratista de asfalto. Sin embargo, no puede esperar ofrecer servicios de reparaci\u00f3n eficaces y de calidad sin el equipo adecuado. Afortunadamente, BearCat Manufacturing puede ayudarle. Nuestros selladores de grietas &hellip; <a href=\"https:\/\/bearcatmfg.com\/es\/venta-de-selladoras-de-grietas\/\" class=\"more-link\">Continue reading <span class=\"screen-reader-text\">Venta de selladoras de grietas<\/span><\/a><\/p>\n","protected":false},"author":1,"featured_media":1862,"parent":0,"menu_order":0,"comment_status":"closed","ping_status":"closed","template":"","meta":{"_acf_changed":false,"footnotes":""},"class_list":["post-1903","page","type-page","status-publish","has-post-thumbnail","hentry"],"acf":[],"_links":{"self":[{"href":"https:\/\/bearcatmfg.com\/es\/wp-json\/wp\/v2\/pages\/1903","targetHints":{"allow":["GET"]}}],"collection":[{"href":"https:\/\/bearcatmfg.com\/es\/wp-json\/wp\/v2\/pages"}],"about":[{"href":"https:\/\/bearcatmfg.com\/es\/wp-json\/wp\/v2\/types\/page"}],"author":[{"embeddable":true,"href":"https:\/\/bearcatmfg.com\/es\/wp-json\/wp\/v2\/users\/1"}],"replies":[{"embeddable":true,"href":"https:\/\/bearcatmfg.com\/es\/wp-json\/wp\/v2\/comments?post=1903"}],"version-history":[{"count":1,"href":"https:\/\/bearcatmfg.com\/es\/wp-json\/wp\/v2\/pages\/1903\/revisions"}],"predecessor-version":[{"id":1918,"href":"https:\/\/bearcatmfg.com\/es\/wp-json\/wp\/v2\/pages\/1903\/revisions\/1918"}],"wp:featuredmedia":[{"embeddable":true,"href":"https:\/\/bearcatmfg.com\/es\/wp-json\/wp\/v2\/media\/1862"}],"wp:attachment":[{"href":"https:\/\/bearcatmfg.com\/es\/wp-json\/wp\/v2\/media?parent=1903"}],"curies":[{"name":"wp","href":"https:\/\/api.w.org\/{rel}","templated":true}]}}