{"id":1904,"date":"2023-02-08T04:56:25","date_gmt":"2023-02-08T04:56:25","guid":{"rendered":"https:\/\/bearcatmfg.com\/venta-de-equipos-de-asfalto\/"},"modified":"2023-02-08T04:56:28","modified_gmt":"2023-02-08T04:56:28","slug":"venta-de-equipos-de-asfalto","status":"publish","type":"page","link":"https:\/\/bearcatmfg.com\/es\/venta-de-equipos-de-asfalto\/","title":{"rendered":"Venta de equipos de asfalto"},"content":{"rendered":"<h3>Descubra los mejores equipos de asfalto en venta<\/h3>\n<p>El \u00e9xito de su negocio de pavimentaci\u00f3n de asfalto consta de dos partes: la primera es la habilidad, experiencia y formaci\u00f3n de sus contratistas. La segunda parte se refiere a las m\u00e1quinas, veh\u00edculos y equipos que utiliza su empresa. \u00bfPuede su equipo satisfacer las demandas de los clientes? \u00bfSu maquinaria mejora significativamente la productividad de su personal? Si no puede responder con seguridad a estas preguntas, puede que haya llegado el momento de sustituir su <a href=\"https:\/\/bearcatmfg.com\/industrial-asphalt-equipment\/\">equipo de asfaltado<\/a>. Cuando busque equipos de asfalto de primera calidad para la venta, BearCat Manufacturing tiene todo lo que necesita.<\/p>\n<h3>La maquinaria que necesita su empresa<\/h3>\n<p>Para ofrecer a sus clientes la m\u00e1s amplia gama de servicios de <a href=\"https:\/\/bearcatmfg.com\/asphalt-repair\/\">reparaci\u00f3n<\/a>, pavimentaci\u00f3n y mantenimiento <a href=\"https:\/\/bearcatmfg.com\/asphalt-repair\/\">del asfalto<\/a>, necesita el equipo adecuado para cada trabajo. En BearCat, ofrecemos una gama de <a href=\"https:\/\/bearcatmfg.com\/asphalt-machinery\/\">maquinaria de<\/a> alta calidad <a href=\"https:\/\/bearcatmfg.com\/asphalt-machinery\/\">y gran funcionalidad<\/a> dise\u00f1ada para suministrar servicios de asfalto superiores. Nuestra oferta de equipos principales incluye:<\/p>\n<ul>\n<li><strong>Esparcidores de virutas<\/strong>\n<ul>\n<li>La <a href=\"https:\/\/bearcatmfg.com\/chip-seal-paving\/\">pavimentaci\u00f3n de asfalto troceado<\/a> es una opci\u00f3n popular de tratamiento del asfalto que prefieren las empresas, los ayuntamientos y los propietarios. Sin embargo, para ofrecer el servicio de sellado de virutas, se necesita la maquinaria necesaria. Empieza con las astilladoras en t\u00e1ndem de BearCat. Nuestros <a href=\"https:\/\/bearcatmfg.com\/asphalt-chip-spreaders\/\">esparcidores de gravilla<\/a> tienen algunas de las tasas de producci\u00f3n m\u00e1s altas del sector, con caracter\u00edsticas como cintas de alta capacidad, tolvas traseras plegables, controles de tasa informatizados y mucho m\u00e1s.<\/li>\n<\/ul>\n<\/li>\n<li><strong>Distribuidores de asfalto<\/strong>\n<ul>\n<li>Los contratistas necesitan <a href=\"https:\/\/bearcatmfg.com\/asphalt-distributor-truck\/\">camiones distribuidores<\/a> para la aplicaci\u00f3n r\u00e1pida y c\u00f3moda de asfalto l\u00edquido y otros materiales l\u00edquidos de pavimentaci\u00f3n. Los <a href=\"https:\/\/bearcatmfg.com\/asphalt-distributors\/\">distribuidores de asfalto<\/a> BearCat no tienen rival en cuanto a capacidad, velocidad y productividad. Puede elegir nuestros distribuidores BC-502 para aplicaciones de asfalto est\u00e1ndar, nuestros <a href=\"https:\/\/bearcatmfg.com\/granulated-rubber-asphalt-distributor\/\">distribuidores de asfalto de caucho granulado<\/a> para pulverizaci\u00f3n especializada o nuestros remolques de arrastre de asfalto.<\/li>\n<\/ul>\n<\/li>\n<li><strong>Selladores de grietas<\/strong>\n<ul>\n<li>A la hora de gestionar la reparaci\u00f3n y el mantenimiento de las superficies de asfalto, los contratistas conf\u00edan en las m\u00e1quinas <a href=\"https:\/\/bearcatmfg.com\/asphalt-crack-sealing\/\">de sellado de grietas<\/a>. Las BK-250 y BK-400 de BearCat son algunas de las mejores <a href=\"https:\/\/bearcatmfg.com\/crack-sealers-for-sale\/\">selladoras de grietas<\/a> disponibles. Nuestras m\u00e1quinas tienen una excelente capacidad calor\u00edfica, ofrecen una r\u00e1pida puesta en marcha y cumplen plenamente la normativa DOT. Los operarios pueden gestionar f\u00e1cilmente los servicios de reparaci\u00f3n de grietas con la comodidad y versatilidad de las m\u00e1quinas de sellado de grietas de BearCat.<\/li>\n<\/ul>\n<\/li>\n<li><strong>Equipo personalizado<\/strong>\n<ul>\n<li>Adem\u00e1s de nuestros equipos de asfalto est\u00e1ndar para la venta, BearCat desarrolla <a href=\"https:\/\/bearcatmfg.com\/product-category\/custom-equipment\/\">equipos personalizados<\/a> para algunos de los servicios de pavimentaci\u00f3n m\u00e1s singulares que ofrecen los contratistas de asfalto. Por ejemplo, nuestra extendedora de rociado SP-200 Roadtec combina las funciones de los distribuidores y esparcidores de gravilla en una sola m\u00e1quina. O bien, nuestros sistemas de reciclaje en fr\u00edo in situ ayudan a los contratistas a convertir el pavimento de asfalto viejo en asfalto l\u00edquido utilizable in situ.<\/li>\n<\/ul>\n<\/li>\n<\/ul>\n<div class=\"left-img\"><img loading=\"lazy\" decoding=\"async\" class=\"alignnone\" src=\"https:\/\/bearcatmfg.com\/wp-content\/uploads\/2023\/01\/Asphalt-Equipment-for-Sale-2.jpg\" alt=\"Un esparcidor de gravilla, parte del equipo de asfalto BearCat para la venta\" width=\"500\" height=\"350\" title=\"\"><\/div>\n<h3>Hable con nuestro equipo<\/h3>\n<p>Si est\u00e1 a la caza de equipos de asfalto en venta, aseg\u00farese de elegir equipos duraderos y de alta calidad de fabricantes de confianza en la industria del asfalto. Llame hoy mismo a los expertos de BearCat Manufacturing. Puede ponerse en contacto con nosotros en el <a href=\"tel:9286847851\">928-684-7851<\/a> para obtener m\u00e1s informaci\u00f3n o solicitar un presupuesto. Estamos ubicados en 3650 N Sabin Brown Rd, Wickenburg, AZ 85390. BearCat Manufacturing tiene su sede en Arizona y atiende a clientes de todo Estados Unidos.<\/p>\n","protected":false},"excerpt":{"rendered":"<p>Descubra los mejores equipos de asfalto en venta El \u00e9xito de su negocio de pavimentaci\u00f3n de asfalto consta de dos partes: la primera es la habilidad, experiencia y formaci\u00f3n de sus contratistas. La segunda parte se refiere a las m\u00e1quinas, veh\u00edculos y equipos que utiliza su empresa. \u00bfPuede su equipo satisfacer las demandas de los &hellip; <a href=\"https:\/\/bearcatmfg.com\/es\/venta-de-equipos-de-asfalto\/\" class=\"more-link\">Continue reading <span class=\"screen-reader-text\">Venta de equipos de asfalto<\/span><\/a><\/p>\n","protected":false},"author":1,"featured_media":1847,"parent":0,"menu_order":0,"comment_status":"closed","ping_status":"closed","template":"","meta":{"_acf_changed":false,"footnotes":""},"class_list":["post-1904","page","type-page","status-publish","has-post-thumbnail","hentry"],"acf":[],"_links":{"self":[{"href":"https:\/\/bearcatmfg.com\/es\/wp-json\/wp\/v2\/pages\/1904","targetHints":{"allow":["GET"]}}],"collection":[{"href":"https:\/\/bearcatmfg.com\/es\/wp-json\/wp\/v2\/pages"}],"about":[{"href":"https:\/\/bearcatmfg.com\/es\/wp-json\/wp\/v2\/types\/page"}],"author":[{"embeddable":true,"href":"https:\/\/bearcatmfg.com\/es\/wp-json\/wp\/v2\/users\/1"}],"replies":[{"embeddable":true,"href":"https:\/\/bearcatmfg.com\/es\/wp-json\/wp\/v2\/comments?post=1904"}],"version-history":[{"count":1,"href":"https:\/\/bearcatmfg.com\/es\/wp-json\/wp\/v2\/pages\/1904\/revisions"}],"predecessor-version":[{"id":1914,"href":"https:\/\/bearcatmfg.com\/es\/wp-json\/wp\/v2\/pages\/1904\/revisions\/1914"}],"wp:featuredmedia":[{"embeddable":true,"href":"https:\/\/bearcatmfg.com\/es\/wp-json\/wp\/v2\/media\/1847"}],"wp:attachment":[{"href":"https:\/\/bearcatmfg.com\/es\/wp-json\/wp\/v2\/media?parent=1904"}],"curies":[{"name":"wp","href":"https:\/\/api.w.org\/{rel}","templated":true}]}}