{"id":1905,"date":"2023-02-08T04:56:25","date_gmt":"2023-02-08T04:56:25","guid":{"rendered":"https:\/\/bearcatmfg.com\/camion-distribuidor-de-asfalto-granulado-de-caucho\/"},"modified":"2023-02-08T04:56:27","modified_gmt":"2023-02-08T04:56:27","slug":"camion-distribuidor-de-asfalto-granulado-de-caucho","status":"publish","type":"page","link":"https:\/\/bearcatmfg.com\/es\/camion-distribuidor-de-asfalto-granulado-de-caucho\/","title":{"rendered":"Cami\u00f3n distribuidor de asfalto granulado de caucho"},"content":{"rendered":"<h3>Convi\u00e9rtase en un contratista de asfalto l\u00edder con un distribuidor de asfalto de caucho granulado<\/h3>\n<p>La reparaci\u00f3n del asfalto, el mantenimiento del pavimento, el sellado de virutas, la reparaci\u00f3n de grietas, el revestimiento de sellado, la sustituci\u00f3n del asfalto y muchos otros servicios deber\u00edan formar parte de su repertorio como contratista de asfalto. Y en algunas partes de Estados Unidos, los contratistas de asfalto est\u00e1n empezando a invertir en nuevos m\u00e9todos y t\u00e9cnicas de pavimentaci\u00f3n. Una de estas t\u00e9cnicas consiste en utilizar migas de caucho como modificador del ligante asf\u00e1ltico. Sin embargo, s\u00f3lo es posible aplicar este asfalto \u00abengomado\u00bb con la ayuda de un distribuidor de asfalto de caucho granulado. Para obtener m\u00e1s informaci\u00f3n sobre estos distribuidores especializados y el asfalto cauchutado, llame hoy mismo a BearCat Manufacturing.<\/p>\n<h3>\u00bfQu\u00e9 es el hormig\u00f3n asf\u00e1ltico cauchutado?<\/h3>\n<p>El hormig\u00f3n asf\u00e1ltico cauchutado (RAC) es una mezcla de pavimento asf\u00e1ltico de hormig\u00f3n asf\u00e1ltico normal y caucho mezclado. La combinaci\u00f3n de caucho y asfalto da lugar a una superficie de pavimento \u00fanica, comparable al asfalto est\u00e1ndar en algunos aspectos y m\u00e1s funcional y beneficiosa en otros. Aunque el RAC se ha convertido en norma en la mayor\u00eda de las carreteras de Arizona, ha empezado a ganar popularidad en otras partes del pa\u00eds. Algunas de las ventajas del RAC son<\/p>\n<ul>\n<li><strong>Menos es m\u00e1s<\/strong> &#8211; El RAC se utiliza habitualmente en los servicios de repavimentaci\u00f3n asf\u00e1ltica y sellado de virutas para sustituir al asfalto l\u00edquido tradicional. Sin embargo, cuando son necesarias varias capas de asfalto para el firme de una carretera, el RAC es igual de eficaz con una o dos capas.<\/li>\n<li><strong>Elasticidad<\/strong> &#8211; El tr\u00e1fico, el clima y las fluctuaciones de temperatura siempre hacen que las superficies de los pavimentos se muevan, se encojan y se expandan, provocando finalmente que la superficie se agriete y se desmorone. Por el contrario, el RAC tiene mayores propiedades el\u00e1sticas, lo que reduce significativamente el riesgo de grietas y desmoronamientos.<\/li>\n<li><strong>Mayor seguridad<\/strong> &#8211; El RAC produce una superficie semiporosa, que proporciona a los veh\u00edculos m\u00e1s tracci\u00f3n en calzadas mojadas o heladas. Adem\u00e1s, la naturaleza semiporosa del asfalto reduce las salpicaduras de las calzadas mojadas, mejorando la visibilidad del conductor.<\/li>\n<li><strong>Amortiguaci\u00f3n ac\u00fastica<\/strong> &#8211; Una preocupaci\u00f3n habitual de las propiedades situadas junto a intersecciones muy transitadas es el ruido constante del tr\u00e1fico. Con el RAC, el caucho de la superficie de la calzada absorbe mejor el sonido que el asfalto est\u00e1ndar, que permite que el ruido se refleje en \u00e9l. El RAC puede reducir el volumen de tr\u00e1fico entre un 40 y un 80%.<\/li>\n<\/ul>\n<h3>El equipo adecuado para el trabajo<\/h3>\n<p>Si la pulverizaci\u00f3n RAC interesa a su empresa, necesita <a href=\"https:\/\/bearcatmfg.com\/asphalt-distributors\/\">distribuidores de asfalto<\/a> construidos para gestionar materiales m\u00e1s viscosos. El distribuidor de asfalto de caucho granulado BearCat es lo que necesita para empezar. Nuestro <a href=\"https:\/\/bearcatmfg.com\/asphalt-distributor-truck\/\">cami\u00f3n distribuidor<\/a> especializado cuenta con tubos de entrada extragrandes, quemadores di\u00e9sel de alto rendimiento y un sinf\u00edn interno para gestionar el RAC y otros materiales viscosos.<\/p>\n<div class=\"left-img\"><img loading=\"lazy\" decoding=\"async\" class=\"alignnone\" src=\"https:\/\/bearcatmfg.com\/wp-content\/uploads\/2023\/01\/Granulated-Rubber-Asphalt-Distributor-2.jpg\" alt=\"Limpieza de un distribuidor de asfalto de caucho granulado\" width=\"500\" height=\"350\" title=\"\"><\/div>\n<h3>Llame hoy mismo<\/h3>\n<p>Realice un cambio en los servicios de asfalto de su empresa con la incorporaci\u00f3n de un distribuidor de asfalto de caucho granulado, cortes\u00eda de BearCat Manufacturing. Para obtener m\u00e1s informaci\u00f3n sobre nuestros otros <a href=\"https:\/\/bearcatmfg.com\/asphalt-equipment-for-sale\/\">productos y equipos de asfalto<\/a>, p\u00f3ngase en contacto con nosotros hoy mismo en el <a href=\"tel:9286847851\">928-684-7851<\/a>. Estamos ubicados en 3650 N Sabin Brown Rd, Wickenburg, AZ 85390. BearCat Manufacturing tiene su sede en Arizona y atiende a clientes de todo Estados Unidos.<\/p>\n","protected":false},"excerpt":{"rendered":"<p>Convi\u00e9rtase en un contratista de asfalto l\u00edder con un distribuidor de asfalto de caucho granulado La reparaci\u00f3n del asfalto, el mantenimiento del pavimento, el sellado de virutas, la reparaci\u00f3n de grietas, el revestimiento de sellado, la sustituci\u00f3n del asfalto y muchos otros servicios deber\u00edan formar parte de su repertorio como contratista de asfalto. Y en &hellip; <a href=\"https:\/\/bearcatmfg.com\/es\/camion-distribuidor-de-asfalto-granulado-de-caucho\/\" class=\"more-link\">Continue reading <span class=\"screen-reader-text\">Cami\u00f3n distribuidor de asfalto granulado de caucho<\/span><\/a><\/p>\n","protected":false},"author":1,"featured_media":1869,"parent":0,"menu_order":0,"comment_status":"closed","ping_status":"closed","template":"","meta":{"_acf_changed":false,"footnotes":""},"class_list":["post-1905","page","type-page","status-publish","has-post-thumbnail","hentry"],"acf":[],"_links":{"self":[{"href":"https:\/\/bearcatmfg.com\/es\/wp-json\/wp\/v2\/pages\/1905","targetHints":{"allow":["GET"]}}],"collection":[{"href":"https:\/\/bearcatmfg.com\/es\/wp-json\/wp\/v2\/pages"}],"about":[{"href":"https:\/\/bearcatmfg.com\/es\/wp-json\/wp\/v2\/types\/page"}],"author":[{"embeddable":true,"href":"https:\/\/bearcatmfg.com\/es\/wp-json\/wp\/v2\/users\/1"}],"replies":[{"embeddable":true,"href":"https:\/\/bearcatmfg.com\/es\/wp-json\/wp\/v2\/comments?post=1905"}],"version-history":[{"count":1,"href":"https:\/\/bearcatmfg.com\/es\/wp-json\/wp\/v2\/pages\/1905\/revisions"}],"predecessor-version":[{"id":1910,"href":"https:\/\/bearcatmfg.com\/es\/wp-json\/wp\/v2\/pages\/1905\/revisions\/1910"}],"wp:featuredmedia":[{"embeddable":true,"href":"https:\/\/bearcatmfg.com\/es\/wp-json\/wp\/v2\/media\/1869"}],"wp:attachment":[{"href":"https:\/\/bearcatmfg.com\/es\/wp-json\/wp\/v2\/media?parent=1905"}],"curies":[{"name":"wp","href":"https:\/\/api.w.org\/{rel}","templated":true}]}}