{"id":1906,"date":"2023-02-08T04:56:25","date_gmt":"2023-02-08T04:56:25","guid":{"rendered":"https:\/\/bearcatmfg.com\/maquinaria-de-asfalto\/"},"modified":"2023-02-08T04:56:27","modified_gmt":"2023-02-08T04:56:27","slug":"maquinaria-de-asfalto","status":"publish","type":"page","link":"https:\/\/bearcatmfg.com\/es\/maquinaria-de-asfalto\/","title":{"rendered":"Maquinaria de asfalto"},"content":{"rendered":"<h3>La l\u00ednea BearCat de maquinaria de asfalto de primera categor\u00eda<\/h3>\n<p>\u00bfDesea ampliar su negocio de pavimentaci\u00f3n de asfalto? \u00bfNecesita nuevos equipos para atender las necesidades de sus clientes? Si es as\u00ed, \u00a1est\u00e1 de suerte! BearCat Manufacturing dise\u00f1a y produce algunos de los <a href=\"https:\/\/bearcatmfg.com\/road-maintenance-equipment\/\">mejores equipos de mantenimiento de carreteras<\/a> en la industria del asfalto. Nuestros productos se adaptan a la naturaleza a veces complicada del <a href=\"https:\/\/bearcatmfg.com\/asphalt-maintenance\/\">mantenimiento<\/a> y la <a href=\"https:\/\/bearcatmfg.com\/asphalt-repair\/\">reparaci\u00f3n<\/a> <a href=\"https:\/\/bearcatmfg.com\/asphalt-maintenance\/\">del asfalto<\/a>, permitiendo un transporte y una aplicaci\u00f3n f\u00e1ciles del asfalto a cualquier superficie de pavimento.<\/p>\n<h3>Nuestros productos<\/h3>\n<p>Desde la d\u00e9cada de 1970, BearCat Manufacturing ha construido equipos de mantenimiento de carreteras con innovaciones t\u00e9cnicas para estimular niveles de rendimiento m\u00e1s altos en toda la industria del asfalto. Tanto si necesita equipos para reparar eficazmente el asfalto, como m\u00e1quinas esenciales para el proceso de sellado de gravilla, BearCat le tiene cubierto. Nuestros principales productos son:<\/p>\n<ul>\n<li><strong>Distribuidores de asfalto<\/strong>\n<ul>\n<li>BearCat produce varias opciones para <a href=\"https:\/\/bearcatmfg.com\/best-asphalt-distributors\/\">distribuidores de asfalto<\/a>, cada una m\u00e1s duradera y productiva que la anterior. Nuestros distribuidores est\u00e1ndar BC-502 se conocen com\u00fanmente como \u00abla leyenda\u00bb debido a su inigualable productividad en la industria del asfalto. Adem\u00e1s, ofrecemos remolques de arrastre de asfalto, que pueden equiparse con nuestros sistemas de pulverizaci\u00f3n para el control del polvo. Por \u00faltimo, nuestros distribuidores de asfalto de caucho granulado funcionan de forma muy parecida a nuestros BC-502, con la ventaja de poder pulverizar grandes cantidades de material viscoso.<\/li>\n<\/ul>\n<\/li>\n<li><strong>Esparcidores de virutas<\/strong>\n<ul>\n<li>Las astilladoras en t\u00e1ndem de BearCat llevan una d\u00e9cada batiendo r\u00e9cords en el sector. Con caracter\u00edsticas como controles de velocidad informatizados, cintas de alta capacidad y tolvas traseras plegables, nuestras <a href=\"https:\/\/bearcatmfg.com\/asphalt-chip-spreaders\/\">esparcidoras de gravilla<\/a> alcanzan \u00edndices de productividad extremadamente altos. Los contratistas pueden elegir nuestra astilladora en t\u00e1ndem est\u00e1ndar de 20&#8242;, con una extensi\u00f3n de 10&#8242;-20&#8242; sobre la marcha. O bien, nuestra astilladora Stealth 16&#8242; en t\u00e1ndem funciona de forma similar pero es m\u00e1s peque\u00f1a y maniobrable.<\/li>\n<\/ul>\n<\/li>\n<li><strong>Selladores de grietas<\/strong>\n<ul>\n<li>Las <a href=\"https:\/\/bearcatmfg.com\/asphalt-crack-sealing\/\">m\u00e1quinas de sellado de grietas<\/a> totalmente di\u00e9sel de BearCat nunca han sido superadas en volumen o producci\u00f3n diaria. Nuestros selladores de grietas cumplen plenamente la normativa DOT, lo que ayuda a los contratistas a mantenerse al d\u00eda con las exigencias de reparaci\u00f3n de los clientes. Cada m\u00e1quina cuenta con controles de temperatura f\u00e1ciles de manejar, un sistema de arranque r\u00e1pido, una excelente capacidad de calentamiento, un sistema sin aclarado, dos puertas de carga de sellador y caracter\u00edsticas adicionales.<\/li>\n<\/ul>\n<\/li>\n<li><strong>Equipo personalizado<\/strong>\n<ul>\n<li>Adem\u00e1s de nuestra oferta de equipos est\u00e1ndar, BearCat fabrica <a href=\"https:\/\/bearcatmfg.com\/product-category\/custom-equipment\/\">productos<\/a> y sistemas <a href=\"https:\/\/bearcatmfg.com\/product-category\/custom-equipment\/\">personalizados<\/a> que mejoran los procesos de pavimentaci\u00f3n, reparaci\u00f3n y mantenimiento del asfalto. Por ejemplo, nuestra extendedora por pulverizaci\u00f3n SP-200 Roadtec simplifica el sellado de gravilla combinando la aplicaci\u00f3n de asfalto y \u00e1ridos en un solo paso. Adem\u00e1s, nuestro sistema de espumado de virutas previo al recubrimiento ayuda a que el sellado de virutas sea m\u00e1s eficaz, y nuestro sistema de reciclado en fr\u00edo in situ permite a los contratistas reciclar y reutilizar el asfalto in situ.<\/li>\n<\/ul>\n<\/li>\n<\/ul>\n<div class=\"left-img\"><img loading=\"lazy\" decoding=\"async\" class=\"alignnone\" src=\"https:\/\/bearcatmfg.com\/wp-content\/uploads\/2022\/12\/asphalt-machines-2.jpg\" alt=\"Un esparcidor de gravilla, una de las principales ofertas de maquinaria de asfalto de BearCat.\" width=\"500\" height=\"350\" title=\"\"><\/div>\n<h3>Llame hoy mismo a BearCat<\/h3>\n<p>Gracias a la selecci\u00f3n de los mejores equipos de mantenimiento de carreteras de BearCat Manufacturing, puede equipar su empresa con la mejor maquinaria para asfalto. Para obtener m\u00e1s informaci\u00f3n sobre nuestros productos u otras opciones de alquiler de equipos y existencias, p\u00f3ngase en contacto con nosotros hoy mismo en el <a href=\"tel:9286847851\">928-684-7851<\/a>. Estamos ubicados en 3650 N Sabin Brown Rd, Wickenburg, AZ 85390. BearCat Manufacturing tiene su sede en Arizona y atiende a clientes de todo Estados Unidos.<\/p>\n","protected":false},"excerpt":{"rendered":"<p>La l\u00ednea BearCat de maquinaria de asfalto de primera categor\u00eda \u00bfDesea ampliar su negocio de pavimentaci\u00f3n de asfalto? \u00bfNecesita nuevos equipos para atender las necesidades de sus clientes? Si es as\u00ed, \u00a1est\u00e1 de suerte! BearCat Manufacturing dise\u00f1a y produce algunos de los mejores equipos de mantenimiento de carreteras en la industria del asfalto. Nuestros productos &hellip; <a href=\"https:\/\/bearcatmfg.com\/es\/maquinaria-de-asfalto\/\" class=\"more-link\">Continue reading <span class=\"screen-reader-text\">Maquinaria de asfalto<\/span><\/a><\/p>\n","protected":false},"author":1,"featured_media":1810,"parent":0,"menu_order":0,"comment_status":"closed","ping_status":"closed","template":"","meta":{"_acf_changed":false,"footnotes":""},"class_list":["post-1906","page","type-page","status-publish","has-post-thumbnail","hentry"],"acf":[],"_links":{"self":[{"href":"https:\/\/bearcatmfg.com\/es\/wp-json\/wp\/v2\/pages\/1906","targetHints":{"allow":["GET"]}}],"collection":[{"href":"https:\/\/bearcatmfg.com\/es\/wp-json\/wp\/v2\/pages"}],"about":[{"href":"https:\/\/bearcatmfg.com\/es\/wp-json\/wp\/v2\/types\/page"}],"author":[{"embeddable":true,"href":"https:\/\/bearcatmfg.com\/es\/wp-json\/wp\/v2\/users\/1"}],"replies":[{"embeddable":true,"href":"https:\/\/bearcatmfg.com\/es\/wp-json\/wp\/v2\/comments?post=1906"}],"version-history":[{"count":1,"href":"https:\/\/bearcatmfg.com\/es\/wp-json\/wp\/v2\/pages\/1906\/revisions"}],"predecessor-version":[{"id":1911,"href":"https:\/\/bearcatmfg.com\/es\/wp-json\/wp\/v2\/pages\/1906\/revisions\/1911"}],"wp:featuredmedia":[{"embeddable":true,"href":"https:\/\/bearcatmfg.com\/es\/wp-json\/wp\/v2\/media\/1810"}],"wp:attachment":[{"href":"https:\/\/bearcatmfg.com\/es\/wp-json\/wp\/v2\/media?parent=1906"}],"curies":[{"name":"wp","href":"https:\/\/api.w.org\/{rel}","templated":true}]}}