{"id":1907,"date":"2023-02-08T04:56:25","date_gmt":"2023-02-08T04:56:25","guid":{"rendered":"https:\/\/bearcatmfg.com\/distribuidores-de-asfalto-en-venta\/"},"modified":"2023-02-08T04:56:28","modified_gmt":"2023-02-08T04:56:28","slug":"distribuidores-de-asfalto-en-venta","status":"publish","type":"page","link":"https:\/\/bearcatmfg.com\/es\/distribuidores-de-asfalto-en-venta\/","title":{"rendered":"Distribuidores de asfalto en venta"},"content":{"rendered":"<h3>Apoye a su empresa con los mejores distribuidores de asfalto en venta<\/h3>\n<p>Antes de la introducci\u00f3n de los modernos equipos de asfaltado, los contratistas ten\u00edan que mezclar, calentar y aplicar manualmente asfalto l\u00edquido a la superficie del pavimento, lo que supon\u00eda un proceso dif\u00edcil y largo. Hoy en d\u00eda, los contratistas de asfalto conf\u00edan en <a href=\"https:\/\/bearcatmfg.com\/asphalt-distributors\/\">los distribuidores de asfalto<\/a> para aplicar asfalto l\u00edquido de forma r\u00e1pida y uniforme en cualquier parcela o carretera. Y cuando los contratistas buscan los mejores distribuidores de asfalto en venta, \u00a1conf\u00edan en lo que ofrece BearCat Manufacturing!<\/p>\n<h3>Distribuidores de BearCat<\/h3>\n<p>Nuestros <a href=\"https:\/\/bearcatmfg.com\/best-asphalt-distributors\/\">distribuidores de asfalto de primera categor\u00eda<\/a> son el complemento perfecto para la flota de cualquier contratista o equipo de mantenimiento de carreteras. Cada distribuidor que producimos puede gestionar servicios de asfalto como sellado, sellado de virutas, pulverizaci\u00f3n de emulsiones y mucho m\u00e1s. Adem\u00e1s, nuestros distribuidores de asfalto pueden presumir de ciertas caracter\u00edsticas como:<\/p>\n<ul class=\"col-2\">\n<li>Sistema de accionamiento de la bomba hidrost\u00e1tica de bucle cerrado<\/li>\n<li>Sistema de calefacci\u00f3n con bomba de asfalto calentado<\/li>\n<li>Control de velocidad por ordenador (CRC) de \u00faltima generaci\u00f3n<\/li>\n<li>Colectores de tres v\u00e1lvulas<\/li>\n<li>Sistemas de descarga y rotura<\/li>\n<li>Tanques de acero con tama\u00f1os de 1.000 a 5.000 galones<\/li>\n<li>Barra de pulverizaci\u00f3n y v\u00e1lvulas de pulverizaci\u00f3n<\/li>\n<\/ul>\n<p>BearCat puede dise\u00f1ar y personalizar nuestros distribuidores para satisfacer las necesidades \u00fanicas de cada cliente. Seleccione uno de nuestros modelos b\u00e1sicos y podemos equiparlo con caracter\u00edsticas adicionales, como nuestro sistema de pulverizaci\u00f3n para el control del polvo. Entre los distribuidores de asfalto en venta para elegir se incluyen:<\/p>\n<ul>\n<li><strong>El BC-502<\/strong> &#8211; Nuestro principal distribuidor de asfalto y uno de los productos m\u00e1s populares de BearCat. La BC-502 es com\u00fanmente conocida como \u00abla leyenda\u00bb en nuestra industria debido a su incre\u00edble productividad y durabilidad. La BC-502 viene de serie con un dep\u00f3sito de acero, barra de pulverizaci\u00f3n, sistema de calefacci\u00f3n, control de velocidad informatizado y caracter\u00edsticas adicionales.<\/li>\n<li><strong>Distribuidores de asfalto granulado de caucho<\/strong> &#8211; Se requiere un distribuidor de mayor resistencia cuando se pulverizan materiales m\u00e1s viscosos, como el hormig\u00f3n asf\u00e1ltico de caucho (RAC). Los <a href=\"https:\/\/bearcatmfg.com\/granulated-rubber-asphalt-distributor\/\">distribuidores de asfalto de caucho granulado<\/a> de BearCat cumplen los requisitos, ya que utilizan tubos de entrada extragrandes y quemadores di\u00e9sel de alto rendimiento para aplicar el RAC de forma eficaz.<\/li>\n<li><strong>Remolques<\/strong> de tiro de asfalto &#8211; Si desea la misma funci\u00f3n y capacidad que nuestros camiones distribuidores de asfalto, pero sin el \u00abcami\u00f3n\u00bb en s\u00ed, BearCat ofrece remolques de tiro de asfalto. Nuestros remolques de arrastre de dos ejes pueden ayudar a transportar m\u00e1s de 20 toneladas de asfalto l\u00edquido. Podemos equipar su remolque con nuestros sistemas de distribuci\u00f3n de asfalto, d\u00e1ndoles la misma funci\u00f3n que a los camiones distribuidores.<\/li>\n<\/ul>\n<h3>Equipo de asfalto adicional<\/h3>\n<p>Los camiones distribuidores de asfalto no son el \u00fanico equipo que BearCat Manufacturing vende a los contratistas de asfalto. Desde 1969, BearCat ha dise\u00f1ado y fabricado <a href=\"https:\/\/bearcatmfg.com\/industrial-asphalt-equipment\/\">maquinaria industrial<\/a> \u00fanica que ha impulsado mayores niveles de rendimiento en toda la industria del asfalto. Algunas de nuestras otras ofertas de equipos incluyen:<\/p>\n<ul class=\"col-2\">\n<li><a href=\"https:\/\/bearcatmfg.com\/product-category\/chip-spreaders\/\">Esparcidores de virutas<\/a><\/li>\n<li><a href=\"https:\/\/bearcatmfg.com\/product-category\/crack-sealers\/\">Selladores de grietas<\/a><\/li>\n<li><a href=\"https:\/\/bearcatmfg.com\/product-category\/custom-equipment\/\">Sistema de espumado de precapas<\/a><\/li>\n<li><a href=\"https:\/\/bearcatmfg.com\/product-category\/custom-equipment\/\">Adoquines Roadtec<\/a><\/li>\n<li><a href=\"https:\/\/bearcatmfg.com\/product-category\/custom-equipment\/\">Sistemas de reciclaje en fr\u00edo<\/a><\/li>\n<\/ul>\n<div class=\"left-img\"><img loading=\"lazy\" decoding=\"async\" class=\"alignnone\" src=\"https:\/\/bearcatmfg.com\/wp-content\/uploads\/2023\/01\/Asphalt-Distributors-for-Sale-2.jpg\" alt=\"Distribuidores de asfalto BearCat en venta\" width=\"500\" height=\"350\" title=\"\"><\/div>\n<h3>Contacte con nuestra oficina<\/h3>\n<p>Los contratistas de asfalto no deber\u00edan conformarse con nada menos que los mejores distribuidores de asfalto en venta. Para encontrar los camiones distribuidores de asfalto y remolques perfectos para su empresa, p\u00f3ngase en contacto con los expertos de BearCat Manufacturing. Obtenga m\u00e1s informaci\u00f3n sobre nuestros productos o solicite un presupuesto llamando al <a href=\"tel:9286847851\">928-684-7851<\/a>. Estamos ubicados en 3650 N Sabin Brown Rd, Wickenburg, AZ 85390. BearCat Manufacturing tiene su sede en Arizona y atiende a clientes de todo Estados Unidos.<\/p>\n","protected":false},"excerpt":{"rendered":"<p>Apoye a su empresa con los mejores distribuidores de asfalto en venta Antes de la introducci\u00f3n de los modernos equipos de asfaltado, los contratistas ten\u00edan que mezclar, calentar y aplicar manualmente asfalto l\u00edquido a la superficie del pavimento, lo que supon\u00eda un proceso dif\u00edcil y largo. Hoy en d\u00eda, los contratistas de asfalto conf\u00edan en &hellip; <a href=\"https:\/\/bearcatmfg.com\/es\/distribuidores-de-asfalto-en-venta\/\" class=\"more-link\">Continue reading <span class=\"screen-reader-text\">Distribuidores de asfalto en venta<\/span><\/a><\/p>\n","protected":false},"author":1,"featured_media":1875,"parent":0,"menu_order":0,"comment_status":"closed","ping_status":"closed","template":"","meta":{"_acf_changed":false,"footnotes":""},"class_list":["post-1907","page","type-page","status-publish","has-post-thumbnail","hentry"],"acf":[],"_links":{"self":[{"href":"https:\/\/bearcatmfg.com\/es\/wp-json\/wp\/v2\/pages\/1907","targetHints":{"allow":["GET"]}}],"collection":[{"href":"https:\/\/bearcatmfg.com\/es\/wp-json\/wp\/v2\/pages"}],"about":[{"href":"https:\/\/bearcatmfg.com\/es\/wp-json\/wp\/v2\/types\/page"}],"author":[{"embeddable":true,"href":"https:\/\/bearcatmfg.com\/es\/wp-json\/wp\/v2\/users\/1"}],"replies":[{"embeddable":true,"href":"https:\/\/bearcatmfg.com\/es\/wp-json\/wp\/v2\/comments?post=1907"}],"version-history":[{"count":1,"href":"https:\/\/bearcatmfg.com\/es\/wp-json\/wp\/v2\/pages\/1907\/revisions"}],"predecessor-version":[{"id":1912,"href":"https:\/\/bearcatmfg.com\/es\/wp-json\/wp\/v2\/pages\/1907\/revisions\/1912"}],"wp:featuredmedia":[{"embeddable":true,"href":"https:\/\/bearcatmfg.com\/es\/wp-json\/wp\/v2\/media\/1875"}],"wp:attachment":[{"href":"https:\/\/bearcatmfg.com\/es\/wp-json\/wp\/v2\/media?parent=1907"}],"curies":[{"name":"wp","href":"https:\/\/api.w.org\/{rel}","templated":true}]}}