{"id":1926,"date":"2023-02-22T09:15:55","date_gmt":"2023-02-22T09:15:55","guid":{"rendered":"https:\/\/bearcatmfg.com\/venta-de-esparcidores-de-virutas\/"},"modified":"2023-02-26T15:19:20","modified_gmt":"2023-02-26T15:19:20","slug":"venta-de-esparcidores-de-virutas","status":"publish","type":"page","link":"https:\/\/bearcatmfg.com\/es\/venta-de-esparcidores-de-virutas\/","title":{"rendered":"Venta de esparcidores de virutas"},"content":{"rendered":"<h3>Seleccione entre los mejores esparcidores de virutas en venta<\/h3>\n<p>En lugar de la reparaci\u00f3n continua de una calzada o la sustituci\u00f3n total del asfalto, muchos propietarios optan por el reasfaltado. Varios tipos de repavimentaci\u00f3n de asfalto pueden ayudar a reforzar el pavimento y restaurar su longevidad. Por ejemplo, el proceso de sellado de virutas es un m\u00e9todo popular de repavimentaci\u00f3n asf\u00e1ltica que ofrecen muchos contratistas de asfalto. Sin embargo, el servicio de asfaltado s\u00f3lo es posible si su empresa posee el equipo adecuado. Si desea invertir en servicios de sellado de gravilla, encuentre los mejores distribuidores y esparcidores de gravilla en venta con BearCat Manufacturing.<\/p>\n<h3>\u00bfPor qu\u00e9 elegir Chip Seal?<\/h3>\n<p>Pocas t\u00e9cnicas de renovaci\u00f3n del asfalto son tan eficaces y duraderas como el sellado de virutas. Debido a la seguridad y durabilidad de las calzadas selladas con virutas y a la rapidez y asequibilidad del servicio, no es de extra\u00f1ar que el sellado con virutas sea uno de los favoritos de la mayor\u00eda de los contratistas.<\/p>\n<ul>\n<li><strong>Mayor resistencia y longevidad<\/strong>\n<ul>\n<li>No hay l\u00edmite para los factores que desgastan la superficie de un pavimento asf\u00e1ltico. La exposici\u00f3n al sol, las temperaturas bajo cero, la humedad, los derrames de productos qu\u00edmicos y el tr\u00e1fico intenso son algunos de los factores que pueden provocar aver\u00edas en la calzada. Afortunadamente, el sellado de virutas renueva la fuerza y longevidad del pavimento, deshaciendo la mayor parte del deterioro y aumentando la durabilidad y resistencia de su asfalto.<\/li>\n<\/ul>\n<\/li>\n<li><strong>Mayor seguridad para los conductores<\/strong>\n<ul>\n<li>El sellado de asfalto puede restaurar sus lotes de asfalto y calzadas para que queden mejor que nuevos. De hecho, las superficies de aglomerado ofrecen mayores ventajas de seguridad que las superficies de asfalto tradicionales. Por ejemplo, la rugosidad del pavimento asf\u00e1ltico aumenta la resistencia al deslizamiento de las calzadas, lo que ayuda a evitar que los veh\u00edculos resbalen en condiciones meteorol\u00f3gicas adversas. Incluso en los d\u00edas soleados, las carreteras asfaltadas protegen a los conductores creando una superficie antideslumbrante, lo que reduce la fatiga visual del conductor.<\/li>\n<\/ul>\n<\/li>\n<li><strong>Servicio r\u00e1pido y rentable<\/strong>\n<ul>\n<li>Quiz\u00e1s el mayor beneficio de ofrecer servicios de sellado de gravilla a sus clientes sea el ahorro de costes que usted y sus clientes experimentar\u00e1n. Gracias al uso de asfalto reciclado en el sellado de gravilla, los costes de material se mantienen relativamente bajos. Adem\u00e1s, la mano de obra necesaria para manejar la maquinaria de sellado de virutas es m\u00ednima, lo que reduce a\u00fan m\u00e1s los costes y repercute ese ahorro en los clientes. Lo mejor de todo es que el sellado de gravilla es r\u00e1pido de aplicar y tendr\u00e1 su pavimento listo en cuesti\u00f3n de horas, no de d\u00edas.<\/li>\n<\/ul>\n<\/li>\n<\/ul>\n<h3>Encuentre el equipo adecuado para el trabajo<\/h3>\n<p>Para poder ofrecer servicios de sellado de virutas de alta calidad es necesario contar con el equipo adecuado. Afortunadamente, con los distribuidores y esparcidores de gravilla en venta de BearCat, tiene acceso a algunas de las m\u00e1quinas de sellado de gravilla m\u00e1s avanzadas del mercado. Por ejemplo, nuestras astilladoras en t\u00e1ndem de 20&#8242; y Stealth de 16&#8242; le ofrecen un control preciso del tama\u00f1o y la distribuci\u00f3n de las virutas, lo que garantiza una alta productividad independientemente del tama\u00f1o del proyecto. Entre las caracter\u00edsticas adicionales de nuestros esparcidores de virutas se incluyen:<\/p>\n<ul>\n<li>Cilindros sensores de posici\u00f3n de accionamiento hidr\u00e1ulico<\/li>\n<li>Motor diesel Tier 3 o 4 de 6 ciclos<\/li>\n<li>Tolvas en t\u00e1ndem de construcci\u00f3n de acero HSLA para arrancar en l\u00ednea recta y minimizar el desperdicio de \u00e1ridos<\/li>\n<li>Control de velocidad por ordenador (CRC) de \u00faltima generaci\u00f3n<\/li>\n<li>Sistema de refrigeraci\u00f3n hidr\u00e1ulica para garantizar las temperaturas normales de funcionamiento<\/li>\n<li>Sensores de banda ultras\u00f3nicos de bajo mantenimiento y sin contacto para la medici\u00f3n de la altura de la pila de virutas<\/li>\n<\/ul>\n<div class=\"left-img\"><img loading=\"lazy\" decoding=\"async\" class=\"alignnone\" src=\"https:\/\/bearcatmfg.com\/wp-content\/uploads\/2023\/02\/Chip-Spreaders-for-Sale-seo-1.jpg\" alt=\"Venta de esparcidores de virutas BearCat rojos\" width=\"500\" height=\"350\" title=\"\"><\/div>\n<h3>Ll\u00e1menos<\/h3>\n<p>Aseg\u00farese de que su empresa de pavimentaci\u00f3n de asfalto puede ofrecer los mejores servicios de sellado de gravilla con los mejores distribuidores y esparcidores de gravilla en venta. P\u00f3ngase en contacto con BearCat Manufacturing hoy mismo en <a href=\"tel:9286847851\">el 928-684-7851<\/a> para obtener m\u00e1s informaci\u00f3n sobre nuestros equipos de asfalto o solicitar un presupuesto. Estamos ubicados en 3650 N Sabin Brown Rd, Wickenburg, AZ 85390. BearCat Manufacturing tiene su sede en Arizona y atiende a clientes de todo Estados Unidos.<\/p>\n","protected":false},"excerpt":{"rendered":"<p>Seleccione entre los mejores esparcidores de virutas en venta En lugar de la reparaci\u00f3n continua de una calzada o la sustituci\u00f3n total del asfalto, muchos propietarios optan por el reasfaltado. Varios tipos de repavimentaci\u00f3n de asfalto pueden ayudar a reforzar el pavimento y restaurar su longevidad. Por ejemplo, el proceso de sellado de virutas es &hellip; <a href=\"https:\/\/bearcatmfg.com\/es\/venta-de-esparcidores-de-virutas\/\" class=\"more-link\">Continue reading <span class=\"screen-reader-text\">Venta de esparcidores de virutas<\/span><\/a><\/p>\n","protected":false},"author":1,"featured_media":1924,"parent":0,"menu_order":0,"comment_status":"closed","ping_status":"closed","template":"","meta":{"_acf_changed":false,"footnotes":""},"class_list":["post-1926","page","type-page","status-publish","has-post-thumbnail","hentry"],"acf":[],"_links":{"self":[{"href":"https:\/\/bearcatmfg.com\/es\/wp-json\/wp\/v2\/pages\/1926","targetHints":{"allow":["GET"]}}],"collection":[{"href":"https:\/\/bearcatmfg.com\/es\/wp-json\/wp\/v2\/pages"}],"about":[{"href":"https:\/\/bearcatmfg.com\/es\/wp-json\/wp\/v2\/types\/page"}],"author":[{"embeddable":true,"href":"https:\/\/bearcatmfg.com\/es\/wp-json\/wp\/v2\/users\/1"}],"replies":[{"embeddable":true,"href":"https:\/\/bearcatmfg.com\/es\/wp-json\/wp\/v2\/comments?post=1926"}],"version-history":[{"count":4,"href":"https:\/\/bearcatmfg.com\/es\/wp-json\/wp\/v2\/pages\/1926\/revisions"}],"predecessor-version":[{"id":1967,"href":"https:\/\/bearcatmfg.com\/es\/wp-json\/wp\/v2\/pages\/1926\/revisions\/1967"}],"wp:featuredmedia":[{"embeddable":true,"href":"https:\/\/bearcatmfg.com\/es\/wp-json\/wp\/v2\/media\/1924"}],"wp:attachment":[{"href":"https:\/\/bearcatmfg.com\/es\/wp-json\/wp\/v2\/media?parent=1926"}],"curies":[{"name":"wp","href":"https:\/\/api.w.org\/{rel}","templated":true}]}}