{"id":1940,"date":"2023-02-22T09:21:44","date_gmt":"2023-02-22T09:21:44","guid":{"rendered":"https:\/\/bearcatmfg.com\/mejor-equipo-de-asfalto\/"},"modified":"2023-02-26T15:25:20","modified_gmt":"2023-02-26T15:25:20","slug":"mejor-equipo-de-asfalto","status":"publish","type":"page","link":"https:\/\/bearcatmfg.com\/es\/mejor-equipo-de-asfalto\/","title":{"rendered":"Mejor equipo de asfalto"},"content":{"rendered":"<h3>Servicios de asfalto de alta calidad gracias al mejor equipo de asfalto de BearCat<\/h3>\n<p>Garantizar que su empresa de pavimentaci\u00f3n de asfalto pueda ofrecer un servicio de alta calidad y satisfacer las demandas de los clientes requiere una inversi\u00f3n en los mejores equipos de asfalto para el mantenimiento de carreteras. A trav\u00e9s de BearCat Manufacturing, los contratistas pueden encontrar camiones, remolques y m\u00e1quinas que ampl\u00edan y simplifican muchos procesos de pavimentaci\u00f3n de asfalto. Para tener \u00e9xito como contratista local de asfalto, aseg\u00farese de tener el equipo adecuado para el trabajo con BearCat Manufacturing.<\/p>\n<h3>\u00bfCu\u00e1les son nuestras m\u00e1quinas de asfalto en venta?<\/h3>\n<p>Ofrecer servicios de reparaci\u00f3n de pavimentos o de reasfaltado es esencial para cualquier empresa contratista de asfalto. Por ello, BearCat desarrolla maquinaria especializada para simplificar y mejorar el mantenimiento del asfalto. Algunas de las principales ofertas de equipos de BearCat incluyen:<\/p>\n<ul>\n<li><strong>Selladores de grietas<\/strong>\n<ul>\n<li>Las BK-250 y BK-400 son las m\u00e1quinas de sellado de grietas mejor valoradas de BearCat. Nuestros remolques de sellado de grietas hacen que la reparaci\u00f3n de grietas en el asfalto sea r\u00e1pida y sencilla para proyectos de cualquier tama\u00f1o. Con una puesta en marcha r\u00e1pida y una capacidad de calentamiento mejorada, las selladoras de grietas de BearCat permiten a los operadores maximizar la producci\u00f3n y garantizar que los esfuerzos de reparaci\u00f3n cumplen con la normativa DOT.<\/li>\n<\/ul>\n<\/li>\n<li><strong>Distribuidores de asfalto<\/strong>\n<ul>\n<li>Cuando la reparaci\u00f3n no es suficiente, BearCat fabrica los mejores equipos para el sellado de virutas, una t\u00e9cnica popular y eficaz de repavimentaci\u00f3n de asfalto. La <a href=\"https:\/\/bearcatmfg.com\/asphalt-resurfacing\/\">repavimentaci\u00f3n de asfalto<\/a> es un servicio muy solicitado, ya que es mucho m\u00e1s asequible que la sustituci\u00f3n completa del pavimento. Los distribuidores de BearCat inician el proceso de repavimentaci\u00f3n, permitiendo a los operadores aplicar f\u00e1cilmente asfalto l\u00edquido a cualquier superficie de pavimento.<\/li>\n<\/ul>\n<\/li>\n<li><strong>Esparcidores de virutas<\/strong>\n<ul>\n<li>Despu\u00e9s de aplicar el asfalto l\u00edquido a una calzada, los esparcidores de gravilla empiezan a esparcir gravilla de asfalto sobre el pavimento reci\u00e9n rociado. Las astilladoras en t\u00e1ndem de BearCat garantizan un control preciso sobre la velocidad de esparcimiento y el tama\u00f1o de las virutas, lo que permite a los operarios ajustar con precisi\u00f3n la calidad de la aplicaci\u00f3n del sellado de virutas. Las mejores caracter\u00edsticas de nuestro esparcidor de virutas incluyen cintas de alta capacidad, tolvas traseras plegables, controles informatizados y mucho m\u00e1s.<\/li>\n<\/ul>\n<\/li>\n<li><strong>Equipo personalizado<\/strong>\n<ul>\n<li>Para los contratistas interesados en equipos de asfalto especializados, BearCat tiene lo que busca. Adem\u00e1s de nuestros principales distribuidores, esparcidores de gravilla y selladores de grietas, producimos equipos que mejoran a\u00fan m\u00e1s el proceso de pavimentaci\u00f3n con asfalto. Por ejemplo, nuestra extendedora de rociado SP-200 Roadtec combina las funciones de un distribuidor y un esparcidor de gravilla, lo que agiliza el proceso de sellado de gravilla. O bien, nuestro sistema de reciclado en fr\u00edo in situ ayuda a los contratistas a reciclar el asfalto viejo para su uso in situ.<\/li>\n<\/ul>\n<\/li>\n<\/ul>\n<div class=\"left-img\"><img loading=\"lazy\" decoding=\"async\" class=\"alignnone\" src=\"https:\/\/bearcatmfg.com\/wp-content\/uploads\/2023\/02\/Best-Asphalt-Equipment-seo.jpg\" alt=\"Un esparcidor de gravilla BearCat, el mejor equipo de asfalto de BearCat\" width=\"500\" height=\"350\" title=\"\"><\/div>\n<h3>Contacte con BearCat hoy mismo<\/h3>\n<p>\u00a1Encontrar el mejor equipo de asfalto para reemplazar sus viejas m\u00e1quinas de asfalto menos eficientes y menos duraderas es f\u00e1cil con la orientaci\u00f3n de BearCat Manufacturing! Disponemos de la maquinaria de gama alta que los contratistas necesitan para alcanzar el \u00e9xito en su mercado. Si est\u00e1 interesado en la l\u00ednea de productos de asfalto de BearCat, p\u00f3ngase en contacto con nosotros hoy mismo en el <a href=\"tel:9286847851\">928-684-7851<\/a> para solicitar un presupuesto. Estamos ubicados en 3650 N Sabin Brown Rd, Wickenburg, AZ 85390. BearCat Manufacturing tiene su sede en Arizona y atiende a clientes de todo Estados Unidos.<\/p>\n","protected":false},"excerpt":{"rendered":"<p>Servicios de asfalto de alta calidad gracias al mejor equipo de asfalto de BearCat Garantizar que su empresa de pavimentaci\u00f3n de asfalto pueda ofrecer un servicio de alta calidad y satisfacer las demandas de los clientes requiere una inversi\u00f3n en los mejores equipos de asfalto para el mantenimiento de carreteras. A trav\u00e9s de BearCat Manufacturing, &hellip; <a href=\"https:\/\/bearcatmfg.com\/es\/mejor-equipo-de-asfalto\/\" class=\"more-link\">Continue reading <span class=\"screen-reader-text\">Mejor equipo de asfalto<\/span><\/a><\/p>\n","protected":false},"author":1,"featured_media":1937,"parent":0,"menu_order":0,"comment_status":"closed","ping_status":"closed","template":"","meta":{"_acf_changed":false,"footnotes":""},"class_list":["post-1940","page","type-page","status-publish","has-post-thumbnail","hentry"],"acf":[],"_links":{"self":[{"href":"https:\/\/bearcatmfg.com\/es\/wp-json\/wp\/v2\/pages\/1940","targetHints":{"allow":["GET"]}}],"collection":[{"href":"https:\/\/bearcatmfg.com\/es\/wp-json\/wp\/v2\/pages"}],"about":[{"href":"https:\/\/bearcatmfg.com\/es\/wp-json\/wp\/v2\/types\/page"}],"author":[{"embeddable":true,"href":"https:\/\/bearcatmfg.com\/es\/wp-json\/wp\/v2\/users\/1"}],"replies":[{"embeddable":true,"href":"https:\/\/bearcatmfg.com\/es\/wp-json\/wp\/v2\/comments?post=1940"}],"version-history":[{"count":1,"href":"https:\/\/bearcatmfg.com\/es\/wp-json\/wp\/v2\/pages\/1940\/revisions"}],"predecessor-version":[{"id":1970,"href":"https:\/\/bearcatmfg.com\/es\/wp-json\/wp\/v2\/pages\/1940\/revisions\/1970"}],"wp:featuredmedia":[{"embeddable":true,"href":"https:\/\/bearcatmfg.com\/es\/wp-json\/wp\/v2\/media\/1937"}],"wp:attachment":[{"href":"https:\/\/bearcatmfg.com\/es\/wp-json\/wp\/v2\/media?parent=1940"}],"curies":[{"name":"wp","href":"https:\/\/api.w.org\/{rel}","templated":true}]}}