{"id":1947,"date":"2023-02-22T09:24:55","date_gmt":"2023-02-22T09:24:55","guid":{"rendered":"https:\/\/bearcatmfg.com\/las-mejores-maquinas-de-asfalto\/"},"modified":"2023-02-26T15:29:18","modified_gmt":"2023-02-26T15:29:18","slug":"las-mejores-maquinas-de-asfalto","status":"publish","type":"page","link":"https:\/\/bearcatmfg.com\/es\/las-mejores-maquinas-de-asfalto\/","title":{"rendered":"Las mejores m\u00e1quinas de asfalto"},"content":{"rendered":"<h3>\u00bfD\u00f3nde puede encontrar la mejor m\u00e1quina de asfalto para su negocio?<\/h3>\n<p>Si est\u00e1 intentando hacerse un nombre como el mejor contratista de asfalto de su zona, \u00a1necesita las mejores m\u00e1quinas de asfalto para respaldar esa afirmaci\u00f3n! Afortunadamente, BearCat Manufacturing tiene la respuesta a sus problemas de equipamiento con nuestros equipos de asfalto de alta calidad y alta producci\u00f3n. Contratistas, equipos de mantenimiento de carreteras y municipios de todo Estados Unidos conf\u00edan en los camiones, remolques y maquinaria de BearCat. Para ver lo que BearCat puede ofrecerle, ll\u00e1menos hoy mismo.<\/p>\n<h3>\u00bfPara qu\u00e9 son mejores las m\u00e1quinas BearCat?<\/h3>\n<p>El mantenimiento y la reparaci\u00f3n del asfalto son servicios esenciales que todo contratista de asfalto debe ofrecer. Sin embargo, sin el equipo adecuado, no puede esperar ofrecer estos mismos servicios con el nivel de calidad que esperan sus clientes. Afortunadamente, los equipos BearCat est\u00e1n dise\u00f1ados para satisfacer y superar las necesidades tanto de los contratistas de asfalto como de los clientes.<\/p>\n<ul>\n<li><strong>Reparaci\u00f3n del asfalto<\/strong>\n<ul>\n<li>El asfalto se deteriora con el paso del tiempo, ya sea debido al tr\u00e1fico intenso o a las inclemencias meteorol\u00f3gicas. Sin embargo, que no se pueda detener el deterioro no significa que no haya formas de ralentizarlo o disminuirlo. La reparaci\u00f3n de grietas, por ejemplo, ayuda a evitar que el asfalto se desmorone y se deshaga. Con los selladores de grietas BearCat, los contratistas pueden reparar r\u00e1pida y f\u00e1cilmente el pavimento, ayudando a prolongar la vida de su asfalto.<\/li>\n<\/ul>\n<\/li>\n<li><strong>Repavimentaci\u00f3n asf\u00e1ltica<\/strong>\n<ul>\n<li>Cuando la reparaci\u00f3n de grietas no es suficiente, los contratistas pueden ofrecer el <a href=\"https:\/\/bearcatmfg.com\/asphalt-resurfacing\/\">reasfaltado del asfalto<\/a>, como el servicio de sellado de virutas. El sellado de virutas no s\u00f3lo restaura el aspecto del pavimento, sino que tambi\u00e9n invierte la mayor parte del deterioro, refuerza el asfalto y crea unas condiciones de conducci\u00f3n m\u00e1s seguras. Con los distribuidores de asfalto y esparcidores de gravilla de BearCat puede conseguir servicios de sellado de gravilla de alta calidad. Con distribuidores para rociar asfalto l\u00edquido y esparcidores de virutas para aplicar virutas de asfalto \u00e1rido, con BearCat tiene las m\u00e1quinas que necesita.<\/li>\n<\/ul>\n<\/li>\n<li><strong>Sistemas adicionales<\/strong>\n<ul>\n<li>Adem\u00e1s de las mejores m\u00e1quinas de asfalto para la reparaci\u00f3n y repavimentaci\u00f3n de carreteras, BearCat produce equipos y sistemas que agilizan, mejoran o simplifican los procesos de pavimentaci\u00f3n de asfalto. Por ejemplo, nuestra extendedora de rociado SP-200 Roadtec combina el rociado de asfalto y la colocaci\u00f3n de gravilla en un solo proceso utilizando una sola m\u00e1quina. Otros sistemas personalizados que producimos incluyen nuestro sistema de espumado de virutas previo al recubrimiento (para mejorar la uni\u00f3n entre las virutas de \u00e1ridos y el asfalto l\u00edquido) y nuestro sistema de reciclado en fr\u00edo in situ (para reciclar y reutilizar el asfalto in situ).<\/li>\n<\/ul>\n<\/li>\n<\/ul>\n<h3>Conf\u00ede en BearCat<\/h3>\n<p>Desde 1969, BearCat Manufacturing ha producido maquinaria de asfalto avanzada, de alta calidad y altamente eficiente para contratistas en toda la industria de mantenimiento de carreteras y pavimentaci\u00f3n de asfalto. Nos esforzamos continuamente por dise\u00f1ar maquinaria f\u00e1cil de manejar y que supere los l\u00edmites de las soluciones de pavimentaci\u00f3n m\u00e1s ecol\u00f3gicas y limpias. BearCat comenz\u00f3 a partir de un cami\u00f3n distribuidor modificado y creci\u00f3 hasta convertirse en el fabricante de equipos del que dependen los contratistas de asfalto.<\/p>\n<div class=\"left-img\"><img loading=\"lazy\" decoding=\"async\" class=\"alignnone\" src=\"https:\/\/bearcatmfg.com\/wp-content\/uploads\/2023\/02\/Best-Asphalt-Machines-seo1.jpg\" alt=\"Un distribuidor de asfalto, una de las mejores m\u00e1quinas de asfalto de BearCat\" width=\"500\" height=\"350\" title=\"\"><\/div>\n<h3>M\u00e1s informaci\u00f3n<\/h3>\n<p>Su empresa contratista de asfalto se merece nada menos que las mejores m\u00e1quinas de asfalto. Aseg\u00farese de que su empresa pueda ofrecer siempre servicios de pavimentaci\u00f3n de asfalto de alta calidad con equipos dise\u00f1ados y suministrados por BearCat Manufacturing. Llame al 928-684-7851 para obtener m\u00e1s informaci\u00f3n o solicitar un presupuesto. Estamos ubicados en 3650 N Sabin Brown Rd, Wickenburg, AZ 85390. BearCat Manufacturing tiene su sede en Arizona y atiende a clientes de todo Estados Unidos.<\/p>\n","protected":false},"excerpt":{"rendered":"<p>\u00bfD\u00f3nde puede encontrar la mejor m\u00e1quina de asfalto para su negocio? Si est\u00e1 intentando hacerse un nombre como el mejor contratista de asfalto de su zona, \u00a1necesita las mejores m\u00e1quinas de asfalto para respaldar esa afirmaci\u00f3n! Afortunadamente, BearCat Manufacturing tiene la respuesta a sus problemas de equipamiento con nuestros equipos de asfalto de alta calidad &hellip; <a href=\"https:\/\/bearcatmfg.com\/es\/las-mejores-maquinas-de-asfalto\/\" class=\"more-link\">Continue reading <span class=\"screen-reader-text\">Las mejores m\u00e1quinas de asfalto<\/span><\/a><\/p>\n","protected":false},"author":1,"featured_media":1945,"parent":0,"menu_order":0,"comment_status":"closed","ping_status":"closed","template":"","meta":{"_acf_changed":false,"footnotes":""},"class_list":["post-1947","page","type-page","status-publish","has-post-thumbnail","hentry"],"acf":[],"_links":{"self":[{"href":"https:\/\/bearcatmfg.com\/es\/wp-json\/wp\/v2\/pages\/1947","targetHints":{"allow":["GET"]}}],"collection":[{"href":"https:\/\/bearcatmfg.com\/es\/wp-json\/wp\/v2\/pages"}],"about":[{"href":"https:\/\/bearcatmfg.com\/es\/wp-json\/wp\/v2\/types\/page"}],"author":[{"embeddable":true,"href":"https:\/\/bearcatmfg.com\/es\/wp-json\/wp\/v2\/users\/1"}],"replies":[{"embeddable":true,"href":"https:\/\/bearcatmfg.com\/es\/wp-json\/wp\/v2\/comments?post=1947"}],"version-history":[{"count":2,"href":"https:\/\/bearcatmfg.com\/es\/wp-json\/wp\/v2\/pages\/1947\/revisions"}],"predecessor-version":[{"id":1973,"href":"https:\/\/bearcatmfg.com\/es\/wp-json\/wp\/v2\/pages\/1947\/revisions\/1973"}],"wp:featuredmedia":[{"embeddable":true,"href":"https:\/\/bearcatmfg.com\/es\/wp-json\/wp\/v2\/media\/1945"}],"wp:attachment":[{"href":"https:\/\/bearcatmfg.com\/es\/wp-json\/wp\/v2\/media?parent=1947"}],"curies":[{"name":"wp","href":"https:\/\/api.w.org\/{rel}","templated":true}]}}