{"id":1955,"date":"2023-02-22T09:27:26","date_gmt":"2023-02-22T09:27:26","guid":{"rendered":"https:\/\/bearcatmfg.com\/los-mejores-selladores-de-grietas\/"},"modified":"2023-02-26T15:52:20","modified_gmt":"2023-02-26T15:52:20","slug":"los-mejores-selladores-de-grietas","status":"publish","type":"page","link":"https:\/\/bearcatmfg.com\/es\/los-mejores-selladores-de-grietas\/","title":{"rendered":"Los mejores selladores de grietas"},"content":{"rendered":"<h3>Gestione eficazmente la reparaci\u00f3n de grietas con los mejores selladores de grietas<\/h3>\n<p>La reparaci\u00f3n de grietas es un servicio muy solicitado a la mayor\u00eda de los contratistas de asfalto. Sin embargo, este servicio r\u00e1pido y sencillo se convierte en todo un reto si no se cuenta con el equipo adecuado. Para garantizar que puede seguir el ritmo de las demandas de los clientes y continuar ofreciendo servicios de reparaci\u00f3n de asfalto eficaces y de alta calidad, su empresa necesita m\u00e1quinas de sellado de grietas de calentamiento r\u00e1pido. Por suerte, los mejores selladores de grietas est\u00e1n siempre disponibles con BearCat Manufacturing.<\/p>\n<h3>\u00bfPor qu\u00e9 necesitan sus clientes una reparaci\u00f3n de grietas?<\/h3>\n<p>En realidad, hay muchos servicios de mantenimiento del asfalto adem\u00e1s de la reparaci\u00f3n de grietas. Incluso un servicio como la repavimentaci\u00f3n de asfalto puede resolver los problemas de agrietamiento del pavimento. Sin embargo, la reparaci\u00f3n de grietas sigue siendo incre\u00edblemente eficaz para mantener el asfalto a corto plazo y es un servicio m\u00e1s f\u00e1cil de gestionar para sus clientes. Algunos de los beneficios de ofrecer reparaci\u00f3n de grietas de asfalto incluyen:<\/p>\n<ul>\n<li><strong>Invertir el deterioro<\/strong>: aunque no se puede detener el deterioro del pavimento, s\u00ed se puede ralentizar considerablemente con servicios de mantenimiento preventivo. Por ejemplo, reparar grietas ayuda a evitar que crezcan m\u00e1s grietas, lo que provocar\u00eda el desmoronamiento del pavimento y la aparici\u00f3n de baches.<\/li>\n<li>Aumento <strong>de la vida \u00fatil del pavimento<\/strong> &#8211; Al sellar las grietas y evitar que se siga deteriorando la superficie del pavimento, se aumenta la longevidad del asfalto. A su vez, sus clientes pueden mantener sus parcelas y calzadas en mejores condiciones durante mucho m\u00e1s tiempo.<\/li>\n<li><strong>Creaci\u00f3n de condiciones de conducci\u00f3n m\u00e1s seguras<\/strong> &#8211; Como ya se ha mencionado, el pavimento agrietado puede acabar provocando desmoronamientos y baches. Estos problemas no s\u00f3lo son antiest\u00e9ticos, sino que provocan condiciones de conducci\u00f3n inseguras. Los veh\u00edculos que circulan sobre pavimento agrietado y resquebrajado tienen menos tracci\u00f3n, lo que aumenta el riesgo de accidentes de tr\u00e1fico. La reparaci\u00f3n de grietas puede prevenir estos problemas antes de que se produzcan.<\/li>\n<li><strong>Asequible para los contratistas<\/strong> &#8211; La reparaci\u00f3n de grietas es probablemente uno de los servicios m\u00e1s f\u00e1ciles y asequibles que ofrece un contratista de asfalto. La parte m\u00e1s cara de la reparaci\u00f3n de grietas es la inversi\u00f3n inicial en un sellador de grietas. Despu\u00e9s, los materiales y la mano de obra necesarios para la reparaci\u00f3n de grietas son m\u00ednimos, lo que significa que el coste del servicio es significativamente bajo.<\/li>\n<li><strong>Asequible para los clientes<\/strong>: el ahorro en mano de obra y materiales no s\u00f3lo afecta a los contratistas, sino tambi\u00e9n a sus clientes. Al mantener bajos los costes operativos de la reparaci\u00f3n de grietas, los contratistas pueden ofrecer el servicio a precios asequibles y seguir obteniendo beneficios.<\/li>\n<\/ul>\n<h3>Uso de los selladores de grietas BearCat<\/h3>\n<p>Contar con los mejores selladores de grietas permite a los contratistas no s\u00f3lo ofrecer servicios de reparaci\u00f3n de grietas, sino tambi\u00e9n garantizar que la reparaci\u00f3n de grietas se realiza con mayor rapidez y precisi\u00f3n. Las selladoras de grietas de arranque r\u00e1pido y calentamiento r\u00e1pido de BearCat proporcionan un alto valor de producci\u00f3n con menores costes por turno. Puede elegir nuestra BK-250 o BK-400 y beneficiarse de caracter\u00edsticas como:<\/p>\n<ul>\n<li>Capacidad del tanque de sellado de 250 a 400 galones<\/li>\n<li>Dos puertas de carga selladas de f\u00e1cil acceso<\/li>\n<li>Sistema de control por ordenador de f\u00e1cil manejo<\/li>\n<li>Caja de mangueras calentada para la aplicaci\u00f3n inmediata del sellador<\/li>\n<li>Sistema sin descarga compatible con el medio ambiente<\/li>\n<li>Quemador de gas\u00f3leo de alta presi\u00f3n cerrado con encendido autom\u00e1tico<\/li>\n<li>Sistema de calefacci\u00f3n indirecta cerrado con control de caudal absoluto<\/li>\n<\/ul>\n<div class=\"left-img\"><img loading=\"lazy\" decoding=\"async\" class=\"alignnone\" src=\"https:\/\/bearcatmfg.com\/wp-content\/uploads\/2023\/02\/Best-Crack-Sealers-seo.jpg\" alt=\"Uno de los mejores selladores de grietas de BearCat\" width=\"500\" height=\"350\" title=\"\"><\/div>\n<h3>Llame hoy mismo a BearCat<\/h3>\n<p>Haga m\u00e1s por su negocio y sus clientes asegur\u00e1ndose de que puede ofrecer los mejores servicios de reparaci\u00f3n de grietas de su zona. Invierta en las mejores selladoras de grietas para su negocio, dise\u00f1adas y suministradas por BearCat Manufacturing. Para obtener m\u00e1s informaci\u00f3n sobre nuestros equipos de asfalto y otros sistemas personalizados, p\u00f3ngase en contacto con nosotros hoy mismo en el 928-684-7851. Estamos ubicados en 3650 N Sabin Brown Rd, Wickenburg, AZ 85390. BearCat Manufacturing tiene su sede en Arizona y atiende a clientes de todo Estados Unidos.<\/p>\n","protected":false},"excerpt":{"rendered":"<p>Gestione eficazmente la reparaci\u00f3n de grietas con los mejores selladores de grietas La reparaci\u00f3n de grietas es un servicio muy solicitado a la mayor\u00eda de los contratistas de asfalto. Sin embargo, este servicio r\u00e1pido y sencillo se convierte en todo un reto si no se cuenta con el equipo adecuado. Para garantizar que puede seguir &hellip; <a href=\"https:\/\/bearcatmfg.com\/es\/los-mejores-selladores-de-grietas\/\" class=\"more-link\">Continue reading <span class=\"screen-reader-text\">Los mejores selladores de grietas<\/span><\/a><\/p>\n","protected":false},"author":1,"featured_media":1953,"parent":0,"menu_order":0,"comment_status":"closed","ping_status":"closed","template":"","meta":{"_acf_changed":false,"footnotes":""},"class_list":["post-1955","page","type-page","status-publish","has-post-thumbnail","hentry"],"acf":[],"_links":{"self":[{"href":"https:\/\/bearcatmfg.com\/es\/wp-json\/wp\/v2\/pages\/1955","targetHints":{"allow":["GET"]}}],"collection":[{"href":"https:\/\/bearcatmfg.com\/es\/wp-json\/wp\/v2\/pages"}],"about":[{"href":"https:\/\/bearcatmfg.com\/es\/wp-json\/wp\/v2\/types\/page"}],"author":[{"embeddable":true,"href":"https:\/\/bearcatmfg.com\/es\/wp-json\/wp\/v2\/users\/1"}],"replies":[{"embeddable":true,"href":"https:\/\/bearcatmfg.com\/es\/wp-json\/wp\/v2\/comments?post=1955"}],"version-history":[{"count":2,"href":"https:\/\/bearcatmfg.com\/es\/wp-json\/wp\/v2\/pages\/1955\/revisions"}],"predecessor-version":[{"id":1976,"href":"https:\/\/bearcatmfg.com\/es\/wp-json\/wp\/v2\/pages\/1955\/revisions\/1976"}],"wp:featuredmedia":[{"embeddable":true,"href":"https:\/\/bearcatmfg.com\/es\/wp-json\/wp\/v2\/media\/1953"}],"wp:attachment":[{"href":"https:\/\/bearcatmfg.com\/es\/wp-json\/wp\/v2\/media?parent=1955"}],"curies":[{"name":"wp","href":"https:\/\/api.w.org\/{rel}","templated":true}]}}