{"id":1963,"date":"2023-02-22T09:36:36","date_gmt":"2023-02-22T09:36:36","guid":{"rendered":"https:\/\/bearcatmfg.com\/el-mejor-equipo-de-asfaltado\/"},"modified":"2024-04-28T15:03:21","modified_gmt":"2024-04-28T15:03:21","slug":"el-mejor-equipo-de-asfaltado","status":"publish","type":"page","link":"https:\/\/bearcatmfg.com\/es\/el-mejor-equipo-de-asfaltado\/","title":{"rendered":"El mejor equipo de asfaltado"},"content":{"rendered":"<h3>Resane con \u00e9xito el pavimento con el mejor equipo de sellado de virutas de BearCat<\/h3>\n<p>Antes de que los propietarios cambien por completo el pavimento de asfalto, merece la pena considerar la posibilidad de reasfaltarlo. Y para los contratistas, el reasfaltado es un servicio que siempre deben ofrecer. Sin embargo, no todos los m\u00e9todos de rejuvenecimiento son iguales; algunos requieren maquinaria especial para aplicarse con \u00e9xito. Afortunadamente, con la ayuda de BearCat Manufacturing, tu empresa puede ofrecer una <a href=\"https:\/\/bearcatmfg.com\/asphalt-resurfacing\/\">repavimentaci\u00f3n<\/a> muy eficaz <a href=\"https:\/\/bearcatmfg.com\/asphalt-resurfacing\/\">del pavimento<\/a> utilizando el mejor equipo de sellado de virutas disponible.<\/p>\n<h3>\u00bfQu\u00e9 equipo necesita?<\/h3>\n<p>El sellado de virutas es un m\u00e9todo preferido para el reasfaltado del asfalto, que a\u00f1ade mayor fuerza, resistencia y longevidad a las superficies de las carreteras. Por ello, el sellado de virutas es muy demandado cuando la <a href=\"https:\/\/bearcatmfg.com\/crack-repair\/\">reparaci\u00f3n de grietas de<\/a> asfalto no es suficiente. BearCat Manufacturing puede suministrarte todo lo que necesitas para empezar a ofrecer servicios de <a href=\"https:\/\/bearcatmfg.com\/what-equipment-do-i-need-for-chip-seal-paving\/\">sellado de virutas<\/a>de alta calidad. Nuestro equipo de asfaltado incluye:<\/p>\n<ul>\n<li><strong>Distribuidores de asfalto<\/strong>\n<ul>\n<li>El sellado comienza con la aplicaci\u00f3n de asfalto l\u00edquido a la superficie del pavimento. El asfalto l\u00edquido actuar\u00e1 como aglutinante eventual de las virutas de \u00e1ridos que pronto se colocar\u00e1n sobre \u00e9l. Las capas uniformes de asfalto l\u00edquido se pulverizan a trav\u00e9s del <a href=\"https:\/\/bearcatmfg.com\/asphalt-distributors-for-sale\/\">distribuidor de asfalto<\/a> BearCat. Nuestro distribuidor BC-502 es conocido como \u00abla leyenda\u00bb en nuestro sector, ya que promete una calidad y durabilidad excepcionales en comparaci\u00f3n con otros camiones distribuidores.<\/li>\n<\/ul>\n<\/li>\n<li><strong>Esparcidores de virutas<\/strong>\n<ul>\n<li>Mientras el asfalto caliente est\u00e1 fresco, se esparcen virutas de asfalto sobre su parcela o calzada y se presionan contra la superficie para garantizar un aglomerado adecuado. El esparcimiento de estas virutas se realiza mediante la astilladora en t\u00e1ndem de BearCat. Nuestro <a href=\"https:\/\/bearcatmfg.com\/best-chip-spreaders\/\">esparcidor de gravilla de \u00e1ridos asf\u00e1lticos<\/a> proporciona a los contratistas una alta velocidad de producci\u00f3n y un control preciso del tama\u00f1o de la gravilla y la velocidad de aplicaci\u00f3n.<\/li>\n<\/ul>\n<\/li>\n<li><strong>Equipo personalizado<\/strong>\n<ul>\n<li>Los distribuidores y esparcidores de gravilla de BearCat no son los \u00fanicos sistemas que producimos para el sellado de gravilla. Nuestros <a href=\"https:\/\/bearcatmfg.com\/product-category\/custom-equipment\/\">equipos personalizados<\/a> est\u00e1n dise\u00f1ados para agilizar los aspectos del asfaltado y garantizar una carretera asfaltada de mayor calidad. Por ejemplo, nuestra extendedora por pulverizaci\u00f3n SP-200 Roadtec combina asfalto l\u00edquido y virutas de \u00e1ridos en una sola mezcla, aplicando ambos a la superficie de una calzada en una sola pasada. O bien, nuestro sistema de espumado de virutas previo al revestimiento recubre las virutas de \u00e1ridos con asfalto caliente, creando una uni\u00f3n m\u00e1s fuerte entre las virutas y la superficie del pavimento.<\/li>\n<\/ul>\n<\/li>\n<\/ul>\n<h3>Impulsar la industria<\/h3>\n<p>BearCat Manufacturing no se hizo un nombre como uno de los principales fabricantes de equipos de asfalto qued\u00e1ndose de brazos cruzados. BearCat se esfuerza continuamente por mejorar su maquinaria, fabricando los mejores equipos de sellado de virutas de nuestra industria. Nuestra innovaci\u00f3n comenz\u00f3 con una simple modificaci\u00f3n de la cabina de un cami\u00f3n distribuidor y evolucion\u00f3 hasta convertirse en nuestra visi\u00f3n de crear equipos de alta producci\u00f3n e incentivados por el medio ambiente para contratistas de asfalto de todo el mundo. Pocos fabricantes ofrecen el mismo compromiso de calidad, sencillez y asequibilidad que BearCat.<\/p>\n<div class=\"left-img\"><img loading=\"lazy\" decoding=\"async\" class=\"alignnone\" src=\"https:\/\/bearcatmfg.com\/wp-content\/uploads\/2023\/02\/Best-Chip-Seal-Equipment-seo.jpg\" alt=\"Un esparcidor de gravilla, parte del mejor equipo de sellado de gravilla de BearCat.\" width=\"500\" height=\"350\" title=\"\"><\/div>\n<h3>P\u00f3ngase en contacto con nosotros<\/h3>\n<p>Lleve los servicios de pavimentaci\u00f3n de asfalto de su empresa al siguiente nivel con una inversi\u00f3n en el mejor equipo de asfaltado. P\u00f3ngase en contacto con BearCat Manufacturing hoy mismo en <a href=\"tel:9286847851\">el 928-684-7851<\/a> para obtener m\u00e1s informaci\u00f3n sobre nuestros equipos de asfalto o solicitar un presupuesto. Estamos ubicados en 3650 N Sabin Brown Rd, Wickenburg, AZ 85390. BearCat Manufacturing tiene su sede en Arizona y atiende a clientes de todo Estados Unidos.<\/p>\n","protected":false},"excerpt":{"rendered":"<p>Resane con \u00e9xito el pavimento con el mejor equipo de sellado de virutas de BearCat Antes de que los propietarios cambien por completo el pavimento de asfalto, merece la pena considerar la posibilidad de reasfaltarlo. Y para los contratistas, el reasfaltado es un servicio que siempre deben ofrecer. Sin embargo, no todos los m\u00e9todos de &hellip; <a href=\"https:\/\/bearcatmfg.com\/es\/el-mejor-equipo-de-asfaltado\/\" class=\"more-link\">Continue reading <span class=\"screen-reader-text\">El mejor equipo de asfaltado<\/span><\/a><\/p>\n","protected":false},"author":1,"featured_media":1961,"parent":0,"menu_order":0,"comment_status":"closed","ping_status":"closed","template":"","meta":{"_acf_changed":false,"footnotes":""},"class_list":["post-1963","page","type-page","status-publish","has-post-thumbnail","hentry"],"acf":[],"_links":{"self":[{"href":"https:\/\/bearcatmfg.com\/es\/wp-json\/wp\/v2\/pages\/1963","targetHints":{"allow":["GET"]}}],"collection":[{"href":"https:\/\/bearcatmfg.com\/es\/wp-json\/wp\/v2\/pages"}],"about":[{"href":"https:\/\/bearcatmfg.com\/es\/wp-json\/wp\/v2\/types\/page"}],"author":[{"embeddable":true,"href":"https:\/\/bearcatmfg.com\/es\/wp-json\/wp\/v2\/users\/1"}],"replies":[{"embeddable":true,"href":"https:\/\/bearcatmfg.com\/es\/wp-json\/wp\/v2\/comments?post=1963"}],"version-history":[{"count":3,"href":"https:\/\/bearcatmfg.com\/es\/wp-json\/wp\/v2\/pages\/1963\/revisions"}],"predecessor-version":[{"id":2753,"href":"https:\/\/bearcatmfg.com\/es\/wp-json\/wp\/v2\/pages\/1963\/revisions\/2753"}],"wp:featuredmedia":[{"embeddable":true,"href":"https:\/\/bearcatmfg.com\/es\/wp-json\/wp\/v2\/media\/1961"}],"wp:attachment":[{"href":"https:\/\/bearcatmfg.com\/es\/wp-json\/wp\/v2\/media?parent=1963"}],"curies":[{"name":"wp","href":"https:\/\/api.w.org\/{rel}","templated":true}]}}