{"id":1990,"date":"2023-03-27T10:42:46","date_gmt":"2023-03-27T10:42:46","guid":{"rendered":"https:\/\/bearcatmfg.com\/esparcidores-de-virutas-arizona\/"},"modified":"2023-04-02T13:28:30","modified_gmt":"2023-04-02T13:28:30","slug":"esparcidores-de-virutas-arizona","status":"publish","type":"page","link":"https:\/\/bearcatmfg.com\/es\/esparcidores-de-virutas-arizona\/","title":{"rendered":"Esparcidores de virutas Arizona"},"content":{"rendered":"<h3>Esparcidores de gravilla fiables y duraderos para contratistas de asfalto de Arizona<\/h3>\n<p>\u00bfLas ofertas de equipos y servicios de su empresa de asfalto son deficientes? Es hora de cambiar a mejor. Puede conseguir el mejor servicio de sellado de gravilla con esparcidores de gravilla de alta calidad en Arizona de BearCat Manufacturing. Por no mencionar que, con un <a href=\"https:\/\/bearcatmfg.com\/chip-spreaders-for-sale\/\">esparcidor de gravilla<\/a> BearCat, siempre podr\u00e1 confiar en la velocidad y longevidad de su equipo. Para invertir en el \u00e9xito de su negocio, actualice sus <a href=\"https:\/\/bearcatmfg.com\/asphalt-machines\/\">m\u00e1quinas de asfalto<\/a> con lo mejor que BearCat puede ofrecerle.<\/p>\n<h3>\u00bfPor qu\u00e9 ofrecer servicios de asfaltado?<\/h3>\n<p>El asfaltado no es el \u00fanico servicio que su empresa de asfalto puede ofrecer a sus clientes. Sin embargo, si no ofrece el sellado de virutas, pronto conocer\u00e1 la popularidad de este servicio. El sellado de <a href=\"https:\/\/bearcatmfg.com\/chip-seal-service\/\">aglomerado<\/a> es uno de los m\u00e9todos mejores y m\u00e1s fiables para reparar y restaurar el asfalto deteriorado, y un servicio solicitado por muchas empresas, propietarios y ayuntamientos. Adem\u00e1s, el sellado de gravilla tiene ventajas que benefician directamente a los contratistas de asfalto.<\/p>\n<ul>\n<li><strong>Pavimentos duraderos<\/strong>\n<ul>\n<li>El asfalto puede deteriorarse mucho antes de su vida \u00fatil prevista si no se trata y cuida adecuadamente. Sin embargo, con un recubrimiento de sellado de virutas, puede renovar la vida \u00fatil del asfalto. El sellado de virutas ayuda a proteger el asfalto contra la humedad, los vertidos qu\u00edmicos, el tr\u00e1fico intenso y las temperaturas extremas. Un tratamiento de asfaltado puede prolongar la vida de su pavimento hasta 12 a\u00f1os.<\/li>\n<\/ul>\n<\/li>\n<li><strong>Condiciones de conducci\u00f3n m\u00e1s seguras<\/strong>\n<ul>\n<li>Un recubrimiento de asfalto no s\u00f3lo protege las carreteras, sino tambi\u00e9n a los conductores que las utilizan. El agregado asf\u00e1ltico utilizado en el sellado con virutas crea una superficie con mayor tracci\u00f3n, lo que significa que es mucho menos probable que se produzcan derrapes y resbalones en el pavimento sellado con virutas. Adem\u00e1s, el sellado de virutas ayuda a crear una superficie antideslumbrante, lo que significa que los conductores experimentan menos fatiga visual cuando viajan en d\u00edas soleados.<\/li>\n<\/ul>\n<\/li>\n<li><strong>Tratamiento rentable del asfalto<\/strong>\n<ul>\n<li>Adem\u00e1s de las caracter\u00edsticas que benefician a la calidad del pavimento y la seguridad de los conductores, el sellado de gravilla tambi\u00e9n ayuda a los clientes y contratistas a ahorrar dinero. La mano de obra y el material utilizados para el sellado de gravilla son m\u00ednimos, lo que reduce los costes para los contratistas y sus clientes. Adem\u00e1s, el asfalto utilizado en el sellado de gravilla se recicla a partir de asfalto viejo, lo que supone un ahorro adicional para los contratistas en costes de material.<\/li>\n<\/ul>\n<\/li>\n<\/ul>\n<h3>Elija esparcidores de virutas BearCat<\/h3>\n<p>Pocos fabricantes de equipos de asfalto pueden igualar la misma calidad, durabilidad y capacidades de los esparcidores de gravilla de BearCat en Arizona. Nos enorgullecemos de dise\u00f1ar y producir m\u00e1quinas de asfalto que duran m\u00e1s y superan todo lo que otros fabricantes pueden ofrecer. Algunos ejemplos de las <a href=\"https:\/\/bearcatmfg.com\/best-chip-spreaders\/\">mejores caracter\u00edsticas de<\/a> nuestros <a href=\"https:\/\/bearcatmfg.com\/best-chip-spreaders\/\">esparcidores de virutas<\/a> son:<\/p>\n<ul>\n<li>Motor diesel Tier 3 o 4 de 6 ciclos<\/li>\n<li>Sistema de refrigeraci\u00f3n hidr\u00e1ulica para garantizar temperaturas de funcionamiento est\u00e1ndar<\/li>\n<li>Control de velocidad por ordenador (CRC) de \u00faltima generaci\u00f3n<\/li>\n<li>Cilindros sensores de posici\u00f3n de accionamiento hidr\u00e1ulico<\/li>\n<li>Tolvas en t\u00e1ndem de construcci\u00f3n de acero HSLA para arrancar en l\u00ednea recta y minimizar el desperdicio de \u00e1ridos<\/li>\n<li>Sensores de cinta ultras\u00f3nicos de bajo mantenimiento y sin contracci\u00f3n para medir la altura de la pila de virutas<\/li>\n<\/ul>\n<div class=\"left-img\"><img loading=\"lazy\" decoding=\"async\" class=\"alignnone\" src=\"https:\/\/bearcatmfg.com\/wp-content\/uploads\/2023\/02\/Best-Asphalt-Equipment-seo.jpg\" alt=\"Uno de los esparcidores de virutas de BearCat en Arizona\" width=\"528\" height=\"350\" title=\"\"><\/div>\n<h3>Ll\u00e1menos<\/h3>\n<p>Cuando quiera dar a su negocio una ventaja frente a otros contratistas de asfalto locales, invierta en los mejores esparcidores de gravilla de Arizona; \u00a1llame hoy mismo a BearCat Manufacturing! Para obtener m\u00e1s informaci\u00f3n sobre nuestras m\u00e1quinas adicionales de mantenimiento de carreteras y asfalto, p\u00f3ngase en contacto con nosotros en el <a href=\"tel:9286847851\">928-684-7851<\/a>. Estamos ubicados en 3650 N Sabin Brown Rd, Wickenburg, AZ 85390. BearCat Manufacturing tiene su sede en Arizona y atiende a clientes de Illinois, Texas, Tennessee y de todo Estados Unidos.<\/p>\n","protected":false},"excerpt":{"rendered":"<p>Esparcidores de gravilla fiables y duraderos para contratistas de asfalto de Arizona \u00bfLas ofertas de equipos y servicios de su empresa de asfalto son deficientes? Es hora de cambiar a mejor. Puede conseguir el mejor servicio de sellado de gravilla con esparcidores de gravilla de alta calidad en Arizona de BearCat Manufacturing. Por no mencionar &hellip; <a href=\"https:\/\/bearcatmfg.com\/es\/esparcidores-de-virutas-arizona\/\" class=\"more-link\">Continue reading <span class=\"screen-reader-text\">Esparcidores de virutas Arizona<\/span><\/a><\/p>\n","protected":false},"author":1,"featured_media":1986,"parent":0,"menu_order":0,"comment_status":"closed","ping_status":"closed","template":"","meta":{"_acf_changed":false,"footnotes":""},"class_list":["post-1990","page","type-page","status-publish","has-post-thumbnail","hentry"],"acf":[],"_links":{"self":[{"href":"https:\/\/bearcatmfg.com\/es\/wp-json\/wp\/v2\/pages\/1990","targetHints":{"allow":["GET"]}}],"collection":[{"href":"https:\/\/bearcatmfg.com\/es\/wp-json\/wp\/v2\/pages"}],"about":[{"href":"https:\/\/bearcatmfg.com\/es\/wp-json\/wp\/v2\/types\/page"}],"author":[{"embeddable":true,"href":"https:\/\/bearcatmfg.com\/es\/wp-json\/wp\/v2\/users\/1"}],"replies":[{"embeddable":true,"href":"https:\/\/bearcatmfg.com\/es\/wp-json\/wp\/v2\/comments?post=1990"}],"version-history":[{"count":3,"href":"https:\/\/bearcatmfg.com\/es\/wp-json\/wp\/v2\/pages\/1990\/revisions"}],"predecessor-version":[{"id":2025,"href":"https:\/\/bearcatmfg.com\/es\/wp-json\/wp\/v2\/pages\/1990\/revisions\/2025"}],"wp:featuredmedia":[{"embeddable":true,"href":"https:\/\/bearcatmfg.com\/es\/wp-json\/wp\/v2\/media\/1986"}],"wp:attachment":[{"href":"https:\/\/bearcatmfg.com\/es\/wp-json\/wp\/v2\/media?parent=1990"}],"curies":[{"name":"wp","href":"https:\/\/api.w.org\/{rel}","templated":true}]}}