{"id":2001,"date":"2023-03-27T10:48:46","date_gmt":"2023-03-27T10:48:46","guid":{"rendered":"https:\/\/bearcatmfg.com\/esparcidores-de-virutas-texas\/"},"modified":"2025-02-25T09:24:33","modified_gmt":"2025-02-25T09:24:33","slug":"esparcidores-de-virutas-texas","status":"publish","type":"page","link":"https:\/\/bearcatmfg.com\/es\/esparcidores-de-virutas-texas\/","title":{"rendered":"Esparcidores de virutas Texas"},"content":{"rendered":"<h3>Ofrece el mejor servicio de asfaltado con esparcidores de virutas de alta calidad en Texas<\/h3>\n<p>Si eres contratista de asfalto y a\u00fan no ofreces este servicio, seguro que conoces los servicios de sellado de virutas. El sellado de virutas ha demostrado ser uno de los tratamientos m\u00e1s eficaces para restaurar y <a href=\"https:\/\/bearcatmfg.com\/asphalt-repair-equipment\/\">reparar el pavimento de asfalto<\/a>. Sin embargo, el sellado de virutas no puede realizarse sin la maquinaria de asfalto adecuada. Afortunadamente para los contratistas de asfalto de Texas y de todo EE.UU., BearCat Manufacturing te tiene cubierto. Dise\u00f1amos y fabricamos algunos de los mejores <a href=\"https:\/\/bearcatmfg.com\/chip-spreaders-for-sale\/\">esparcidores de<\/a> gravilla para los contratistas de Texas.    <\/p>\n<h3>Por qu\u00e9 los clientes y contratistas eligen el sellado de virutas<\/h3>\n<p>Aunque existen otras t\u00e9cnicas de reparaci\u00f3n y conservaci\u00f3n del pavimento, pocas son tan populares como los servicios de sellado de virutas. Adem\u00e1s de ayudar a restaurar el pavimento, el sellado de virutas tiene la ventaja \u00fanica de reforzar tu calzada, aumentar su longevidad y crear unas condiciones de conducci\u00f3n m\u00e1s seguras. Por no mencionar que el <a href=\"https:\/\/bearcatmfg.com\/chip-seal-paving\/\">sellado de virutas<\/a> es uno de los servicios m\u00e1s rentables que pueden ofrecer los contratistas de asfalto.  <\/p>\n<ul>\n<li><strong>Mayor resistencia<\/strong> &#8211; Una calzada agrietada, desmoronada y deteriorada tendr\u00e1 problemas para soportar el peso de veh\u00edculos m\u00e1s pesados, rompi\u00e9ndose a\u00fan m\u00e1s bajo presi\u00f3n. Los recubrimientos de asfalto ayudan a reforzar el pavimento, anulando gran parte del impacto del tr\u00e1fico pesado. <\/li>\n<li><strong>Mayor longevidad<\/strong> &#8211; Adem\u00e1s de reforzar el pavimento, el sellado de virutas aumenta la resistencia del asfalto contra los vertidos qu\u00edmicos, la humedad, los rayos UV y las temperaturas extremas. Al hacerlo, el pavimento se deteriora exponencialmente m\u00e1s despacio, \u00a1lo que puede alargar la vida del asfalto hasta 12 a\u00f1os! <\/li>\n<li><strong>Resistente al deslizamiento<\/strong> &#8211; El agregado asf\u00e1ltico utilizado en el sellado de virutas ayuda a mejorar la tracci\u00f3n de las calzadas. Para los conductores, esto significa menos derrapes o resbalones cuando las calzadas est\u00e1n mojadas o cubiertas de hielo. <\/li>\n<li><strong>Antideslumbrante<\/strong> &#8211; En las horas punta del d\u00eda, la visi\u00f3n de los conductores puede verse afectada por la intensidad del sol. Por el contrario, la superficie de una carretera asfaltada absorbe la luz, creando una superficie antideslumbrante que reduce la fatiga visual de los conductores. <\/li>\n<li><strong>Ahorro de costes<\/strong> &#8211; Entre el material y la mano de obra de los servicios de asfaltado, los costes son significativamente m\u00e1s bajos que en otros proyectos de pavimentaci\u00f3n. Por ejemplo, la mayor\u00eda de los materiales utilizados en el sellado de gravilla proceden de asfalto reciclado, lo que mantiene bajos los costes de material. Adem\u00e1s, al necesitarse menos contratistas para completar el proyecto, los costes para las empresas de asfalto y sus clientes son mucho menores.  <\/li>\n<\/ul>\n<h3>El equipo adecuado para el sellado de virutas<\/h3>\n<p>Por muy popular que sea el servicio de sellado de gravilla, los contratistas de asfalto deben disponer del equipo adecuado para llevarlo a cabo con eficacia. Por esta raz\u00f3n, los contratistas de asfalto conf\u00edan en las esparcidoras de gravilla BearCat en Texas. Nuestras astilladoras <a href=\"https:\/\/bearcatmfg.com\/our-products\/tandem-chipper-20\/\">en t\u00e1ndem<\/a> son de lo mejor, y prometen un esparcimiento r\u00e1pido y preciso de las astillas sobre cualquier superficie de asfalto. Algunas de las mejores caracter\u00edsticas de nuestras astilladoras son:   <\/p>\n<ul>\n<li>Motor diesel Tier 3 \u00f3 4 de 6 tiempos<\/li>\n<li>Sistema de refrigeraci\u00f3n hidr\u00e1ulica para garantizar temperaturas de funcionamiento est\u00e1ndar<\/li>\n<li>Control de velocidad por ordenador (CRC) de \u00faltima generaci\u00f3n<\/li>\n<li>Cilindros sensores de posici\u00f3n de accionamiento hidr\u00e1ulico<\/li>\n<li>Tolvas en t\u00e1ndem de construcci\u00f3n de acero HSLA para arranques en l\u00ednea recta y m\u00ednimo desperdicio de \u00e1ridos<\/li>\n<li>Sensores de banda ultras\u00f3nicos, de bajo mantenimiento y no retr\u00e1ctiles, para medir la altura de la pila de virutas<\/li>\n<\/ul>\n<div class=\"left-img\"><img loading=\"lazy\" decoding=\"async\" class=\"alignnone\" src=\"https:\/\/bearcatmfg.com\/wp-content\/uploads\/2023\/03\/Chip-Spreaders-Texas-2-500x350.jpg\" alt=\"Un primer plano de una astilladora BearCat Tandem, una de las mejores astilladoras de Texas\" width=\"500\" height=\"350\" title=\"\"><\/div>\n<h3>Habla con nuestro equipo<\/h3>\n<p>Como contratista de asfalto, el sellado de gravilla es un servicio esencial que debes ofrecer a tus clientes. Para encontrar los mejores esparcidores de gravilla de Texas, adem\u00e1s de <a href=\"https:\/\/bearcatmfg.com\/asphalt-distributors\/\">distribuidores de asfalto<\/a>, <a href=\"https:\/\/bearcatmfg.com\/best-crack-sealers\/\">selladores de grietas<\/a> y mucho m\u00e1s, llama hoy mismo a BearCat Manufacturing. Ponte en contacto con nosotros en el <a href=\"tel:9286847851\">928-684-7851<\/a>. Estamos en 3650 N Sabin Brown Rd, Wickenburg, AZ 85390. BearCat Manufacturing tiene su sede en <a href=\"https:\/\/bearcatmfg.com\/crack-sealers-arizona\/\">Arizona<\/a> y atiende a clientes de Illinois, Texas, Tennessee y de todo Estados Unidos.    <\/p>\n","protected":false},"excerpt":{"rendered":"<p>Ofrece el mejor servicio de asfaltado con esparcidores de virutas de alta calidad en Texas Si eres contratista de asfalto y a\u00fan no ofreces este servicio, seguro que conoces los servicios de sellado de virutas. El sellado de virutas ha demostrado ser uno de los tratamientos m\u00e1s eficaces para restaurar y reparar el pavimento de &hellip; <a href=\"https:\/\/bearcatmfg.com\/es\/esparcidores-de-virutas-texas\/\" class=\"more-link\">Continue reading <span class=\"screen-reader-text\">Esparcidores de virutas Texas<\/span><\/a><\/p>\n","protected":false},"author":1,"featured_media":1997,"parent":0,"menu_order":0,"comment_status":"closed","ping_status":"closed","template":"","meta":{"_acf_changed":false,"footnotes":""},"class_list":["post-2001","page","type-page","status-publish","has-post-thumbnail","hentry"],"acf":[],"_links":{"self":[{"href":"https:\/\/bearcatmfg.com\/es\/wp-json\/wp\/v2\/pages\/2001","targetHints":{"allow":["GET"]}}],"collection":[{"href":"https:\/\/bearcatmfg.com\/es\/wp-json\/wp\/v2\/pages"}],"about":[{"href":"https:\/\/bearcatmfg.com\/es\/wp-json\/wp\/v2\/types\/page"}],"author":[{"embeddable":true,"href":"https:\/\/bearcatmfg.com\/es\/wp-json\/wp\/v2\/users\/1"}],"replies":[{"embeddable":true,"href":"https:\/\/bearcatmfg.com\/es\/wp-json\/wp\/v2\/comments?post=2001"}],"version-history":[{"count":2,"href":"https:\/\/bearcatmfg.com\/es\/wp-json\/wp\/v2\/pages\/2001\/revisions"}],"predecessor-version":[{"id":4247,"href":"https:\/\/bearcatmfg.com\/es\/wp-json\/wp\/v2\/pages\/2001\/revisions\/4247"}],"wp:featuredmedia":[{"embeddable":true,"href":"https:\/\/bearcatmfg.com\/es\/wp-json\/wp\/v2\/media\/1997"}],"wp:attachment":[{"href":"https:\/\/bearcatmfg.com\/es\/wp-json\/wp\/v2\/media?parent=2001"}],"curies":[{"name":"wp","href":"https:\/\/api.w.org\/{rel}","templated":true}]}}