{"id":2008,"date":"2023-03-27T10:53:59","date_gmt":"2023-03-27T10:53:59","guid":{"rendered":"https:\/\/bearcatmfg.com\/distribuidores-de-asfalto-arizona\/"},"modified":"2026-01-12T06:05:24","modified_gmt":"2026-01-12T06:05:24","slug":"distribuidores-de-asfalto-arizona","status":"publish","type":"page","link":"https:\/\/bearcatmfg.com\/es\/distribuidores-de-asfalto-arizona\/","title":{"rendered":"Distribuidores de asfalto Arizona"},"content":{"rendered":"<h3>Racionalice los servicios de pavimentaci\u00f3n con distribuidores de asfalto en Arizona<\/h3>\n<p>Proporcionar a los clientes servicios de pavimentaci\u00f3n r\u00e1pidos y precisos requiere la mejor maquinaria de asfalto disponible. Los equipos como <a href=\"https:\/\/bearcatmfg.com\/asphalt-distributors\/\">los distribuidores de as<\/a> falto en Arizona son cruciales para el \u00e9xito y el funcionamiento de cualquier empresa contratista de asfalto. Afortunadamente, los contratistas de Arizona y Estados Unidos no tienen que buscar muy lejos para encontrar los <a href=\"https:\/\/bearcatmfg.com\/best-asphalt-distributors\/\">mejores distribuidores<\/a>. Cuente con BearCat Manufacturing y nuestros <a href=\"https:\/\/bearcatmfg.com\/best-asphalt-equipment\/\">equipos de asfalto de primera categor\u00eda<\/a>.<\/p>\n<h3>\u00bfPor qu\u00e9 invertir en distribuidores?<\/h3>\n<p>Los distribuidores de asfalto son m\u00e1quinas impresionantes, capaces de esparcir asfalto l\u00edquido caliente por cualquier superficie de pavimento. Antes de los distribuidores, el trabajo de los contratistas de asfalto era mucho m\u00e1s dif\u00edcil. Como tales, los distribuidores son una parte necesaria de la flota de cualquier contratista de asfalto de \u00e9xito. Con un distribuidor, puede esperar:<\/p>\n<ul>\n<li><strong>Transporte sencillo del asfalto<\/strong> &#8211; Preparar el asfalto para su uso en una obra puede ser dif\u00edcil y llevar mucho tiempo. Afortunadamente, los distribuidores de asfalto pueden mantener el asfalto l\u00edquido preparado antes de un trabajo, y asegurarse de que se mantiene fresco y listo para usar, sin importar la distancia recorrida.<\/li>\n<li><strong>Esparcimiento m\u00e1s r\u00e1pido del asfalto<\/strong> &#8211; Sin distribuidores, la \u00fanica forma de esparcir el asfalto es manualmente, lo que puede ser un proceso largo y agotador. Por el contrario, los distribuidores de asfalto permiten la aplicaci\u00f3n r\u00e1pida de asfalto, con opciones para controlar la velocidad y la tasa de pulverizaci\u00f3n.<\/li>\n<li><strong>Esparcimiento uniforme de la capa<\/strong> &#8211; El esparcimiento del asfalto no s\u00f3lo es m\u00e1s r\u00e1pido con los pulverizadores de un distribuidor, sino que es m\u00e1s preciso. Los distribuidores de BearCat utilizan barras pulverizadoras que aplican capas uniformes y consistentes de asfalto l\u00edquido a cualquier superficie de pavimento. Todo lo que deben hacer los operadores de la m\u00e1quina es conducir en l\u00ednea recta y a una velocidad constante mientras su distribuidor pulveriza el asfalto l\u00edquido.<\/li>\n<li><strong>Menos mano de obra y mayor ahorro de costes<\/strong> &#8211; Mientras que el esparcimiento manual de asfalto l\u00edquido requiere toda una cuadrilla para completarse, los distribuidores de asfalto s\u00f3lo necesitan unos pocos operarios. Al reducir la mano de obra necesaria para la aplicaci\u00f3n del asfalto, usted se ahorra a s\u00ed mismo y a su cliente los costes de mano de obra. Adem\u00e1s, crea una mayor capacidad para que su equipo gestione m\u00e1s proyectos.<\/li>\n<\/ul>\n<h3>Caracter\u00edsticas de nuestros distribuidores<\/h3>\n<p>Al dise\u00f1ar y fabricar los distribuidores de asfalto de la m\u00e1s alta calidad para los contratistas de Arizona, implementamos algunas de las mejores caracter\u00edsticas para nuestra maquinaria. Nuestro objetivo es crear equipos de asfalto que prioricen la durabilidad, la comodidad y la eficiencia por encima de todo. Por ello, algunas de las mejores caracter\u00edsticas de nuestros distribuidores son:<\/p>\n<ul>\n<li>Sistema de accionamiento de la bomba hidrost\u00e1tica de circuito cerrado<\/li>\n<li>Sistema de calefacci\u00f3n con bomba de asfalto caliente<\/li>\n<li>Control de velocidad por ordenador (CRC) de \u00faltima generaci\u00f3n<\/li>\n<li>Colectores de tres v\u00e1lvulas<\/li>\n<li>Sistemas de descarga y rotura<\/li>\n<li>Dep\u00f3sitos de acero con tama\u00f1os de 1.000 a 5.000 galones<\/li>\n<li>Barra de pulverizaci\u00f3n y v\u00e1lvulas de pulverizaci\u00f3n<\/li>\n<\/ul>\n<div class=\"left-img\"><img loading=\"lazy\" decoding=\"async\" class=\"alignnone\" src=\"https:\/\/bearcatmfg.com\/wp-content\/uploads\/2023\/03\/Asphalt-Distributors-Arizona-2-500x350.jpg\" alt=\"La espalda de los distribuidores de asfalto en Arizona\" width=\"500\" height=\"350\" title=\"\"><\/div>\n<h3>Ll\u00e1menos<\/h3>\n<p>Apoye las capacidades de pavimentaci\u00f3n de asfalto de su negocio con el mejor equipo para cada trabajo; invierta en los <a href=\"https:\/\/bearcatmfg.com\/asphalt-distributors-for-rent\/\">distribuidores de asfalto<\/a> de BearCat Manufacturing para contratistas de Texas. Para obtener m\u00e1s informaci\u00f3n sobre nuestros distribuidores u otra <a href=\"https:\/\/bearcatmfg.com\/asphalt-machinery\/\">maquinaria de asfalto<\/a>, p\u00f3ngase en contacto con nosotros hoy mismo en el <a href=\"tel:9286847851\">928-684-7851<\/a>. Estamos ubicados en 3650 N Sabin Brown Rd, Wickenburg, AZ 85390. BearCat Manufacturing tiene su sede en Arizona y atiende a clientes de Illinois, <a href=\"https:\/\/bearcatmfg.com\/asphalt-distributors-texas\/\">Texas<\/a>, Tennessee y de todo Estados Unidos.<\/p>\n","protected":false},"excerpt":{"rendered":"<p>Racionalice los servicios de pavimentaci\u00f3n con distribuidores de asfalto en Arizona Proporcionar a los clientes servicios de pavimentaci\u00f3n r\u00e1pidos y precisos requiere la mejor maquinaria de asfalto disponible. Los equipos como los distribuidores de as falto en Arizona son cruciales para el \u00e9xito y el funcionamiento de cualquier empresa contratista de asfalto. Afortunadamente, los contratistas &hellip; <a href=\"https:\/\/bearcatmfg.com\/es\/distribuidores-de-asfalto-arizona\/\" class=\"more-link\">Continue reading <span class=\"screen-reader-text\">Distribuidores de asfalto Arizona<\/span><\/a><\/p>\n","protected":false},"author":1,"featured_media":2006,"parent":0,"menu_order":0,"comment_status":"closed","ping_status":"closed","template":"","meta":{"_acf_changed":false,"footnotes":""},"class_list":["post-2008","page","type-page","status-publish","has-post-thumbnail","hentry"],"acf":[],"_links":{"self":[{"href":"https:\/\/bearcatmfg.com\/es\/wp-json\/wp\/v2\/pages\/2008","targetHints":{"allow":["GET"]}}],"collection":[{"href":"https:\/\/bearcatmfg.com\/es\/wp-json\/wp\/v2\/pages"}],"about":[{"href":"https:\/\/bearcatmfg.com\/es\/wp-json\/wp\/v2\/types\/page"}],"author":[{"embeddable":true,"href":"https:\/\/bearcatmfg.com\/es\/wp-json\/wp\/v2\/users\/1"}],"replies":[{"embeddable":true,"href":"https:\/\/bearcatmfg.com\/es\/wp-json\/wp\/v2\/comments?post=2008"}],"version-history":[{"count":4,"href":"https:\/\/bearcatmfg.com\/es\/wp-json\/wp\/v2\/pages\/2008\/revisions"}],"predecessor-version":[{"id":5071,"href":"https:\/\/bearcatmfg.com\/es\/wp-json\/wp\/v2\/pages\/2008\/revisions\/5071"}],"wp:featuredmedia":[{"embeddable":true,"href":"https:\/\/bearcatmfg.com\/es\/wp-json\/wp\/v2\/media\/2006"}],"wp:attachment":[{"href":"https:\/\/bearcatmfg.com\/es\/wp-json\/wp\/v2\/media?parent=2008"}],"curies":[{"name":"wp","href":"https:\/\/api.w.org\/{rel}","templated":true}]}}