{"id":2015,"date":"2023-03-27T11:09:57","date_gmt":"2023-03-27T11:09:57","guid":{"rendered":"https:\/\/bearcatmfg.com\/distribuidores-de-asfalto-de-texas\/"},"modified":"2026-01-12T05:39:30","modified_gmt":"2026-01-12T05:39:30","slug":"distribuidores-de-asfalto-de-texas","status":"publish","type":"page","link":"https:\/\/bearcatmfg.com\/es\/distribuidores-de-asfalto-de-texas\/","title":{"rendered":"Distribuidores de asfalto de Texas"},"content":{"rendered":"<h3>\u00bfD\u00f3nde puede encontrar los mejores distribuidores de asfalto para los contratistas de Texas?<\/h3>\n<p>Todo es m\u00e1s grande en Texas, al igual que los proyectos de pavimentaci\u00f3n de asfalto que reciben los contratistas del estado de la Estrella Solitaria. Sin embargo, cuando se abordan algunos de los trabajos de pavimentaci\u00f3n de asfalto m\u00e1s grandes y duros de EE.UU., se necesita el equipo adecuado. \u00a1Aqu\u00ed es donde BearCat Manufacturing le tiene cubierto! BearCat dise\u00f1a y produce <a href=\"https:\/\/bearcatmfg.com\/best-asphalt-equipment\/\">equipos de asfalto de primera l\u00ednea<\/a>, incluyendo los <a href=\"https:\/\/bearcatmfg.com\/best-asphalt-distributors\/\">mejores distribuidores de asfalto<\/a> para los contratistas de Texas. Si est\u00e1 interesado en lo que BearCat puede ofrecerle, p\u00f3ngase en contacto con nosotros hoy mismo.<\/p>\n<h3>R\u00e1pido, preciso y eficaz<\/h3>\n<p>Pocos contratistas de asfalto operan sin la ayuda de los distribuidores de asfalto. En realidad, los distribuidores se han convertido en un componente crucial para el \u00e9xito de la mayor\u00eda de los proyectos de pavimentaci\u00f3n con asfalto. Los contratistas conf\u00edan en los distribuidores de asfalto por su capacidad para:<\/p>\n<ul>\n<li><strong>Mantener fresco el asfalto<\/strong>\n<ul>\n<li>Preparar asfalto caliente y l\u00edquido in situ puede ser todo un reto sin las herramientas adecuadas, y el almacenamiento del asfalto puede ser a\u00fan m\u00e1s dif\u00edcil. Afortunadamente, cuando se utilizan distribuidores de asfalto, el asfalto l\u00edquido puede prepararse antes de un trabajo y transportarse sin esfuerzo a cualquier lugar. Nuestros distribuidores pueden contener hasta 5.000 galones de asfalto l\u00edquido, asegurando que el asfalto se mantenga fresco y utilizable con tanques aislados y un sistema de calefacci\u00f3n.<\/li>\n<\/ul>\n<\/li>\n<li><strong>Trabajo r\u00e1pido y preciso<\/strong>\n<ul>\n<li>Antes de la introducci\u00f3n de los distribuidores de asfalto, el extendido de asfalto l\u00edquido requer\u00eda mucho tiempo y esfuerzo. Ahora, un distribuidor puede pulverizar f\u00e1cilmente asfalto l\u00edquido sobre cualquier superficie de forma r\u00e1pida y precisa. El sistema de pulverizaci\u00f3n de nuestros distribuidores distribuye r\u00e1pida y uniformemente el asfalto l\u00edquido por cualquier superficie de pavimento, con una necesidad m\u00ednima de intervenci\u00f3n manual.<\/li>\n<\/ul>\n<\/li>\n<li><strong>Menor necesidad de mano de obra<\/strong>\n<ul>\n<li>Tener a su personal ocupado en un proyecto de pavimentaci\u00f3n de asfalto al d\u00eda puede reducir significativamente sus beneficios. Por este motivo, los contratistas conf\u00edan en la comodidad de los distribuidores de asfalto. Un distribuidor de asfalto es f\u00e1cil de controlar y s\u00f3lo requiere uno o dos operarios. Al reducir la \u00abmano de obra\u00bb necesaria para un trabajo de pavimentaci\u00f3n, ahorrar\u00e1 dinero y liberar\u00e1 a su equipo para otros trabajos.<\/li>\n<\/ul>\n<\/li>\n<\/ul>\n<h3>Eche un vistazo a las caracter\u00edsticas de nuestro distribuidor<\/h3>\n<p><a href=\"https:\/\/bearcatmfg.com\/top-rated-asphalt-distributors-texas\/\">Los distribuidores de asfalto BearCat para<\/a> contratistas de Texas son algunas de las m\u00e1quinas de asfalto m\u00e1s duraderas y fiables que existen. Nos esforzamos por crear equipos f\u00e1ciles de usar, duraderos y de funcionamiento eficaz. Para ello, nuestros distribuidores se han dise\u00f1ado con caracter\u00edsticas como:<\/p>\n<ul>\n<li>Sistema de accionamiento de la bomba hidrost\u00e1tica de circuito cerrado<\/li>\n<li>Sistema de calefacci\u00f3n con bomba de asfalto caliente<\/li>\n<li>Control de velocidad por ordenador (CRC) de \u00faltima generaci\u00f3n<\/li>\n<li>Colectores de tres v\u00e1lvulas<\/li>\n<li>Sistemas de descarga y rotura<\/li>\n<li>Dep\u00f3sitos de acero con tama\u00f1os de 1.000 a 5.000 galones<\/li>\n<li>Barra de pulverizaci\u00f3n y v\u00e1lvulas de pulverizaci\u00f3n<\/li>\n<\/ul>\n<div class=\"left-img\"><img loading=\"lazy\" decoding=\"async\" class=\"alignnone\" src=\"https:\/\/bearcatmfg.com\/wp-content\/uploads\/2023\/03\/Asphalt-Distributors-Texas-2-500x350.jpg\" alt=\"Nuevos distribuidores de asfalto en Texas\" width=\"500\" height=\"350\" title=\"\"><\/div>\n<h3>Habla con nuestro equipo<\/h3>\n<p>Cuando est\u00e9 listo para hacer una inversi\u00f3n en el mejor equipo de asfalto para su negocio, comience con los distribuidores de asfalto de BearCat Manufacturing en Texas. Para obtener m\u00e1s informaci\u00f3n sobre nuestros distribuidores u otros <a href=\"https:\/\/bearcatmfg.com\/asphalt-equipment-for-sale\/\">equipos de asfalto<\/a>, p\u00f3ngase en contacto con BearCat hoy mismo en el <a href=\"tel:9286847851\">928-684-7851<\/a>. Estamos ubicados en 3650 N Sabin Brown Rd, Wickenburg, AZ 85390. BearCat Manufacturing tiene su sede en <a href=\"https:\/\/bearcatmfg.com\/asphalt-distributors-arizona\/\">Arizona<\/a> y atiende a clientes de Illinois, Texas, Tennessee y de todo Estados Unidos.<\/p>\n","protected":false},"excerpt":{"rendered":"<p>\u00bfD\u00f3nde puede encontrar los mejores distribuidores de asfalto para los contratistas de Texas? Todo es m\u00e1s grande en Texas, al igual que los proyectos de pavimentaci\u00f3n de asfalto que reciben los contratistas del estado de la Estrella Solitaria. Sin embargo, cuando se abordan algunos de los trabajos de pavimentaci\u00f3n de asfalto m\u00e1s grandes y duros &hellip; <a href=\"https:\/\/bearcatmfg.com\/es\/distribuidores-de-asfalto-de-texas\/\" class=\"more-link\">Continue reading <span class=\"screen-reader-text\">Distribuidores de asfalto de Texas<\/span><\/a><\/p>\n","protected":false},"author":1,"featured_media":2013,"parent":0,"menu_order":0,"comment_status":"closed","ping_status":"closed","template":"","meta":{"_acf_changed":false,"footnotes":""},"class_list":["post-2015","page","type-page","status-publish","has-post-thumbnail","hentry"],"acf":[],"_links":{"self":[{"href":"https:\/\/bearcatmfg.com\/es\/wp-json\/wp\/v2\/pages\/2015","targetHints":{"allow":["GET"]}}],"collection":[{"href":"https:\/\/bearcatmfg.com\/es\/wp-json\/wp\/v2\/pages"}],"about":[{"href":"https:\/\/bearcatmfg.com\/es\/wp-json\/wp\/v2\/types\/page"}],"author":[{"embeddable":true,"href":"https:\/\/bearcatmfg.com\/es\/wp-json\/wp\/v2\/users\/1"}],"replies":[{"embeddable":true,"href":"https:\/\/bearcatmfg.com\/es\/wp-json\/wp\/v2\/comments?post=2015"}],"version-history":[{"count":5,"href":"https:\/\/bearcatmfg.com\/es\/wp-json\/wp\/v2\/pages\/2015\/revisions"}],"predecessor-version":[{"id":5064,"href":"https:\/\/bearcatmfg.com\/es\/wp-json\/wp\/v2\/pages\/2015\/revisions\/5064"}],"wp:featuredmedia":[{"embeddable":true,"href":"https:\/\/bearcatmfg.com\/es\/wp-json\/wp\/v2\/media\/2013"}],"wp:attachment":[{"href":"https:\/\/bearcatmfg.com\/es\/wp-json\/wp\/v2\/media?parent=2015"}],"curies":[{"name":"wp","href":"https:\/\/api.w.org\/{rel}","templated":true}]}}