{"id":2023,"date":"2023-03-27T11:14:28","date_gmt":"2023-03-27T11:14:28","guid":{"rendered":"https:\/\/bearcatmfg.com\/selladores-de-grietas-arizona\/"},"modified":"2025-02-05T16:25:07","modified_gmt":"2025-02-05T16:25:07","slug":"selladores-de-grietas-arizona","status":"publish","type":"page","link":"https:\/\/bearcatmfg.com\/es\/selladores-de-grietas-arizona\/","title":{"rendered":"Selladores de grietas Arizona"},"content":{"rendered":"<h3>Garantice una reparaci\u00f3n r\u00e1pida y eficaz del asfalto con selladores de grietas en Arizona<\/h3>\n<p>La reparaci\u00f3n del asfalto es un servicio esencial que ofrece todo contratista de asfalto. Sin embargo, la diferencia entre la calidad y el cuidado de la reparaci\u00f3n es la capacidad de los contratistas y el equipo que utilizan. Y cuando se trata de suministrar a los contratistas de asfalto los mejores equipos disponibles, \u00a1cuente con BearCat Manufacturing! Nuestros <a href=\"https:\/\/bearcatmfg.com\/crack-sealers-for-sale\/\">selladores de grietas<\/a> para contratistas de Arizona son inigualables por su rapidez, durabilidad y eficacia. Para asegurarse de que puede satisfacer las demandas de reparaci\u00f3n de asfalto de sus clientes, llame a BearCat hoy mismo.<\/p>\n<h3>\u00bfPor qu\u00e9 necesita su empresa selladoras de grietas?<\/h3>\n<p>Las ventajas de los selladores de grietas no s\u00f3lo son \u00fatiles para sus clientes, sino que la reparaci\u00f3n de grietas de asfalto es un servicio asequible pero rentable que los contratistas pueden ofrecer. En realidad, no hay l\u00edmite a los trabajos de reparaci\u00f3n de grietas que ver\u00e1 como contratista de asfalto. Por ejemplo, <a href=\"https:\/\/bearcatmfg.com\/best-crack-sealers\/\">los selladores de grietas<\/a> ofrecen ventajas como:<\/p>\n<ul>\n<li><strong>Deterioro ralentizado<\/strong> del asfalto &#8211; Cuando se forman grietas en el pavimento, es el primer signo de deterioro del asfalto. Por desgracia, si se dejan solas, las grietas pueden empeorar y crear m\u00e1s problemas de deterioro del pavimento. Sin embargo, sellar las grietas cuando aparecen puede anular su impacto y ralentizar el deterioro del asfalto.<\/li>\n<li><strong>Prolongaci\u00f3n de la vida \u00fatil del pav<\/strong> imento &#8211; Al prevenir y retrasar el deterioro, tambi\u00e9n se prolonga la vida \u00fatil del pavimento. Estar al tanto de las reparaciones de grietas puede evitar que el asfalto se deshaga y revertir algunos de los efectos de la edad, el tr\u00e1fico y el clima sobre el asfalto.<\/li>\n<li><strong>Mayor seguridad para el conductor<\/strong> &#8211; Como puede imaginar, conducir sobre pavimento agrietado y desmoronado puede ser peligroso y perjudicial para el estado de su veh\u00edculo. Por ejemplo, conducir sobre asfalto resquebrajado puede arrojar escombros a los bajos del veh\u00edculo, causando posibles da\u00f1os al mismo. Adem\u00e1s, el pavimento agrietado y desigual puede ser dif\u00edcil de pisar y provocar accidentes desafortunados. Afortunadamente, los selladores de grietas ayudan a unir el pavimento y mantenerlo unido.<\/li>\n<li><strong>Mayor ahorro de costes<\/strong> &#8211; Aunque todas estas ventajas son estupendas para sus clientes, \u00bfc\u00f3mo se benefician los contratistas de una inversi\u00f3n en selladores de grietas? En cuanto a la reparaci\u00f3n de grietas, la mano de obra y los materiales necesarios para llevarla a cabo son m\u00ednimos. As\u00ed, el coste de ofrecer reparaci\u00f3n de grietas es mucho menor que el de otros servicios de asfaltado. Por no hablar de que la reparaci\u00f3n de grietas es un servicio muy solicitado, por lo que siempre podr\u00e1 ofrecerlo a precios justos para los clientes y rentables para usted.<\/li>\n<\/ul>\n<h3>Lo mejor de BearCat<\/h3>\n<p>Las selladoras de grietas BearCat para empresas de Arizona son de primera l\u00ednea y ofrecen caracter\u00edsticas modernas y comodidades que no se encuentran en otras m\u00e1quinas selladoras de grietas. Con las m\u00e1quinas de sellado de grietas de goma BK-250 y BK-400 de BearCat, los operarios pueden conseguir mayores \u00edndices de producci\u00f3n y menores costes por turno con cada <a href=\"https:\/\/bearcatmfg.com\/asphalt-repair-equipment\/\">proyecto de reparaci\u00f3n de asfalto<\/a>. Entre las caracter\u00edsticas m\u00e1s notables de nuestras selladoras de grietas se incluyen:<\/p>\n<ul>\n<li>Capacidad del dep\u00f3sito de sellante de 250-400 galones<\/li>\n<li>Puertas de carga selladas de f\u00e1cil acceso<\/li>\n<li>Sistema de control informatizado de f\u00e1cil manejo<\/li>\n<li>Sistema ecol\u00f3gico sin descarga de agua<\/li>\n<li>Caja de mangueras calentada para la aplicaci\u00f3n inmediata del sellador<\/li>\n<li>Quemador cerrado de gas\u00f3leo de alta presi\u00f3n con encendido autom\u00e1tico<\/li>\n<li>Sistema de calefacci\u00f3n indirecta cerrado con control de caudal absoluto<\/li>\n<\/ul>\n<div class=\"left-img\"><img loading=\"lazy\" decoding=\"async\" class=\"alignnone\" src=\"https:\/\/bearcatmfg.com\/wp-content\/uploads\/2023\/03\/Crack-Sealers-Arizona-2-500x350.jpg\" alt=\"Selladores de grietas amarillos de BearCat para contratistas de Arizona\" width=\"500\" height=\"350\" title=\"\"><\/div>\n<h3>Llame hoy mismo a BearCat<\/h3>\n<p>Perfeccione los servicios de reparaci\u00f3n de asfalto de su negocio con los mejores selladores de grietas de Arizona de BearCat Manufacturing. Para obtener m\u00e1s informaci\u00f3n sobre nuestros selladores de grietas o <a href=\"https:\/\/bearcatmfg.com\/equipment-for-asphalt-repair-arizona\/\">equipos de asfalto<\/a> adicionales, p\u00f3ngase en contacto con nosotros hoy en <a href=\"tel:9286847851\">928-684-7851<\/a>. Estamos ubicados en 3650 N Sabin Brown Rd, Wickenburg, AZ 85390. BearCat Manufacturing tiene su sede en Arizona y atiende a clientes de Illinois, Texas, Tennessee y de todo Estados Unidos.<\/p>\n","protected":false},"excerpt":{"rendered":"<p>Garantice una reparaci\u00f3n r\u00e1pida y eficaz del asfalto con selladores de grietas en Arizona La reparaci\u00f3n del asfalto es un servicio esencial que ofrece todo contratista de asfalto. Sin embargo, la diferencia entre la calidad y el cuidado de la reparaci\u00f3n es la capacidad de los contratistas y el equipo que utilizan. Y cuando se &hellip; <a href=\"https:\/\/bearcatmfg.com\/es\/selladores-de-grietas-arizona\/\" class=\"more-link\">Continue reading <span class=\"screen-reader-text\">Selladores de grietas Arizona<\/span><\/a><\/p>\n","protected":false},"author":1,"featured_media":2021,"parent":0,"menu_order":0,"comment_status":"closed","ping_status":"closed","template":"","meta":{"_acf_changed":false,"footnotes":""},"class_list":["post-2023","page","type-page","status-publish","has-post-thumbnail","hentry"],"acf":[],"_links":{"self":[{"href":"https:\/\/bearcatmfg.com\/es\/wp-json\/wp\/v2\/pages\/2023","targetHints":{"allow":["GET"]}}],"collection":[{"href":"https:\/\/bearcatmfg.com\/es\/wp-json\/wp\/v2\/pages"}],"about":[{"href":"https:\/\/bearcatmfg.com\/es\/wp-json\/wp\/v2\/types\/page"}],"author":[{"embeddable":true,"href":"https:\/\/bearcatmfg.com\/es\/wp-json\/wp\/v2\/users\/1"}],"replies":[{"embeddable":true,"href":"https:\/\/bearcatmfg.com\/es\/wp-json\/wp\/v2\/comments?post=2023"}],"version-history":[{"count":3,"href":"https:\/\/bearcatmfg.com\/es\/wp-json\/wp\/v2\/pages\/2023\/revisions"}],"predecessor-version":[{"id":4195,"href":"https:\/\/bearcatmfg.com\/es\/wp-json\/wp\/v2\/pages\/2023\/revisions\/4195"}],"wp:featuredmedia":[{"embeddable":true,"href":"https:\/\/bearcatmfg.com\/es\/wp-json\/wp\/v2\/media\/2021"}],"wp:attachment":[{"href":"https:\/\/bearcatmfg.com\/es\/wp-json\/wp\/v2\/media?parent=2023"}],"curies":[{"name":"wp","href":"https:\/\/api.w.org\/{rel}","templated":true}]}}