{"id":2042,"date":"2023-04-27T09:23:55","date_gmt":"2023-04-27T09:23:55","guid":{"rendered":"https:\/\/bearcatmfg.com\/selladores-de-grietas-texas\/"},"modified":"2026-01-12T06:03:46","modified_gmt":"2026-01-12T06:03:46","slug":"selladores-de-grietas-texas","status":"publish","type":"page","link":"https:\/\/bearcatmfg.com\/es\/selladores-de-grietas-texas\/","title":{"rendered":"Selladores de grietas Texas"},"content":{"rendered":"<h3>\u00bfPor qu\u00e9 invertir en selladores de grietas de asfalto en Texas?<\/h3>\n<p>Tu empresa de pavimentaci\u00f3n y mantenimiento de carreteras puede obtener muchos beneficios excelentes de los selladores de grietas de asfalto en Texas. Bearcat Manufacturing ofrece a tu empresa equipos fabricados con experiencia y excelencia superiores durante m\u00e1s de 50 a\u00f1os. Ofrecemos distintos <a href=\"https:\/\/etnyre.com\/crack-sealers\/\" target=\"_blank\" rel=\"noopener\">selladores de grietas<\/a> para satisfacer las exigencias de tu negocio. Nuestra opci\u00f3n m\u00e1s peque\u00f1a y econ\u00f3mica es nuestra m\u00e1quina de sellado de grietas con caucho ECS-250, con capacidad para 250 galones. Mientras tanto, nuestra <a href=\"https:\/\/bearcatmfg.com\/our-products\/ecs-400-rubberized-crack-seal-machine\/\">m\u00e1quina de sellado de grietas con caucho ECS-400<\/a> admite hasta 400 galones. Adem\u00e1s, nos esforzamos por adaptar nuestras soluciones a cualquier tama\u00f1o de empresa contratista de asfalto. Por eso, ofrecemos tanto <a href=\"https:\/\/bearcatmfg.com\/crack-sealers-for-rent\/\">selladoras de grietas en alquiler<\/a> como en <a href=\"https:\/\/bearcatmfg.com\/crack-sealers-for-sale\/\">venta<\/a> para adaptarnos a cualquier presupuesto. Por eso, <a href=\"https:\/\/bearcatmfg.com\/contact-us\/\">ponte en contacto con BearCat Manufacturing<\/a> para obtener m\u00e1s informaci\u00f3n sobre nuestros <a href=\"https:\/\/bearcatmfg.com\/top-rated-crack-sealers-texas\/\">selladores de grietas mejor valorados en Texas<\/a>.<\/p>\n<h3>\u00bfCu\u00e1nto m\u00e1s r\u00e1pida es la reparaci\u00f3n del asfalto con selladores de grietas?<\/h3>\n<p>Puedes acelerar considerablemente el tiempo necesario para realizar una reparaci\u00f3n de asfalto con los selladores de grietas de BearCat Manufacturing en Texas. As\u00ed es como nuestras selladoras de grietas reducen tus costes de mano de obra y te permiten asumir m\u00e1s proyectos con procesos m\u00e1s r\u00e1pidos y eficaces.<\/p>\n<ul>\n<li><strong>Calentamiento y aplicaci\u00f3n &#8211; <\/strong>Despu\u00e9s de ranurar y limpiar las grietas de asfalto, nuestros selladores de grietas las calientan y vierten uniformemente sellador en ellas, completando el trabajo de reparaci\u00f3n de las juntas.<\/li>\n<li><strong>Consistencia &#8211; <\/strong>A diferencia de aplicar el sellador a mano, nuestras selladoras de grietas garantizan una distribuci\u00f3n precisa y consistente del sellador. Como resultado, las reparaciones son m\u00e1s r\u00e1pidas y fiables.<\/li>\n<li><strong>Mayor \u00e1rea de cobertura &#8211; <\/strong>Tu empresa puede trabajar en varias grietas en menos tiempo porque nuestros selladores de grietas cubren \u00e1reas m\u00e1s grandes con mayor eficacia.<\/li>\n<li><strong>Menos tiempo de mano de obra <\/strong>&#8211; El sellado manual de grietas es un proceso que requiere mucha mano de obra y que lleva m\u00e1s tiempo debido a que se trabaja m\u00e1s a mano, con m\u00e1s tiempo de descanso para los trabajadores. Por otra parte, nuestras selladoras de grietas eliminan gran parte del esfuerzo f\u00edsico, reduciendo enormemente la mano de obra y la fatiga.<\/li>\n<li><strong>Precisi\u00f3n y rapidez &#8211; <\/strong>BearCat Manufacturing dise\u00f1a nuestras selladoras de grietas para que trabajen con precisi\u00f3n, minimizando los residuos y garantizando un uso \u00f3ptimo del sellador. La rapidez de aplicaci\u00f3n permite que menos mano de obra se ocupe de m\u00e1s reparaciones en un \u00e1rea mayor en un breve espacio de tiempo.<\/li>\n<\/ul>\n<h2>\u00bfPor qu\u00e9 elegir las Selladoras de Grietas BearCat Manufacturing?<\/h2>\n<p>Fabricamos nuestros equipos con varias caracter\u00edsticas que ofrecen un mayor rendimiento y durabilidad cuando se trata de selladoras de grietas en Texas. Estas son algunas de las caracter\u00edsticas m\u00e1s populares que distinguen a nuestros selladores de grietas de otros productos.<\/p>\n<ul>\n<li><strong>Funcionamiento con <\/strong>un solo combustible <strong>&#8211; <\/strong>El logotipo \u00abtodo di\u00e9sel\u00bb de nuestras selladoras de grietas te garantiza la comodidad y seguridad de utilizar equipos que dependen de un solo combustible. Nuestro equipo no necesita propano, gasolina ni otros combustibles adicionales.<\/li>\n<li><strong>Calentamiento y circulaci\u00f3n &#8211; <\/strong>Nuestras selladoras de grietas incluyen un sistema cerrado de calentamiento indirecto con control absoluto del caudal. Esta caracter\u00edstica exclusiva de nuestras selladoras de grietas eleva la temperatura del sellador fr\u00edo hasta que est\u00e1 listo para su aplicaci\u00f3n en tan s\u00f3lo una hora.<\/li>\n<li><strong>Menos tiempo de inactividad &#8211; <\/strong>Nuestro quemador di\u00e9sel cerrado de alta presi\u00f3n dispone de encendido autom\u00e1tico. Y lo que es m\u00e1s importante, nuestro sistema cerrado de calentamiento indirecto garantiza un calentamiento m\u00e1s r\u00e1pido para reducir el tiempo de inactividad en los proyectos. Tambi\u00e9n hay quemadores de propano disponibles.<\/li>\n<li><strong>Sistema <\/strong>sin enjuague <strong>&#8211; <\/strong>Nuestras selladoras de grietas tambi\u00e9n incluyen sistemas sin enjuague que proporcionan un enjuague sin disolventes.<\/li>\n<li>Cajas de mangueras calefactadas <strong>&#8211; <\/strong>Con nuestras selladoras de grietas se eliminan a\u00fan m\u00e1s tiempos muertos porque nuestros equipos incorporan una caja de mangueras calefactada para las mangueras de aplicaci\u00f3n. Como resultado, se pierde menos tiempo esperando a que se caliente el sellador congelado.<\/li>\n<li><strong>C\u00f3modas puertas <\/strong>de carga &#8211; Las puertas de carga de nuestras selladoras de grietas son f\u00e1cilmente accesibles desde ambos lados de la m\u00e1quina y est\u00e1n situadas a 44 pulgadas sobre el nivel del suelo. Las puertas miden 21 por 46 pulgadas y cumplen la normativa del Departamento de Transporte para materiales a temperatura elevada.<\/li>\n<\/ul>\n<div class=\"left-img\"><img decoding=\"async\" src=\"https:\/\/bearcatmfg.com\/wp-content\/uploads\/2021\/09\/001-6-500x350.jpg\" alt=\"Selladores de grietas Texas\" title=\"\"><\/div>\n<h3>Encuentra los mejores selladores de grietas en Texas<\/h3>\n<p>BearCat Manufacturing ahorra tiempo y dinero a tu empresa de mantenimiento de carreteras con nuestros selladores de grietas de asfalto de primera calidad en Texas. Dise\u00f1amos todas las m\u00e1quinas para que incluyan caracter\u00edsticas que faciliten el trabajo, lo hagan m\u00e1s eficaz y menos derrochador. Como resultado, tu empresa puede gastar menos, maximizar la mano de obra y gestionar m\u00e1s trabajo con mayor rapidez. <a href=\"https:\/\/bearcatmfg.com\/contact-us\/\">Ponte en contacto con nosotros<\/a> ahora para solicitar m\u00e1s informaci\u00f3n o un presupuesto gratuito de nuestros selladores de grietas en Texas. Adem\u00e1s, puedes ponerte en contacto con nosotros llamando al <a href=\"tel:9286847851\">928-684-7851<\/a>.<\/p>\n","protected":false},"excerpt":{"rendered":"<p>\u00bfPor qu\u00e9 invertir en selladores de grietas de asfalto en Texas? Tu empresa de pavimentaci\u00f3n y mantenimiento de carreteras puede obtener muchos beneficios excelentes de los selladores de grietas de asfalto en Texas. Bearcat Manufacturing ofrece a tu empresa equipos fabricados con experiencia y excelencia superiores durante m\u00e1s de 50 a\u00f1os. Ofrecemos distintos selladores de &hellip; <a href=\"https:\/\/bearcatmfg.com\/es\/selladores-de-grietas-texas\/\" class=\"more-link\">Continue reading <span class=\"screen-reader-text\">Selladores de grietas Texas<\/span><\/a><\/p>\n","protected":false},"author":1,"featured_media":2942,"parent":0,"menu_order":0,"comment_status":"closed","ping_status":"closed","template":"","meta":{"_acf_changed":false,"footnotes":""},"class_list":["post-2042","page","type-page","status-publish","has-post-thumbnail","hentry"],"acf":[],"_links":{"self":[{"href":"https:\/\/bearcatmfg.com\/es\/wp-json\/wp\/v2\/pages\/2042","targetHints":{"allow":["GET"]}}],"collection":[{"href":"https:\/\/bearcatmfg.com\/es\/wp-json\/wp\/v2\/pages"}],"about":[{"href":"https:\/\/bearcatmfg.com\/es\/wp-json\/wp\/v2\/types\/page"}],"author":[{"embeddable":true,"href":"https:\/\/bearcatmfg.com\/es\/wp-json\/wp\/v2\/users\/1"}],"replies":[{"embeddable":true,"href":"https:\/\/bearcatmfg.com\/es\/wp-json\/wp\/v2\/comments?post=2042"}],"version-history":[{"count":8,"href":"https:\/\/bearcatmfg.com\/es\/wp-json\/wp\/v2\/pages\/2042\/revisions"}],"predecessor-version":[{"id":5069,"href":"https:\/\/bearcatmfg.com\/es\/wp-json\/wp\/v2\/pages\/2042\/revisions\/5069"}],"wp:featuredmedia":[{"embeddable":true,"href":"https:\/\/bearcatmfg.com\/es\/wp-json\/wp\/v2\/media\/2942"}],"wp:attachment":[{"href":"https:\/\/bearcatmfg.com\/es\/wp-json\/wp\/v2\/media?parent=2042"}],"curies":[{"name":"wp","href":"https:\/\/api.w.org\/{rel}","templated":true}]}}