{"id":2062,"date":"2023-04-27T09:50:31","date_gmt":"2023-04-27T09:50:31","guid":{"rendered":"https:\/\/bearcatmfg.com\/esparcidores-de-virutas-illinois\/"},"modified":"2025-02-25T09:20:16","modified_gmt":"2025-02-25T09:20:16","slug":"esparcidores-de-virutas-illinois","status":"publish","type":"page","link":"https:\/\/bearcatmfg.com\/es\/esparcidores-de-virutas-illinois\/","title":{"rendered":"Esparcidores de virutas Illinois"},"content":{"rendered":"<h3>El poder de los esparcidores de virutas m\u00e1s valorados por los contratistas de Illinois<\/h3>\n<p>Nada supera la potencia, calidad y velocidad de las esparcidoras de gravilla BearCat en Illinois. Los contratistas de asfalto del estado y de todo el Medio Oeste buscan continuamente el mejor equipo para realizar servicios de asfaltado r\u00e1pidos y precisos, y las astilladoras <a href=\"https:\/\/bearcatmfg.com\/our-products\/tandem-chipper-20\/\">en t\u00e1ndem<\/a> de BearCat cumplen los requisitos. El \u00e9xito de tu negocio de asfalto depende de la habilidad de tu equipo y de la calidad de tu maquinaria. Y como todo contratista sabe, BearCat Manufacturing s\u00f3lo ofrece el <a href=\"https:\/\/bearcatmfg.com\/best-chip-seal-equipment\/\">mejor equipo de asfaltado<\/a>.   <\/p>\n<h3>Tratamiento altamente eficaz del asfalto<\/h3>\n<p>Los municipios y los propietarios saben lo dif\u00edcil que puede ser mantener el asfalto en buen estado, sobre todo en el Medio Oeste. Por eso, <a href=\"https:\/\/bearcatmfg.com\/chip-seal-service\/\">los servicios de sellado de vir<\/a> utas son el tratamiento del asfalto preferido por la mayor\u00eda. Y si tenemos en cuenta todas las ventajas de restaurar las carreteras mediante el tratamiento de asfaltado, \u00a1es dif\u00edcil no ver por qu\u00e9!  <\/p>\n<ul>\n<li><strong>Mayor longevidad del asfalto<\/strong>\n<ul>\n<li>Aunque las calzadas de asfalto est\u00e1n pensadas para durar mucho tiempo, problemas como el tr\u00e1fico intenso, las temperaturas extremas, la humedad y los rayos UV pueden afectar significativamente a la vida \u00fatil del pavimento. Por eso, muchos propietarios optan por aplicar recubrimientos de asfalto. <a href=\"https:\/\/bearcatmfg.com\/chip-seal-paving\/\">El sellado de virutas<\/a> puede proteger el pavimento contra los problemas mencionados y alargar su vida hasta 12 a\u00f1os. <\/li>\n<\/ul>\n<\/li>\n<li><strong>Mayor seguridad para los conductores<\/strong>\n<ul>\n<li>Cuando el asfalto envejece, tiende a ser menos \u00abfiable y seguro\u00bb para los conductores. Problemas como el desmoronamiento del asfalto y el pavimento irregular pueden provocar resbalones, accidentes y da\u00f1os al veh\u00edculo. Afortunadamente, con el sellado de gravilla se resuelven r\u00e1pidamente los problemas de seguridad de los conductores. El sellado de gravilla no s\u00f3lo vuelve a unir el pavimento desmoronado, sino que tambi\u00e9n crea una mayor tracci\u00f3n, reduciendo la probabilidad de derrapes y resbalones. Adem\u00e1s, las superficies asfaltadas son antideslumbrantes, lo que reduce la fatiga visual de los conductores en d\u00edas soleados.    <\/li>\n<\/ul>\n<\/li>\n<li><strong>Mayor ahorro de costes para contratistas y clientes<\/strong>\n<ul>\n<li>El asfaltado no s\u00f3lo es eficaz, sino que adem\u00e1s es asequible. Los materiales utilizados para el sellado de gravilla son en su mayor\u00eda asfalto reciclado, lo que significa que los materiales cuestan mucho menos. Adem\u00e1s, las necesidades de mano de obra son m\u00ednimas cuando se utilizan distribuidores y <a href=\"https:\/\/bearcatmfg.com\/top-rated-chip-spreaders-illinois\/\">esparcidores de gravilla en Illinois<\/a>. Al reducirse los costes de mano de obra y de material en el esparcimiento de gravilla, los contratistas ahorran dinero y repercuten ese ahorro en sus clientes.   <\/li>\n<\/ul>\n<\/li>\n<\/ul>\n<h3>Equipamiento Esencial para el Servicio de Asfaltado<\/h3>\n<p>Por muy popular que sea un servicio como el sellado de gravilla, requiere un equipo espec\u00edfico para aplicarlo con eficacia. En BearCat Manufacturing, tenemos la <a href=\"https:\/\/bearcatmfg.com\/asphalt-machinery\/\">maquinaria de asfalto<\/a> que necesitas para ofrecer las mejores soluciones de tratamiento del asfalto. Nuestras astilladoras en t\u00e1ndem est\u00e1n dise\u00f1adas para durar m\u00e1s y superar a otras m\u00e1quinas similares del mercado, garantizando la m\u00e1xima calidad y durabilidad. Algunas caracter\u00edsticas de nuestras <a href=\"https:\/\/bearcatmfg.com\/chip-spreaders-for-sale\/\">astilladoras<\/a> son   <\/p>\n<ul>\n<li>Motor diesel Tier 3 \u00f3 4 de 6 tiempos<\/li>\n<li>Sistema de refrigeraci\u00f3n hidr\u00e1ulica para garantizar temperaturas de funcionamiento est\u00e1ndar<\/li>\n<li>Control de velocidad por ordenador (CRC) de \u00faltima generaci\u00f3n<\/li>\n<li>Cilindros sensores de posici\u00f3n de accionamiento hidr\u00e1ulico<\/li>\n<li>Tolvas en t\u00e1ndem de construcci\u00f3n de acero HSLA para arranques en l\u00ednea recta y m\u00ednimo desperdicio de \u00e1ridos<\/li>\n<li>Sensores de banda ultras\u00f3nicos sin contacto y de bajo mantenimiento para medir la altura de la pila de virutas<\/li>\n<\/ul>\n<div class=\"left-img\"><img loading=\"lazy\" decoding=\"async\" class=\"alignnone\" src=\"https:\/\/bearcatmfg.com\/wp-content\/uploads\/2023\/04\/Chip-Spreaders-Illinois-2-500x350.jpg\" alt=\"Esparcidores de gravilla en Illinois en un almac\u00e9n, listos para ser entregados a contratistas locales de asfalto\" width=\"500\" height=\"350\" title=\"\"><\/div>\n<h3>Contacta con nuestra oficina<\/h3>\n<p>Cuando te falten servicios de asfaltado, invierte en los mejores <a href=\"https:\/\/bearcatmfg.com\/chip-spreaders-for-rent\/\">esparcidores de gra<\/a> villa para <a href=\"https:\/\/bearcatmfg.com\/top-rated-chip-seal-equipment-illinois\/\">Illinois<\/a> y todo el Medio Oeste. Ponte en contacto hoy mismo con los especialistas en equipos de asfalto de BearCat Manufacturing. Puedes llamar a BearCat al <a href=\"tel:9286847851\">928-684-7851<\/a>. Estamos en 3650 N Sabin Brown Rd, Wickenburg, AZ 85390. BearCat Manufacturing tiene su sede en <a href=\"https:\/\/bearcatmfg.com\/chip-spreaders-arizona\/\">Arizona<\/a> y atiende a clientes de Illinois, <a href=\"https:\/\/bearcatmfg.com\/chip-spreaders-texas\/\">Texas<\/a>, <a href=\"https:\/\/bearcatmfg.com\/chip-spreaders-tennessee\/\">Tennessee<\/a> y de todo Estados Unidos.    <\/p>\n","protected":false},"excerpt":{"rendered":"<p>El poder de los esparcidores de virutas m\u00e1s valorados por los contratistas de Illinois Nada supera la potencia, calidad y velocidad de las esparcidoras de gravilla BearCat en Illinois. Los contratistas de asfalto del estado y de todo el Medio Oeste buscan continuamente el mejor equipo para realizar servicios de asfaltado r\u00e1pidos y precisos, y &hellip; <a href=\"https:\/\/bearcatmfg.com\/es\/esparcidores-de-virutas-illinois\/\" class=\"more-link\">Continue reading <span class=\"screen-reader-text\">Esparcidores de virutas Illinois<\/span><\/a><\/p>\n","protected":false},"author":1,"featured_media":2058,"parent":0,"menu_order":0,"comment_status":"closed","ping_status":"closed","template":"","meta":{"_acf_changed":false,"footnotes":""},"class_list":["post-2062","page","type-page","status-publish","has-post-thumbnail","hentry"],"acf":[],"_links":{"self":[{"href":"https:\/\/bearcatmfg.com\/es\/wp-json\/wp\/v2\/pages\/2062","targetHints":{"allow":["GET"]}}],"collection":[{"href":"https:\/\/bearcatmfg.com\/es\/wp-json\/wp\/v2\/pages"}],"about":[{"href":"https:\/\/bearcatmfg.com\/es\/wp-json\/wp\/v2\/types\/page"}],"author":[{"embeddable":true,"href":"https:\/\/bearcatmfg.com\/es\/wp-json\/wp\/v2\/users\/1"}],"replies":[{"embeddable":true,"href":"https:\/\/bearcatmfg.com\/es\/wp-json\/wp\/v2\/comments?post=2062"}],"version-history":[{"count":7,"href":"https:\/\/bearcatmfg.com\/es\/wp-json\/wp\/v2\/pages\/2062\/revisions"}],"predecessor-version":[{"id":4243,"href":"https:\/\/bearcatmfg.com\/es\/wp-json\/wp\/v2\/pages\/2062\/revisions\/4243"}],"wp:featuredmedia":[{"embeddable":true,"href":"https:\/\/bearcatmfg.com\/es\/wp-json\/wp\/v2\/media\/2058"}],"wp:attachment":[{"href":"https:\/\/bearcatmfg.com\/es\/wp-json\/wp\/v2\/media?parent=2062"}],"curies":[{"name":"wp","href":"https:\/\/api.w.org\/{rel}","templated":true}]}}