{"id":2072,"date":"2023-04-27T09:57:33","date_gmt":"2023-04-27T09:57:33","guid":{"rendered":"https:\/\/bearcatmfg.com\/esparcidores-de-virutas-tennessee\/"},"modified":"2025-02-25T09:20:49","modified_gmt":"2025-02-25T09:20:49","slug":"esparcidores-de-virutas-tennessee","status":"publish","type":"page","link":"https:\/\/bearcatmfg.com\/es\/esparcidores-de-virutas-tennessee\/","title":{"rendered":"Esparcidores de virutas Tennessee"},"content":{"rendered":"<h3>Mejora la calidad del asfalto con esparcidores de gravilla en Tennessee<\/h3>\n<p>Para garantizar el \u00e9xito de tu empresa contratista de asfalto, necesitas el equipo necesario para ofrecer un tratamiento popular del asfalto, como el sellado de virutas. Y para los <a href=\"https:\/\/bearcatmfg.com\/chip-seal-service\/\">servicios de sellado de<\/a> virutas, las esparcidoras de virutas en Tennessee son el equipo m\u00e1s esencial que necesitar\u00e1s. Sin esparcidores <a href=\"https:\/\/bearcatmfg.com\/asphalt-chip-spreaders\/\">de gravilla<\/a>, los contratistas de asfalto carecen de un servicio esencial que piden muchos municipios y propietarios de todo el Estado Voluntario. Para asegurarte de que tu empresa puede ofrecer el mejor y m\u00e1s eficaz <a href=\"https:\/\/bearcatmfg.com\/asphalt-maintenance\/\">mantenimiento y restauraci\u00f3n del asfalto<\/a>, \u00a1invierte en <a href=\"https:\/\/bearcatmfg.com\/chip-seal-equipment-for-sale\/\">equipos de sellado de virutas<\/a> de BearCat Manufacturing!   <\/p>\n<h3>Por qu\u00e9 el Sellado de Asfalto es el Mejor Tratamiento del Asfalto<\/h3>\n<p>Hay docenas de m\u00e9todos diferentes de reparaci\u00f3n, mantenimiento y restauraci\u00f3n centrados en la conservaci\u00f3n del asfalto. Sin embargo, el sellado de virutas ha demostrado ser uno de los tratamientos del asfalto m\u00e1s eficaces que existen. El sellado de asfalto no s\u00f3lo es el preferido por su eficacia, sino que es uno de los m\u00e9todos m\u00e1s seguros y asequibles para la restauraci\u00f3n completa del pavimento.  <\/p>\n<ul>\n<li><strong>Refuerza tus carreteras<\/strong>\n<ul>\n<li>El pavimento agrietado y desmoronado no puede soportar el peso del tr\u00e1fico constante durante mucho tiempo. Con el tiempo, tu asfalto se deshar\u00e1 a\u00fan m\u00e1s, creando una superficie antiest\u00e9tica e insegura. Afortunadamente, la aplicaci\u00f3n de una capa de sellado de virutas restaura el pavimento deteriorado y lo refuerza contra futuras tensiones y deterioros.  <\/li>\n<\/ul>\n<\/li>\n<li><strong>Aumenta la vida \u00fatil de tu pavimento<\/strong>\n<ul>\n<li>Adem\u00e1s de reforzar el pavimento, el sellado de virutas protege tu asfalto contra un deterioro importante. Factores como la humedad, los vertidos qu\u00edmicos, la exposici\u00f3n a la luz solar, los cambios extremos de temperatura, etc., pueden afectar negativamente al estado del asfalto. Con una superficie de sellado de virutas, la resistencia de tu calzada aumenta, \u00a1alargando su vida \u00fatil hasta 12 a\u00f1os!  <\/li>\n<\/ul>\n<\/li>\n<li><strong>Crear condiciones de conducci\u00f3n m\u00e1s seguras<\/strong>\n<ul>\n<li>Otra ventaja de los servicios de sellado de virutas es la creaci\u00f3n de unas condiciones de conducci\u00f3n m\u00e1s seguras. Las virutas de \u00e1ridos utilizadas en el sellado de gravilla crean m\u00e1s tracci\u00f3n en la superficie del pavimento, garantizando menos resbalones y patinazos de los conductores cuando llueve o hace fr\u00edo. Adem\u00e1s, las superficies asfaltadas absorben mejor la luz solar, son antideslumbrantes y reducen la fatiga visual de los conductores en d\u00edas soleados.  <\/li>\n<\/ul>\n<\/li>\n<\/ul>\n<h3>\u00a1Invierte en las astilladoras BearCat!<\/h3>\n<p>Necesitas el mejor equipo para ofrecer servicios de asfaltado r\u00e1pidos y rentables. Afortunadamente, BearCat Manufacturing te tiene cubierto. Nuestras esparcidoras de gravilla para Tennessee son algunas de las mejores disponibles, prometiendo esparcimientos r\u00e1pidos, precisos y uniformes de gravilla agregada por cualquier superficie de pavimento. Algunas de las mejores caracter\u00edsticas de nuestras astilladoras <a href=\"https:\/\/bearcatmfg.com\/our-products\/tandem-chipper-20\/\">en t\u00e1ndem<\/a> son:   <\/p>\n<ul>\n<li>Motor diesel Tier 3 \u00f3 4 de 6 tiempos<\/li>\n<li>Sistema de refrigeraci\u00f3n hidr\u00e1ulica para garantizar temperaturas de funcionamiento est\u00e1ndar<\/li>\n<li>Control de velocidad por ordenador (CRC) de \u00faltima generaci\u00f3n<\/li>\n<li>Cilindros sensores de posici\u00f3n de accionamiento hidr\u00e1ulico<\/li>\n<li>Tolvas en t\u00e1ndem de construcci\u00f3n de acero HSLA para arranques en l\u00ednea recta y m\u00ednimo desperdicio de \u00e1ridos<\/li>\n<li>Sensores de banda ultras\u00f3nicos, de bajo mantenimiento y no retr\u00e1ctiles, para medir la altura de la pila de virutas<\/li>\n<\/ul>\n<div class=\"left-img\"><img loading=\"lazy\" decoding=\"async\" class=\"alignnone\" src=\"https:\/\/bearcatmfg.com\/wp-content\/uploads\/2023\/04\/Chip-Spreaders-Tennessee-2-500x350.jpg\" alt=\"Un esparcidor de virutas naranja para los contratistas de Tennessee\" width=\"500\" height=\"350\" title=\"\"><\/div>\n<h3>Llama a BearCat<\/h3>\n<p>Para empezar a ofrecer servicios de asfaltado populares y altamente eficaces, aseg\u00farate de que s\u00f3lo utilizas el mejor equipo disponible. Encuentra los mejores <a href=\"https:\/\/bearcatmfg.com\/chip-spreaders-for-rent\/\">esparcidores de gravilla<\/a> de Tennessee a trav\u00e9s de los expertos en asfalto de BearCat Manufacturing. Para obtener m\u00e1s informaci\u00f3n sobre nuestros <a href=\"https:\/\/bearcatmfg.com\/best-chip-seal-equipment\/\">equipos<\/a> adicionales de asfaltado y <a href=\"https:\/\/bearcatmfg.com\/best-asphalt-machines\/\">productos de asfalto<\/a>, ponte en contacto con nosotros hoy mismo en el <a href=\"tel:9286847851\">928-684-7851<\/a>. Estamos en 3650 N Sabin Brown Rd, Wickenburg, AZ 85390. BearCat Manufacturing tiene su sede en <a href=\"https:\/\/bearcatmfg.com\/chip-spreaders-arizona\/\">Arizona<\/a> y atiende a clientes de <a href=\"https:\/\/bearcatmfg.com\/chip-spreaders-illinois\/\">Illinois<\/a>, <a href=\"https:\/\/bearcatmfg.com\/chip-spreaders-texas\/\">Texas<\/a>, Tennessee y de todo Estados Unidos.    <\/p>\n","protected":false},"excerpt":{"rendered":"<p>Mejora la calidad del asfalto con esparcidores de gravilla en Tennessee Para garantizar el \u00e9xito de tu empresa contratista de asfalto, necesitas el equipo necesario para ofrecer un tratamiento popular del asfalto, como el sellado de virutas. Y para los servicios de sellado de virutas, las esparcidoras de virutas en Tennessee son el equipo m\u00e1s &hellip; <a href=\"https:\/\/bearcatmfg.com\/es\/esparcidores-de-virutas-tennessee\/\" class=\"more-link\">Continue reading <span class=\"screen-reader-text\">Esparcidores de virutas Tennessee<\/span><\/a><\/p>\n","protected":false},"author":1,"featured_media":2070,"parent":0,"menu_order":0,"comment_status":"closed","ping_status":"closed","template":"","meta":{"_acf_changed":false,"footnotes":""},"class_list":["post-2072","page","type-page","status-publish","has-post-thumbnail","hentry"],"acf":[],"_links":{"self":[{"href":"https:\/\/bearcatmfg.com\/es\/wp-json\/wp\/v2\/pages\/2072","targetHints":{"allow":["GET"]}}],"collection":[{"href":"https:\/\/bearcatmfg.com\/es\/wp-json\/wp\/v2\/pages"}],"about":[{"href":"https:\/\/bearcatmfg.com\/es\/wp-json\/wp\/v2\/types\/page"}],"author":[{"embeddable":true,"href":"https:\/\/bearcatmfg.com\/es\/wp-json\/wp\/v2\/users\/1"}],"replies":[{"embeddable":true,"href":"https:\/\/bearcatmfg.com\/es\/wp-json\/wp\/v2\/comments?post=2072"}],"version-history":[{"count":3,"href":"https:\/\/bearcatmfg.com\/es\/wp-json\/wp\/v2\/pages\/2072\/revisions"}],"predecessor-version":[{"id":4244,"href":"https:\/\/bearcatmfg.com\/es\/wp-json\/wp\/v2\/pages\/2072\/revisions\/4244"}],"wp:featuredmedia":[{"embeddable":true,"href":"https:\/\/bearcatmfg.com\/es\/wp-json\/wp\/v2\/media\/2070"}],"wp:attachment":[{"href":"https:\/\/bearcatmfg.com\/es\/wp-json\/wp\/v2\/media?parent=2072"}],"curies":[{"name":"wp","href":"https:\/\/api.w.org\/{rel}","templated":true}]}}