{"id":2079,"date":"2023-04-27T10:00:16","date_gmt":"2023-04-27T10:00:16","guid":{"rendered":"https:\/\/bearcatmfg.com\/distribuidores-de-asfalto-illinois\/"},"modified":"2024-01-30T19:13:31","modified_gmt":"2024-01-30T19:13:31","slug":"distribuidores-de-asfalto-illinois","status":"publish","type":"page","link":"https:\/\/bearcatmfg.com\/es\/distribuidores-de-asfalto-illinois\/","title":{"rendered":"Distribuidores de asfalto Illinois"},"content":{"rendered":"<h3>Su empresa de pavimentaci\u00f3n no est\u00e1 completa sin distribuidores de asfalto en Illinois<\/h3>\n<p>A medida que se esfuerza por hacer crecer y ampliar su empresa de asfalto, encontrar contratistas cualificados es s\u00f3lo una parte de la ecuaci\u00f3n. Tambi\u00e9n debe conseguir <a href=\"https:\/\/bearcatmfg.com\/asphalt-machinery\/\">maquinaria de asfalto<\/a> fiable y eficaz para agilizar gran parte de los procesos de pavimentaci\u00f3n. Y de los equipos m\u00e1s esenciales para los contratistas de asfalto, \u00a1los camiones distribuidores ocupan el primer lugar! Afortunadamente, los <a href=\"https:\/\/bearcatmfg.com\/best-asphalt-distributors\/\">mejores distribuidores de asfalto<\/a> en Illinois no son dif\u00edciles de encontrar; BearCat Manufacturing suministra camiones distribuidores de primera categor\u00eda para los contratistas que los necesitan.<\/p>\n<h3>Razones para necesitar distribuidores de asfalto<\/h3>\n<p>Los camiones distribuidores son equipos esenciales para muchos de los servicios que ofrecen los contratistas de asfalto. Sin un <a href=\"https:\/\/bearcatmfg.com\/asphalt-distributors-for-sale\/\">distribuidor de as<\/a>falto, gran parte del trabajo de los contratistas de asfalto requerir\u00eda mano de obra, que puede ser menos precisa y no tan r\u00e1pida como el uso de distribuidores. Por ello, los contratistas conf\u00edan en los distribuidores de asfalto de Illinois para:<\/p>\n<ul>\n<li><strong>Transporte de asfalto l\u00edquido<\/strong>\n<ul>\n<li>Sin ning\u00fan medio para transferir el asfalto l\u00edquido, su equipo se ve obligado a prepararlo in situ. Esto puede llevar mucho tiempo, y la preparaci\u00f3n del asfalto en un entorno no controlado conlleva m\u00e1s riesgos. Los distribuidores de asfalto permiten a los contratistas preparar el asfalto l\u00edquido de antemano y transportarlo a cualquier distancia.<\/li>\n<\/ul>\n<\/li>\n<li><strong>Aplicaci\u00f3n r\u00e1pida del asfalto<\/strong>\n<ul>\n<li>Antes de la introducci\u00f3n de los distribuidores de asfalto, el asfalto l\u00edquido se extend\u00eda manualmente. Aunque los contratistas de asfalto siguen aplicando manualmente el asfalto l\u00edquido en los trabajos m\u00e1s peque\u00f1os, los distribuidores garantizan una r\u00e1pida aplicaci\u00f3n del asfalto en proyectos de cualquier tama\u00f1o.<\/li>\n<\/ul>\n<\/li>\n<li><strong>Capas de asfalto extendidas uniformemente<\/strong>\n<ul>\n<li>Incluso con contratistas altamente cualificados y experimentados, es dif\u00edcil esparcir manualmente el asfalto l\u00edquido de forma precisa y uniforme. Afortunadamente, un distribuidor de asfalto puede encargarse de la aplicaci\u00f3n uniforme de asfalto l\u00edquido por usted: las barras de pulverizaci\u00f3n roc\u00edan asfalto a una velocidad constante sobre las superficies del pavimento.<\/li>\n<\/ul>\n<\/li>\n<li><strong>Menor necesidad de mano de obra<\/strong>\n<ul>\n<li>Los \u00faltimos avances en maquinaria de asfalto facilitan m\u00e1s que nunca la realizaci\u00f3n de trabajos de pavimentaci\u00f3n con asfalto. Por ejemplo, los camiones distribuidores no requieren la misma cantidad de mano de obra necesaria para aplicar el asfalto l\u00edquido manualmente. As\u00ed, los contratistas pueden mantener cuadrillas m\u00e1s peque\u00f1as para m\u00e1s trabajos y aumentar sus beneficios en consecuencia.<\/li>\n<\/ul>\n<\/li>\n<\/ul>\n<h3>Eche un vistazo a los distribuidores de BearCat.<\/h3>\n<p>Los distribuidores de otros fabricantes no tienen nada que envidiar a los de BearCat. En el dise\u00f1o de nuestros <a href=\"https:\/\/bearcatmfg.com\/top-rated-asphalt-distributors-illinois\/\">distribuidores de asfalto<\/a>, damos prioridad a la durabilidad, la comodidad y la eficiencia. Nuestro objetivo es crear <a href=\"https:\/\/bearcatmfg.com\/asphalt-machines\/\">m\u00e1quinas de asfalto<\/a> duraderas que agilicen la pavimentaci\u00f3n y ayuden a los contratistas a conseguir un servicio de alta calidad. Algunas de las mejores caracter\u00edsticas de nuestros distribuidores son:<\/p>\n<ul class=\"col-2\">\n<li>Sistema de accionamiento de la bomba hidrost\u00e1tica de bucle cerrado<\/li>\n<li>Sistema de calefacci\u00f3n con bomba de asfalto calentado<\/li>\n<li>Control de velocidad por ordenador (CRC) de \u00faltima generaci\u00f3n<\/li>\n<li>Colectores de tres v\u00e1lvulas<\/li>\n<li>Sistemas de descarga y rotura<\/li>\n<li>Tanques de acero con tama\u00f1os de 1.000 a 5.000 galones<\/li>\n<li>Barra de pulverizaci\u00f3n y v\u00e1lvulas de pulverizaci\u00f3n<\/li>\n<\/ul>\n<div class=\"left-img\"><img loading=\"lazy\" decoding=\"async\" class=\"alignnone\" src=\"https:\/\/bearcatmfg.com\/wp-content\/uploads\/2023\/04\/Asphalt-Distributors-Illinois-2-500x350.jpg\" alt=\"Un cielo azul nublado sobre Asphalt Distributors en Illinois\" width=\"500\" height=\"350\" title=\"\"><\/div>\n<h3>Llame hoy mismo<\/h3>\n<p>Trabaje m\u00e1s inteligentemente, no m\u00e1s duro Invierta en la comodidad y sencillez de los <a href=\"https:\/\/bearcatmfg.com\/asphalt-distributors-for-rent\/\">distribuidores de asfalto<\/a> en Illinois de BearCat Manufacturing. Para obtener m\u00e1s informaci\u00f3n sobre nuestros <a href=\"https:\/\/bearcatmfg.com\/best-asphalt-equipment\/\">equipos de asfalto<\/a> adicionales, p\u00f3ngase en contacto con nosotros hoy mismo en el <a href=\"tel:9286847851\">928-684-7851<\/a>. Estamos ubicados en 3650 N Sabin Brown Rd, Wickenburg, AZ 85390. BearCat Manufacturing tiene su sede en <a href=\"https:\/\/bearcatmfg.com\/asphalt-distributors-arizona\/\">Arizona<\/a> y atiende a clientes de Illinois, <a href=\"https:\/\/bearcatmfg.com\/asphalt-distributors-texas\/\">Texas<\/a>, <a href=\"https:\/\/bearcatmfg.com\/asphalt-distributors-tennessee\/\">Tennessee<\/a> y de todo Estados Unidos.<\/p>\n","protected":false},"excerpt":{"rendered":"<p>Su empresa de pavimentaci\u00f3n no est\u00e1 completa sin distribuidores de asfalto en Illinois A medida que se esfuerza por hacer crecer y ampliar su empresa de asfalto, encontrar contratistas cualificados es s\u00f3lo una parte de la ecuaci\u00f3n. Tambi\u00e9n debe conseguir maquinaria de asfalto fiable y eficaz para agilizar gran parte de los procesos de pavimentaci\u00f3n. &hellip; <a href=\"https:\/\/bearcatmfg.com\/es\/distribuidores-de-asfalto-illinois\/\" class=\"more-link\">Continue reading <span class=\"screen-reader-text\">Distribuidores de asfalto Illinois<\/span><\/a><\/p>\n","protected":false},"author":1,"featured_media":2075,"parent":0,"menu_order":0,"comment_status":"closed","ping_status":"closed","template":"","meta":{"_acf_changed":false,"footnotes":""},"class_list":["post-2079","page","type-page","status-publish","has-post-thumbnail","hentry"],"acf":[],"_links":{"self":[{"href":"https:\/\/bearcatmfg.com\/es\/wp-json\/wp\/v2\/pages\/2079","targetHints":{"allow":["GET"]}}],"collection":[{"href":"https:\/\/bearcatmfg.com\/es\/wp-json\/wp\/v2\/pages"}],"about":[{"href":"https:\/\/bearcatmfg.com\/es\/wp-json\/wp\/v2\/types\/page"}],"author":[{"embeddable":true,"href":"https:\/\/bearcatmfg.com\/es\/wp-json\/wp\/v2\/users\/1"}],"replies":[{"embeddable":true,"href":"https:\/\/bearcatmfg.com\/es\/wp-json\/wp\/v2\/comments?post=2079"}],"version-history":[{"count":6,"href":"https:\/\/bearcatmfg.com\/es\/wp-json\/wp\/v2\/pages\/2079\/revisions"}],"predecessor-version":[{"id":2616,"href":"https:\/\/bearcatmfg.com\/es\/wp-json\/wp\/v2\/pages\/2079\/revisions\/2616"}],"wp:featuredmedia":[{"embeddable":true,"href":"https:\/\/bearcatmfg.com\/es\/wp-json\/wp\/v2\/media\/2075"}],"wp:attachment":[{"href":"https:\/\/bearcatmfg.com\/es\/wp-json\/wp\/v2\/media?parent=2079"}],"curies":[{"name":"wp","href":"https:\/\/api.w.org\/{rel}","templated":true}]}}