{"id":2091,"date":"2023-04-27T10:21:47","date_gmt":"2023-04-27T10:21:47","guid":{"rendered":"https:\/\/bearcatmfg.com\/distribuidores-de-asfalto-de-tennessee\/"},"modified":"2024-04-28T15:06:19","modified_gmt":"2024-04-28T15:06:19","slug":"distribuidores-de-asfalto-de-tennessee","status":"publish","type":"page","link":"https:\/\/bearcatmfg.com\/es\/distribuidores-de-asfalto-de-tennessee\/","title":{"rendered":"Distribuidores de asfalto de Tennessee"},"content":{"rendered":"<h3>Elija entre los mejores distribuidores de asfalto para contratistas de Tennessee<\/h3>\n<p>\u00bfEst\u00e1 buscando nuevas formas de igualar el rendimiento de sus competidores en el sector de la pavimentaci\u00f3n asf\u00e1ltica? \u00bfY si no s\u00f3lo pudiera igualar a la competencia, sino superarla? Con el <a href=\"https:\/\/bearcatmfg.com\/asphalt-equipment-for-sale\/\">equipo de pavimentaci\u00f3n de asfalto<\/a> adecuado, \u00a1es posible! Todo comienza con la selecci\u00f3n de los <a href=\"https:\/\/bearcatmfg.com\/best-asphalt-distributors\/\">mejores distribuidores de asfalto<\/a> de Tennessee. Afortunadamente, los contratistas de todo el Estado Voluntario est\u00e1n cubiertos. Las empresas de asfalto cuentan con la velocidad, resistencia y simplicidad de la <a href=\"https:\/\/bearcatmfg.com\/asphalt-machinery\/\">maquinaria de asfalto<\/a> de BearCat Manufacturing.<\/p>\n<h3>\u00bfPor qu\u00e9 su empresa necesita distribuidores?<\/h3>\n<p><a href=\"https:\/\/bearcatmfg.com\/asphalt-distributors\/\">Los distribuidores de as<\/a> falto son piezas esenciales del equipo utilizado por los contratistas de asfalto. Sin un cami\u00f3n distribuidor o un remolque, la aplicaci\u00f3n de asfalto l\u00edquido a las carreteras lleva m\u00e1s tiempo y es m\u00e1s dif\u00edcil. Afortunadamente, los contratistas pueden confiar en los distribuidores de asfalto para:<\/p>\n<ul>\n<li><strong>Transporte de asfalto fresco<\/strong>\n<ul>\n<li>El asfalto l\u00edquido es un componente necesario en la mayor\u00eda de los proyectos de pavimentaci\u00f3n con asfalto. Como tal, debe prepararse correctamente antes de cada trabajo. Sin embargo, los contratistas se ven obligados a preparar el asfalto l\u00edquido in situ sin un transporte adecuado, lo que puede comprometer su calidad. Afortunadamente, con los distribuidores de asfalto, el asfalto l\u00edquido puede mezclarse con antelaci\u00f3n y mantenerse caliente de camino a la obra.<\/li>\n<\/ul>\n<\/li>\n<li><strong>Rapidez y comodidad<\/strong>\n<ul>\n<li>Con miles de kil\u00f3metros de pavimento en todo Tennessee, contar con el equipo adecuado puede ayudarle a mantenerse al d\u00eda con servicios de asfalto r\u00e1pidos y eficientes. Sin embargo, sin equipos como camiones distribuidores, su empresa tiene una capacidad limitada en lo que puede lograr. Con un distribuidor de asfalto, puede aplicar asfalto de forma r\u00e1pida y uniforme a cualquier superficie, garantizando que puede seguir el ritmo de las demandas de los clientes.<\/li>\n<\/ul>\n<\/li>\n<li><strong>Menos requisitos laborales<\/strong>\n<ul>\n<li>Antes de que aparecieran los distribuidores de asfalto en Tennessee, la aplicaci\u00f3n del asfalto la realizaban cuadrillas de una docena o m\u00e1s de contratistas. Este proceso no s\u00f3lo requer\u00eda m\u00e1s tiempo, sino tambi\u00e9n una mano de obra considerable. Por el contrario, los distribuidores de asfalto s\u00f3lo necesitan unas pocas personas para funcionar. Con los distribuidores de asfalto, puede reducir los costes de mano de obra y aceptar m\u00e1s trabajos de pavimentaci\u00f3n.<\/li>\n<\/ul>\n<\/li>\n<\/ul>\n<h3>Vea a nuestros distribuidores<\/h3>\n<p>BearCat destaca en el dise\u00f1o y la fabricaci\u00f3n de maquinaria de asfalto de alta calidad y de primera categor\u00eda, \u00a1y nuestros <a href=\"https:\/\/bearcatmfg.com\/top-rated-asphalt-distributors-tennessee\/\">distribuidores de asfalto<\/a> no son diferentes! Nuestro objetivo es siempre crear equipos que sean f\u00e1ciles de entender para los operarios, que garanticen una aplicaci\u00f3n de asfalto precisa y de calidad y que duren toda la vida. Algunas de las mejores caracter\u00edsticas de nuestros camiones distribuidores incluyen:<\/p>\n<ul class=\"col-2\">\n<li>Sistema de accionamiento de la bomba hidrost\u00e1tica de bucle cerrado<\/li>\n<li>Sistema de calefacci\u00f3n con bomba de asfalto calentado<\/li>\n<li>Control de velocidad por ordenador (CRC) de \u00faltima generaci\u00f3n<\/li>\n<li>Colectores de tres v\u00e1lvulas<\/li>\n<li>Sistemas de descarga y rotura<\/li>\n<li>Tanques de acero con tama\u00f1os de 1.000 a 5.000 galones<\/li>\n<li>Barra de pulverizaci\u00f3n y v\u00e1lvulas de pulverizaci\u00f3n<\/li>\n<\/ul>\n<div class=\"left-img\"><img decoding=\"async\" src=\"https:\/\/bearcatmfg.com\/wp-content\/uploads\/2023\/04\/Asphalt-Distributors-Tennessee-2-500x350.jpg\" alt=\"Distribuidores de asfalto de Tennessee\" title=\"\"><\/div>\n<h3>Ll\u00e1menos<\/h3>\n<p>Por muy importantes que sean <a href=\"https:\/\/bearcatmfg.com\/what-are-the-best-brands-for-asphalt-distributors\/\">los distribuidores de asfalto<\/a> para los contratistas de Tennessee, \u00a1aseg\u00farate de que tu empresa utiliza s\u00f3lo lo mejor con BearCat Manufacturing! Para obtener m\u00e1s informaci\u00f3n sobre nuestros <a href=\"https:\/\/bearcatmfg.com\/best-asphalt-equipment\/\">productos de asfalto<\/a> adicionales, p\u00f3ngase en contacto con nosotros hoy mismo en el <a href=\"tel:9286847851\">928-684-7851<\/a>. Estamos ubicados en 3650 N Sabin Brown Rd, Wickenburg, AZ 85390. BearCat Manufacturing tiene su sede en <a href=\"https:\/\/bearcatmfg.com\/asphalt-distributors-arizona\/\">Arizona<\/a> y atiende a clientes de <a href=\"https:\/\/bearcatmfg.com\/asphalt-distributors-illinois\/\">Illinois<\/a>, <a href=\"https:\/\/bearcatmfg.com\/asphalt-distributors-texas\/\">Texas<\/a>, Tennessee y de todo Estados Unidos.<\/p>\n","protected":false},"excerpt":{"rendered":"<p>Elija entre los mejores distribuidores de asfalto para contratistas de Tennessee \u00bfEst\u00e1 buscando nuevas formas de igualar el rendimiento de sus competidores en el sector de la pavimentaci\u00f3n asf\u00e1ltica? \u00bfY si no s\u00f3lo pudiera igualar a la competencia, sino superarla? Con el equipo de pavimentaci\u00f3n de asfalto adecuado, \u00a1es posible! Todo comienza con la selecci\u00f3n &hellip; <a href=\"https:\/\/bearcatmfg.com\/es\/distribuidores-de-asfalto-de-tennessee\/\" class=\"more-link\">Continue reading <span class=\"screen-reader-text\">Distribuidores de asfalto de Tennessee<\/span><\/a><\/p>\n","protected":false},"author":1,"featured_media":2089,"parent":0,"menu_order":0,"comment_status":"closed","ping_status":"closed","template":"","meta":{"_acf_changed":false,"footnotes":""},"class_list":["post-2091","page","type-page","status-publish","has-post-thumbnail","hentry"],"acf":[],"_links":{"self":[{"href":"https:\/\/bearcatmfg.com\/es\/wp-json\/wp\/v2\/pages\/2091","targetHints":{"allow":["GET"]}}],"collection":[{"href":"https:\/\/bearcatmfg.com\/es\/wp-json\/wp\/v2\/pages"}],"about":[{"href":"https:\/\/bearcatmfg.com\/es\/wp-json\/wp\/v2\/types\/page"}],"author":[{"embeddable":true,"href":"https:\/\/bearcatmfg.com\/es\/wp-json\/wp\/v2\/users\/1"}],"replies":[{"embeddable":true,"href":"https:\/\/bearcatmfg.com\/es\/wp-json\/wp\/v2\/comments?post=2091"}],"version-history":[{"count":5,"href":"https:\/\/bearcatmfg.com\/es\/wp-json\/wp\/v2\/pages\/2091\/revisions"}],"predecessor-version":[{"id":2762,"href":"https:\/\/bearcatmfg.com\/es\/wp-json\/wp\/v2\/pages\/2091\/revisions\/2762"}],"wp:featuredmedia":[{"embeddable":true,"href":"https:\/\/bearcatmfg.com\/es\/wp-json\/wp\/v2\/media\/2089"}],"wp:attachment":[{"href":"https:\/\/bearcatmfg.com\/es\/wp-json\/wp\/v2\/media?parent=2091"}],"curies":[{"name":"wp","href":"https:\/\/api.w.org\/{rel}","templated":true}]}}